{"id":84238,"date":"2026-04-22T11:23:07","date_gmt":"2026-04-22T09:23:07","guid":{"rendered":"https:\/\/www.ambifuego.net\/?post_type=product&#038;p=84238"},"modified":"2026-04-23T10:26:07","modified_gmt":"2026-04-23T08:26:07","slug":"frigorificos-neveras-exterior-barbacoas","status":"publish","type":"product","link":"https:\/\/www.ambifuego.net\/es\/producto\/frigorificos-neveras-exterior-barbacoas\/","title":{"rendered":"FRIGORIFICOS  NEVERAS EXTERIORES"},"content":{"rendered":"<ul>\n<li><span style=\"font-family: verdana, geneva, sans-serif;\">Frigorificos Neveras Exterior Barbacoas.<\/span><\/li>\n<li><span style=\"font-family: verdana, geneva, sans-serif;\">Nevera con una puerta y almacenaje en lateral.<\/span><\/li>\n<li><span style=\"font-family: verdana, geneva, sans-serif;\">Nevera con dos puertas.<\/span><\/li>\n<li><span style=\"font-family: verdana, geneva, sans-serif;\">Encimera de granito negro.<\/span><\/li>\n<li><span style=\"font-family: verdana, geneva, sans-serif;\">Puertas doble pared con cierre magnetizado.<\/span><\/li>\n<li><span style=\"font-family: verdana, geneva, sans-serif;\">M\u00f3dulo enfriador , refrigerador de bebidas.<\/span><\/li>\n<li><span style=\"font-family: verdana, geneva, sans-serif;\">Cuerpo de acero aluminizado coated.<\/span><\/li>\n<li><span style=\"font-family: verdana, geneva, sans-serif;\">Capacidad de la nevera 63L &#8211; Nevera de una puerta.<\/span><\/li>\n<li><span style=\"font-family: verdana, geneva, sans-serif;\">Capacidad de la nevera 63L &#8211; Nevera de dos puertas.<\/span><\/li>\n<li><span style=\"font-family: verdana, geneva, sans-serif;\">M\u00f3dulo con ruedas y freno para f\u00e1cil desplazamiento.<\/span><\/li>\n<li><span style=\"font-family: verdana, geneva, sans-serif;\">Frigorifico con cerradura incorporada.<\/span><\/li>\n<li><span style=\"font-family: verdana, geneva, sans-serif;\">Nevera con luces integradas en interior.<\/span><\/li>\n<li><span style=\"font-family: verdana, geneva, sans-serif;\">M\u00f3dulos en Acero Inoxidable &#8211; Negro (Acero aluminizado color negro)<\/span><\/li>\n<li><span style=\"font-family: verdana, geneva, sans-serif;\"><a href=\"https:\/\/www.ambifuego.net\/es\/contacto-mensajes-consultas-informacion\/\" target=\"_blank\" rel=\"noopener\">Disponibilidad y Precios<\/a><\/span><\/li>\n<li><span style=\"font-family: verdana, geneva, sans-serif;\">Otras <a href=\"https:\/\/www.instagram.com\/ambifuegosur\" target=\"_blank\" rel=\"noopener\">opciones<\/a><\/span><\/li>\n<\/ul>\n","protected":false},"excerpt":{"rendered":"<p><span style=\"font-family: verdana, geneva, sans-serif;\">Frigorificos Neveras Exterior Barbacoas. Neveras para cocinas exteriores donde podr\u00e1 mantener sus bebidas e ingredientes fr\u00edos. Refrigeradores dise\u00f1ados para uso en exteriores, de acero inoxidable y puerta de vidrio para una refrigeracion confiable.<\/span><\/p>\n<p>&nbsp;<\/p>\n","protected":false},"featured_media":84239,"template":"","meta":[],"product_brand":[],"product_cat":[287],"product_tag":[],"class_list":{"0":"post-84238","1":"product","2":"type-product","3":"status-publish","4":"has-post-thumbnail","6":"product_cat-barbacoas-islas-cocina-exterior-barbecues-ovens-kamado-gas-wood","8":"first","9":"instock","10":"shipping-taxable","11":"product-type-simple"},"_links":{"self":[{"href":"https:\/\/www.ambifuego.net\/es\/wp-json\/wp\/v2\/product\/84238","targetHints":{"allow":["GET"]}}],"collection":[{"href":"https:\/\/www.ambifuego.net\/es\/wp-json\/wp\/v2\/product"}],"about":[{"href":"https:\/\/www.ambifuego.net\/es\/wp-json\/wp\/v2\/types\/product"}],"version-history":[{"count":9,"href":"https:\/\/www.ambifuego.net\/es\/wp-json\/wp\/v2\/product\/84238\/revisions"}],"predecessor-version":[{"id":84340,"href":"https:\/\/www.ambifuego.net\/es\/wp-json\/wp\/v2\/product\/84238\/revisions\/84340"}],"wp:featuredmedia":[{"embeddable":true,"href":"https:\/\/www.ambifuego.net\/es\/wp-json\/wp\/v2\/media\/84239"}],"wp:attachment":[{"href":"https:\/\/www.ambifuego.net\/es\/wp-json\/wp\/v2\/media?parent=84238"}],"wp:term":[{"taxonomy":"product_brand","embeddable":true,"href":"https:\/\/www.ambifuego.net\/es\/wp-json\/wp\/v2\/product_brand?post=84238"},{"taxonomy":"product_cat","embeddable":true,"href":"https:\/\/www.ambifuego.net\/es\/wp-json\/wp\/v2\/product_cat?post=84238"},{"taxonomy":"product_tag","embeddable":true,"href":"https:\/\/www.ambifuego.net\/es\/wp-json\/wp\/v2\/product_tag?post=84238"}],"curies":[{"name":"wp","href":"https:\/\/api.w.org\/{rel}","templated":true}]}}