{"id":78850,"date":"2025-10-07T14:28:27","date_gmt":"2025-10-07T12:28:27","guid":{"rendered":"https:\/\/www.ambifuego.net\/?post_type=product&#038;p=78850"},"modified":"2025-10-07T14:50:23","modified_gmt":"2025-10-07T12:50:23","slug":"esquina-2-lados-100-ed","status":"publish","type":"product","link":"https:\/\/www.ambifuego.net\/es\/producto\/esquina-2-lados-100-ed\/","title":{"rendered":"ESQUINA 2 LADOS &#8211; 100 ED"},"content":{"rendered":"<h3><span style=\"font-family: verdana, geneva, sans-serif;\">CHIMENEA 2 LADOS &#8211; 100 modelo cl\u00e1sico\u00a0 o\u00a0 contempor\u00e1neo.<\/span><\/h3>\n<p><span style=\"font-family: verdana, geneva, sans-serif;\">CHIMENEA 2 LADOS\u00a0 100 ED,\u00a0 es la versi\u00f3n de esquina del modelo\u00a0 <a href=\"https:\/\/www.ambifuego.net\/es\/producto\/panoramica-frente-100-ed\/\" target=\"_blank\" rel=\"noopener\">100ED de frente<\/a>.\u00a0 Modelo con amplia <a href=\"https:\/\/vimeo.com\/ambifuego\" target=\"_blank\" rel=\"noopener\">visi\u00f3n del fuego<\/a> con gran rendimiento. Aporta una versatilidad adicional, ya que puede utilizarse como parte de una pared divisoria de habitaciones, transformando un espacio de vida convencional en un ambiente c\u00e1lido y espectacular.<\/span><\/p>\n<p><span style=\"font-family: verdana, geneva, sans-serif;\">Chimenea 2 LADOS &#8211; un modelo\u00a0 chimenea con el conducto de humos estanco\u00a0 que tambi\u00e9n es adecuado para hogares sin salida de humos. Es decir la salida del humo y la entrada de aire para la combusti\u00f3n se realiza en el mismo tubo-doble. Adem\u00e1s el tiro puede ir tambi\u00e9n directo hac\u00eda atr\u00e1s con codo de 90\u00ba, modo imposible en chimeneas tradicionales de le\u00f1a. Este tipo de <a href=\"https:\/\/www.ambifuego.net\/es\/articulos\/chimeneas-y-productos-gas\/chimeneas-de-gas-grandes-gas-fireplaces-wall-heaters\/\" target=\"_blank\" rel=\"noopener\">chimeneas<\/a> tiene gran aceptaci\u00f3n ya que brinda el ambiente y calidez de una chimenea tradicional sin los humos ni tener que limpiar al d\u00eda siguiente.\u00a0<\/span><\/p>\n","protected":false},"excerpt":{"rendered":"<p><span style=\"font-family: verdana, geneva, sans-serif;\">Chimenea con vista a dos lados del fuego, encastrable con marcos minimalista y mando a distancia.<\/span><\/p>\n","protected":false},"featured_media":78854,"template":"","meta":[],"product_brand":[],"product_cat":[551],"product_tag":[],"class_list":{"0":"post-78850","1":"product","2":"type-product","3":"status-publish","4":"has-post-thumbnail","6":"product_cat-chimenea-2-lados-esquina-gas","8":"first","9":"instock","10":"shipping-taxable","11":"product-type-simple"},"_links":{"self":[{"href":"https:\/\/www.ambifuego.net\/es\/wp-json\/wp\/v2\/product\/78850","targetHints":{"allow":["GET"]}}],"collection":[{"href":"https:\/\/www.ambifuego.net\/es\/wp-json\/wp\/v2\/product"}],"about":[{"href":"https:\/\/www.ambifuego.net\/es\/wp-json\/wp\/v2\/types\/product"}],"version-history":[{"count":0,"href":"https:\/\/www.ambifuego.net\/es\/wp-json\/wp\/v2\/product\/78850\/revisions"}],"wp:featuredmedia":[{"embeddable":true,"href":"https:\/\/www.ambifuego.net\/es\/wp-json\/wp\/v2\/media\/78854"}],"wp:attachment":[{"href":"https:\/\/www.ambifuego.net\/es\/wp-json\/wp\/v2\/media?parent=78850"}],"wp:term":[{"taxonomy":"product_brand","embeddable":true,"href":"https:\/\/www.ambifuego.net\/es\/wp-json\/wp\/v2\/product_brand?post=78850"},{"taxonomy":"product_cat","embeddable":true,"href":"https:\/\/www.ambifuego.net\/es\/wp-json\/wp\/v2\/product_cat?post=78850"},{"taxonomy":"product_tag","embeddable":true,"href":"https:\/\/www.ambifuego.net\/es\/wp-json\/wp\/v2\/product_tag?post=78850"}],"curies":[{"name":"wp","href":"https:\/\/api.w.org\/{rel}","templated":true}]}}