{"id":77650,"date":"2025-10-07T13:30:54","date_gmt":"2025-10-07T11:30:54","guid":{"rendered":"https:\/\/www.ambifuego.net\/?post_type=product&#038;p=77650"},"modified":"2025-10-07T14:52:29","modified_gmt":"2025-10-07T12:52:29","slug":"esquina-2-lados-100-gd","status":"publish","type":"product","link":"https:\/\/www.ambifuego.net\/es\/producto\/esquina-2-lados-100-gd\/","title":{"rendered":"ESQUINA 2 LADOS &#8211; 100 GD"},"content":{"rendered":"<h3><span style=\"font-family: verdana, geneva, sans-serif;\">Chimenea Esquina 2 Lados cl\u00e1sica contempor\u00e1nea con bellas vistas del fuego.<\/span><\/h3>\n<p><span style=\"font-family: verdana, geneva, sans-serif;\">ESQUINA 2 LADOS &#8211; 100 GD, Chimenea con sorprendentes efectos de llamas y alto rendimiento. Este modelo es un cl\u00e1sico en modelos de chimeneas de gas de 1 metro de ancho. Para la decoraci\u00f3n del fuego se utiliza una selecci\u00f3n de le\u00f1os cer\u00e1micos, guijarros o camas de fuego de vidrio antracita.\u00a0 El interior es negro\u00a0 u opcionalmente espejado gracias a paneles de cristales ceraglass.<\/span><\/p>\n<p><span style=\"font-family: verdana, geneva, sans-serif;\">ESQUINA 2 LADOS &#8211; <a href=\"https:\/\/www.drufire.com\/int\/products\/dru\/global-cf\/global-70xt-cf-en\" target=\"_blank\" rel=\"noopener\">100 GD<\/a> un modelo\u00a0 chimenea con el conducto de humos estanco\u00a0 que tambi\u00e9n es adecuado para hogares sin salida de humos. Es decir la salida del humo y la entrada de aire para la combusti\u00f3n se realiza en el mismo tubo-doble. Adem\u00e1s el tiro puede ir tambi\u00e9n directo hac\u00eda atr\u00e1s con codo de 90\u00ba, modo imposible en chimeneas tradicionales de le\u00f1a. Este tipo de <a href=\"https:\/\/www.ambifuego.net\/es\/articulos\/chimeneas-y-productos-gas\/chimeneas-de-gas-grandes-gas-fireplaces-wall-heaters\/\" target=\"_blank\" rel=\"noopener\">chimeneas<\/a> tiene gran aceptaci\u00f3n ya que brinda el ambiente y calidez de una chimenea tradicional sin los humos ni tener que limpiar al d\u00eda siguiente.\u00a0<\/span><\/p>\n<p><span style=\"font-family: verdana, geneva, sans-serif;\">Adem\u00e1s de ello tiene una impresionante calificaci\u00f3n de eficiencia energ\u00e9tica del 94 %.<\/span><\/p>\n","protected":false},"excerpt":{"rendered":"<p><span style=\"font-family: verdana, geneva, sans-serif;\">Chimenea modelo 100 GD, bonita chimenea de esquina, encastrable con mando a distancia<\/span>.<\/p>\n","protected":false},"featured_media":78864,"template":"","meta":[],"product_brand":[],"product_cat":[551],"product_tag":[],"class_list":{"0":"post-77650","1":"product","2":"type-product","3":"status-publish","4":"has-post-thumbnail","6":"product_cat-chimenea-2-lados-esquina-gas","8":"first","9":"instock","10":"shipping-taxable","11":"product-type-simple"},"_links":{"self":[{"href":"https:\/\/www.ambifuego.net\/es\/wp-json\/wp\/v2\/product\/77650","targetHints":{"allow":["GET"]}}],"collection":[{"href":"https:\/\/www.ambifuego.net\/es\/wp-json\/wp\/v2\/product"}],"about":[{"href":"https:\/\/www.ambifuego.net\/es\/wp-json\/wp\/v2\/types\/product"}],"version-history":[{"count":0,"href":"https:\/\/www.ambifuego.net\/es\/wp-json\/wp\/v2\/product\/77650\/revisions"}],"wp:featuredmedia":[{"embeddable":true,"href":"https:\/\/www.ambifuego.net\/es\/wp-json\/wp\/v2\/media\/78864"}],"wp:attachment":[{"href":"https:\/\/www.ambifuego.net\/es\/wp-json\/wp\/v2\/media?parent=77650"}],"wp:term":[{"taxonomy":"product_brand","embeddable":true,"href":"https:\/\/www.ambifuego.net\/es\/wp-json\/wp\/v2\/product_brand?post=77650"},{"taxonomy":"product_cat","embeddable":true,"href":"https:\/\/www.ambifuego.net\/es\/wp-json\/wp\/v2\/product_cat?post=77650"},{"taxonomy":"product_tag","embeddable":true,"href":"https:\/\/www.ambifuego.net\/es\/wp-json\/wp\/v2\/product_tag?post=77650"}],"curies":[{"name":"wp","href":"https:\/\/api.w.org\/{rel}","templated":true}]}}