{"id":77504,"date":"2025-09-01T10:23:27","date_gmt":"2025-09-01T08:23:27","guid":{"rendered":"https:\/\/www.ambifuego.net\/?post_type=product&#038;p=77504"},"modified":"2025-09-11T12:45:46","modified_gmt":"2025-09-11T10:45:46","slug":"esquina-2-lados-80","status":"publish","type":"product","link":"https:\/\/www.ambifuego.net\/es\/producto\/esquina-2-lados-80\/","title":{"rendered":"ESQUINA 2 LADOS &#8211; 80 ED"},"content":{"rendered":"<h3><span style=\"font-family: verdana, geneva, sans-serif;\">Chimenea de Esquina 2 caras\u00a0 dise\u00f1o limpio y refinado.\u00a0<\/span><\/h3>\n<p><span style=\"font-family: verdana, geneva, sans-serif;\">ESQUINA 2 LADOS 80 ED, una chimeneas de gas insertable para instalar en chimenea existente o de nueva construcci\u00f3n. Este modelo combina todas las ventajas de las <a href=\"https:\/\/www.ambifuego.net\/es\/articulos\/chimeneas-y-productos-gas\/\" target=\"_blank\" rel=\"noopener\">chimeneas<\/a> tradicionales con la ventaja y comodidad de usar gas como combustible. La chimenea durante su funcionamiento no deja ni polvo ni cenizas. S\u00f3lo requiere un mantenimiento al final de la temporada. Olv\u00eddese de limpiar todos los d\u00edas las cenizas, el holl\u00edn del cristal, los humos y el acarrear le\u00f1a.<\/span><\/p>\n<div class='yrm-content yrm-content-1 yrm-content-hide  ' id='yrm-5PW0N' data-id='1' data-show-status='false' data-after-action='' style=\"visibility: hidden;height: 0;\">\n\t\t\t<div id='yrm-inner-content-yrm-5PW0N' class='yrm-inner-content-wrapper yrm-cntent-1'><\/p>\n<p><span style=\"font-family: verdana, geneva, sans-serif;\">Esta chimena es una verdadera joya para los que buscan calidez y estilo ens\u00a0 hogar. Con su dise\u00f1o innovado de esquina ofrece una vista espectacular desde diversos \u00e1ngulos, creando un ambiente acogedro que invita al relax y a la conversaci\u00f3n.\u00a0<\/span><\/p>\n<p><span style=\"font-family: verdana, geneva, sans-serif;\">Son una <a href=\"https:\/\/vimeo.com\/ambifuego\" target=\"_blank\" rel=\"noopener\">soluci\u00f3n elegante y moderna<\/a> para aquellas personas que valoran el confort de uso. Su dise\u00f1o simple y sublime se adapta a cualquier tipo de interior, tanto moderno como cl\u00e1sico de tama\u00f1o mediano con salida de humos estanca.<\/span><\/p>\n<h3>Esquina\u00a0 2 Lados, Chimenea de Gas para esquina\u00a0 eficiente, elegante y moderna.<\/h3>\n<p><span style=\"font-family: verdana, geneva, sans-serif;\">ESQUINA 2 LADOS 80 un modelo equipado con el sistema Eco Wave, economizador de gas\u00a0 y quemador en forma de zig zag que distribuye las llamas y el fuego por todo el ancho y fondo de la chimenea. El efecto de llamas producido es mucho m\u00e1s alta que las chimenas de gas comunes.<\/span><\/p>\n<p><span style=\"font-family: verdana, geneva, sans-serif;\">Los acabado interiores pueden ser de Ceraglass que a\u00f1ade un toque de modernidad y durabilidad, asegurando un efecto duplicado del efecto de las llamas. Este material no s\u00f3lo refelja las llamas sino que tambi\u00e9n es f\u00e1cil de mantener, lo que significa que podr\u00e1 disfruta de su chimenea sin complicaciones muchos a\u00f1os.<\/span><\/p>\n<p><\/div>\n\t\t<\/div><div class='yrm-btn-wrapper yrm-btn-wrapper-1 yrm-more-button-wrapper  '\n\t\tdata-custom-more-class-name='' data-custom-less-class-name=''><span title='' data-less-title='' data-more-title='' class='yrm-toggle-expand  yrm-toggle-expand-1 ' data-rel='yrm-5PW0N' data-more='M\u00e1s detalles ' data-less='Ver menos'><span class='yrm-text-wrapper yrm-text-wrapper-custom-dimensions'><span class=\"yrm-button-text-1 yrm-button-text-span\">M\u00e1s detalles <\/span><\/span><\/span><\/div>\n<p>&nbsp;<\/p>\n<p>&nbsp;<\/p>\n","protected":false},"excerpt":{"rendered":"<p><span style=\"font-family: verdana, geneva, sans-serif;\">Chimenea 80 ED, un hermoso modelo encastrable de 80 cent\u00edmetros de ancho. En el lecho del fuego tiene grandes troncos r\u00fasticos y realistas altas llamas. Equipado con el sistema Eco Wave que le permite economizar gas sin perder la belleza del fuego.<\/span><\/p>\n<p>&nbsp;<\/p>\n","protected":false},"featured_media":77651,"template":"","meta":[],"product_brand":[],"product_cat":[551],"product_tag":[],"class_list":{"0":"post-77504","1":"product","2":"type-product","3":"status-publish","4":"has-post-thumbnail","6":"product_cat-chimenea-2-lados-esquina-gas","8":"first","9":"instock","10":"shipping-taxable","11":"product-type-simple"},"_links":{"self":[{"href":"https:\/\/www.ambifuego.net\/es\/wp-json\/wp\/v2\/product\/77504","targetHints":{"allow":["GET"]}}],"collection":[{"href":"https:\/\/www.ambifuego.net\/es\/wp-json\/wp\/v2\/product"}],"about":[{"href":"https:\/\/www.ambifuego.net\/es\/wp-json\/wp\/v2\/types\/product"}],"version-history":[{"count":0,"href":"https:\/\/www.ambifuego.net\/es\/wp-json\/wp\/v2\/product\/77504\/revisions"}],"wp:featuredmedia":[{"embeddable":true,"href":"https:\/\/www.ambifuego.net\/es\/wp-json\/wp\/v2\/media\/77651"}],"wp:attachment":[{"href":"https:\/\/www.ambifuego.net\/es\/wp-json\/wp\/v2\/media?parent=77504"}],"wp:term":[{"taxonomy":"product_brand","embeddable":true,"href":"https:\/\/www.ambifuego.net\/es\/wp-json\/wp\/v2\/product_brand?post=77504"},{"taxonomy":"product_cat","embeddable":true,"href":"https:\/\/www.ambifuego.net\/es\/wp-json\/wp\/v2\/product_cat?post=77504"},{"taxonomy":"product_tag","embeddable":true,"href":"https:\/\/www.ambifuego.net\/es\/wp-json\/wp\/v2\/product_tag?post=77504"}],"curies":[{"name":"wp","href":"https:\/\/api.w.org\/{rel}","templated":true}]}}