{"id":77482,"date":"2025-08-29T12:30:15","date_gmt":"2025-08-29T10:30:15","guid":{"rendered":"https:\/\/www.ambifuego.net\/?post_type=product&#038;p=77482"},"modified":"2025-09-10T14:07:06","modified_gmt":"2025-09-10T12:07:06","slug":"esquina-2-lados-60-md","status":"publish","type":"product","link":"https:\/\/www.ambifuego.net\/es\/producto\/esquina-2-lados-60-md\/","title":{"rendered":"ESQUINA 2 LADOS &#8211; 60 MD"},"content":{"rendered":"<h3><span style=\"font-family: verdana, geneva, sans-serif;\">Chimenea Esquina 2 Caras, Ambiente, Calidez y Comodidad durante todo el a\u00f1o.<\/span><\/h3>\n<p><span style=\"font-family: verdana, geneva, sans-serif;\">Chimenea esquina 2 caras o lados modelo 60 MD con altos cristales\u00a0 para una vista perfecta de sus hermosas llamas. Adem\u00e1s esta moderna chimenea de gas tiene la exclusiva funci\u00f3n summerlighting (Luces Leds bajo el quemador para crear efectos de brasas) para la funci\u00f3n, hambiente, es decir calidez y comodidad durante todo el a\u00f1o. Esta impresionante <a href=\"https:\/\/vimeo.com\/ambifuego\" target=\"_blank\" rel=\"noopener\">chimenea de gas<\/a> con tiro estanco tiene un sistema de quemador de gas doble, un lecho de combustible robusto, una llama de gas alta y tambi\u00e9n con un patr\u00f3n de llamas &#8211; brasas Leds ideal para esas veladas de entre estaciones.\u00a0<\/span><\/p>\n<p><span style=\"font-family: verdana, geneva, sans-serif;\"><div class='yrm-content yrm-content-1 yrm-content-hide  ' id='yrm-h1sCn' data-id='1' data-show-status='false' data-after-action='' style=\"visibility: hidden;height: 0;\">\n\t\t\t<div id='yrm-inner-content-yrm-h1sCn' class='yrm-inner-content-wrapper yrm-cntent-1'><\/span><\/p>\n<p><span style=\"font-family: verdana, geneva, sans-serif;\">La decoraci\u00f3n del fuego es una obra maestra en s\u00ed misma. Los le\u00f1os cer\u00e1micos, meticulosamente dise\u00f1ados, simulan la apariencia de la madera natural, creando una ilusi\u00f3n de autenticidad que evoca los tradicionales hogares r\u00fasticos. A su lado, piedras decorativas a\u00f1aden un toque de textura y color, enriqueciendo la experiencia visual mientras las llamas danzan en su interior. La combinaci\u00f3n del fuego con estos elementos crea un espect\u00e1culo hipnotizante que invita a relajarse y disfrutar de momentos inolvidables junto a familiares y amigos.<\/span><\/p>\n<p><span style=\"font-family: verdana, geneva, sans-serif;\">Esta chimenea puede adquirirse para uso con combustible propano o gas natural permite adaptar la chimenea a tus necesidades espec\u00edficas, ofreci\u00e9ndote la opci\u00f3n de elegir la alternativa m\u00e1s conveniente y eficiente. No importa cu\u00e1l sea tu elecci\u00f3n, la chimenea horizontal promete calidez instant\u00e1nea y una atm\u00f3sfera acogedora en toda su amplitud.<\/span><\/p>\n<p><span style=\"font-family: verdana, geneva, sans-serif;\">En resumen, esta chimenea no es solo un sistema de calefacci\u00f3n; es una declaraci\u00f3n de estilo y confort que realza la belleza de la estancia donde se encuentre. Con su dise\u00f1o sofisticado y funcionalidad excepcional, es el complemento ideal para espacios amplios dot\u00e1ndolos con un toque de calidez de hogar.<\/span><\/p>\n<p><span style=\"font-family: verdana, geneva, sans-serif;\">Para m\u00e1s informaci\u00f3n personalizada puede solicitarla <a href=\"https:\/\/www.ambifuego.net\/es\/contacto-mensajes-consultas-informacion\/\" target=\"_blank\" rel=\"noopener\">clickando aqui<\/a> por favor.<\/span><\/p>\n<p><span style=\"font-family: verdana, geneva, sans-serif;\"><\/div>\n\t\t<\/div><div class='yrm-btn-wrapper yrm-btn-wrapper-1 yrm-more-button-wrapper  '\n\t\tdata-custom-more-class-name='' data-custom-less-class-name=''><span title='' data-less-title='' data-more-title='' class='yrm-toggle-expand  yrm-toggle-expand-1 ' data-rel='yrm-h1sCn' data-more='M\u00e1s detalles ' data-less='Ver menos'><span class='yrm-text-wrapper yrm-text-wrapper-custom-dimensions'><span class=\"yrm-button-text-1 yrm-button-text-span\">M\u00e1s detalles <\/span><\/span><\/span><\/div><\/span><\/p>\n","protected":false},"excerpt":{"rendered":"<p>Chimenea de gas esquina con\u00a0 amplia visi\u00f3n de sus hermosas llamas.<\/p>\n","protected":false},"featured_media":77489,"template":"","meta":[],"product_brand":[],"product_cat":[551],"product_tag":[],"class_list":{"0":"post-77482","1":"product","2":"type-product","3":"status-publish","4":"has-post-thumbnail","6":"product_cat-chimenea-2-lados-esquina-gas","8":"first","9":"instock","10":"shipping-taxable","11":"product-type-simple"},"_links":{"self":[{"href":"https:\/\/www.ambifuego.net\/es\/wp-json\/wp\/v2\/product\/77482","targetHints":{"allow":["GET"]}}],"collection":[{"href":"https:\/\/www.ambifuego.net\/es\/wp-json\/wp\/v2\/product"}],"about":[{"href":"https:\/\/www.ambifuego.net\/es\/wp-json\/wp\/v2\/types\/product"}],"version-history":[{"count":0,"href":"https:\/\/www.ambifuego.net\/es\/wp-json\/wp\/v2\/product\/77482\/revisions"}],"wp:featuredmedia":[{"embeddable":true,"href":"https:\/\/www.ambifuego.net\/es\/wp-json\/wp\/v2\/media\/77489"}],"wp:attachment":[{"href":"https:\/\/www.ambifuego.net\/es\/wp-json\/wp\/v2\/media?parent=77482"}],"wp:term":[{"taxonomy":"product_brand","embeddable":true,"href":"https:\/\/www.ambifuego.net\/es\/wp-json\/wp\/v2\/product_brand?post=77482"},{"taxonomy":"product_cat","embeddable":true,"href":"https:\/\/www.ambifuego.net\/es\/wp-json\/wp\/v2\/product_cat?post=77482"},{"taxonomy":"product_tag","embeddable":true,"href":"https:\/\/www.ambifuego.net\/es\/wp-json\/wp\/v2\/product_tag?post=77482"}],"curies":[{"name":"wp","href":"https:\/\/api.w.org\/{rel}","templated":true}]}}