{"id":77447,"date":"2025-08-28T13:14:01","date_gmt":"2025-08-28T11:14:01","guid":{"rendered":"https:\/\/www.ambifuego.net\/?post_type=product&#038;p=77447"},"modified":"2025-10-24T14:21:38","modified_gmt":"2025-10-24T12:21:38","slug":"chimenea-bioetanol-tunel-tall","status":"publish","type":"product","link":"https:\/\/www.ambifuego.net\/es\/producto\/chimenea-bioetanol-tunel-tall\/","title":{"rendered":"BIO &#8211; TUNEL TALL"},"content":{"rendered":"<h3>Las Chimeneas T\u00fanel: Elegancia y Eficiencia al Alcance de la Mano<\/h3>\n<p>Chimenea bioetanol tunel tall, imagine entrar en un espacio donde el calor y la luz se fusionan en una danza perfecta, sin humos ni olores que alteren la atm\u00f3sfera. Las chimeneas de bioetanol t\u00fanel\u00a0 tiene cristales muy altos y son la soluci\u00f3n perfecta para quienes buscan un toque de sofisticaci\u00f3n en su hogar. Es decir este modelo tunel brinda una experiencia \u00fanica a trav\u00e9s de su dise\u00f1o contempor\u00e1neo y funcional.<\/p>\n<div class='yrm-content yrm-content-1 yrm-content-hide  ' id='yrm-TWIf9' data-id='1' data-show-status='false' data-after-action='' style=\"visibility: hidden;height: 0;\">\n\t\t\t<div id='yrm-inner-content-yrm-TWIf9' class='yrm-inner-content-wrapper yrm-cntent-1'><\/p>\n<p>Construidas con acero de alta calidad, estas chimeneas no s\u00f3lo son robustas, sino que tambi\u00e9n ofrecen una est\u00e9tica moderna que complementa cualquier decoraci\u00f3n. Con una potencia de entre 5 y 7 kW, su eficiencia es del 100%, lo que significa que cada gota de bioetanol se transforma en calor acogedor y envolvente. Este sistema de combusti\u00f3n limpia se traduce en un ambiente libre de residuos, garantizando as\u00ed un uso pr\u00e1ctico y responsable.<\/p>\n<h3>\u00a1Chimenea Bioetanol Tunel Tall,\u00a0 modelo vertical!<\/h3>\n<p>Una de las caracter\u00edsticas m\u00e1s cautivadoras de estas <a href=\"https:\/\/www.ambifuego.net\/es\/\" target=\"_blank\" rel=\"noopener\">chimeneas<\/a> es su capacidad de simular brasas encendidas mediante luces LED de bajo consumo, ofreciendo un espect\u00e1culo visual que hipnotiza. La base del fuego rojo emula la calidez de las llamas, creando un ambiente \u00edntimo y acogedor, perfecto para compartir momentos inolvidables.<\/p>\n<p>El tanque de combustible esta integrado con una bomba de control y\u00a0 ello permite un manejo sencillo y seguro, que se puede gestionar desde un mando a distancia. Esto no solo otorga conveniencia, sino tambi\u00e9n un nivel de innovaci\u00f3n que fascina a los amantes de la tecnolog\u00eda.<\/p>\n<p>Las chimeneas de bioetanol t\u00fanel con cristal alto son algo m\u00e1s que simples elementos decorativos. Estas chimenas son el alma de cualquier espacio, proporcionando un refugio c\u00e1lido en medio del ajetreo diario. Atr\u00e9vase a transformar su hogar con esta joya del dise\u00f1o y la eficiencia. Cada detalle ha sido pensado para ofrecerle el m\u00e1ximo confort, sin comprometer la calidad del aire ambiental que se respira.<\/p>\n<p>De hecho este modelo crea\u00a0<a href=\"https:\/\/vimeo.com\/ambifuego\" target=\"_blank\" rel=\"noopener\">Ambiente<\/a> y calidez\u00a0 sin humos y naturalmente permite disfrutar de dos ambientes c\u00e1lidos sin humos ni complicacio<\/p>\n<p>Son chimeneas de f\u00e1cil montaje ya que no producen\u00a0 humos, suciedad y adem\u00e1s no es necesario \u00a0almacenar le\u00f1a.<\/p>\n<p><\/div>\n\t\t<\/div><div class='yrm-btn-wrapper yrm-btn-wrapper-1 yrm-more-button-wrapper  '\n\t\tdata-custom-more-class-name='' data-custom-less-class-name=''><span title='' data-less-title='' data-more-title='' class='yrm-toggle-expand  yrm-toggle-expand-1 ' data-rel='yrm-TWIf9' data-more='M\u00e1s detalles ' data-less='Ver menos'><span class='yrm-text-wrapper yrm-text-wrapper-custom-dimensions'><span class=\"yrm-button-text-1 yrm-button-text-span\">M\u00e1s detalles <\/span><\/span><\/span><\/div>\n","protected":false},"excerpt":{"rendered":"<p><span style=\"font-family: verdana, geneva, sans-serif;\">Chimenea de Bioetanol, Elegancia y Eficiencia al Alcance de la Mano.<\/span><\/p>\n","protected":false},"featured_media":80014,"template":"","meta":[],"product_brand":[],"product_cat":[476],"product_tag":[],"class_list":{"0":"post-77447","1":"product","2":"type-product","3":"status-publish","4":"has-post-thumbnail","6":"product_cat-chimeneas-y-estufa-de-bioetanol","8":"first","9":"instock","10":"shipping-taxable","11":"product-type-simple"},"_links":{"self":[{"href":"https:\/\/www.ambifuego.net\/es\/wp-json\/wp\/v2\/product\/77447","targetHints":{"allow":["GET"]}}],"collection":[{"href":"https:\/\/www.ambifuego.net\/es\/wp-json\/wp\/v2\/product"}],"about":[{"href":"https:\/\/www.ambifuego.net\/es\/wp-json\/wp\/v2\/types\/product"}],"version-history":[{"count":0,"href":"https:\/\/www.ambifuego.net\/es\/wp-json\/wp\/v2\/product\/77447\/revisions"}],"wp:featuredmedia":[{"embeddable":true,"href":"https:\/\/www.ambifuego.net\/es\/wp-json\/wp\/v2\/media\/80014"}],"wp:attachment":[{"href":"https:\/\/www.ambifuego.net\/es\/wp-json\/wp\/v2\/media?parent=77447"}],"wp:term":[{"taxonomy":"product_brand","embeddable":true,"href":"https:\/\/www.ambifuego.net\/es\/wp-json\/wp\/v2\/product_brand?post=77447"},{"taxonomy":"product_cat","embeddable":true,"href":"https:\/\/www.ambifuego.net\/es\/wp-json\/wp\/v2\/product_cat?post=77447"},{"taxonomy":"product_tag","embeddable":true,"href":"https:\/\/www.ambifuego.net\/es\/wp-json\/wp\/v2\/product_tag?post=77447"}],"curies":[{"name":"wp","href":"https:\/\/api.w.org\/{rel}","templated":true}]}}