{"id":77430,"date":"2025-08-28T11:57:26","date_gmt":"2025-08-28T09:57:26","guid":{"rendered":"https:\/\/www.ambifuego.net\/?post_type=product&#038;p=77430"},"modified":"2025-10-24T15:59:02","modified_gmt":"2025-10-24T13:59:02","slug":"separador-de-espacios-bio-70xl","status":"publish","type":"product","link":"https:\/\/www.ambifuego.net\/es\/producto\/separador-de-espacios-bio-70xl\/","title":{"rendered":"SEPARADOR DE ESPACIOS \u2013 BIO 70 XL"},"content":{"rendered":"<h3><span style=\"font-family: verdana, geneva, sans-serif;\">Chimenea Bioetanol Separador 70, Impactante chimenea.<\/span><\/h3>\n<p><span style=\"font-family: verdana, geneva, sans-serif;\">Chimenea Separador de Espacios 70XL un modelo con cristales de gran altura y con tres lados de libre visi\u00f3n del fuego. Imagine entrar en un espacio y poder admirar el\u00a0 la luz y la danza perfecta de las llamas y todo si humos ni olores que alteren la atm\u00f3sfera. Esta chimenea de bioetanol con cristales muys altos es la soluci\u00f3n perfecta para quienes buscan un toque de sofisticaci\u00f3n en su hogar, brindando una experiencia \u00fanica a trav\u00e9s de su dise\u00f1o contempor\u00e1neo y funcional.<\/span><\/p>\n<p><span style=\"font-family: verdana, geneva, sans-serif;\">Ideal para la creaci\u00f3n de dos ambientes diferentes. Naturalmente tiene visi\u00f3n del fuego frontal y dos laterales.<\/span><\/p>\n<p><span style=\"font-family: verdana, geneva, sans-serif;\"><div class='yrm-content yrm-content-1 yrm-content-hide  ' id='yrm-niRZl' data-id='1' data-show-status='false' data-after-action='' style=\"visibility: hidden;height: 0;\">\n\t\t\t<div id='yrm-inner-content-yrm-niRZl' class='yrm-inner-content-wrapper yrm-cntent-1'><\/span><\/p>\n<p><span style=\"font-family: verdana, geneva, sans-serif;\">Esta chimena es una alternativa\u00a0 a tener en cuenta para espacios de gran tama\u00f1o personalizando cada espacio a gusto. Adem\u00e1s este tipo de separadores sirven para calentar estancias no solo en el hogar, sino tambi\u00e9n en negocios, como es el caso de los establecimientos de hosteler\u00eda o exposiciones.<\/span><\/p>\n<p><span style=\"font-family: verdana, geneva, sans-serif;\">Son chimeneas de f\u00e1cil montaje ya que no producen\u00a0 humos, suciedad y adem\u00e1s no es necesario \u00a0almacenar le\u00f1a.<\/span><\/p>\n<h3><span style=\"font-family: verdana, geneva, sans-serif;\">\u00a1Chimenea Bioetanol Separador de Espacios,\u00a0 transforma cualquier espacio!<\/span><\/h3>\n<p><span style=\"font-family: verdana, geneva, sans-serif;\">Construida con acero de alta calidad esta chimena no s\u00f3lo es robusta, sino que tambi\u00e9n ofrece\u00a0 una est\u00e9tica moderna que complementa cualquier decoraci\u00f3n. Con una potencia entre 5 y 7 kW, y una eficiencia del 100%. Esto significa que cada gota de bioetanol se fransforma encalor acogedor y envolverte. Este siste de combusti\u00f3n limpia se traduce en un ambiente libre de residuos, garantizando as\u00ed un uso pr\u00e1ctico y responsable.<\/span><\/p>\n<p><span style=\"font-family: verdana, geneva, sans-serif;\"><a href=\"https:\/\/vimeo.com\/ambifuego\" target=\"_blank\" rel=\"noopener\">Ambiente<\/a> y calidez f\u00e1cil y sin humos con una Chimenea Bioetanol Separadora de Espacios 1400 para disfrutar de dos ambientes c\u00e1lidos sin humos ni complicaciones.<\/span><\/p>\n<p><span style=\"font-family: verdana, geneva, sans-serif;\">Adem\u00e1s hoy en d\u00eda, cada vez hay un n\u00famero mayor de personas que reconocen la necesidad urgente de proteger el medio ambiente. <span class=\"Y2IQFc\" lang=\"es\">Por ello \u00faltimamente <a href=\"https:\/\/www.ambifuego.net\/es\/\" target=\"_blank\" rel=\"noopener\">las chimeneas<\/a> de bioetanol crecen r\u00e1pidamente en popularidad y uso. Son chimeneas limpias y f\u00e1ciles de instalar adem\u00e1s de ecol\u00f3gicas.<\/span><\/span><\/p>\n<p dir=\"ltr\" data-placeholder=\"Traducci\u00f3n\"><span style=\"font-family: verdana, geneva, sans-serif;\"><\/div>\n\t\t<\/div><div class='yrm-btn-wrapper yrm-btn-wrapper-1 yrm-more-button-wrapper  '\n\t\tdata-custom-more-class-name='' data-custom-less-class-name=''><span title='' data-less-title='' data-more-title='' class='yrm-toggle-expand  yrm-toggle-expand-1 ' data-rel='yrm-niRZl' data-more='M\u00e1s detalles ' data-less='Ver menos'><span class='yrm-text-wrapper yrm-text-wrapper-custom-dimensions'><span class=\"yrm-button-text-1 yrm-button-text-span\">M\u00e1s detalles <\/span><\/span><\/span><\/div><\/span><\/p>\n","protected":false},"excerpt":{"rendered":"[video width=\"580\" height=\"120\" mp4=\"https:\/\/www.ambifuego.net\/wp-content\/uploads\/2025\/08\/separador-espacios-tall-.mp4\"][\/video]\n","protected":false},"featured_media":80047,"template":"","meta":[],"product_brand":[],"product_cat":[476],"product_tag":[],"class_list":{"0":"post-77430","1":"product","2":"type-product","3":"status-publish","4":"has-post-thumbnail","6":"product_cat-chimeneas-y-estufa-de-bioetanol","8":"first","9":"instock","10":"shipping-taxable","11":"product-type-simple"},"_links":{"self":[{"href":"https:\/\/www.ambifuego.net\/es\/wp-json\/wp\/v2\/product\/77430","targetHints":{"allow":["GET"]}}],"collection":[{"href":"https:\/\/www.ambifuego.net\/es\/wp-json\/wp\/v2\/product"}],"about":[{"href":"https:\/\/www.ambifuego.net\/es\/wp-json\/wp\/v2\/types\/product"}],"version-history":[{"count":0,"href":"https:\/\/www.ambifuego.net\/es\/wp-json\/wp\/v2\/product\/77430\/revisions"}],"wp:featuredmedia":[{"embeddable":true,"href":"https:\/\/www.ambifuego.net\/es\/wp-json\/wp\/v2\/media\/80047"}],"wp:attachment":[{"href":"https:\/\/www.ambifuego.net\/es\/wp-json\/wp\/v2\/media?parent=77430"}],"wp:term":[{"taxonomy":"product_brand","embeddable":true,"href":"https:\/\/www.ambifuego.net\/es\/wp-json\/wp\/v2\/product_brand?post=77430"},{"taxonomy":"product_cat","embeddable":true,"href":"https:\/\/www.ambifuego.net\/es\/wp-json\/wp\/v2\/product_cat?post=77430"},{"taxonomy":"product_tag","embeddable":true,"href":"https:\/\/www.ambifuego.net\/es\/wp-json\/wp\/v2\/product_tag?post=77430"}],"curies":[{"name":"wp","href":"https:\/\/api.w.org\/{rel}","templated":true}]}}