{"id":77392,"date":"2025-08-26T14:49:07","date_gmt":"2025-08-26T12:49:07","guid":{"rendered":"https:\/\/www.ambifuego.net\/?post_type=product&#038;p=77392"},"modified":"2025-10-24T15:35:20","modified_gmt":"2025-10-24T13:35:20","slug":"separador-bioetanol-1400","status":"publish","type":"product","link":"https:\/\/www.ambifuego.net\/es\/producto\/separador-bioetanol-1400\/","title":{"rendered":"SEPARADOR ESPACIOS\u2013 BIO 1400"},"content":{"rendered":"<h3><span style=\"font-family: verdana, geneva, sans-serif;\">Chimenea Bioetanol\u00a0 1400 un modelo con tres lados vistos.<\/span><\/h3>\n<p><span style=\"font-family: verdana, geneva, sans-serif;\">Chimenea bioetanol separador 1400\u00a0 ideal para la creaci\u00f3n de dos ambientes diferentes. Naturalmente tiene visi\u00f3n del fuego frontal y dos laterales.<\/span><\/p>\n<p><span style=\"font-family: verdana, geneva, sans-serif;\">Esta chimena es una alternativa\u00a0 a tener en cuenta para espacios de gran tama\u00f1o personalizando cada espacio a gusto. Adem\u00e1s este tipo de separadores sirven para calentar estancias no solo en el hogar, sino tambi\u00e9n en negocios, como es el caso de los establecimientos de hosteler\u00eda o exposiciones.<\/span><\/p>\n<p><span style=\"font-family: verdana, geneva, sans-serif;\"><div class='yrm-content yrm-content-1 yrm-content-hide  ' id='yrm-K5yLi' data-id='1' data-show-status='false' data-after-action='' style=\"visibility: hidden;height: 0;\">\n\t\t\t<div id='yrm-inner-content-yrm-K5yLi' class='yrm-inner-content-wrapper yrm-cntent-1'><\/span><\/p>\n<p><span style=\"font-family: verdana, geneva, sans-serif;\">Son chimeneas de f\u00e1cil montaje ya que no producen\u00a0 humos, suciedad y adem\u00e1s no es necesario \u00a0almacenar le\u00f1a.<\/span><\/p>\n<p><span style=\"font-family: verdana, geneva, sans-serif;\">Su uso es vario, por ejemplo, pueden emplearse para calentar terrazas en invierno, pues su poder calor\u00edfico es notable. Las chimenea bioetanol funcionan con un dep\u00f3sito de biocombustible que se libera y quema al encenderse la llama se controlan con un mando.<\/span><\/p>\n<p>&nbsp;<\/p>\n<p><span style=\"font-family: verdana, geneva, sans-serif;\">Con una potencia de entre 5 y 7 kW, esta chimenea es una fuetnte de calor eficiente al 100% capaz de calencar eficazmente una amplia variedad de espacios. Lo m\u00e1s cautivador es su base donde luces Leds de bajo consumo,\u00a0 imitan a la perfeccion brasas ardiendo, creando un espect\u00e1culo luminoso que encanta a primera vista.<\/span><\/p>\n<h3><span style=\"font-family: verdana, geneva, sans-serif;\">Separador 1400 crea ambientes c\u00e1lidos sin complicaciones.<\/span><\/h3>\n<p><span style=\"font-family: verdana, geneva, sans-serif;\">Chimenea bioetanol separador 1400 crea\u00a0<a href=\"https:\/\/vimeo.com\/ambifuego\" target=\"_blank\" rel=\"noopener\">Ambiente<\/a> y calidez f\u00e1cil y sin humos\u00a0 para disfrutar de dos ambientes c\u00e1lidos sin humos ni complicaciones.<\/span><\/p>\n<p><span style=\"font-family: verdana, geneva, sans-serif;\">Adem\u00e1s hoy en d\u00eda, cada vez hay un n\u00famero mayor de personas que reconocen la necesidad urgente de proteger el medio ambiente. <span class=\"Y2IQFc\" lang=\"es\">Por ello \u00faltimamente <a href=\"https:\/\/www.ambifuego.net\/es\/\" target=\"_blank\" rel=\"noopener\">las chimeneas<\/a> de bioetanol crecen r\u00e1pidamente en popularidad y uso. Son chimeneas limpias y f\u00e1ciles de instalar adem\u00e1s de ecol\u00f3gicas.<\/span><\/span><\/p>\n<p class=\"tw-data-text tw-text-large tw-ta\" dir=\"ltr\" data-placeholder=\"Traducci\u00f3n\"><span class=\"Y2IQFc\" lang=\"es\" style=\"font-family: verdana, geneva, sans-serif;\">El\u00a0bioetanol es un combustible org\u00e1nico que supone una alternativa a los de origen f\u00f3sil, se extrae de productos como el ma\u00edz, la yuca o la paja.\u00a0Es un alcohol muy inflamable que, a su vez, es un combustible\u00a0limpio y renovable.<\/span><\/p>\n<p dir=\"ltr\" data-placeholder=\"Traducci\u00f3n\"><\/div>\n\t\t<\/div><div class='yrm-btn-wrapper yrm-btn-wrapper-1 yrm-more-button-wrapper  '\n\t\tdata-custom-more-class-name='' data-custom-less-class-name=''><span title='' data-less-title='' data-more-title='' class='yrm-toggle-expand  yrm-toggle-expand-1 ' data-rel='yrm-K5yLi' data-more='M\u00e1s detalles ' data-less='Ver menos'><span class='yrm-text-wrapper yrm-text-wrapper-custom-dimensions'><span class=\"yrm-button-text-1 yrm-button-text-span\">M\u00e1s detalles <\/span><\/span><\/span><\/div><\/p>\n","protected":false},"excerpt":{"rendered":"<p><span style=\"font-family: verdana, geneva, sans-serif;\">\u00a1Chimenea de Bioetanol eficiencia del 100% sin humos ni\u00a0 suciedad!<\/span><\/p>\n","protected":false},"featured_media":80041,"template":"","meta":[],"product_brand":[],"product_cat":[476],"product_tag":[],"class_list":{"0":"post-77392","1":"product","2":"type-product","3":"status-publish","4":"has-post-thumbnail","6":"product_cat-chimeneas-y-estufa-de-bioetanol","8":"first","9":"instock","10":"shipping-taxable","11":"product-type-simple"},"_links":{"self":[{"href":"https:\/\/www.ambifuego.net\/es\/wp-json\/wp\/v2\/product\/77392","targetHints":{"allow":["GET"]}}],"collection":[{"href":"https:\/\/www.ambifuego.net\/es\/wp-json\/wp\/v2\/product"}],"about":[{"href":"https:\/\/www.ambifuego.net\/es\/wp-json\/wp\/v2\/types\/product"}],"version-history":[{"count":0,"href":"https:\/\/www.ambifuego.net\/es\/wp-json\/wp\/v2\/product\/77392\/revisions"}],"wp:featuredmedia":[{"embeddable":true,"href":"https:\/\/www.ambifuego.net\/es\/wp-json\/wp\/v2\/media\/80041"}],"wp:attachment":[{"href":"https:\/\/www.ambifuego.net\/es\/wp-json\/wp\/v2\/media?parent=77392"}],"wp:term":[{"taxonomy":"product_brand","embeddable":true,"href":"https:\/\/www.ambifuego.net\/es\/wp-json\/wp\/v2\/product_brand?post=77392"},{"taxonomy":"product_cat","embeddable":true,"href":"https:\/\/www.ambifuego.net\/es\/wp-json\/wp\/v2\/product_cat?post=77392"},{"taxonomy":"product_tag","embeddable":true,"href":"https:\/\/www.ambifuego.net\/es\/wp-json\/wp\/v2\/product_tag?post=77392"}],"curies":[{"name":"wp","href":"https:\/\/api.w.org\/{rel}","templated":true}]}}