{"id":77359,"date":"2025-08-26T11:23:17","date_gmt":"2025-08-26T09:23:17","guid":{"rendered":"https:\/\/www.ambifuego.net\/?post_type=product&#038;p=77359"},"modified":"2025-10-29T17:54:27","modified_gmt":"2025-10-29T16:54:27","slug":"chimenea-bioetanol-frente-1400","status":"publish","type":"product","link":"https:\/\/www.ambifuego.net\/es\/producto\/chimenea-bioetanol-frente-1400\/","title":{"rendered":"FRENTE \u2013 BIOETANOL 1400 &#8211;"},"content":{"rendered":"<p><span style=\"font-family: verdana, geneva, sans-serif;\">Chimenea Bioetanol frente 1400, una alternativa a tener en cuenta para calentar determinadas estancias no solo en el hogar, sino tambi\u00e9n en negocios, como es el caso de los establecimientos de hosteler\u00eda. Por ejemplo, pueden emplearse para calentar terrazas en invierno, pues su poder calor\u00edfico es notable. Las chimenea bioetanol funcionan con un dep\u00f3sito de biocombustible que se libera y quema al encenderse la llama se controlan con un mando.<\/span><\/p>\n<div class='yrm-content yrm-content-1 yrm-content-hide  ' id='yrm-orKCU' data-id='1' data-show-status='false' data-after-action='' style=\"visibility: hidden;height: 0;\">\n\t\t\t<div id='yrm-inner-content-yrm-orKCU' class='yrm-inner-content-wrapper yrm-cntent-1'><\/p>\n<h3><span style=\"font-family: verdana, geneva, sans-serif;\">Chimenea Bioetanol frontal transforma tu hogar.<\/span><\/h3>\n<p><span style=\"font-family: verdana, geneva, sans-serif;\"><a href=\"https:\/\/vimeo.com\/ambifuego\" target=\"_blank\" rel=\"noopener\">Ambiente<\/a> y calidez f\u00e1cil y sin humos con una\u00a0Chimenea Bioetanol Frente 1400 para disfrutar de un ambiente c\u00e1lido si humos ni complicaciones.\u00a0 Adem\u00e1s hoy en d\u00eda, cada vez hay un n\u00famero mayor de personas que reconocen la necesidad urgente de proteger el medio ambiente. <span class=\"Y2IQFc\" lang=\"es\">Por ello \u00faltimamente <a href=\"https:\/\/www.ambifuego.net\/es\/\" target=\"_blank\" rel=\"noopener\">las chimeneas<\/a> de bioetanol crecen r\u00e1pidamente en popularidad y uso. Son chimeneas limpias y f\u00e1ciles de instalar adem\u00e1s de ecol\u00f3gicas.<\/span><\/span><\/p>\n<p class=\"tw-data-text tw-text-large tw-ta\" dir=\"ltr\" data-placeholder=\"Traducci\u00f3n\"><span class=\"Y2IQFc\" lang=\"es\" style=\"font-family: verdana, geneva, sans-serif;\">El\u00a0bioetanol es un combustible org\u00e1nico que supone una alternativa a los de origen f\u00f3sil, se extrae de productos como el ma\u00edz, la yuca o la paja.\u00a0Es un alcohol muy inflamable que, a su vez, es un combustible\u00a0limpio y renovable.<\/span><\/p>\n<p><\/div>\n\t\t<\/div><div class='yrm-btn-wrapper yrm-btn-wrapper-1 yrm-more-button-wrapper  '\n\t\tdata-custom-more-class-name='' data-custom-less-class-name=''><span title='' data-less-title='' data-more-title='' class='yrm-toggle-expand  yrm-toggle-expand-1 ' data-rel='yrm-orKCU' data-more='M\u00e1s detalles ' data-less='Ver menos'><span class='yrm-text-wrapper yrm-text-wrapper-custom-dimensions'><span class=\"yrm-button-text-1 yrm-button-text-span\">M\u00e1s detalles <\/span><\/span><\/span><\/div>\n","protected":false},"excerpt":{"rendered":"<p><span style=\"font-family: verdana, geneva, sans-serif;\">Chimeneas de Bioetanol 1400, otra alternativa de calefacci\u00f3n.<\/span><\/p>\n","protected":false},"featured_media":80769,"template":"","meta":[],"product_brand":[],"product_cat":[476],"product_tag":[],"class_list":{"0":"post-77359","1":"product","2":"type-product","3":"status-publish","4":"has-post-thumbnail","6":"product_cat-chimeneas-y-estufa-de-bioetanol","8":"first","9":"instock","10":"shipping-taxable","11":"product-type-simple"},"_links":{"self":[{"href":"https:\/\/www.ambifuego.net\/es\/wp-json\/wp\/v2\/product\/77359","targetHints":{"allow":["GET"]}}],"collection":[{"href":"https:\/\/www.ambifuego.net\/es\/wp-json\/wp\/v2\/product"}],"about":[{"href":"https:\/\/www.ambifuego.net\/es\/wp-json\/wp\/v2\/types\/product"}],"version-history":[{"count":0,"href":"https:\/\/www.ambifuego.net\/es\/wp-json\/wp\/v2\/product\/77359\/revisions"}],"wp:featuredmedia":[{"embeddable":true,"href":"https:\/\/www.ambifuego.net\/es\/wp-json\/wp\/v2\/media\/80769"}],"wp:attachment":[{"href":"https:\/\/www.ambifuego.net\/es\/wp-json\/wp\/v2\/media?parent=77359"}],"wp:term":[{"taxonomy":"product_brand","embeddable":true,"href":"https:\/\/www.ambifuego.net\/es\/wp-json\/wp\/v2\/product_brand?post=77359"},{"taxonomy":"product_cat","embeddable":true,"href":"https:\/\/www.ambifuego.net\/es\/wp-json\/wp\/v2\/product_cat?post=77359"},{"taxonomy":"product_tag","embeddable":true,"href":"https:\/\/www.ambifuego.net\/es\/wp-json\/wp\/v2\/product_tag?post=77359"}],"curies":[{"name":"wp","href":"https:\/\/api.w.org\/{rel}","templated":true}]}}