{"id":76695,"date":"2025-08-12T15:18:49","date_gmt":"2025-08-12T13:18:49","guid":{"rendered":"https:\/\/www.ambifuego.net\/?post_type=product&#038;p=76695"},"modified":"2025-08-28T15:34:42","modified_gmt":"2025-08-28T13:34:42","slug":"panoramica-frente-240-ed","status":"publish","type":"product","link":"https:\/\/www.ambifuego.net\/es\/producto\/panoramica-frente-240-ed\/","title":{"rendered":"PANORAMICA FRENTE 240 EE"},"content":{"rendered":"<h2><span style=\"font-family: verdana, geneva, sans-serif; font-size: 14pt;\">Panor\u00e1mica Frente Gas 240 EE,\u00a0 Calidad de Vida en todo su Esplendor.<\/span><\/h2>\n<p><span style=\"font-family: verdana, geneva, sans-serif;\">Imagina una chimenea monumental que se extiende a lo largo de 240 cm, transformando por completo el ambiente de tu sala de estar. Este imponente elemento arquitect\u00f3nico no solo sirve como una fuente de calor, sino que tambi\u00e9n se convierte en el punto focal de la habitaci\u00f3n, capturando la atenci\u00f3n con su dise\u00f1o panor\u00e1mico y contempor\u00e1neo.<\/span><\/p>\n<p><span style=\"font-family: verdana, geneva, sans-serif;\">La chimenea, de construcci\u00f3n estanca, garantiza una combusti\u00f3n eficiente, minimizando la p\u00e9rdida de calor y asegurando la seguridad del hogar. Gracias a su ingeniosa toma de aire del exterior, se mantiene un flujo constante de ox\u00edgeno, optimizando el rendimiento de la llama y haciendo posible disfrutar de la calidez del fuego sin preocupaciones.<\/span><\/p>\n<p><span style=\"font-family: verdana, geneva, sans-serif;\"><div class='yrm-content yrm-content-1 yrm-content-hide  ' id='yrm-wDtZL' data-id='1' data-show-status='false' data-after-action='' style=\"visibility: hidden;height: 0;\">\n\t\t\t<div id='yrm-inner-content-yrm-wDtZL' class='yrm-inner-content-wrapper yrm-cntent-1'><\/span><\/p>\n<p><span style=\"font-family: verdana, geneva, sans-serif;\">La decoraci\u00f3n del fuego es una obra maestra en s\u00ed misma. Los le\u00f1os cer\u00e1micos, meticulosamente dise\u00f1ados, simulan la apariencia de la madera natural, creando una ilusi\u00f3n de autenticidad que evoca los tradicionales hogares r\u00fasticos. A su lado, piedras decorativas a\u00f1aden un toque de textura y color, enriqueciendo la experiencia visual mientras las llamas danzan en su interior. La combinaci\u00f3n del fuego con estos elementos crea un espect\u00e1culo hipnotizante que invita a relajarse y disfrutar de momentos inolvidables junto a familiares y amigos.<\/span><\/p>\n<h3><span style=\"font-family: verdana, geneva, sans-serif;\">Chimenea de Panoramica Frente Gas 240EE un modelo de chimenea elegante, confortable y f\u00e1cil de usar.<\/span><\/h3>\n<p><span style=\"font-family: verdana, geneva, sans-serif;\">La versatilidad del combustible propano o gas natural permite adaptar la chimenea a tus necesidades espec\u00edficas, ofreci\u00e9ndote la opci\u00f3n de elegir la alternativa m\u00e1s conveniente y eficiente. No importa cu\u00e1l sea tu elecci\u00f3n, la chimenea horizontal promete calidez instant\u00e1nea y una atm\u00f3sfera acogedora en toda su amplitud.<\/span><\/p>\n<p><span style=\"font-family: verdana, geneva, sans-serif;\">En resumen, esta chimenea no es solo un sistema de calefacci\u00f3n; es una declaraci\u00f3n de estilo y confort que realza la belleza de la estancia donde se encuentre. Con su dise\u00f1o sofisticado y funcionalidad excepcional, es el complemento ideal para espacios amplios dot\u00e1ndolos con un toque de calidez de hogar.<\/span><\/p>\n<p><span style=\"font-family: verdana, geneva, sans-serif;\">Para m\u00e1s informaci\u00f3n personalizada puede solicitarla <a href=\"https:\/\/www.ambifuego.net\/es\/contacto-mensajes-consultas-informacion\/\" target=\"_blank\" rel=\"noopener\">clickando aqui<\/a> por favor.<\/span><\/p>\n<p><span style=\"font-family: verdana, geneva, sans-serif;\"><\/div>\n\t\t<\/div><div class='yrm-btn-wrapper yrm-btn-wrapper-1 yrm-more-button-wrapper  '\n\t\tdata-custom-more-class-name='' data-custom-less-class-name=''><span title='' data-less-title='' data-more-title='' class='yrm-toggle-expand  yrm-toggle-expand-1 ' data-rel='yrm-wDtZL' data-more='M\u00e1s detalles ' data-less='Ver menos'><span class='yrm-text-wrapper yrm-text-wrapper-custom-dimensions'><span class=\"yrm-button-text-1 yrm-button-text-span\">M\u00e1s detalles <\/span><\/span><\/span><\/div><\/span><\/p>\n","protected":false},"excerpt":{"rendered":"<p><span style=\"font-family: verdana, geneva, sans-serif;\">Dise\u00f1o de Chimenea Horizontal con hasta 240 cm de ancho: Elegancia y Funcionalidad para tu Hogar<\/span><\/p>\n","protected":false},"featured_media":76699,"template":"","meta":[],"product_brand":[],"product_cat":[545],"product_tag":[],"class_list":{"0":"post-76695","1":"product","2":"type-product","3":"status-publish","4":"has-post-thumbnail","6":"product_cat-frente","8":"first","9":"instock","10":"shipping-taxable","11":"product-type-simple"},"_links":{"self":[{"href":"https:\/\/www.ambifuego.net\/es\/wp-json\/wp\/v2\/product\/76695","targetHints":{"allow":["GET"]}}],"collection":[{"href":"https:\/\/www.ambifuego.net\/es\/wp-json\/wp\/v2\/product"}],"about":[{"href":"https:\/\/www.ambifuego.net\/es\/wp-json\/wp\/v2\/types\/product"}],"version-history":[{"count":0,"href":"https:\/\/www.ambifuego.net\/es\/wp-json\/wp\/v2\/product\/76695\/revisions"}],"wp:featuredmedia":[{"embeddable":true,"href":"https:\/\/www.ambifuego.net\/es\/wp-json\/wp\/v2\/media\/76699"}],"wp:attachment":[{"href":"https:\/\/www.ambifuego.net\/es\/wp-json\/wp\/v2\/media?parent=76695"}],"wp:term":[{"taxonomy":"product_brand","embeddable":true,"href":"https:\/\/www.ambifuego.net\/es\/wp-json\/wp\/v2\/product_brand?post=76695"},{"taxonomy":"product_cat","embeddable":true,"href":"https:\/\/www.ambifuego.net\/es\/wp-json\/wp\/v2\/product_cat?post=76695"},{"taxonomy":"product_tag","embeddable":true,"href":"https:\/\/www.ambifuego.net\/es\/wp-json\/wp\/v2\/product_tag?post=76695"}],"curies":[{"name":"wp","href":"https:\/\/api.w.org\/{rel}","templated":true}]}}