{"id":76672,"date":"2025-08-12T12:59:20","date_gmt":"2025-08-12T10:59:20","guid":{"rendered":"https:\/\/www.ambifuego.net\/?post_type=product&#038;p=76672"},"modified":"2025-10-03T18:07:53","modified_gmt":"2025-10-03T16:07:53","slug":"panoramica-frente-200-ed-copia","status":"publish","type":"product","link":"https:\/\/www.ambifuego.net\/es\/producto\/panoramica-frente-200-ed-copia\/","title":{"rendered":"PANORAMICA FRENTE 200 ED"},"content":{"rendered":"<h2><span style=\"font-family: verdana, geneva, sans-serif; font-size: 14pt;\">Panor\u00e1mica Frente Gas 200 ED Calidad de Vida.<\/span><\/h2>\n<p><span style=\"font-family: verdana, geneva, sans-serif;\">Panoramica Frente Gas 200ED, una excelente opci\u00f3n para quienes buscan el calor acogedor del fuego sin las complicaciones del mantenimiento tradicional. Con un ancho de 200 cm, este modelo se presenta como una pieza central impresionante en cualquier sala de estar, combinando funcionalidad y est\u00e9tica.<\/span><\/p>\n<p><span style=\"font-family: verdana, geneva, sans-serif;\">El dise\u00f1o de la chimenea es moderno y elegante, con un fondo negro de Ceraglass que crea adicionalmente un reflejo del fuego y proporciona un contraste atractivo y resalta la decoraci\u00f3n del fuego. <\/span><\/p>\n<p><span style=\"font-family: verdana, geneva, sans-serif;\"><div class='yrm-content yrm-content-1 yrm-content-hide  ' id='yrm-74WzS' data-id='1' data-show-status='false' data-after-action='' style=\"visibility: hidden;height: 0;\">\n\t\t\t<div id='yrm-inner-content-yrm-74WzS' class='yrm-inner-content-wrapper yrm-cntent-1'><\/span><\/p>\n<p><span style=\"font-family: verdana, geneva, sans-serif;\">Las chimeneas de gas han revolucionado la forma en que disfrutamos del calor y la est\u00e9tica del fuego en nuestros hogares. Gracias a su f\u00e1cil montaje y dise\u00f1o innovador, estas chimeneas no requieren una salida de humos tradicional, lo que simplifica enormemente su instalaci\u00f3n en cualquier espacio. Adem\u00e1s, su toma de ox\u00edgeno del exterior asegura un funcionamiento seguro y eficiente, eliminando la necesidad de ventilaci\u00f3n interna.<\/span><\/p>\n<p><span style=\"font-family: verdana, geneva, sans-serif;\">Con una amplia visi\u00f3n del fuego, cada chispa y llama se convierte en un espect\u00e1culo visual cautivador.\u00a0<\/span><\/p>\n<p><span style=\"font-family: verdana, geneva, sans-serif;\">En resumen, la chimenea PANORAMICA FRENTE GAS 200 ED con mando a distancia, disponible en gas propano o natural, es una opci\u00f3n pr\u00e1ctica y estilizada para calentar cualquier espacio. Su dise\u00f1o moderno y la posibilidad de personalizar la experiencia de calefacci\u00f3n hacen de ella una adici\u00f3n valiosa a tu hogar<\/span>.<span style=\"font-family: verdana, geneva, sans-serif;\">\u00a0<\/span><\/p>\n<h3><span style=\"font-family: verdana, geneva, sans-serif;\">Chimenea de Panoramica Frente Gas 200ED un modelo de chimenea elegante, confortable y f\u00e1cil de usar.<\/span><\/h3>\n<p><span style=\"font-family: verdana, geneva, sans-serif;\">Ciertamente all\u00ed donde esta chimenea PANORAMICA FRENTE GAS se encuentre llaman la atenci\u00f3n porque son puntos focales de gran belleza, elegancia y admiraci\u00f3n. Adem\u00e1s de este <a href=\"https:\/\/vimeo.com\/ambifuego\" target=\"_blank\" rel=\"noopener\">modelo<\/a> \u00a0disponemo que una amplia gama de modelos frontales.<\/span><\/p>\n<p><span style=\"font-family: verdana, geneva, sans-serif;\">\u00a1Descubre la magia de las chimeneas de gas y personaliza tu espacio a tu gusto, moderno o tradicional!<\/span><\/p>\n<p><span style=\"font-family: verdana, geneva, sans-serif;\">Para m\u00e1s informaci\u00f3n personalizada puede solicitarla <a href=\"https:\/\/www.ambifuego.net\/es\/contacto-mensajes-consultas-informacion\/\" target=\"_blank\" rel=\"noopener\">clickando aqui<\/a> por favor.<\/span><\/p>\n<p><span style=\"font-family: verdana, geneva, sans-serif;\"><\/div>\n\t\t<\/div><div class='yrm-btn-wrapper yrm-btn-wrapper-1 yrm-more-button-wrapper  '\n\t\tdata-custom-more-class-name='' data-custom-less-class-name=''><span title='' data-less-title='' data-more-title='' class='yrm-toggle-expand  yrm-toggle-expand-1 ' data-rel='yrm-74WzS' data-more='M\u00e1s detalles ' data-less='Ver menos'><span class='yrm-text-wrapper yrm-text-wrapper-custom-dimensions'><span class=\"yrm-button-text-1 yrm-button-text-span\">M\u00e1s detalles <\/span><\/span><\/span><\/div><\/span><\/p>\n","protected":false},"excerpt":{"rendered":"<p><span style=\"font-family: verdana, geneva, sans-serif;\">Chimenea panor\u00e1mica de gas estilo contempor\u00e1neo con\u00a0 troncos realistas, guijarros o piedras. Panel trasero de Ceraglass creando un impactante y extraordinario efecto visual.<\/span><\/p>\n","protected":false},"featured_media":76676,"template":"","meta":[],"product_brand":[],"product_cat":[545],"product_tag":[],"class_list":{"0":"post-76672","1":"product","2":"type-product","3":"status-publish","4":"has-post-thumbnail","6":"product_cat-frente","8":"first","9":"instock","10":"shipping-taxable","11":"product-type-simple"},"_links":{"self":[{"href":"https:\/\/www.ambifuego.net\/es\/wp-json\/wp\/v2\/product\/76672","targetHints":{"allow":["GET"]}}],"collection":[{"href":"https:\/\/www.ambifuego.net\/es\/wp-json\/wp\/v2\/product"}],"about":[{"href":"https:\/\/www.ambifuego.net\/es\/wp-json\/wp\/v2\/types\/product"}],"version-history":[{"count":0,"href":"https:\/\/www.ambifuego.net\/es\/wp-json\/wp\/v2\/product\/76672\/revisions"}],"wp:featuredmedia":[{"embeddable":true,"href":"https:\/\/www.ambifuego.net\/es\/wp-json\/wp\/v2\/media\/76676"}],"wp:attachment":[{"href":"https:\/\/www.ambifuego.net\/es\/wp-json\/wp\/v2\/media?parent=76672"}],"wp:term":[{"taxonomy":"product_brand","embeddable":true,"href":"https:\/\/www.ambifuego.net\/es\/wp-json\/wp\/v2\/product_brand?post=76672"},{"taxonomy":"product_cat","embeddable":true,"href":"https:\/\/www.ambifuego.net\/es\/wp-json\/wp\/v2\/product_cat?post=76672"},{"taxonomy":"product_tag","embeddable":true,"href":"https:\/\/www.ambifuego.net\/es\/wp-json\/wp\/v2\/product_tag?post=76672"}],"curies":[{"name":"wp","href":"https:\/\/api.w.org\/{rel}","templated":true}]}}