{"id":76383,"date":"2025-07-29T14:27:14","date_gmt":"2025-07-29T12:27:14","guid":{"rendered":"https:\/\/www.ambifuego.net\/?post_type=product&#038;p=76383"},"modified":"2025-09-19T13:41:44","modified_gmt":"2025-09-19T11:41:44","slug":"panoramica-frente-150-ed","status":"publish","type":"product","link":"https:\/\/www.ambifuego.net\/es\/producto\/panoramica-frente-150-ed\/","title":{"rendered":"PANORAMICA FRENTE 150 ED"},"content":{"rendered":"<h2><span style=\"font-family: verdana, geneva, sans-serif; font-size: 14pt;\">Panor\u00e1mica Frente Gas 150 ED Calidad de Vida.<\/span><\/h2>\n<p><span style=\"font-family: verdana, geneva, sans-serif;\">Panoramica Frente Gas 150ED, una excelente opci\u00f3n para quienes buscan el calor acogedor del fuego sin las complicaciones del mantenimiento tradicional. Con un ancho de 140 cm, este modelo se presenta como una pieza central impresionante en cualquier sala de estar, combinando funcionalidad y est\u00e9tica.<\/span><\/p>\n<p><span style=\"font-family: verdana, geneva, sans-serif;\">El dise\u00f1o de la chimenea es moderno y elegante, con un fondo negro de Ceraglass que crea adicionalmente un reflejo del fuego y proporciona un contraste atractivo y resalta la decoraci\u00f3n del fuego. <\/span><\/p>\n<p><span style=\"font-family: verdana, geneva, sans-serif;\"><div class='yrm-content yrm-content-1 yrm-content-hide  ' id='yrm-8tLlf' data-id='1' data-show-status='false' data-after-action='' style=\"visibility: hidden;height: 0;\">\n\t\t\t<div id='yrm-inner-content-yrm-8tLlf' class='yrm-inner-content-wrapper yrm-cntent-1'><\/span><\/p>\n<p><span style=\"font-family: verdana, geneva, sans-serif;\">En t\u00e9rminos de dise\u00f1o, la chimenea puede personalizarse para un estilo convencional o contempor\u00e1neo, lo que permite adaptarlas a diferentes estilos de interior. Tambi\u00e9n existe la posibilidad de crear efectos visuales atractivos, con los bellos le\u00f1os o piedras que reposan sobre la base, enriqueciendo la experiencia est\u00e9tica del ambiente.<\/span><\/p>\n<p><span style=\"font-family: verdana, geneva, sans-serif;\">Una de las consideraciones m\u00e1s importantes es la salida de humo. Las chimeneas de gas pueden contar con un sistema estanco, que permite la combusti\u00f3n del oxigeno del exterior al mismo tiempo que expulsa los humos. Alternativamente, algunas chimeneas vienen equipadas con un tiro forzado, que incluye un extractor adicional para facilitar la evacuaci\u00f3n de humos. Este accesorio es especialmente \u00fatil en espacios donde no hay posibilidad de instalar una salida de humos convencional o las paredes exteriores est\u00e1n alejadas de la chimenea.\u00a0<\/span><\/p>\n<p><span style=\"font-family: verdana, geneva, sans-serif;\">En resumen, la chimenea PANORAMICA FRENTE GAS 150 ED con mando a distancia, disponible en gas propano o natural, es una opci\u00f3n pr\u00e1ctica y estilizada para calentar cualquier espacio. Su dise\u00f1o moderno y la posibilidad de personalizar la experiencia de calefacci\u00f3n hacen de ella una adici\u00f3n valiosa a tu hogar<\/span>.<span style=\"font-family: verdana, geneva, sans-serif;\">\u00a0<\/span><\/p>\n<h3><span style=\"font-family: verdana, geneva, sans-serif;\">Chimenea de Panoramica Frente Gas 150ED un modelo de chimenea elegante, confortable y f\u00e1cil de usar.<\/span><\/h3>\n<p><span style=\"font-family: verdana, geneva, sans-serif;\">Ciertamente all\u00ed donde esta chimenea PANORAMICA FRENTE GAS se encuentre llaman la atenci\u00f3n porque son puntos focales de gran belleza, elegancia y admiraci\u00f3n. Adem\u00e1s de este <a href=\"https:\/\/www.youtube.com\/user\/ambifuego\/videos\" target=\"_blank\" rel=\"noopener\">modelo<\/a> \u00a0disponemo que una amplia gama de modelos frontales. <\/span><\/p>\n<p><span style=\"font-family: verdana, geneva, sans-serif;\">Para m\u00e1s informaci\u00f3n personalizada puede solicitarla <a href=\"https:\/\/www.ambifuego.net\/es\/contacto-mensajes-consultas-informacion\/\" target=\"_blank\" rel=\"noopener\">clickando aqui<\/a> por favor.<\/span><\/p>\n<p><span style=\"font-family: verdana, geneva, sans-serif;\"><\/div>\n\t\t<\/div><div class='yrm-btn-wrapper yrm-btn-wrapper-1 yrm-more-button-wrapper  '\n\t\tdata-custom-more-class-name='' data-custom-less-class-name=''><span title='' data-less-title='' data-more-title='' class='yrm-toggle-expand  yrm-toggle-expand-1 ' data-rel='yrm-8tLlf' data-more='M\u00e1s detalles ' data-less='Ver menos'><span class='yrm-text-wrapper yrm-text-wrapper-custom-dimensions'><span class=\"yrm-button-text-1 yrm-button-text-span\">M\u00e1s detalles <\/span><\/span><\/span><\/div><\/span><\/p>\n","protected":false},"excerpt":{"rendered":"<p><span style=\"font-family: verdana, geneva, sans-serif;\">Chimenea panor\u00e1mica de gas estilo contempor\u00e1neo con\u00a0 troncos realistas, guijarros o piedras. Panel trasero de Ceraglass creando un impactante y extraordinario efecto visual.<\/span><\/p>\n","protected":false},"featured_media":76384,"template":"","meta":[],"product_brand":[],"product_cat":[545],"product_tag":[],"class_list":{"0":"post-76383","1":"product","2":"type-product","3":"status-publish","4":"has-post-thumbnail","6":"product_cat-frente","8":"first","9":"instock","10":"shipping-taxable","11":"product-type-simple"},"_links":{"self":[{"href":"https:\/\/www.ambifuego.net\/es\/wp-json\/wp\/v2\/product\/76383","targetHints":{"allow":["GET"]}}],"collection":[{"href":"https:\/\/www.ambifuego.net\/es\/wp-json\/wp\/v2\/product"}],"about":[{"href":"https:\/\/www.ambifuego.net\/es\/wp-json\/wp\/v2\/types\/product"}],"version-history":[{"count":0,"href":"https:\/\/www.ambifuego.net\/es\/wp-json\/wp\/v2\/product\/76383\/revisions"}],"wp:featuredmedia":[{"embeddable":true,"href":"https:\/\/www.ambifuego.net\/es\/wp-json\/wp\/v2\/media\/76384"}],"wp:attachment":[{"href":"https:\/\/www.ambifuego.net\/es\/wp-json\/wp\/v2\/media?parent=76383"}],"wp:term":[{"taxonomy":"product_brand","embeddable":true,"href":"https:\/\/www.ambifuego.net\/es\/wp-json\/wp\/v2\/product_brand?post=76383"},{"taxonomy":"product_cat","embeddable":true,"href":"https:\/\/www.ambifuego.net\/es\/wp-json\/wp\/v2\/product_cat?post=76383"},{"taxonomy":"product_tag","embeddable":true,"href":"https:\/\/www.ambifuego.net\/es\/wp-json\/wp\/v2\/product_tag?post=76383"}],"curies":[{"name":"wp","href":"https:\/\/api.w.org\/{rel}","templated":true}]}}