{"id":76346,"date":"2025-07-29T12:02:48","date_gmt":"2025-07-29T10:02:48","guid":{"rendered":"https:\/\/www.ambifuego.net\/?post_type=product&#038;p=76346"},"modified":"2025-09-19T11:15:32","modified_gmt":"2025-09-19T09:15:32","slug":"panoramica-frente-130-ed","status":"publish","type":"product","link":"https:\/\/www.ambifuego.net\/es\/producto\/panoramica-frente-130-ed\/","title":{"rendered":"PANORAMICA FRENTE 130 ED"},"content":{"rendered":"<h2><span style=\"font-family: verdana, geneva, sans-serif; font-size: 14pt;\">Chimeneas\u00a0<strong>Gas Gran Visi\u00f3n Frente<\/strong>\u00a0para disfrutar del espect\u00e1culo del fuego en todo su esplendor.<\/span><\/h2>\n<p><span style=\"font-family: verdana, geneva, sans-serif;\">PANORAMICA FRENTE GAS 130ED Chimenea de gran tama\u00f1o encastrable elegante<\/span><\/p>\n<p><span style=\"font-family: verdana, geneva, sans-serif;\">La chimenea de gas es una excelente opci\u00f3n para quienes buscan el calor acogedor del fuego sin las complicaciones del mantenimiento tradicional. Con un ancho de 130 cm, este modelo se presenta como una pieza central impresionante en cualquier sala de estar, combinando funcionalidad y est\u00e9tica.<\/span><\/p>\n<p><span style=\"font-family: verdana, geneva, sans-serif;\">El dise\u00f1o de la chimenea es moderno y elegante, con un fondo negro que proporciona un contraste atractivo y resalta la decoraci\u00f3n del fuego.\u00a0<\/span><\/p>\n<p><span style=\"font-family: verdana, geneva, sans-serif;\"><div class='yrm-content yrm-content-1 yrm-content-hide  ' id='yrm-Vc4kO' data-id='1' data-show-status='false' data-after-action='' style=\"visibility: hidden;height: 0;\">\n\t\t\t<div id='yrm-inner-content-yrm-Vc4kO' class='yrm-inner-content-wrapper yrm-cntent-1'><\/span><\/p>\n<p><span style=\"font-family: verdana, geneva, sans-serif;\"> Esta combinaci\u00f3n de colores no solo aporta sofisticaci\u00f3n, sino que tambi\u00e9n se integra f\u00e1cilmente en diferentes estilos decorativos, desde los m\u00e1s contempor\u00e1neos hasta los m\u00e1s cl\u00e1sicos.<\/span><\/p>\n<p><span style=\"font-family: verdana, geneva, sans-serif;\">Adem\u00e1s, la chimenea est\u00e1 decorada con le\u00f1os, que simulan la apariencia de un fuego de le\u00f1a tradicional. Estos le\u00f1os aportan un efecto visual c\u00e1lido y acogedor, mejorando la experiencia general y haciendo que el espacio resulte m\u00e1s invitante.<\/span><\/p>\n<p><span style=\"font-family: verdana, geneva, sans-serif;\">En resumen, la chimenea de gas de 130 cm con mando a distancia, disponible en gas propano o natural, es una opci\u00f3n pr\u00e1ctica y estilizada para calentar cualquier espacio. Su dise\u00f1o moderno y la posibilidad de personalizar la experiencia de calefacci\u00f3n hacen de ella una adici\u00f3n valiosa a tu hogar<\/span>.<span style=\"font-family: verdana, geneva, sans-serif;\">\u00a0<\/span><\/p>\n<p><span style=\"font-family: verdana, geneva, sans-serif;\">Se trata de un modelo con un sistema de combustion cerrado, es decir un sistema equilibrado que es adecuado para hogares sin chimenea y tiene una impresionante calificaci\u00f3n de eficiencia energ\u00e9tica del 88%. Para la combusti\u00f3n toma el oxigeno del exterior como asimismo expulsa los humos al exterior.<\/span><\/p>\n<h3><span style=\"font-family: verdana, geneva, sans-serif;\">PANORAMICA FRENTE GAS 130ED un modelo de chimenea elegante, confortable y f\u00e1cil de usar.<\/span><\/h3>\n<p><span style=\"font-family: verdana, geneva, sans-serif;\">Ciertamente all\u00ed donde esta chimenea PANORAMICA FRENTE GAS se encuentre llaman la atenci\u00f3n porque son puntos focales de gran belleza, elegancia y admiraci\u00f3n. Adem\u00e1s de este <a href=\"https:\/\/www.youtube.com\/user\/ambifuego\/videos\" target=\"_blank\" rel=\"noopener\">modelo<\/a> \u00a0disponemos de una amplia gama de modelos frontales. <\/span><\/p>\n<p><span style=\"font-family: verdana, geneva, sans-serif;\">Para m\u00e1s informaci\u00f3n personalizada puede solicitarla <a href=\"https:\/\/www.ambifuego.net\/es\/contacto-mensajes-consultas-informacion\/\" target=\"_blank\" rel=\"noopener\">clickando aqui<\/a> por favor.<\/span><\/p>\n<p><span style=\"font-family: verdana, geneva, sans-serif;\"><\/div>\n\t\t<\/div><div class='yrm-btn-wrapper yrm-btn-wrapper-1 yrm-more-button-wrapper  '\n\t\tdata-custom-more-class-name='' data-custom-less-class-name=''><span title='' data-less-title='' data-more-title='' class='yrm-toggle-expand  yrm-toggle-expand-1 ' data-rel='yrm-Vc4kO' data-more='M\u00e1s detalles ' data-less='Ver menos'><span class='yrm-text-wrapper yrm-text-wrapper-custom-dimensions'><span class=\"yrm-button-text-1 yrm-button-text-span\">M\u00e1s detalles <\/span><\/span><\/span><\/div><\/span><\/p>\n","protected":false},"excerpt":{"rendered":"<p><span style=\"font-size: 14pt; font-family: verdana, geneva, sans-serif;\">Chimeneas\u00a0<strong>Gas Gran Visi\u00f3n Frente<\/strong>, perfectas en cualquier estancia para disfrutar del espect\u00e1culo del fuego en todo su esplendor.<\/span><\/p>\n","protected":false},"featured_media":76347,"template":"","meta":[],"product_brand":[],"product_cat":[545],"product_tag":[],"class_list":{"0":"post-76346","1":"product","2":"type-product","3":"status-publish","4":"has-post-thumbnail","6":"product_cat-frente","8":"first","9":"instock","10":"shipping-taxable","11":"product-type-simple"},"_links":{"self":[{"href":"https:\/\/www.ambifuego.net\/es\/wp-json\/wp\/v2\/product\/76346","targetHints":{"allow":["GET"]}}],"collection":[{"href":"https:\/\/www.ambifuego.net\/es\/wp-json\/wp\/v2\/product"}],"about":[{"href":"https:\/\/www.ambifuego.net\/es\/wp-json\/wp\/v2\/types\/product"}],"version-history":[{"count":0,"href":"https:\/\/www.ambifuego.net\/es\/wp-json\/wp\/v2\/product\/76346\/revisions"}],"wp:featuredmedia":[{"embeddable":true,"href":"https:\/\/www.ambifuego.net\/es\/wp-json\/wp\/v2\/media\/76347"}],"wp:attachment":[{"href":"https:\/\/www.ambifuego.net\/es\/wp-json\/wp\/v2\/media?parent=76346"}],"wp:term":[{"taxonomy":"product_brand","embeddable":true,"href":"https:\/\/www.ambifuego.net\/es\/wp-json\/wp\/v2\/product_brand?post=76346"},{"taxonomy":"product_cat","embeddable":true,"href":"https:\/\/www.ambifuego.net\/es\/wp-json\/wp\/v2\/product_cat?post=76346"},{"taxonomy":"product_tag","embeddable":true,"href":"https:\/\/www.ambifuego.net\/es\/wp-json\/wp\/v2\/product_tag?post=76346"}],"curies":[{"name":"wp","href":"https:\/\/api.w.org\/{rel}","templated":true}]}}