{"id":76291,"date":"2025-07-29T09:25:01","date_gmt":"2025-07-29T07:25:01","guid":{"rendered":"https:\/\/www.ambifuego.net\/?post_type=product&#038;p=76291"},"modified":"2025-09-11T15:25:28","modified_gmt":"2025-09-11T13:25:28","slug":"panoramica-frente-120gd","status":"publish","type":"product","link":"https:\/\/www.ambifuego.net\/es\/producto\/panoramica-frente-120gd\/","title":{"rendered":"PANORAMICA FRENTE 120 GD"},"content":{"rendered":"<h2><span style=\"font-size: 14pt; font-family: verdana, geneva, sans-serif;\">Chimenea de Gas Frente : Elegancia y Comodidad en Tu Hogar<\/span><\/h2>\n<p><span style=\"font-family: verdana, geneva, sans-serif;\">PANORAMICA FRENTE GAS 120GD es una excelente opci\u00f3n para quienes buscan el calor acogedor del fuego sin las complicaciones del mantenimiento tradicional. Con un ancho de 120 cm, este modelo se presenta como una pieza central impresionante en cualquier sala de estar, combinando funcionalidad y est\u00e9tica.<\/span><\/p>\n<p><span style=\"font-family: verdana, geneva, sans-serif;\">Una de las caracter\u00edsticas destacadas de esta chimenea es su capacidad para funcionar tanto con gas propano como con gas natural, lo que brinda flexibilidad en su instalaci\u00f3n y uso, adapt\u00e1ndose a las necesidades de cada hogar. La elecci\u00f3n entre gas propano o natural puede depender de la disponibilidad en tu \u00e1rea, pero ambas opciones garantizan un rendimiento eficiente que calienta r\u00e1pidamente el ambiente.<\/span><\/p>\n<p><span style=\"font-family: verdana, geneva, sans-serif;\"><div class='yrm-content yrm-content-1 yrm-content-hide  ' id='yrm-kHsPx' data-id='1' data-show-status='false' data-after-action='' style=\"visibility: hidden;height: 0;\">\n\t\t\t<div id='yrm-inner-content-yrm-kHsPx' class='yrm-inner-content-wrapper yrm-cntent-1'><\/span><\/p>\n<p><span style=\"font-family: verdana, geneva, sans-serif;\">El dise\u00f1o de la chimenea es moderno y elegante, con un fondo negro que proporciona un contraste atractivo y resalta la decoraci\u00f3n del fuego. Esta combinaci\u00f3n de colores no solo aporta sofisticaci\u00f3n, sino que tambi\u00e9n se integra f\u00e1cilmente en diferentes estilos decorativos, desde los m\u00e1s contempor\u00e1neos hasta los m\u00e1s cl\u00e1sicos.<\/span><\/p>\n<p><span style=\"font-family: verdana, geneva, sans-serif;\">Una de las innovaciones m\u00e1s apreciadas por los usuarios es el mando a distancia que acompa\u00f1a a este modelo PANORAMICA FRENTE GAS 120GD. Con solo pulsar un bot\u00f3n, se puede encender, apagar o ajustar la intensidad del fuego, lo que a\u00f1ade un toque de comodidad y control al ambiente. Este sistema facilita la creaci\u00f3n de la atm\u00f3sfera perfecta sin necesidad de levantarse del sof\u00e1, ideal para noches de invierno o reuniones familiares.<\/span><\/p>\n<h3><span style=\"font-family: verdana, geneva, sans-serif;\">PANORAMICA FRENTE GAS un modelo de chimenea elegante, confortable y f\u00e1cil de usar.<\/span><\/h3>\n<p><span style=\"font-family: verdana, geneva, sans-serif;\">Ciertamente all\u00ed donde una chimenea PANORAMICA FRENTE GAS se encuentre llaman la atenci\u00f3n porque son puntos focales de gran belleza, elegancia y admiraci\u00f3n. Adem\u00e1s de este <a href=\"https:\/\/www.youtube.com\/user\/ambifuego\/videos\" target=\"_blank\" rel=\"noopener\">modelo<\/a> \u00a0disponemos de una amplia gama de modelos frontales. <\/span><\/p>\n<p><span style=\"font-family: verdana, geneva, sans-serif;\">Para m\u00e1s informaci\u00f3n personalizada puede solicitarla <a href=\"https:\/\/www.ambifuego.net\/es\/contacto-mensajes-consultas-informacion\/\" target=\"_blank\" rel=\"noopener\">clickando aqui<\/a> por favor.<\/span><\/p>\n<p><span style=\"font-family: verdana, geneva, sans-serif;\"><\/div>\n\t\t<\/div><div class='yrm-btn-wrapper yrm-btn-wrapper-1 yrm-more-button-wrapper  '\n\t\tdata-custom-more-class-name='' data-custom-less-class-name=''><span title='' data-less-title='' data-more-title='' class='yrm-toggle-expand  yrm-toggle-expand-1 ' data-rel='yrm-kHsPx' data-more='M\u00e1s detalles ' data-less='Ver menos'><span class='yrm-text-wrapper yrm-text-wrapper-custom-dimensions'><span class=\"yrm-button-text-1 yrm-button-text-span\">M\u00e1s detalles <\/span><\/span><\/span><\/div><\/span><\/p>\n","protected":false},"excerpt":{"rendered":"<p><span style=\"font-family: verdana, geneva, sans-serif;\">Chimenea 120 GD un modelo vers\u00e1til adecuado para cualquier dise\u00f1o interior. F\u00e1cil uso sin humos ni suciedad.<\/span><\/p>\n","protected":false},"featured_media":76302,"template":"","meta":[],"product_brand":[],"product_cat":[545],"product_tag":[],"class_list":{"0":"post-76291","1":"product","2":"type-product","3":"status-publish","4":"has-post-thumbnail","6":"product_cat-frente","8":"first","9":"instock","10":"shipping-taxable","11":"product-type-simple"},"_links":{"self":[{"href":"https:\/\/www.ambifuego.net\/es\/wp-json\/wp\/v2\/product\/76291","targetHints":{"allow":["GET"]}}],"collection":[{"href":"https:\/\/www.ambifuego.net\/es\/wp-json\/wp\/v2\/product"}],"about":[{"href":"https:\/\/www.ambifuego.net\/es\/wp-json\/wp\/v2\/types\/product"}],"version-history":[{"count":0,"href":"https:\/\/www.ambifuego.net\/es\/wp-json\/wp\/v2\/product\/76291\/revisions"}],"wp:featuredmedia":[{"embeddable":true,"href":"https:\/\/www.ambifuego.net\/es\/wp-json\/wp\/v2\/media\/76302"}],"wp:attachment":[{"href":"https:\/\/www.ambifuego.net\/es\/wp-json\/wp\/v2\/media?parent=76291"}],"wp:term":[{"taxonomy":"product_brand","embeddable":true,"href":"https:\/\/www.ambifuego.net\/es\/wp-json\/wp\/v2\/product_brand?post=76291"},{"taxonomy":"product_cat","embeddable":true,"href":"https:\/\/www.ambifuego.net\/es\/wp-json\/wp\/v2\/product_cat?post=76291"},{"taxonomy":"product_tag","embeddable":true,"href":"https:\/\/www.ambifuego.net\/es\/wp-json\/wp\/v2\/product_tag?post=76291"}],"curies":[{"name":"wp","href":"https:\/\/api.w.org\/{rel}","templated":true}]}}