{"id":76273,"date":"2025-07-28T16:12:57","date_gmt":"2025-07-28T14:12:57","guid":{"rendered":"https:\/\/www.ambifuego.net\/?post_type=product&#038;p=76273"},"modified":"2025-08-21T13:54:40","modified_gmt":"2025-08-21T11:54:40","slug":"panoramica-frente-100gd","status":"publish","type":"product","link":"https:\/\/www.ambifuego.net\/es\/producto\/panoramica-frente-100gd\/","title":{"rendered":"PANORAMICA FRENTE 100 GD"},"content":{"rendered":"<h2><span style=\"font-family: verdana, geneva, sans-serif;\">Disfrutar del fuego con esta chimenea de 100 cm de ancho.<\/span><\/h2>\n<p><span style=\"font-family: verdana, geneva, sans-serif;\">PANORAMICA FRENTE GAS 100GD con interior color negro u opcional de Ceraglass negro o espejados. Se trata de un modelo con un sistema de combustion cerrado, es decir un sistema equilibrado que es adecuado para hogares sin chimenea y tiene una impresionante calificaci\u00f3n de eficiencia energ\u00e9tica del 88%. Para la combusti\u00f3n toma el oxigeno del exterior como asimismo expulsa los humos al exterior.<\/span><\/p>\n<p><span style=\"font-family: verdana, geneva, sans-serif;\">Chimenea de gas con varios interiores disponibles, para que el fuego pueda configurarse como se desee. Un interior de cer\u00e1mica, por ejemplo, garantiza un hermoso reflejo de las llamas. Un marco de fuego tradicional o moderno completa la imagen y este\u00a0 impresionante modelo, que viene equipado con un control remoto electr\u00f3nico, funciona de forma econ\u00f3mica tanto con gas natural como con GLP \/ Propano.<\/span><\/p>\n<p><span style=\"font-family: verdana, geneva, sans-serif;\"><div class='yrm-content yrm-content-1 yrm-content-hide  ' id='yrm-m2RZx' data-id='1' data-show-status='false' data-after-action='' style=\"visibility: hidden;height: 0;\">\n\t\t\t<div id='yrm-inner-content-yrm-m2RZx' class='yrm-inner-content-wrapper yrm-cntent-1'><\/span><\/p>\n<h3><span style=\"font-family: verdana, geneva, sans-serif;\">PANORAMICA FRENTE GAS 100GD un modelo de chimenea elegante, confortable y f\u00e1cil de usar.<\/span><\/h3>\n<p><span style=\"font-family: verdana, geneva, sans-serif;\">Ciertamente all\u00ed donde esta chimenea PANORAMICA FRENTE GAS se encuentre llaman la atenci\u00f3n porque son puntos focales de gran belleza, elegancia y admiraci\u00f3n. Adem\u00e1s de este <a href=\"https:\/\/www.youtube.com\/user\/ambifuego\/videos\" target=\"_blank\" rel=\"noopener\">modelo<\/a> \u00a0disponemos de una amplia gama de modelos frontales. <\/span><\/p>\n<p><span style=\"font-family: verdana, geneva, sans-serif;\">Para m\u00e1s informaci\u00f3n personalizada puede solicitarla <a href=\"https:\/\/www.ambifuego.net\/es\/contacto-mensajes-consultas-informacion\/\" target=\"_blank\" rel=\"noopener\">clickando aqui<\/a> por favor.<\/span><\/p>\n<p><span style=\"font-family: verdana, geneva, sans-serif;\"><\/div>\n\t\t<\/div><div class='yrm-btn-wrapper yrm-btn-wrapper-1 yrm-more-button-wrapper  '\n\t\tdata-custom-more-class-name='' data-custom-less-class-name=''><span title='' data-less-title='' data-more-title='' class='yrm-toggle-expand  yrm-toggle-expand-1 ' data-rel='yrm-m2RZx' data-more='M\u00e1s detalles ' data-less='Ver menos'><span class='yrm-text-wrapper yrm-text-wrapper-custom-dimensions'><span class=\"yrm-button-text-1 yrm-button-text-span\">M\u00e1s detalles <\/span><\/span><\/span><\/div><\/span><\/p>\n","protected":false},"excerpt":{"rendered":"<p>La chimenea 100 ED, es un hermoso modelo encastrable de 1 metro de ancho. En el lecho del fuego tiene grandes troncos r\u00fasticos y altas y realistas llamas. Equipado con el sistema Eco Wave que le permite economizar gas sin perder la belleza del fuego.<\/p>\n","protected":false},"featured_media":76277,"template":"","meta":[],"product_brand":[],"product_cat":[545],"product_tag":[],"class_list":{"0":"post-76273","1":"product","2":"type-product","3":"status-publish","4":"has-post-thumbnail","6":"product_cat-frente","8":"first","9":"instock","10":"shipping-taxable","11":"product-type-simple"},"_links":{"self":[{"href":"https:\/\/www.ambifuego.net\/es\/wp-json\/wp\/v2\/product\/76273","targetHints":{"allow":["GET"]}}],"collection":[{"href":"https:\/\/www.ambifuego.net\/es\/wp-json\/wp\/v2\/product"}],"about":[{"href":"https:\/\/www.ambifuego.net\/es\/wp-json\/wp\/v2\/types\/product"}],"version-history":[{"count":0,"href":"https:\/\/www.ambifuego.net\/es\/wp-json\/wp\/v2\/product\/76273\/revisions"}],"wp:featuredmedia":[{"embeddable":true,"href":"https:\/\/www.ambifuego.net\/es\/wp-json\/wp\/v2\/media\/76277"}],"wp:attachment":[{"href":"https:\/\/www.ambifuego.net\/es\/wp-json\/wp\/v2\/media?parent=76273"}],"wp:term":[{"taxonomy":"product_brand","embeddable":true,"href":"https:\/\/www.ambifuego.net\/es\/wp-json\/wp\/v2\/product_brand?post=76273"},{"taxonomy":"product_cat","embeddable":true,"href":"https:\/\/www.ambifuego.net\/es\/wp-json\/wp\/v2\/product_cat?post=76273"},{"taxonomy":"product_tag","embeddable":true,"href":"https:\/\/www.ambifuego.net\/es\/wp-json\/wp\/v2\/product_tag?post=76273"}],"curies":[{"name":"wp","href":"https:\/\/api.w.org\/{rel}","templated":true}]}}