{"id":76258,"date":"2025-07-28T15:30:25","date_gmt":"2025-07-28T13:30:25","guid":{"rendered":"https:\/\/www.ambifuego.net\/?post_type=product&#038;p=76258"},"modified":"2025-10-06T15:40:54","modified_gmt":"2025-10-06T13:40:54","slug":"panoramica-frente-80ed","status":"publish","type":"product","link":"https:\/\/www.ambifuego.net\/es\/producto\/panoramica-frente-80ed\/","title":{"rendered":"PANORAMICA FRENTE 80 ED"},"content":{"rendered":"<h2><span style=\"font-family: verdana, geneva, sans-serif;\">La chimenea de gas 80ED es un modelo de medianas dimensiones.<\/span><\/h2>\n<p><span style=\"font-family: verdana, geneva, sans-serif;\">PANORAMICA FRENTE GAS 80ED una chimeneas de gas insertable para instalar en chimenea existente o de nueva construcci\u00f3n. Este modelo combina todas las ventajas de las <a href=\"https:\/\/www.ambifuego.net\/es\/articulos\/chimeneas-y-productos-gas\/\" target=\"_blank\" rel=\"noopener\">chimeneas<\/a> tradicionales con la ventaja y comodidad de usar gas como combustible. La chimenea durante su funcionamiento no deja ni polvo ni cenizas. S\u00f3lo requiere un mantenimiento al final de la temporada. Olv\u00eddese de limpiar todos los d\u00edas las cenizas, el holl\u00edn del cristal, los humos y el acarrear le\u00f1a.<\/span><\/p>\n<p><span style=\"font-family: verdana, geneva, sans-serif;\">Son una <a href=\"https:\/\/vimeo.com\/ambifuego\" target=\"_blank\" rel=\"noopener\">soluci\u00f3n elegante y moderna<\/a> para aquellas personas que valoran el confort de uso. Su dise\u00f1o simple y sublime se adapta a cualquier tipo de interior, tanto moderno como cl\u00e1sico de tama\u00f1o mediano con salida de humos estanca.<\/span><\/p>\n<h3>PANORAMICA FRENTE GAS 80ED, eficiente, elegante, moderna y bella<\/h3>\n<p><span style=\"font-family: verdana, geneva, sans-serif;\">Modelo equipado con el sistema Eco Wave, economizador de gas\u00a0 y quemador en forma de zig zag que distribuye las llamas y el fuego por todo el ancho y fondo de la chimenea. El efecto de llamas producido es mucho m\u00e1s alta que las chimenas de gas comunes.<\/span><\/p>\n","protected":false},"excerpt":{"rendered":"<p><span style=\"font-family: verdana, geneva, sans-serif;\">Chimenea 80 ED, un hermoso modelo encastrable de 80 cent\u00edmetros de ancho. En el lecho del fuego tiene grandes troncos r\u00fasticos y altas y realistas llamas. Equipado con el sistema Eco Wave que le permite economizar gas sin perder la belleza del fuego.<\/span><\/p>\n","protected":false},"featured_media":76262,"template":"","meta":[],"product_brand":[],"product_cat":[545],"product_tag":[],"class_list":{"0":"post-76258","1":"product","2":"type-product","3":"status-publish","4":"has-post-thumbnail","6":"product_cat-frente","8":"first","9":"instock","10":"shipping-taxable","11":"product-type-simple"},"_links":{"self":[{"href":"https:\/\/www.ambifuego.net\/es\/wp-json\/wp\/v2\/product\/76258","targetHints":{"allow":["GET"]}}],"collection":[{"href":"https:\/\/www.ambifuego.net\/es\/wp-json\/wp\/v2\/product"}],"about":[{"href":"https:\/\/www.ambifuego.net\/es\/wp-json\/wp\/v2\/types\/product"}],"version-history":[{"count":0,"href":"https:\/\/www.ambifuego.net\/es\/wp-json\/wp\/v2\/product\/76258\/revisions"}],"wp:featuredmedia":[{"embeddable":true,"href":"https:\/\/www.ambifuego.net\/es\/wp-json\/wp\/v2\/media\/76262"}],"wp:attachment":[{"href":"https:\/\/www.ambifuego.net\/es\/wp-json\/wp\/v2\/media?parent=76258"}],"wp:term":[{"taxonomy":"product_brand","embeddable":true,"href":"https:\/\/www.ambifuego.net\/es\/wp-json\/wp\/v2\/product_brand?post=76258"},{"taxonomy":"product_cat","embeddable":true,"href":"https:\/\/www.ambifuego.net\/es\/wp-json\/wp\/v2\/product_cat?post=76258"},{"taxonomy":"product_tag","embeddable":true,"href":"https:\/\/www.ambifuego.net\/es\/wp-json\/wp\/v2\/product_tag?post=76258"}],"curies":[{"name":"wp","href":"https:\/\/api.w.org\/{rel}","templated":true}]}}