{"id":76226,"date":"2025-07-28T13:19:06","date_gmt":"2025-07-28T11:19:06","guid":{"rendered":"https:\/\/www.ambifuego.net\/?post_type=product&#038;p=76226"},"modified":"2025-10-28T14:29:06","modified_gmt":"2025-10-28T13:29:06","slug":"panoramica-frente-70gd","status":"publish","type":"product","link":"https:\/\/www.ambifuego.net\/es\/producto\/panoramica-frente-70gd\/","title":{"rendered":"PANORAMICA FRENTE 70 GD"},"content":{"rendered":"<h2><span style=\"font-family: verdana, geneva, sans-serif;\">La chimenea\u00a0 70 GB es una elegante y amplia chimenea de gas.<\/span><\/h2>\n<p><span style=\"font-family: verdana, geneva, sans-serif;\">PANORAMICA FRENTE GAS 70GD ser\u00e1 la pieza central y llamar\u00e1 la atenci\u00f3n de cualquier sal\u00f3n. Tanto si su casa tiene chimenea como si no, esta chimenea excelente con frontal de cristal es f\u00e1cil de instalar y le proporcionar\u00e1 muchos a\u00f1os de calor y confort. Con su exclusivo quemador Truflame\u00ae de DRU Global, genera hermosas llamas altas con un brillo impresionante.<\/span><\/p>\n<p><span style=\"font-family: verdana, geneva, sans-serif;\">Chimenea de gas con varios interiores disponibles, para que el fuego pueda configurarse como se desee. Un interior de cer\u00e1mica, por ejemplo, garantiza un hermoso reflejo de las llamas. Un marco de fuego tradicional o moderno completa la imagen y este\u00a0 impresionante modelo, que viene equipado con un control remoto electr\u00f3nico, funciona de forma econ\u00f3mica tanto con gas natural como con GLP \/ Propano.<\/span><\/p>\n<p><span style=\"font-family: verdana, geneva, sans-serif;\"><div class='yrm-content yrm-content-1 yrm-content-hide  ' id='yrm-fC2P0' data-id='1' data-show-status='false' data-after-action='' style=\"visibility: hidden;height: 0;\">\n\t\t\t<div id='yrm-inner-content-yrm-fC2P0' class='yrm-inner-content-wrapper yrm-cntent-1'><\/span><\/p>\n<h3>PANORAMICA FRENTE GAS 70GD Punto Focal en cualquier estancia d\u00f3nde se encuentre.<\/h3>\n<p><span style=\"font-family: verdana, geneva, sans-serif;\">Ciertamente all\u00ed donde esta chimenea PANORAMICA FRENTE GAS se encuentre llaman la atenci\u00f3n porque son puntos focales de gran belleza, elegancia y admiraci\u00f3n. Adem\u00e1s de este <a href=\"https:\/\/www.youtube.com\/user\/ambifuego\/videos\" target=\"_blank\" rel=\"noopener\">modelo<\/a> \u00a0disponemo que una amplia gama de modelos frontales. <\/span><\/p>\n<p><span style=\"font-family: verdana, geneva, sans-serif;\">Para m\u00e1s informaci\u00f3n personalizada puede solicitarla <a href=\"https:\/\/www.ambifuego.net\/es\/contacto-mensajes-consultas-informacion\/\" target=\"_blank\" rel=\"noopener\">clickando aqui<\/a> por favor.<\/span><\/p>\n<p><span style=\"font-family: verdana, geneva, sans-serif;\"><\/div>\n\t\t<\/div><div class='yrm-btn-wrapper yrm-btn-wrapper-1 yrm-more-button-wrapper  '\n\t\tdata-custom-more-class-name='' data-custom-less-class-name=''><span title='' data-less-title='' data-more-title='' class='yrm-toggle-expand  yrm-toggle-expand-1 ' data-rel='yrm-fC2P0' data-more='M\u00e1s detalles ' data-less='Ver menos'><span class='yrm-text-wrapper yrm-text-wrapper-custom-dimensions'><span class=\"yrm-button-text-1 yrm-button-text-span\">M\u00e1s detalles <\/span><\/span><\/span><\/div><\/span><\/p>\n","protected":false},"excerpt":{"rendered":"<p><span style=\"font-family: verdana, geneva, sans-serif;\">La chimenea PANORAMICA FRENTE GAS 70GD es una elegante y amplia chimenea de gas.<\/span><\/p>\n<p>&nbsp;<\/p>\n","protected":false},"featured_media":80337,"template":"","meta":[],"product_brand":[],"product_cat":[545],"product_tag":[],"class_list":{"0":"post-76226","1":"product","2":"type-product","3":"status-publish","4":"has-post-thumbnail","6":"product_cat-frente","8":"first","9":"instock","10":"shipping-taxable","11":"product-type-simple"},"_links":{"self":[{"href":"https:\/\/www.ambifuego.net\/es\/wp-json\/wp\/v2\/product\/76226","targetHints":{"allow":["GET"]}}],"collection":[{"href":"https:\/\/www.ambifuego.net\/es\/wp-json\/wp\/v2\/product"}],"about":[{"href":"https:\/\/www.ambifuego.net\/es\/wp-json\/wp\/v2\/types\/product"}],"version-history":[{"count":0,"href":"https:\/\/www.ambifuego.net\/es\/wp-json\/wp\/v2\/product\/76226\/revisions"}],"wp:featuredmedia":[{"embeddable":true,"href":"https:\/\/www.ambifuego.net\/es\/wp-json\/wp\/v2\/media\/80337"}],"wp:attachment":[{"href":"https:\/\/www.ambifuego.net\/es\/wp-json\/wp\/v2\/media?parent=76226"}],"wp:term":[{"taxonomy":"product_brand","embeddable":true,"href":"https:\/\/www.ambifuego.net\/es\/wp-json\/wp\/v2\/product_brand?post=76226"},{"taxonomy":"product_cat","embeddable":true,"href":"https:\/\/www.ambifuego.net\/es\/wp-json\/wp\/v2\/product_cat?post=76226"},{"taxonomy":"product_tag","embeddable":true,"href":"https:\/\/www.ambifuego.net\/es\/wp-json\/wp\/v2\/product_tag?post=76226"}],"curies":[{"name":"wp","href":"https:\/\/api.w.org\/{rel}","templated":true}]}}