{"id":76186,"date":"2025-07-28T11:28:33","date_gmt":"2025-07-28T09:28:33","guid":{"rendered":"https:\/\/www.ambifuego.net\/?post_type=product&#038;p=76186"},"modified":"2025-10-28T14:26:44","modified_gmt":"2025-10-28T13:26:44","slug":"panoramica-frente-70am","status":"publish","type":"product","link":"https:\/\/www.ambifuego.net\/es\/producto\/panoramica-frente-70am\/","title":{"rendered":"PANORAMICA FRENTE 70 AM"},"content":{"rendered":"<h2><span style=\"font-family: verdana, geneva, sans-serif;\">PANORAMICA FRENTE GAS 70AM un insertable<\/span><span style=\"font-family: verdana, geneva, sans-serif;\"> de gas con c\u00e1mara de combusti\u00f3n sellada.<\/span><\/h2>\n<p><span style=\"font-family: verdana, geneva, sans-serif;\">PANORAMICA FRENTE GAS 70AM &#8211; Por lo tanto es un aparato de los denominados estancos. El ox\u00edgeno necesario para la combusti\u00f3n lo recoge del exterior mediante un tubo de evacuaci\u00f3n coaxial. Este tubo es en realidad un tubo interior por donde entra el aire para la combusti\u00f3n y otro exterior por donde se expulsa el humo. Una <b>chimenea estanca<\/b>\u00a0es aquella en la que la combusti\u00f3n se realiza en una c\u00e1mara herm\u00e9ticamente sellada y que, por tanto, no utiliza el aire de la sala donde est\u00e1 instalada. Este tipo de chimeneas son mucho m\u00e1s eficientes que las de tiro abierto o tambi\u00e9n llamadas atmosf\u00e9ricas.<\/span><\/p>\n<div class='yrm-content yrm-content-1 yrm-content-hide  ' id='yrm-FaBhv' data-id='1' data-show-status='false' data-after-action='' style=\"visibility: hidden;height: 0;\">\n\t\t\t<div id='yrm-inner-content-yrm-FaBhv' class='yrm-inner-content-wrapper yrm-cntent-1'><\/p>\n<p><span style=\"font-family: verdana, geneva, sans-serif;\">El modelo 70 Am es una chimenea con vista de llama frontal y con bombillas LED en la base del quemador que simulan el efecto de unas brasas. De esta forma se tiene una visi\u00f3n libre del fuego gracias tambi\u00e9n a su dise\u00f1o simplificado sin marcos.<\/span><\/p>\n<p><span style=\"font-family: verdana, geneva, sans-serif;\">Puede empotrarse en chimenea existen o asimismo instalarse en una chimenea de nueva obra.<\/span><\/p>\n<p><span style=\"font-family: verdana, geneva, sans-serif;\">Su quemador est\u00e1 dise\u00f1ado para crear un bello fuego muy similar a la de las chimeneas tradicionales. Su sistema de control basado en componentes Maxitroll permite regular la altura de la llama a discreci\u00f3n.<\/span><\/p>\n<p><span style=\"font-family: verdana, geneva, sans-serif;\">Ciertamente all\u00ed donde una chimenea PANORAMICA FRENTE GAS 70AM se encuentren llaman la atenci\u00f3n porque son puntos focales de gran belleza, elegancia y admiraci\u00f3n. Adem\u00e1s de este <a href=\"https:\/\/www.youtube.com\/user\/ambifuego\/videos\" target=\"_blank\" rel=\"noopener\">modelo<\/a> <\/span><span style=\"font-family: verdana, geneva, sans-serif;\">\u00a0disponemo que una amplia gama de modelos frontales. <\/span><\/p>\n<p><span style=\"font-family: verdana, geneva, sans-serif;\">Para m\u00e1s informaci\u00f3n personalizada puede solicitarla <a href=\"https:\/\/www.ambifuego.net\/es\/contacto-mensajes-consultas-informacion\/\" target=\"_blank\" rel=\"noopener\">clickando aqui<\/a> por favor.<\/span><\/p>\n<p><\/div>\n\t\t<\/div><div class='yrm-btn-wrapper yrm-btn-wrapper-1 yrm-more-button-wrapper  '\n\t\tdata-custom-more-class-name='' data-custom-less-class-name=''><span title='' data-less-title='' data-more-title='' class='yrm-toggle-expand  yrm-toggle-expand-1 ' data-rel='yrm-FaBhv' data-more='M\u00e1s detalles ' data-less='Ver menos'><span class='yrm-text-wrapper yrm-text-wrapper-custom-dimensions'><span class=\"yrm-button-text-1 yrm-button-text-span\">M\u00e1s detalles <\/span><\/span><\/span><\/div>\n","protected":false},"excerpt":{"rendered":"<p><span style=\"font-family: verdana, geneva, sans-serif;\">Chimeneas Panoramica Frente que combina todas las ventajas de las chimeneas tradicionales con la ventaja y comodidad de usar el gas como combustible.<\/span><\/p>\n<p>&nbsp;<\/p>\n","protected":false},"featured_media":80315,"template":"","meta":[],"product_brand":[],"product_cat":[545],"product_tag":[],"class_list":{"0":"post-76186","1":"product","2":"type-product","3":"status-publish","4":"has-post-thumbnail","6":"product_cat-frente","8":"first","9":"instock","10":"shipping-taxable","11":"product-type-simple"},"_links":{"self":[{"href":"https:\/\/www.ambifuego.net\/es\/wp-json\/wp\/v2\/product\/76186","targetHints":{"allow":["GET"]}}],"collection":[{"href":"https:\/\/www.ambifuego.net\/es\/wp-json\/wp\/v2\/product"}],"about":[{"href":"https:\/\/www.ambifuego.net\/es\/wp-json\/wp\/v2\/types\/product"}],"version-history":[{"count":0,"href":"https:\/\/www.ambifuego.net\/es\/wp-json\/wp\/v2\/product\/76186\/revisions"}],"wp:featuredmedia":[{"embeddable":true,"href":"https:\/\/www.ambifuego.net\/es\/wp-json\/wp\/v2\/media\/80315"}],"wp:attachment":[{"href":"https:\/\/www.ambifuego.net\/es\/wp-json\/wp\/v2\/media?parent=76186"}],"wp:term":[{"taxonomy":"product_brand","embeddable":true,"href":"https:\/\/www.ambifuego.net\/es\/wp-json\/wp\/v2\/product_brand?post=76186"},{"taxonomy":"product_cat","embeddable":true,"href":"https:\/\/www.ambifuego.net\/es\/wp-json\/wp\/v2\/product_cat?post=76186"},{"taxonomy":"product_tag","embeddable":true,"href":"https:\/\/www.ambifuego.net\/es\/wp-json\/wp\/v2\/product_tag?post=76186"}],"curies":[{"name":"wp","href":"https:\/\/api.w.org\/{rel}","templated":true}]}}