{"id":76022,"date":"2025-07-22T13:33:06","date_gmt":"2025-07-22T11:33:06","guid":{"rendered":"https:\/\/www.ambifuego.net\/?post_type=product&#038;p=76022"},"modified":"2025-10-24T17:42:23","modified_gmt":"2025-10-24T15:42:23","slug":"chimenea-gran-vision-vertical","status":"publish","type":"product","link":"https:\/\/www.ambifuego.net\/es\/producto\/chimenea-gran-vision-vertical\/","title":{"rendered":"GRAN VISI\u00d3N 75 MD XL"},"content":{"rendered":"<h2><span style=\"font-family: verdana, geneva, sans-serif;\"><span style=\"font-size: 14pt;\">Chimenea de gas vertical con alto frente de cristal, ideal para grandes espacios.<\/span>\u00a0<\/span><\/h2>\n<p><span style=\"font-family: verdana, geneva, sans-serif;\">Chimenea gran vision vertical con frente de cristal muy alto.\u00a0<\/span><\/p>\n<p><span style=\"font-family: verdana, geneva, sans-serif;\">El modelo de chimenea de gas Vertical 75 Tall impresiona por su elegancia atemporal. La altura del fuego y la potencia calor\u00edfica se pueden ajustar individualmente. Su caracter\u00edstica distintiva es su frente alto y ancho, que permite disfrutar del fuego desde cualquier lugar de la habitaci\u00f3n.<\/span><\/p>\n<p><span style=\"font-family: verdana, geneva, sans-serif;\">Dondequiera que lo coloque, este modelo atraer\u00e1 todas las miradas y ser\u00e1 el centro de atenci\u00f3n con su magn\u00edfica belleza, elegancia y admiraci\u00f3n. Para obtener informaci\u00f3n individual, <a href=\"https:\/\/www.ambifuego.net\/es\/contacto-mensajes-consultas-informacion\/\" target=\"_blank\" rel=\"noopener\">haga clic<\/a> aqu\u00ed por favor<\/span><\/p>\n<div class='yrm-content yrm-content-1 yrm-content-hide  ' id='yrm-XEji0' data-id='1' data-show-status='false' data-after-action='' style=\"visibility: hidden;height: 0;\">\n\t\t\t<div id='yrm-inner-content-yrm-XEji0' class='yrm-inner-content-wrapper yrm-cntent-1'><\/p>\n<p><strong><span style=\"font-family: verdana, geneva, sans-serif;\">Chimenea vertical dise\u00f1o con estilo y confort.<\/span><\/strong><\/p>\n<p><span style=\"font-family: verdana, geneva, sans-serif;\">La chimenea de gas vertical 75 MD XL cuenta con el sistema Eco Wave, que permite ajustar el patr\u00f3n de la llama y disfrutar de un espect\u00e1culo de fuegos infinito. La altura del fuego y la potencia calor\u00edfica son ajustables, lo que permite disfrutar de este acogedor fuego durante todo el a\u00f1o.<\/span><\/p>\n<p><span style=\"font-family: verdana, geneva, sans-serif;\">Chimenea gran vision vertical und modelo panor\u00e1mico de <a href=\"https:\/\/www.drufire.com\/int\/\" target=\"_blank\" rel=\"noopener\">chimenea de gas.<\/a>\u00a0 \u00a0La caracter\u00edstica \u00fanica de este modelo y alto panel de cristal en el frente. Gracias a su alta eficiencia, esta chimenea es muy eficiente energ\u00e9ticamente y respetuosa con el medio ambiente.<\/span><\/p>\n<p><\/div>\n\t\t<\/div><div class='yrm-btn-wrapper yrm-btn-wrapper-1 yrm-more-button-wrapper  '\n\t\tdata-custom-more-class-name='' data-custom-less-class-name=''><span title='' data-less-title='' data-more-title='' class='yrm-toggle-expand  yrm-toggle-expand-1 ' data-rel='yrm-XEji0' data-more='Ver m\u00e1s ' data-less='Ver menos'><span class='yrm-text-wrapper yrm-text-wrapper-custom-dimensions'><span class=\"yrm-button-text-1 yrm-button-text-span\">Ver m\u00e1s <\/span><\/span><\/span><\/div>\n","protected":false},"excerpt":{"rendered":"<p><span style=\"font-family: verdana, geneva, sans-serif;\">Chimenea vertical a gas con cristal alto, perfecta para cualquier estancia para disfrutar del espect\u00e1culo del fuego en todo su esplendor.<\/span><\/p>\n<p>&nbsp;<\/p>\n","protected":false},"featured_media":80077,"template":"","meta":[],"product_brand":[],"product_cat":[542],"product_tag":[],"class_list":{"0":"post-76022","1":"product","2":"type-product","3":"status-publish","4":"has-post-thumbnail","6":"product_cat-chimenea-gran-vision-tamano","8":"first","9":"instock","10":"shipping-taxable","11":"product-type-simple"},"_links":{"self":[{"href":"https:\/\/www.ambifuego.net\/es\/wp-json\/wp\/v2\/product\/76022","targetHints":{"allow":["GET"]}}],"collection":[{"href":"https:\/\/www.ambifuego.net\/es\/wp-json\/wp\/v2\/product"}],"about":[{"href":"https:\/\/www.ambifuego.net\/es\/wp-json\/wp\/v2\/types\/product"}],"version-history":[{"count":0,"href":"https:\/\/www.ambifuego.net\/es\/wp-json\/wp\/v2\/product\/76022\/revisions"}],"wp:featuredmedia":[{"embeddable":true,"href":"https:\/\/www.ambifuego.net\/es\/wp-json\/wp\/v2\/media\/80077"}],"wp:attachment":[{"href":"https:\/\/www.ambifuego.net\/es\/wp-json\/wp\/v2\/media?parent=76022"}],"wp:term":[{"taxonomy":"product_brand","embeddable":true,"href":"https:\/\/www.ambifuego.net\/es\/wp-json\/wp\/v2\/product_brand?post=76022"},{"taxonomy":"product_cat","embeddable":true,"href":"https:\/\/www.ambifuego.net\/es\/wp-json\/wp\/v2\/product_cat?post=76022"},{"taxonomy":"product_tag","embeddable":true,"href":"https:\/\/www.ambifuego.net\/es\/wp-json\/wp\/v2\/product_tag?post=76022"}],"curies":[{"name":"wp","href":"https:\/\/api.w.org\/{rel}","templated":true}]}}