{"id":76009,"date":"2025-07-22T12:54:47","date_gmt":"2025-07-22T10:54:47","guid":{"rendered":"https:\/\/www.ambifuego.net\/?post_type=product&#038;p=76009"},"modified":"2025-10-24T17:11:19","modified_gmt":"2025-10-24T15:11:19","slug":"chimenea-de-gas-cristal-alto","status":"publish","type":"product","link":"https:\/\/www.ambifuego.net\/es\/producto\/chimenea-de-gas-cristal-alto\/","title":{"rendered":"GRAN VISION 55 GD"},"content":{"rendered":"<h2>Chimenea de gas cristal alto compacta y vers\u00e1til, la f\u00e1cil soluci\u00f3n para cualquier vivienda.<\/h2>\n<p><span style=\"font-size: 12pt; font-family: verdana, geneva, sans-serif;\">El modelo que presentamos es ciertamente la soluci\u00f3n perfecta para viviendas sin chimeneas.<\/span><\/p>\n<p><span style=\"font-size: 12pt; font-family: verdana, geneva, sans-serif;\">Tiene la visi\u00f3n libre del fuego gracias a un dise\u00f1o simplificado sin marcos.\u00a0 Las llamas son muy realistas y crean el ambiente deseado en cualquier rinc\u00f3n.<\/span><\/p>\n<p><span style=\"font-size: 12pt; font-family: verdana, geneva, sans-serif;\">Chimenea de gas insertable modelo 55 GD para quien piensa en el medio ambiente. El uso de quemadores de gas reduce de forma significativa la emisi\u00f3n de CO2. Durante la combusti\u00f3n del gas no aparecen compuestos de azufre nocivos para el medio ambiente, holl\u00edn ni cenizas<\/span><\/p>\n<p><span style=\"font-size: 12pt;\"><div class='yrm-content yrm-content-1 yrm-content-hide  ' id='yrm-0lbTC' data-id='1' data-show-status='false' data-after-action='' style=\"visibility: hidden;height: 0;\">\n\t\t\t<div id='yrm-inner-content-yrm-0lbTC' class='yrm-inner-content-wrapper yrm-cntent-1'><\/span><\/p>\n<p><span style=\"font-size: 12pt; font-family: verdana, geneva, sans-serif;\">Esta chimenea de gas con cristal alto tambi\u00e9n puede instalarse si no existe una chimenea con salida de los humos convencional. A\u00fan as\u00ed si tenemos una pared exterior podemos realizar el montaje de la chimenea.\u00a0 Con su <strong>poco fondo<\/strong>\u00a0 esta\u00a0<a href=\"https:\/\/www.drufire.com\/en-gb\/product-range\/global-range\/global-cf\/dru-global-55xt-cf\" target=\"_blank\" rel=\"noopener\">chimenea<\/a>\u00a0puede montarse f\u00e1cilmente en el hueco de una pared sin ocupar mucho fondo. Al venir equipada con\u00a0<strong>la salida de humos estanca en la parte trasera<\/strong>\u00a0esta chimenea de gas es la soluci\u00f3n perfecta para cualquier hogar.<\/span><\/p>\n<p><span style=\"font-size: 12pt; font-family: verdana, geneva, sans-serif;\">El control remoto proporciona una comodidad insuperable, permitiendo ajustar la intensidad del fuego y crear la atm\u00f3sfera perfecta sin necesidad de levantarse del sof\u00e1. Adem\u00e1s, su dise\u00f1o elegante en color negro se adapta a diversos estilos de decoraci\u00f3n, mientras que el interior puede elegirse en ceraglass o negro. Esta opci\u00f3n de panel trasero ceraglass\u00a0 le permite aportar un toque moderno ya que refleja maravillosamente las llamas, realzando la belleza del fuego.<\/span><\/p>\n<p><span style=\"font-size: 12pt; font-family: verdana, geneva, sans-serif;\">Los le\u00f1os cer\u00e1micos de alta eficiencia son otra de las sorpresas que ofrece esta chimenea. No solo imitan a la perfecci\u00f3n la apariencia de la madera real, sino que tambi\u00e9n est\u00e1n dise\u00f1ados para maximizar la producci\u00f3n de calor, garantizando un entorno c\u00e1lido y acogedor durante los meses m\u00e1s fr\u00edos.<\/span><\/p>\n<p><\/div>\n\t\t<\/div><div class='yrm-btn-wrapper yrm-btn-wrapper-1 yrm-more-button-wrapper  '\n\t\tdata-custom-more-class-name='' data-custom-less-class-name=''><span title='' data-less-title='' data-more-title='' class='yrm-toggle-expand  yrm-toggle-expand-1 ' data-rel='yrm-0lbTC' data-more='M\u00e1s detalles ' data-less='Ver menos'><span class='yrm-text-wrapper yrm-text-wrapper-custom-dimensions'><span class=\"yrm-button-text-1 yrm-button-text-span\">M\u00e1s detalles <\/span><\/span><\/span><\/div><\/p>\n<p>&nbsp;<\/p>\n","protected":false},"excerpt":{"rendered":"<p><span style=\"font-size: 14pt; font-family: verdana, geneva, sans-serif;\">El modelo 55 GD es una chimenea equilibrada, compacta y vers\u00e1til.<\/span><\/p>\n","protected":false},"featured_media":80068,"template":"","meta":[],"product_brand":[],"product_cat":[542],"product_tag":[],"class_list":{"0":"post-76009","1":"product","2":"type-product","3":"status-publish","4":"has-post-thumbnail","6":"product_cat-chimenea-gran-vision-tamano","8":"first","9":"instock","10":"shipping-taxable","11":"product-type-simple"},"_links":{"self":[{"href":"https:\/\/www.ambifuego.net\/es\/wp-json\/wp\/v2\/product\/76009","targetHints":{"allow":["GET"]}}],"collection":[{"href":"https:\/\/www.ambifuego.net\/es\/wp-json\/wp\/v2\/product"}],"about":[{"href":"https:\/\/www.ambifuego.net\/es\/wp-json\/wp\/v2\/types\/product"}],"version-history":[{"count":0,"href":"https:\/\/www.ambifuego.net\/es\/wp-json\/wp\/v2\/product\/76009\/revisions"}],"wp:featuredmedia":[{"embeddable":true,"href":"https:\/\/www.ambifuego.net\/es\/wp-json\/wp\/v2\/media\/80068"}],"wp:attachment":[{"href":"https:\/\/www.ambifuego.net\/es\/wp-json\/wp\/v2\/media?parent=76009"}],"wp:term":[{"taxonomy":"product_brand","embeddable":true,"href":"https:\/\/www.ambifuego.net\/es\/wp-json\/wp\/v2\/product_brand?post=76009"},{"taxonomy":"product_cat","embeddable":true,"href":"https:\/\/www.ambifuego.net\/es\/wp-json\/wp\/v2\/product_cat?post=76009"},{"taxonomy":"product_tag","embeddable":true,"href":"https:\/\/www.ambifuego.net\/es\/wp-json\/wp\/v2\/product_tag?post=76009"}],"curies":[{"name":"wp","href":"https:\/\/api.w.org\/{rel}","templated":true}]}}