{"id":75993,"date":"2025-07-22T12:29:40","date_gmt":"2025-07-22T10:29:40","guid":{"rendered":"https:\/\/www.ambifuego.net\/?post_type=product&#038;p=75993"},"modified":"2025-10-24T17:16:21","modified_gmt":"2025-10-24T15:16:21","slug":"chimenea-de-gas-dru","status":"publish","type":"product","link":"https:\/\/www.ambifuego.net\/es\/producto\/chimenea-de-gas-dru\/","title":{"rendered":"GRAN VISION 60 MD"},"content":{"rendered":"<h2>Chimenea de Gas Dru: Un Toque de Elegancia y Eficiencia<\/h2>\n<p><span style=\"font-size: 12pt;\">La chimenea de gas Dru, modelo 60MD encastrable con cristal alto, es una opci\u00f3n excepcional para quienes buscan combinar estilo y funcionalidad en su hogar. Fabricada en Europa, esta chimenea est\u00e1 dise\u00f1ada para utilizar gas natural o propano. El sistema de combusti\u00f3n es estanco asegurando as\u00ed una combusti\u00f3n eficiente y respetuosa con el medio ambiente gracias a que toma el\u00a0 aire del exterior y expulsa los humos igualmente al exterior.\u00a0<\/span><\/p>\n<p><span style=\"font-size: 12pt;\">Una de las caracter\u00edsticas m\u00e1s destacadas de este modelo es su puerta de f\u00e1cil apertura, que facilita enormemente las labores de limpieza y mantenimiento. Este aspecto pr\u00e1ctico no solo ahorra tiempo, sino que tambi\u00e9n permite disfrutar de un ambiente siempre impecable y acogedor en el hogar.<\/span><\/p>\n<div class='yrm-content yrm-content-1 yrm-content-hide  ' id='yrm-Dqse3' data-id='1' data-show-status='false' data-after-action='' style=\"visibility: hidden;height: 0;\">\n\t\t\t<div id='yrm-inner-content-yrm-Dqse3' class='yrm-inner-content-wrapper yrm-cntent-1'><\/p>\n<p><span style=\"font-size: 12pt;\">El control remoto proporciona una comodidad insuperable, permitiendo ajustar la intensidad del fuego y crear la atm\u00f3sfera perfecta sin necesidad de levantarse del sof\u00e1. Adem\u00e1s, su dise\u00f1o elegante en color negro se adapta a diversos estilos de decoraci\u00f3n, mientras que el interior puede elegirse en ceraglass o negro. Esta opci\u00f3n de panel trasero ceraglass\u00a0 le permite aportar un toque moderno ya que refleja maravillosamente las llamas, realzando la belleza del fuego.<\/span><\/p>\n<p><span style=\"font-size: 12pt;\">Los le\u00f1os cer\u00e1micos de alta eficiencia son otra de las sorpresas que ofrece esta chimenea. No solo imitan a la perfecci\u00f3n la apariencia de la madera real, sino que tambi\u00e9n est\u00e1n dise\u00f1ados para maximizar la producci\u00f3n de calor, garantizando un entorno c\u00e1lido y acogedor durante los meses m\u00e1s fr\u00edos.<\/span><\/p>\n<p><span style=\"font-size: 12pt;\">En resumen, la chimenea de gas Dru modelo encastrable se presenta como una opci\u00f3n ideal. Este modelo combina est\u00e9tica, funcionalidad y eficiencia energ\u00e9tica adem\u00e1 su refinado dise\u00f1o\u00a0 e innovadoreas caracter\u00edsticas har\u00e1n de cualquier hogar un lugar m\u00e1s atractivo y confortable.<\/span><\/p>\n<p><\/div>\n\t\t<\/div><div class='yrm-btn-wrapper yrm-btn-wrapper-1 yrm-more-button-wrapper  '\n\t\tdata-custom-more-class-name='' data-custom-less-class-name=''><span title='' data-less-title='' data-more-title='' class='yrm-toggle-expand  yrm-toggle-expand-1 ' data-rel='yrm-Dqse3' data-more='M\u00e1s detalles ' data-less='Ver menos'><span class='yrm-text-wrapper yrm-text-wrapper-custom-dimensions'><span class=\"yrm-button-text-1 yrm-button-text-span\">M\u00e1s detalles <\/span><\/span><\/span><\/div>\n<p>&nbsp;<\/p>\n","protected":false},"excerpt":{"rendered":"<p><span style=\"font-size: 14pt;\">Chimenea gran vision frontal de gas fabricada en Europa con tecnolog\u00eda punta y exigentes controles de seguridad y\u00a0 calidad.<\/span><\/p>\n","protected":false},"featured_media":80071,"template":"","meta":[],"product_brand":[],"product_cat":[542],"product_tag":[],"class_list":{"0":"post-75993","1":"product","2":"type-product","3":"status-publish","4":"has-post-thumbnail","6":"product_cat-chimenea-gran-vision-tamano","8":"first","9":"instock","10":"shipping-taxable","11":"product-type-simple"},"_links":{"self":[{"href":"https:\/\/www.ambifuego.net\/es\/wp-json\/wp\/v2\/product\/75993","targetHints":{"allow":["GET"]}}],"collection":[{"href":"https:\/\/www.ambifuego.net\/es\/wp-json\/wp\/v2\/product"}],"about":[{"href":"https:\/\/www.ambifuego.net\/es\/wp-json\/wp\/v2\/types\/product"}],"version-history":[{"count":0,"href":"https:\/\/www.ambifuego.net\/es\/wp-json\/wp\/v2\/product\/75993\/revisions"}],"wp:featuredmedia":[{"embeddable":true,"href":"https:\/\/www.ambifuego.net\/es\/wp-json\/wp\/v2\/media\/80071"}],"wp:attachment":[{"href":"https:\/\/www.ambifuego.net\/es\/wp-json\/wp\/v2\/media?parent=75993"}],"wp:term":[{"taxonomy":"product_brand","embeddable":true,"href":"https:\/\/www.ambifuego.net\/es\/wp-json\/wp\/v2\/product_brand?post=75993"},{"taxonomy":"product_cat","embeddable":true,"href":"https:\/\/www.ambifuego.net\/es\/wp-json\/wp\/v2\/product_cat?post=75993"},{"taxonomy":"product_tag","embeddable":true,"href":"https:\/\/www.ambifuego.net\/es\/wp-json\/wp\/v2\/product_tag?post=75993"}],"curies":[{"name":"wp","href":"https:\/\/api.w.org\/{rel}","templated":true}]}}