{"id":75976,"date":"2025-07-22T11:30:02","date_gmt":"2025-07-22T09:30:02","guid":{"rendered":"https:\/\/www.ambifuego.net\/?post_type=product&#038;p=75976"},"modified":"2025-10-24T17:22:10","modified_gmt":"2025-10-24T15:22:10","slug":"chimenea-gran-vision-frontal","status":"publish","type":"product","link":"https:\/\/www.ambifuego.net\/es\/producto\/chimenea-gran-vision-frontal\/","title":{"rendered":"GRAN VISION 75 MD"},"content":{"rendered":"<h2>Chimenea gran vision frontal tambi\u00e9n en versi\u00f3n t\u00fanel.<\/h2>\n<p><span style=\"font-size: 12pt; font-family: verdana, geneva, sans-serif;\">Chimenea gran vision frontal gran visi\u00f3n frontal panor\u00e1mico frente o t\u00fanel 75 MD,\u00a0 lo \u00faltimo en dise\u00f1o y tecnolog\u00eda de chimeneas de gas contempor\u00e1neas. Este modelo de chimenes es\u00a0 excepcionalmente espaciosa y ofrece la apariencia de un fuego de le\u00f1a m\u00e1s realista jam\u00e1s fabricada, con magn\u00edficas llamas vibrantes, altas y profundas. La chimenea de gas frontal\u00a0 75 MD es un modelo frontal est\u00e1ndar, que puede combinarse con marcos de chimenea personalizados y es compatible con la aplicaci\u00f3n Eco Wave, que le ayuda a controlar la imagen y el consumo del gas.\u00a0<\/span><\/p>\n<p><span style=\"font-size: 12pt; font-family: verdana, geneva, sans-serif;\">De hecho una bella chimenea con 75 cm de vista del fuego y decoraci\u00f3n del fuego con grandes troncos cer\u00e1micos y hermosas y altas llamas. Sin duda un modelo que se adapatar al dise\u00f1o personalizado de cada ususario\u00a0 contempor\u00e1neo o tradicional<\/span><\/p>\n<p><span style=\"font-size: 12pt; font-family: verdana, geneva, sans-serif;\">Ciertamente all\u00ed se encuentre esta chimenea llamar\u00e1 la atenci\u00f3n por su gran belleza y elegancia.<\/span><\/p>\n<div class='yrm-content yrm-content-1 yrm-content-hide  ' id='yrm-xatlv' data-id='1' data-show-status='false' data-after-action='' style=\"visibility: hidden;height: 0;\">\n\t\t\t<div id='yrm-inner-content-yrm-xatlv' class='yrm-inner-content-wrapper yrm-cntent-1'><\/p>\n<h3 style=\"text-align: justify;\"><span style=\"font-size: 14pt; font-family: verdana, geneva, sans-serif;\">Chimenea con control autom\u00e1tico<\/span><\/h3>\n<p style=\"text-align: justify;\"><span style=\"font-family: verdana, geneva, sans-serif; font-size: 12pt;\">Chimenea gran <a href=\"https:\/\/www.ambifuego.net\/es\/articulos\/chimeneas-y-productos-gas\/chimeneas-de-gas-grandes\/\" target=\"_blank\" rel=\"noopener\">vision frontal<\/a>\u00a0con mando a distancia podr\u00e1 regular la altura, cadencia y hasta el dibujo de las llamas puede ser controlado en algunos modelo. Por supuesto tambi\u00e9n puede programar la temperatura deseada con su mando a distancia. Por consiguiente, si desea una <em>chimenea impactante<\/em>, no hay problema, disponemos de varias opciones para usted.\u00a0 De hecho, una caracter\u00edstica \u00fanica de estas <em><strong>chimeneas es el gran frente de cristal<\/strong><\/em> que permite una <a href=\"https:\/\/vimeo.com\/ambifuego\" target=\"_blank\" rel=\"noopener\">vista inmejorable del fuego<\/a>. Gracias a su tecnolog\u00eda, estas chimeneas son muy<strong> eficientes<\/strong> en el consumo de energ\u00eda y <strong>respetuosas con el medio ambiente<\/strong>.<\/span><\/p>\n<p><\/div>\n\t\t<\/div><div class='yrm-btn-wrapper yrm-btn-wrapper-1 yrm-more-button-wrapper  '\n\t\tdata-custom-more-class-name='' data-custom-less-class-name=''><span title='' data-less-title='' data-more-title='' class='yrm-toggle-expand  yrm-toggle-expand-1 ' data-rel='yrm-xatlv' data-more='M\u00e1s detalles ' data-less='Ver menos'><span class='yrm-text-wrapper yrm-text-wrapper-custom-dimensions'><span class=\"yrm-button-text-1 yrm-button-text-span\">M\u00e1s detalles <\/span><\/span><\/span><\/div>\n","protected":false},"excerpt":{"rendered":"<p><span style=\"font-size: 14pt; font-family: verdana, geneva, sans-serif;\">Chimenea gran vision frontal de gas fabricada en Europa con tecnolog\u00eda punta y exigentes controles de seguridad y\u00a0 calidad.<\/span><\/p>\n","protected":false},"featured_media":80074,"template":"","meta":[],"product_brand":[],"product_cat":[542],"product_tag":[],"class_list":{"0":"post-75976","1":"product","2":"type-product","3":"status-publish","4":"has-post-thumbnail","6":"product_cat-chimenea-gran-vision-tamano","8":"first","9":"instock","10":"shipping-taxable","11":"product-type-simple"},"_links":{"self":[{"href":"https:\/\/www.ambifuego.net\/es\/wp-json\/wp\/v2\/product\/75976","targetHints":{"allow":["GET"]}}],"collection":[{"href":"https:\/\/www.ambifuego.net\/es\/wp-json\/wp\/v2\/product"}],"about":[{"href":"https:\/\/www.ambifuego.net\/es\/wp-json\/wp\/v2\/types\/product"}],"version-history":[{"count":0,"href":"https:\/\/www.ambifuego.net\/es\/wp-json\/wp\/v2\/product\/75976\/revisions"}],"wp:featuredmedia":[{"embeddable":true,"href":"https:\/\/www.ambifuego.net\/es\/wp-json\/wp\/v2\/media\/80074"}],"wp:attachment":[{"href":"https:\/\/www.ambifuego.net\/es\/wp-json\/wp\/v2\/media?parent=75976"}],"wp:term":[{"taxonomy":"product_brand","embeddable":true,"href":"https:\/\/www.ambifuego.net\/es\/wp-json\/wp\/v2\/product_brand?post=75976"},{"taxonomy":"product_cat","embeddable":true,"href":"https:\/\/www.ambifuego.net\/es\/wp-json\/wp\/v2\/product_cat?post=75976"},{"taxonomy":"product_tag","embeddable":true,"href":"https:\/\/www.ambifuego.net\/es\/wp-json\/wp\/v2\/product_tag?post=75976"}],"curies":[{"name":"wp","href":"https:\/\/api.w.org\/{rel}","templated":true}]}}