{"id":75940,"date":"2025-07-21T16:39:19","date_gmt":"2025-07-21T14:39:19","guid":{"rendered":"https:\/\/www.ambifuego.net\/?post_type=product&#038;p=75940"},"modified":"2025-10-24T16:50:30","modified_gmt":"2025-10-24T14:50:30","slug":"chimenea-gran-vision-horizontal","status":"publish","type":"product","link":"https:\/\/www.ambifuego.net\/es\/producto\/chimenea-gran-vision-horizontal\/","title":{"rendered":"GRAN VISION 100 MD"},"content":{"rendered":"<h2><span style=\"font-family: verdana, geneva, sans-serif; font-size: 14pt;\">Chimenea gran vision horizontal de gas con la tecnolog\u00eda superior Eco Wave<\/span><\/h2>\n<p><span style=\"font-size: 12pt; font-family: verdana, geneva, sans-serif;\">Chimenea gran vision horizontal modelo 100 MD es una bella chimenea con 1 metro de ancho con grandes troncos cer\u00e1micos y hermosas y altas llamas del fuego. Este modo con el sistema Eco Wave es lo \u00faltimo en dise\u00f1o de chimeneas a gas contempor\u00e1neas.<\/span><\/p>\n<p><span style=\"font-size: 12pt; font-family: verdana, geneva, sans-serif;\">Modelo con tecnolog\u00eda Eco Wave es lo \u00faltimo en dise\u00f1o de chimeneas a gas contempor\u00e1neas. Estas chimeneas excepcionalmente espaciosas ofrecen la imagen de fuego de le\u00f1a m\u00e1s realista jam\u00e1s fabricada. Este modelo 100 Eco Wave es el modelo frontal est\u00e1ndar de 1 metro de ancho con interiores en negro liso.<\/span><\/p>\n<p><span style=\"font-size: 12pt; font-family: verdana, geneva, sans-serif;\">Ciertamente all\u00ed donde alguno de estos modelos se encuentre llamar\u00e1 la atenci\u00f3n por su gran belleza y elegancia.<\/span><\/p>\n<div class='yrm-content yrm-content-1 yrm-content-hide  ' id='yrm-BZr4C' data-id='1' data-show-status='false' data-after-action='' style=\"visibility: hidden;height: 0;\">\n\t\t\t<div id='yrm-inner-content-yrm-BZr4C' class='yrm-inner-content-wrapper yrm-cntent-1'><\/p>\n<h3 style=\"text-align: justify;\"><span style=\"font-size: 14pt; font-family: verdana, geneva, sans-serif;\">Chimenea con control autom\u00e1tico<\/span><\/h3>\n<p style=\"text-align: justify;\"><span style=\"font-family: verdana, geneva, sans-serif; font-size: 12pt;\">Chimenea <a href=\"https:\/\/www.ambifuego.net\/es\/articulos\/chimeneas-y-productos-gas\/chimeneas-de-gas-grandes\/\" target=\"_blank\" rel=\"noopener\">gran vision horizonta<\/a>l con mando a distancia podr\u00e1 regular la altura, cadencia y hasta el dibujo de las llamas puede ser controlado en algunos modelo. Por supuesto tambi\u00e9n puede programar la temperatura deseada con su mando a distancia. Por consiguiente, si desea una <em>chimenea impactante<\/em>, no hay problema, disponemos de varias opciones para usted.\u00a0 De hecho, una caracter\u00edstica \u00fanica de estas <em><strong>chimeneas es el gran frente de cristal<\/strong><\/em> que permite una <a href=\"https:\/\/vimeo.com\/ambifuego\" target=\"_blank\" rel=\"noopener\">vista inmejorable del fuego<\/a>. Gracias a su tecnolog\u00eda, estas chimeneas son muy<strong> eficientes<\/strong> en el consumo de energ\u00eda y <strong>respetuosas con el medio ambiente<\/strong>.<\/span><\/p>\n<p><\/div>\n\t\t<\/div><div class='yrm-btn-wrapper yrm-btn-wrapper-1 yrm-more-button-wrapper  '\n\t\tdata-custom-more-class-name='' data-custom-less-class-name=''><span title='' data-less-title='' data-more-title='' class='yrm-toggle-expand  yrm-toggle-expand-1 ' data-rel='yrm-BZr4C' data-more='M\u00e1s detalles ' data-less='Ver menos'><span class='yrm-text-wrapper yrm-text-wrapper-custom-dimensions'><span class=\"yrm-button-text-1 yrm-button-text-span\">M\u00e1s detalles <\/span><\/span><\/span><\/div>\n","protected":false},"excerpt":{"rendered":"<p><span style=\"font-size: 14pt; font-family: verdana, geneva, sans-serif;\">Chimenea de gas fabricada en Europa con tecnolog\u00eda punta y exigentes controles de seguridad y\u00a0 calidad.<\/span><\/p>\n","protected":false},"featured_media":80059,"template":"","meta":[],"product_brand":[],"product_cat":[542],"product_tag":[],"class_list":{"0":"post-75940","1":"product","2":"type-product","3":"status-publish","4":"has-post-thumbnail","6":"product_cat-chimenea-gran-vision-tamano","8":"first","9":"instock","10":"shipping-taxable","11":"product-type-simple"},"_links":{"self":[{"href":"https:\/\/www.ambifuego.net\/es\/wp-json\/wp\/v2\/product\/75940","targetHints":{"allow":["GET"]}}],"collection":[{"href":"https:\/\/www.ambifuego.net\/es\/wp-json\/wp\/v2\/product"}],"about":[{"href":"https:\/\/www.ambifuego.net\/es\/wp-json\/wp\/v2\/types\/product"}],"version-history":[{"count":0,"href":"https:\/\/www.ambifuego.net\/es\/wp-json\/wp\/v2\/product\/75940\/revisions"}],"wp:featuredmedia":[{"embeddable":true,"href":"https:\/\/www.ambifuego.net\/es\/wp-json\/wp\/v2\/media\/80059"}],"wp:attachment":[{"href":"https:\/\/www.ambifuego.net\/es\/wp-json\/wp\/v2\/media?parent=75940"}],"wp:term":[{"taxonomy":"product_brand","embeddable":true,"href":"https:\/\/www.ambifuego.net\/es\/wp-json\/wp\/v2\/product_brand?post=75940"},{"taxonomy":"product_cat","embeddable":true,"href":"https:\/\/www.ambifuego.net\/es\/wp-json\/wp\/v2\/product_cat?post=75940"},{"taxonomy":"product_tag","embeddable":true,"href":"https:\/\/www.ambifuego.net\/es\/wp-json\/wp\/v2\/product_tag?post=75940"}],"curies":[{"name":"wp","href":"https:\/\/api.w.org\/{rel}","templated":true}]}}