{"id":75921,"date":"2025-07-21T11:18:32","date_gmt":"2025-07-21T09:18:32","guid":{"rendered":"https:\/\/www.ambifuego.net\/?post_type=product&#038;p=75921"},"modified":"2025-10-24T16:59:07","modified_gmt":"2025-10-24T14:59:07","slug":"chimeneas-gran-vision-horizontal","status":"publish","type":"product","link":"https:\/\/www.ambifuego.net\/es\/producto\/chimeneas-gran-vision-horizontal\/","title":{"rendered":"GRAN VISION 130 AM"},"content":{"rendered":"<h2><span style=\"font-family: verdana, geneva, sans-serif; font-size: 14pt;\">Chimeneas <strong>Gas Gran Visi\u00f3n<\/strong>, perfectas en cualquier estancia para relajarse y olvidarse de los problemas.<\/span><\/h2>\n<p style=\"text-align: justify;\"><span style=\"font-size: 12pt; font-family: verdana, geneva, sans-serif;\">Chimeneas gran vision horizontal para disfrutar del fuego en toda su extensi\u00f3n. <\/span><span style=\"font-family: verdana, geneva, sans-serif;\">Por lo tanto, con sus grande<em>s<\/em> troncos y asimismo la <a href=\"https:\/\/vimeo.com\/ambifuego\" target=\"_blank\" rel=\"noopener\"><em>hermosa vista<\/em> de las llamas<\/a> hacen de esta chimenea una opci\u00f3n ideal para cualquier gran espacio. Ciertamente all\u00ed donde esta chimenea se encuentre llamar\u00e1 la atenci\u00f3n como puntos focale de gran belleza, elegancia cuasando admiraci\u00f3n. Adem\u00e1s hay que sumar la facilidad de su instalaci\u00f3n con una salida de humos estanca que permite sacar el tubo estanco a pared exterior evitando tener que subir al techo del edificio.\u00a0 Es m\u00e1s <a href=\"https:\/\/www.ambifuego.net\/es\/articulos\/chimeneas-y-productos-gas\/chimenea-gran-vision-tamano\/\" target=\"_blank\" rel=\"noopener\">chimeneas gas<\/a> gran visi\u00f3n siempre podr\u00e1 disfrutar de una imagen de llama intemporal y hermosa.<\/span><\/p>\n<div class='yrm-content yrm-content-1 yrm-content-hide  ' id='yrm-LkJpG' data-id='1' data-show-status='false' data-after-action='' style=\"visibility: hidden;height: 0;\">\n\t\t\t<div id='yrm-inner-content-yrm-LkJpG' class='yrm-inner-content-wrapper yrm-cntent-1'><\/p>\n<h2 style=\"text-align: justify;\"><span style=\"font-size: 14pt; font-family: verdana, geneva, sans-serif;\">Control y regulaci\u00f3n de las chimeneas con cristal gran vision\u00a0 horizontal<\/span><\/h2>\n<p style=\"text-align: justify;\"><span style=\"font-family: verdana, geneva, sans-serif;\">Esta chimenea gran vision horizontal se regula con mando a distancia, la altura, cadencia y hasta el dibujo de las llamas puede ser controlado en este modelo. Por consiguiente, si desea una <em>chimenea impactante<\/em>, no hay problema, disponemos de varias opciones para usted y este modelo es uno de los m\u00e1s espectaculares.\u00a0 De hecho, una caracter\u00edstica \u00fanica de estas <em><strong>chimeneas es el gran frente de cristal<\/strong><\/em> que permite una vista inmejorable del fuego. Gracias a su tecnolog\u00eda, esta chimenea es muy<strong> eficiente<\/strong>\u00a0en el consumo de energ\u00eda y <strong>respetuosa con el medio ambiente<\/strong>.<\/span><\/p>\n<p><\/div>\n\t\t<\/div><div class='yrm-btn-wrapper yrm-btn-wrapper-1 yrm-more-button-wrapper  '\n\t\tdata-custom-more-class-name='' data-custom-less-class-name=''><span title='' data-less-title='' data-more-title='' class='yrm-toggle-expand  yrm-toggle-expand-1 ' data-rel='yrm-LkJpG' data-more='M\u00e1s detalles ' data-less='Ver menos'><span class='yrm-text-wrapper yrm-text-wrapper-custom-dimensions'><span class=\"yrm-button-text-1 yrm-button-text-span\">M\u00e1s detalles <\/span><\/span><\/span><\/div>\n","protected":false},"excerpt":{"rendered":"<p><span style=\"font-size: 14pt; font-family: verdana, geneva, sans-serif;\">Disfrutar del fuego y el baile de las llamas en toda su extensi\u00f3n, nada igual en el mercado.<\/span><\/p>\n","protected":false},"featured_media":80062,"template":"","meta":[],"product_brand":[],"product_cat":[542],"product_tag":[],"class_list":{"0":"post-75921","1":"product","2":"type-product","3":"status-publish","4":"has-post-thumbnail","6":"product_cat-chimenea-gran-vision-tamano","8":"first","9":"instock","10":"shipping-taxable","11":"product-type-simple"},"_links":{"self":[{"href":"https:\/\/www.ambifuego.net\/es\/wp-json\/wp\/v2\/product\/75921","targetHints":{"allow":["GET"]}}],"collection":[{"href":"https:\/\/www.ambifuego.net\/es\/wp-json\/wp\/v2\/product"}],"about":[{"href":"https:\/\/www.ambifuego.net\/es\/wp-json\/wp\/v2\/types\/product"}],"version-history":[{"count":0,"href":"https:\/\/www.ambifuego.net\/es\/wp-json\/wp\/v2\/product\/75921\/revisions"}],"wp:featuredmedia":[{"embeddable":true,"href":"https:\/\/www.ambifuego.net\/es\/wp-json\/wp\/v2\/media\/80062"}],"wp:attachment":[{"href":"https:\/\/www.ambifuego.net\/es\/wp-json\/wp\/v2\/media?parent=75921"}],"wp:term":[{"taxonomy":"product_brand","embeddable":true,"href":"https:\/\/www.ambifuego.net\/es\/wp-json\/wp\/v2\/product_brand?post=75921"},{"taxonomy":"product_cat","embeddable":true,"href":"https:\/\/www.ambifuego.net\/es\/wp-json\/wp\/v2\/product_cat?post=75921"},{"taxonomy":"product_tag","embeddable":true,"href":"https:\/\/www.ambifuego.net\/es\/wp-json\/wp\/v2\/product_tag?post=75921"}],"curies":[{"name":"wp","href":"https:\/\/api.w.org\/{rel}","templated":true}]}}