{"id":75717,"date":"2025-07-15T14:13:30","date_gmt":"2025-07-15T12:13:30","guid":{"rendered":"https:\/\/www.ambifuego.net\/?post_type=product&#038;p=75717"},"modified":"2025-10-20T12:44:52","modified_gmt":"2025-10-20T10:44:52","slug":"separador-espacios-2000-am","status":"publish","type":"product","link":"https:\/\/www.ambifuego.net\/es\/producto\/separador-espacios-2000-am\/","title":{"rendered":"SEPARADOR ESPACIOS 2000 AM"},"content":{"rendered":"<h2>Chimenea Separador de Espacios\u00a0 de Gran Tama\u00f1o.<\/h2>\n<p><span style=\"font-size: 12pt;\">Chimenea gas <a href=\"https:\/\/www.ambifuego.net\/es\/articulos\/chimeneas-y-productos-gas\/chimeneas-gas-3-lados\/\" target=\"_blank\" rel=\"noopener\">separador espacios<\/a>, un modelo que ofrece visi\u00f3n del fuego a tres lados y crea ambiente al mismo tiempo divide un espacio habitable. Setenta , 70 cm de visi\u00f3n de fuego, c\u00e1lido y realista, f\u00e1cil uso con mando a distancia \u00bfBusca una chimenea de gas que pueda actuar como separador de ambientes y que te permita disfrutar de la experiencia desde cualquier lugar de la sala de estar?<\/span><\/p>\n<h2><span style=\"font-size: 14pt;\">Chimenea de Gran Tama\u00f1o<\/span><\/h2>\n<p><span style=\"font-size: 12pt;\">Transforme su hogar con nuestra impresionante chimenea de gran tama\u00f1o, un separador de espacios que no solo ofrece calidez, sino tambi\u00e9n un toque de elegancia y estilo. Con una altura de 2 metros, esta chimenea se erige como el punto focal perfecto para cualquier habitaci\u00f3n, permitiendo vistas del fuego desde tres lados. Imagine disfrutar de las bellas llamas danzando en su hogar, creando una atm\u00f3sfera acogedora y envolvente.<\/span><\/p>\n<div class='yrm-content yrm-content-1 yrm-content-hide  ' id='yrm-6Cqjf' data-id='1' data-show-status='false' data-after-action='' style=\"visibility: hidden;height: 0;\">\n\t\t\t<div id='yrm-inner-content-yrm-6Cqjf' class='yrm-inner-content-wrapper yrm-cntent-1'><\/p>\n<p><span style=\"font-size: 12pt;\">El dise\u00f1o innovador incluye le\u00f1os cer\u00e1micos o piedras cuidadosamente seleccionadas, que aportan un aspecto natural y sofisticado a su espacio. Gracias a su capacidad para crear dos ambientes diferentes, esta chimenea se adapta a sus necesidades, ideal para dividir \u00e1reas de estar y comedor sin perder la conexi\u00f3n visual.<\/span><\/p>\n<p><span style=\"font-size: 12pt;\">La funcionalidad se combina con la comodidad mediante su control remoto, que le permite ajustar la intensidad del fuego y la temperatura con facilidad. Adem\u00e1s, la entrada de aire de combusti\u00f3n desde el exterior garantiza una eficiencia \u00f3ptima y un uso seguro.<\/span><\/p>\n<p><span style=\"font-size: 12pt;\">Con nuestra chimenea de gran tama\u00f1o, cada d\u00eda ser\u00e1 una experiencia \u00fanica, mientras disfruta de la calidez y belleza del fuego en su hogar. \u00a1Transforme su espacio hoy mismo!<\/span><\/p>\n<p><span style=\"font-size: 12pt;\">Chimeneas de Gas Separadores de Espacios: Innovaci\u00f3n y Estilo para Tu Hogar<\/span><\/p>\n<p><span style=\"font-size: 12pt;\">Las chimeneas de gas separadores de espacios son la soluci\u00f3n perfecta para aquellos que buscan crear un ambiente acogedor y moderno en sus hogares. Dise\u00f1adas para brindar calidez y estilo, estas chimeneas no solo proporcionan calor, sino que tambi\u00e9n delimitan distintos espacios en tu casa, creando un flujo armonioso entre las \u00e1reas.<\/span><\/p>\n<p><\/div>\n\t\t<\/div><div class='yrm-btn-wrapper yrm-btn-wrapper-1 yrm-more-button-wrapper  '\n\t\tdata-custom-more-class-name='' data-custom-less-class-name=''><span title='' data-less-title='' data-more-title='' class='yrm-toggle-expand  yrm-toggle-expand-1 ' data-rel='yrm-6Cqjf' data-more='M\u00e1s detalles ' data-less='Ver menos'><span class='yrm-text-wrapper yrm-text-wrapper-custom-dimensions'><span class=\"yrm-button-text-1 yrm-button-text-span\">M\u00e1s detalles <\/span><\/span><\/span><\/div>\n","protected":false},"excerpt":{"rendered":"<p><span style=\"font-size: 14pt;\">Chimenea gas separador espacios con esta chimenea de gas a tres lados, perfectas como separador de espacios y con bellas llamas de gas propano o natural.<\/span><\/p>\n<p><span style=\"font-size: 14pt;\">Otra forma de disfrutar del fuego en toda su extensi\u00f3n adem\u00e1s de otras opciones disponibles como son las Chimeneas de gas\u00a0 Panor\u00e1micas.<\/span><\/p>\n","protected":false},"featured_media":79491,"template":"","meta":[],"product_brand":[],"product_cat":[537],"product_tag":[],"class_list":{"0":"post-75717","1":"product","2":"type-product","3":"status-publish","4":"has-post-thumbnail","6":"product_cat-chimeneas-separando-ambientes","8":"first","9":"instock","10":"shipping-taxable","11":"product-type-simple"},"_links":{"self":[{"href":"https:\/\/www.ambifuego.net\/es\/wp-json\/wp\/v2\/product\/75717","targetHints":{"allow":["GET"]}}],"collection":[{"href":"https:\/\/www.ambifuego.net\/es\/wp-json\/wp\/v2\/product"}],"about":[{"href":"https:\/\/www.ambifuego.net\/es\/wp-json\/wp\/v2\/types\/product"}],"version-history":[{"count":0,"href":"https:\/\/www.ambifuego.net\/es\/wp-json\/wp\/v2\/product\/75717\/revisions"}],"wp:featuredmedia":[{"embeddable":true,"href":"https:\/\/www.ambifuego.net\/es\/wp-json\/wp\/v2\/media\/79491"}],"wp:attachment":[{"href":"https:\/\/www.ambifuego.net\/es\/wp-json\/wp\/v2\/media?parent=75717"}],"wp:term":[{"taxonomy":"product_brand","embeddable":true,"href":"https:\/\/www.ambifuego.net\/es\/wp-json\/wp\/v2\/product_brand?post=75717"},{"taxonomy":"product_cat","embeddable":true,"href":"https:\/\/www.ambifuego.net\/es\/wp-json\/wp\/v2\/product_cat?post=75717"},{"taxonomy":"product_tag","embeddable":true,"href":"https:\/\/www.ambifuego.net\/es\/wp-json\/wp\/v2\/product_tag?post=75717"}],"curies":[{"name":"wp","href":"https:\/\/api.w.org\/{rel}","templated":true}]}}