{"id":75703,"date":"2025-07-15T13:29:42","date_gmt":"2025-07-15T11:29:42","guid":{"rendered":"https:\/\/www.ambifuego.net\/?post_type=product&#038;p=75703"},"modified":"2025-10-20T12:53:08","modified_gmt":"2025-10-20T10:53:08","slug":"chimeneas-gas-separadores-espacios","status":"publish","type":"product","link":"https:\/\/www.ambifuego.net\/es\/producto\/chimeneas-gas-separadores-espacios\/","title":{"rendered":"SEPARADOR ESPACIOS 1400 AM"},"content":{"rendered":"<h2>Otra forma de separar ambientes elegantemente.<\/h2>\n<p><span style=\"font-size: 12pt;\">Chimeneas gas <a href=\"https:\/\/www.ambifuego.net\/es\/articulos\/chimeneas-y-productos-gas\/chimeneas-gas-3-lados\/\" target=\"_blank\" rel=\"noopener\">separadores espacios<\/a>, un modelo que ofrece visi\u00f3n del fuego a tres lados y crea ambiente al mismo tiempo divide un espacio habitable. Setenta , 70 cm de visi\u00f3n de fuego, c\u00e1lido y realista, f\u00e1cil uso con mando a distancia \u00bfBusca una chimenea de gas que pueda actuar como separador de ambientes y que te permita disfrutar de la experiencia desde cualquier lugar de la sala de estar?<\/span><\/p>\n<h3><span style=\"font-size: 14pt;\">Chimeneas de Gas Separadores de Espacios: Innovaci\u00f3n y Estilo para Tu Hogar<\/span><\/h3>\n<p><span style=\"font-size: 12pt;\">Las chimeneas de gas separadores de espacios son la soluci\u00f3n perfecta para aquellos que buscan crear un ambiente acogedor y moderno en sus hogares. Dise\u00f1adas para brindar calidez y estilo, estas chimeneas no solo proporcionan calor, sino que tambi\u00e9n delimitan distintos espacios en tu casa, creando un flujo armonioso entre las \u00e1reas.<\/span><\/p>\n<div class='yrm-content yrm-content-1 yrm-content-hide  ' id='yrm-lUJ2i' data-id='1' data-show-status='false' data-after-action='' style=\"visibility: hidden;height: 0;\">\n\t\t\t<div id='yrm-inner-content-yrm-lUJ2i' class='yrm-inner-content-wrapper yrm-cntent-1'><\/p>\n<p><span style=\"font-size: 12pt;\">Disponibles en varios tama\u00f1os, se adaptan a diferentes tipos de habitaciones, desde amplias salas de estar hasta \u00edntimos rincones de lectura. Su versatilidad permite integrarlas en cualquier decoraci\u00f3n, ya sea minimalista, r\u00fastica o contempor\u00e1nea, convirti\u00e9ndolas en un punto focal atractivo.<\/span><\/p>\n<p><span style=\"font-size: 12pt;\">El montaje de estas chimeneas es excepcionalmente sencillo, permitiendo que cualquier persona, incluso sin experiencia previa, pueda disfrutar de su funcionalidad en poco tiempo. Adem\u00e1s, el control de la llama se realiza de manera intuitiva, garantizando una experiencia c\u00f3moda y relajante.<\/span><\/p>\n<p><span style=\"font-size: 12pt;\">Con una<a href=\"https:\/\/www.drufire.com\/int\/\" target=\"_blank\" rel=\"noopener\"> chimenea de gas<\/a> separador de espacios, no solo calefaccionar\u00e1s tu hogar, sino que tambi\u00e9n le dar\u00e1s un toque de elegancia y sofisticaci\u00f3n. Transformar tu espacio nunca fue tan f\u00e1cil y accesible. \u00a1Descubre el potencial de tu hogar con este innovador producto!<\/span><\/p>\n<p><span style=\"font-size: 12pt;\">Otra forma de disfrutar del fuego en toda su extensi\u00f3n adem\u00e1s de otras opciones disponibles como son las Chimeneas de gas\u00a0 Panor\u00e1micas.<\/span><\/p>\n<p><\/div>\n\t\t<\/div><div class='yrm-btn-wrapper yrm-btn-wrapper-1 yrm-more-button-wrapper  '\n\t\tdata-custom-more-class-name='' data-custom-less-class-name=''><span title='' data-less-title='' data-more-title='' class='yrm-toggle-expand  yrm-toggle-expand-1 ' data-rel='yrm-lUJ2i' data-more='M\u00e1s detalles ' data-less='Ver menos'><span class='yrm-text-wrapper yrm-text-wrapper-custom-dimensions'><span class=\"yrm-button-text-1 yrm-button-text-span\">M\u00e1s detalles <\/span><\/span><\/span><\/div>\n<p>&nbsp;<\/p>\n","protected":false},"excerpt":{"rendered":"<p><span style=\"font-size: 12pt;\">Chimenea gas separador espacios con esta chimenea de gas a tres lados, perfectas como separador de espacios y con bellas llamas de gas propano o natural.<\/span><\/p>\n<p><span style=\"font-size: 12pt;\">Otra forma de disfrutar del fuego en toda su extensi\u00f3n adem\u00e1s de otras opciones disponibles como son las Chimeneas de gas\u00a0 Panor\u00e1micas.<\/span><\/p>\n","protected":false},"featured_media":79494,"template":"","meta":[],"product_brand":[],"product_cat":[537],"product_tag":[],"class_list":{"0":"post-75703","1":"product","2":"type-product","3":"status-publish","4":"has-post-thumbnail","6":"product_cat-chimeneas-separando-ambientes","8":"first","9":"instock","10":"shipping-taxable","11":"product-type-simple"},"_links":{"self":[{"href":"https:\/\/www.ambifuego.net\/es\/wp-json\/wp\/v2\/product\/75703","targetHints":{"allow":["GET"]}}],"collection":[{"href":"https:\/\/www.ambifuego.net\/es\/wp-json\/wp\/v2\/product"}],"about":[{"href":"https:\/\/www.ambifuego.net\/es\/wp-json\/wp\/v2\/types\/product"}],"version-history":[{"count":0,"href":"https:\/\/www.ambifuego.net\/es\/wp-json\/wp\/v2\/product\/75703\/revisions"}],"wp:featuredmedia":[{"embeddable":true,"href":"https:\/\/www.ambifuego.net\/es\/wp-json\/wp\/v2\/media\/79494"}],"wp:attachment":[{"href":"https:\/\/www.ambifuego.net\/es\/wp-json\/wp\/v2\/media?parent=75703"}],"wp:term":[{"taxonomy":"product_brand","embeddable":true,"href":"https:\/\/www.ambifuego.net\/es\/wp-json\/wp\/v2\/product_brand?post=75703"},{"taxonomy":"product_cat","embeddable":true,"href":"https:\/\/www.ambifuego.net\/es\/wp-json\/wp\/v2\/product_cat?post=75703"},{"taxonomy":"product_tag","embeddable":true,"href":"https:\/\/www.ambifuego.net\/es\/wp-json\/wp\/v2\/product_tag?post=75703"}],"curies":[{"name":"wp","href":"https:\/\/api.w.org\/{rel}","templated":true}]}}