{"id":75636,"date":"2025-07-14T13:03:03","date_gmt":"2025-07-14T11:03:03","guid":{"rendered":"https:\/\/www.ambifuego.net\/?post_type=product&#038;p=75636"},"modified":"2025-07-15T13:58:58","modified_gmt":"2025-07-15T11:58:58","slug":"separador-espacios-750","status":"publish","type":"product","link":"https:\/\/www.ambifuego.net\/es\/producto\/separador-espacios-750\/","title":{"rendered":"SEPARADOR ESPACIOS 750 MD"},"content":{"rendered":"<h1>Otra forma de separar ambientes elegantemente.<\/h1>\n<p><span style=\"font-size: 14pt;\">Chimenea gas <a href=\"https:\/\/www.ambifuego.net\/es\/articulos\/chimeneas-y-productos-gas\/chimeneas-gas-3-lados\/\" target=\"_blank\" rel=\"noopener\">separador espacios<\/a>, un modelo que ofrece visi\u00f3n del fuego a tres lados y crea ambiente al mismo tiempo divide un espacio habitable. Setenta , 70 cm de visi\u00f3n de fuego, c\u00e1lido y realista, f\u00e1cil uso con mando a distancia \u00bfBusca una chimenea de gas que pueda actuar como separador de ambientes y que te permita disfrutar de la experiencia desde cualquier lugar de la sala de estar?<\/span><\/p>\n<p><span style=\"font-size: 14pt;\">El 75MD Eco Wave es la soluci\u00f3n ideal. Tener una vista de la chimenea desde tres lados que le permite disfrutar de ambiente y calidez desde todos los \u00e1ngulos. v<\/span><\/p>\n<p><span style=\"font-size: 14pt;\">Atractiva, eficiente y vers\u00e1til, la chimenea 750 MD crea ambiente, calidez y comodidad.<\/span><\/p>\n<p><span style=\"font-size: 14pt;\">Modelo de chimenea que ofrece visi\u00f3n del fuego a tres lados y crea ambiente al mismo tiempo divide un espacio habitable. Setenta , 750 mm de visi\u00f3n de fuego, c\u00e1lido y realista, f\u00e1cil uso con mando a distancia. La instalaci\u00f3n es relativamente sencilla ya que la\u00a0 salida de humos es estanca y solo requiere muro exterior. Equipado con un quemador Dynamic Flamer Burner, triple quemador con control independiente de cada uno, creando alta y bellas llamas.<\/span><\/p>\n<p><span style=\"font-size: 14pt;\">La chimenea de gas Maestro 750 MD puede manejarse con un mando a distancia electr\u00f3nico, que es una caracter\u00edstica est\u00e1ndar del producto. Tambi\u00e9n es compatible con el exclusivo sistema DRU Eco Wave, lo que permite controlar el baile de las llamas y el consumo. Tambi\u00e9n podr\u00e1 pr\u00f3ximamente controlarla desde un tel\u00e9fono inteligente o una tableta mediante una conexi\u00f3n Bluetooth.<\/span><\/p>\n<p><span style=\"font-size: 14pt;\">\u00a1Y, cuando se instala en una sala de estar en forma de L, se convierte en una chimenea de esquina perfecta!<\/span><\/p>\n<p><span style=\"font-size: 14pt;\">Otra forma de disfrutar del fuego en toda su extensi\u00f3n adem\u00e1s de otras opciones disponibles como son las Chimeneas de gas\u00a0 Panor\u00e1micas.<\/span><\/p>\n<p>&nbsp;<\/p>\n<div class=\"summary entr y-summary\">\n<div class=\"woocommerce-product-details__short-description\"><\/div>\n<\/div>\n<p>&nbsp;<\/p>\n","protected":false},"excerpt":{"rendered":"<p><span style=\"font-size: 14pt;\">Chimenea gas separador espacios con esta chimenea de gas a tres lados, perfectas como separador de espacios y con bellas llamas de gas propano o natural.<\/span><\/p>\n<p><span style=\"font-size: 14pt;\">Otra forma de disfrutar del fuego en toda su extensi\u00f3n adem\u00e1s de otras opciones disponibles como son las Chimeneas de gas\u00a0 Panor\u00e1micas.<\/span><\/p>\n","protected":false},"featured_media":75642,"template":"","meta":[],"product_brand":[],"product_cat":[537],"product_tag":[],"class_list":{"0":"post-75636","1":"product","2":"type-product","3":"status-publish","4":"has-post-thumbnail","6":"product_cat-chimeneas-separando-ambientes","8":"first","9":"instock","10":"shipping-taxable","11":"product-type-simple"},"_links":{"self":[{"href":"https:\/\/www.ambifuego.net\/es\/wp-json\/wp\/v2\/product\/75636","targetHints":{"allow":["GET"]}}],"collection":[{"href":"https:\/\/www.ambifuego.net\/es\/wp-json\/wp\/v2\/product"}],"about":[{"href":"https:\/\/www.ambifuego.net\/es\/wp-json\/wp\/v2\/types\/product"}],"version-history":[{"count":0,"href":"https:\/\/www.ambifuego.net\/es\/wp-json\/wp\/v2\/product\/75636\/revisions"}],"wp:featuredmedia":[{"embeddable":true,"href":"https:\/\/www.ambifuego.net\/es\/wp-json\/wp\/v2\/media\/75642"}],"wp:attachment":[{"href":"https:\/\/www.ambifuego.net\/es\/wp-json\/wp\/v2\/media?parent=75636"}],"wp:term":[{"taxonomy":"product_brand","embeddable":true,"href":"https:\/\/www.ambifuego.net\/es\/wp-json\/wp\/v2\/product_brand?post=75636"},{"taxonomy":"product_cat","embeddable":true,"href":"https:\/\/www.ambifuego.net\/es\/wp-json\/wp\/v2\/product_cat?post=75636"},{"taxonomy":"product_tag","embeddable":true,"href":"https:\/\/www.ambifuego.net\/es\/wp-json\/wp\/v2\/product_tag?post=75636"}],"curies":[{"name":"wp","href":"https:\/\/api.w.org\/{rel}","templated":true}]}}