{"id":75475,"date":"2025-07-11T12:49:11","date_gmt":"2025-07-11T10:49:11","guid":{"rendered":"https:\/\/www.ambifuego.net\/?post_type=product&#038;p=75475"},"modified":"2025-10-30T16:27:56","modified_gmt":"2025-10-30T15:27:56","slug":"chimenea-gas-especial-1000","status":"publish","type":"product","link":"https:\/\/www.ambifuego.net\/es\/producto\/chimenea-gas-especial-1000\/","title":{"rendered":"GAS ESPECIAL 1000XTL D"},"content":{"rendered":"<h2><span style=\"font-family: verdana, geneva, sans-serif;\">Chimenea de gas \u00fanica que divide el ambiente de forma espectacular<\/span><\/h2>\n<p><span style=\"font-size: 14pt; font-family: verdana, geneva, sans-serif;\"><span style=\"font-size: 12pt;\">Chimenea gas especial 1000 XTL D, una <a href=\"https:\/\/www.ambifuego.net\/es\/producto\/chimeneas-gas-3-lados\" target=\"_blank\" rel=\"noopener\">chimenea de gas<\/a> sin marco de tres lados que es una combinaci\u00f3n entre una chimenea t\u00fanel y una chimenea de dise\u00f1o esquina. La decoraci\u00f3n del fuego son le\u00f1os y piedras. Modelos ideal para instalarse como un divisor de ambientes para que pueda\u00a0 verse desde ambos lados y proporcione una fuente de calor y tambi\u00e9n un elemento arquitect\u00f3nico interesante<\/span>.<\/span><\/p>\n<h2><span style=\"font-size: 14pt; font-family: verdana, geneva, sans-serif;\">Chimenea gas especial 1000 XTL D, otra forma de disfrutar del fuego.<\/span><\/h2>\n<p><span style=\"font-size: 14pt; font-family: verdana, geneva, sans-serif;\"><span style=\"font-size: 12pt;\">Vista del fuego en esas noches de invierno en toda su extensi\u00f3n adem\u00e1s de otras opciones disponibles como son las <a href=\"https:\/\/www.drufire.com\/int\/\" target=\"_blank\" rel=\"noopener\">Chimeneas de gas\u00a0 Panor\u00e1micas<\/a><\/span>.<\/span><\/p>\n","protected":false},"excerpt":{"rendered":"<p><span style=\"font-size: 14pt; font-family: verdana, geneva, sans-serif;\">Chimenea gas especial 1000 XTL D con vistas del fuego y las llamas a 3 lados .\u00a0 Este modelo puede naturalmente adaptarse como <a href=\"https:\/\/www.ambifuego.net\/es\/producto\/chimeneas-gas-3-lados\/\" target=\"_blank\" rel=\"noopener\">Separador de Espacios<\/a>, ideal para crear dos ambientes.<\/span><\/p>\n","protected":false},"featured_media":80874,"template":"","meta":[],"product_brand":[],"product_cat":[537,535],"product_tag":[],"class_list":{"0":"post-75475","1":"product","2":"type-product","3":"status-publish","4":"has-post-thumbnail","6":"product_cat-chimeneas-separando-ambientes","7":"product_cat-chimenea-de-gas-4-lados","9":"first","10":"instock","11":"shipping-taxable","12":"product-type-simple"},"_links":{"self":[{"href":"https:\/\/www.ambifuego.net\/es\/wp-json\/wp\/v2\/product\/75475","targetHints":{"allow":["GET"]}}],"collection":[{"href":"https:\/\/www.ambifuego.net\/es\/wp-json\/wp\/v2\/product"}],"about":[{"href":"https:\/\/www.ambifuego.net\/es\/wp-json\/wp\/v2\/types\/product"}],"version-history":[{"count":0,"href":"https:\/\/www.ambifuego.net\/es\/wp-json\/wp\/v2\/product\/75475\/revisions"}],"wp:featuredmedia":[{"embeddable":true,"href":"https:\/\/www.ambifuego.net\/es\/wp-json\/wp\/v2\/media\/80874"}],"wp:attachment":[{"href":"https:\/\/www.ambifuego.net\/es\/wp-json\/wp\/v2\/media?parent=75475"}],"wp:term":[{"taxonomy":"product_brand","embeddable":true,"href":"https:\/\/www.ambifuego.net\/es\/wp-json\/wp\/v2\/product_brand?post=75475"},{"taxonomy":"product_cat","embeddable":true,"href":"https:\/\/www.ambifuego.net\/es\/wp-json\/wp\/v2\/product_cat?post=75475"},{"taxonomy":"product_tag","embeddable":true,"href":"https:\/\/www.ambifuego.net\/es\/wp-json\/wp\/v2\/product_tag?post=75475"}],"curies":[{"name":"wp","href":"https:\/\/api.w.org\/{rel}","templated":true}]}}