{"id":75430,"date":"2025-07-11T10:47:41","date_gmt":"2025-07-11T08:47:41","guid":{"rendered":"https:\/\/www.ambifuego.net\/?post_type=product&#038;p=75430"},"modified":"2025-10-30T16:34:48","modified_gmt":"2025-10-30T15:34:48","slug":"chimenea-panoramicos-especiales-1300xtld","status":"publish","type":"product","link":"https:\/\/www.ambifuego.net\/es\/producto\/chimenea-panoramicos-especiales-1300xtld\/","title":{"rendered":"GAS ESPECIAL 1300XTL"},"content":{"rendered":"<h2><span style=\"font-size: 18pt; font-family: verdana, geneva, sans-serif;\">Chimenea panoramicos-especiales-1300xtld &#8211; Mezcla entre modelo de esquina y t\u00fanel.<\/span><\/h2>\n<p><span style=\"font-size: 12pt; font-family: verdana, geneva, sans-serif;\">Chimenea panoramicos-especiales-1300xtld es un espectacular modelo a gas creador de ambientes, muy vers\u00e1til puede instalarse en una esquina y dar toda la amplitud de vistal del fuego a dos espacios diferentes. Simplemtne una mezcla entre chimenea de esquina y t\u00fanel.\u00a0 Otra forma de disfrutar del fuego en toda su extensi\u00f3n adem\u00e1s de otras opciones disponibles como son las <a href=\"https:\/\/www.drufire.com\/int\/\" target=\"_blank\" rel=\"noopener\">Chimeneas de gas\u00a0 Panor\u00e1micas<\/a>.\u00a0<\/span><\/p>\n<p><span style=\"font-size: 12pt; font-family: verdana, geneva, sans-serif;\">El modelo 1300xtld especial es una\u00a0 chimenea de gas sin marco de tres lados que es una combinaci\u00f3n entre una chimenea t\u00fanel y una <a href=\"https:\/\/www.ambifuego.net\/es\/articulos\/chimeneas-y-productos-gas\/chimeneas-de-gas-grandes\/\" target=\"_blank\" rel=\"noopener\">chimenea separadoras<\/a> de ambientes.\u00a0 Con una selecci\u00f3n de decoraci\u00f3n sobre el lecho de le\u00f1os artificiales o piedras.<\/span><\/p>\n<p><span style=\"font-size: 12pt; font-family: verdana, geneva, sans-serif;\">Modelo ideal para instalarse como un divisor de ambientes para que pueda\u00a0 verse desde ambos lados y proporcione una fuente de calor y tambi\u00e9n un elemento arquitect\u00f3nico interesante. Modelo disponible para dise\u00f1o con lado abierto a la derecha o a la izquierda<\/span><\/p>\n","protected":false},"excerpt":{"rendered":"<p><span style=\"font-size: 14pt;\">Chimenea con vistas del fuego y las llamas a 3 lados .\u00a0 Este modelo puede naturalmente adaptarse como Separador de Espacios, ideal para crear dos ambientes.<\/span><\/p>\n","protected":false},"featured_media":80878,"template":"","meta":[],"product_brand":[],"product_cat":[537,535],"product_tag":[],"class_list":{"0":"post-75430","1":"product","2":"type-product","3":"status-publish","4":"has-post-thumbnail","6":"product_cat-chimeneas-separando-ambientes","7":"product_cat-chimenea-de-gas-4-lados","9":"first","10":"instock","11":"shipping-taxable","12":"product-type-simple"},"_links":{"self":[{"href":"https:\/\/www.ambifuego.net\/es\/wp-json\/wp\/v2\/product\/75430","targetHints":{"allow":["GET"]}}],"collection":[{"href":"https:\/\/www.ambifuego.net\/es\/wp-json\/wp\/v2\/product"}],"about":[{"href":"https:\/\/www.ambifuego.net\/es\/wp-json\/wp\/v2\/types\/product"}],"version-history":[{"count":0,"href":"https:\/\/www.ambifuego.net\/es\/wp-json\/wp\/v2\/product\/75430\/revisions"}],"wp:featuredmedia":[{"embeddable":true,"href":"https:\/\/www.ambifuego.net\/es\/wp-json\/wp\/v2\/media\/80878"}],"wp:attachment":[{"href":"https:\/\/www.ambifuego.net\/es\/wp-json\/wp\/v2\/media?parent=75430"}],"wp:term":[{"taxonomy":"product_brand","embeddable":true,"href":"https:\/\/www.ambifuego.net\/es\/wp-json\/wp\/v2\/product_brand?post=75430"},{"taxonomy":"product_cat","embeddable":true,"href":"https:\/\/www.ambifuego.net\/es\/wp-json\/wp\/v2\/product_cat?post=75430"},{"taxonomy":"product_tag","embeddable":true,"href":"https:\/\/www.ambifuego.net\/es\/wp-json\/wp\/v2\/product_tag?post=75430"}],"curies":[{"name":"wp","href":"https:\/\/api.w.org\/{rel}","templated":true}]}}