{"id":65767,"date":"2023-10-06T10:21:51","date_gmt":"2023-10-06T08:21:51","guid":{"rendered":"https:\/\/www.ambifuego.net\/xtempx\/?post_type=product&#038;p=65767"},"modified":"2023-11-16T11:49:24","modified_gmt":"2023-11-16T10:49:24","slug":"elara-e-fx-fires","status":"publish","type":"product","link":"https:\/\/www.ambifuego.net\/es\/producto\/elara-e-fx-fires\/","title":{"rendered":"ELARA 1000-1300"},"content":{"rendered":"<h2><span style=\"font-size: 14pt;\">Chimenea el\u00e9ctrica modelo E-FX- ELARA 1000 \/ 1300\u00a0 &#8211;\u00a0 \u00a0Spain<\/span><\/h2>\n<div id=\"_fLkfZcblGqqakdUPuIyysA4_37\" class=\"bCOlv\" data-ved=\"2ahUKEwjGk6yg9eCBAxUqTaQEHTiGDOYQ7NUEegQIJRAE\">\n<div class=\"IZE3Td\">\n<div class=\"t0bRye r2fjmd\" data-hveid=\"CCUQBQ\" data-ved=\"2ahUKEwjGk6yg9eCBAxUqTaQEHTiGDOYQu04oAHoECCUQBQ\">\n<div id=\"fLkfZcblGqqakdUPuIyysA4__27\">\n<div class=\"wDYxhc\" data-md=\"61\">\n<p style=\"text-align: justify;\"><span style=\"font-family: verdana, geneva, sans-serif;\"><strong>Elara E-FX<\/strong> Fires Spain, el modelo m\u00e1s avanzado de este fabricante, tanto en tecnolog\u00eda como en adaptabilidad al espacio existente.\u00a0 <\/span><span style=\"font-family: verdana, geneva, sans-serif;\"><a href=\"https:\/\/www.ambifuego.net\/articulos\/chimeneas-electricas-decorativas-modernas-calefactor\/\" target=\"_blank\" rel=\"noopener\">Las chimeneas el\u00e9ctricas<\/a> son aparatos que imitan el aspecto y la sensaci\u00f3n de una chimenea de le\u00f1a o de gas, pero que funcionan con electricidad. Su principal funci\u00f3n es decorativa, ya que crean una atm\u00f3sfera agradable y relajante con el movimiento de las llamas artificiales. Sin embargo, tambi\u00e9n pueden tener una funci\u00f3n calefactora, ya que incorporan un sistema de resistencias o de aire caliente que emiten calor al ambiente.<\/span><\/p>\n<p style=\"text-align: justify;\" role=\"heading\" data-attrid=\"wa:\/description\" aria-level=\"3\" data-hveid=\"CBwQAA\"><span class=\"ILfuVd\" lang=\"es\"><span class=\"hgKElc\"><span style=\"font-family: verdana, geneva, sans-serif;\">Estas est\u00e1n dise\u00f1adas para simular el aspecto de una chimenea real sin la necesidad de producir calor si no desea activar el calefactor que incluye. El funcionamiento de las chimeneas el\u00e9ctricas se basa en dos elementos principales: el sistema de <strong>iluminaci\u00f3n<\/strong> y el sistema de calefacci\u00f3n. Con la iluminaci\u00f3n se crea un efecto visual de llamas, con ayuda de diferentes tecnolog\u00edas, luces Leds, proyecciones y espejos.\u00a0 El resultado es una imagen muy real del fuego, que puede variar en intensidad, color y tama\u00f1o seg\u00fan el modelo y la preferencia del usuario.<\/span><\/span><\/span><\/p>\n<h2><span style=\"font-size: 14pt;\">\u00a0Elara 1000 &#8211; 1300 E-FX\u00a0 decoraci\u00f3n y calefacci\u00f3n todo en uno.<\/span><\/h2>\n<p style=\"text-align: justify;\" role=\"heading\" data-attrid=\"wa:\/description\" aria-level=\"3\" data-hveid=\"CBwQAA\"><span style=\"font-family: verdana, geneva, sans-serif;\">Esta chimenea dispone de<\/span><span style=\"font-family: verdana, geneva, sans-serif;\"> dos elementos para calentar producir calor: una resistencia y una turbina. La resistencia es una pieza met\u00e1lica que se calienta al pasar la corriente el\u00e9ctrica y que irradian calor al ambiente. Con una turbina se aspira el aire fr\u00edo del exterior, se calienta al pasar junto a la resistencia y lo expulsa por unas rejillas situadas en la parte frontal o superior de la chimenea<\/span><\/p>\n<div id=\"_fLkfZcblGqqakdUPuIyysA4_38\" class=\"bCOlv\" data-ved=\"2ahUKEwjGk6yg9eCBAxUqTaQEHTiGDOYQ7NUEegQIKBAE\">\n<div class=\"IZE3Td\">\n<div class=\"t0bRye r2fjmd\" data-hveid=\"CCgQBQ\" data-ved=\"2ahUKEwjGk6yg9eCBAxUqTaQEHTiGDOYQu04oAHoECCgQBQ\">\n<div id=\"fLkfZcblGqqakdUPuIyysA4__39\">\n<div class=\"wDYxhc\" data-md=\"61\">\n<div role=\"heading\" data-attrid=\"wa:\/description\" aria-level=\"3\" data-hveid=\"CB8QAA\">\n<div class=\"column mcb-column mcb-item-54qarpo7 one laptop-one tablet-one mobile-one column_column\">\n<div class=\"mcb-column-inner mfn-module-wrapper mcb-column-inner-54qarpo7 mcb-item-column-inner\">\n<div class=\"column_attr mfn-inline-editor clearfix\">\n<p style=\"text-align: justify;\"><span style=\"font-family: verdana, geneva, sans-serif;\">En montaje de esta chimenea el\u00e9ctrica <strong>ELARA 1000 &#8211; 1300, (<\/strong>dos tama\u00f1os) es muy f\u00e1cil y\u00a0 sin obras en cualquier lugar de la casa y siempre que haya una toma el\u00e9ctrica cerca. No requiere de una salida de humos ni de una ventilaci\u00f3n especial, por lo que no genera residuo ni emisiones contaminantes. M\u00e1s a\u00fan, el modelo <strong>ELARA<\/strong> ya viene con su mueble por lo que no necesita hacer ning\u00fan cerramiento ni chimenea para instalarla. Su uso u control es muy f\u00e1cil, ya que se puede encender y apagar con un mando a distancia una App o con su panel t\u00e1ctil.<\/span><\/p>\n<\/div>\n<\/div>\n<\/div>\n<\/div>\n<div class=\"LGOjhe\" style=\"text-align: justify;\" role=\"heading\" data-attrid=\"wa:\/description\" aria-level=\"3\" data-hveid=\"CB8QAA\">\n<p><span class=\"ILfuVd\" lang=\"es\" style=\"font-family: verdana, geneva, sans-serif;\"><span class=\"hgKElc\">Chimenea el\u00e9ctrica de larga vida ya e<\/span><\/span><span style=\"font-family: verdana, geneva, sans-serif;\">l \u00fanico mantenimiento que requieren este tipo de calefactores son las bombillas LEDS (de larga duraci\u00f3n) que iluminan las llamas que simulan el fuego. A diferencia de las chimeneas de le\u00f1a o gas, que tienen una c\u00e1mara de combusti\u00f3n, las el\u00e9ctricas tienen una estructura sencilla y robusta.<\/span><\/p>\n<\/div>\n<div role=\"heading\" data-attrid=\"wa:\/description\" aria-level=\"3\" data-hveid=\"CB8QAA\">\n<div id=\"_b7ofZeDrJNGekdUP_bKtmAQ_77\" class=\"bCOlv\" data-ved=\"2ahUKEwig36WU9uCBAxVRT6QEHX1ZC0MQ7NUEegQIVBAE\">\n<div class=\"IZE3Td\">\n<div class=\"t0bRye r2fjmd\" data-hveid=\"CFQQBQ\" data-ved=\"2ahUKEwig36WU9uCBAxVRT6QEHX1ZC0MQu04oAHoECFQQBQ\">\n<div id=\"b7ofZeDrJNGekdUP_bKtmAQ__98\">\n<div class=\"wDYxhc\" data-md=\"61\">\n<div role=\"heading\" data-attrid=\"wa:\/description\" aria-level=\"3\" data-hveid=\"CFoQAA\">\n<div class=\"column mcb-column mcb-item-indldtjwq one laptop-one tablet-one mobile-one column_column\">\n<div class=\"mcb-column-inner mfn-module-wrapper mcb-column-inner-indldtjwq mcb-item-column-inner\">\n<div class=\"column_attr mfn-inline-editor clearfix\">\n<p><strong><span style=\"font-family: verdana, geneva, sans-serif; font-size: 12pt;\">Caracter\u00edsticas;<\/span><\/strong><\/p>\n<\/div>\n<\/div>\n<\/div>\n<\/div>\n<\/div>\n<\/div>\n<\/div>\n<\/div>\n<\/div>\n<\/div>\n<\/div>\n<\/div>\n<\/div>\n<\/div>\n<\/div>\n<\/div>\n<\/div>\n<\/div>\n<\/div>\n<\/div>\n<ul>\n<li><span style=\"font-family: verdana, geneva, sans-serif;\"><strong>\u00a0Elara E-FX Fires &#8211; <\/strong><\/span><\/li>\n<li><span style=\"font-family: verdana, geneva, sans-serif;\"><strong>\u00a0Modelo m\u00e1s avanzado de este fabricante<\/strong>, tanto en tecnolog\u00eda como en adaptabilidad al espacio existente.<\/span><\/li>\n<li><span style=\"font-family: verdana, geneva, sans-serif;\">&#8211; Visi\u00f3n del fuego a 1, 2 y 3 caras, en el mismo modelo<\/span><\/li>\n<li><span style=\"font-family: verdana, geneva, sans-serif;\">&#8211; Cristal frontal antirreflejos con dos posiciones<\/span><\/li>\n<li><span style=\"font-family: verdana, geneva, sans-serif;\">&#8211; Le\u00f1os Cer\u00e1micos con luces Leds integrados para simular ascuas o brasas<\/span><\/li>\n<li><span style=\"font-family: verdana, geneva, sans-serif;\">&#8211; Fuego regulable, tanto en velocidad como en intensidad<\/span><\/li>\n<li><span style=\"font-family: verdana, geneva, sans-serif;\">&#8211; Luces descendentes focalizadas sobre los troncos<\/span><\/li>\n<li><span style=\"font-family: verdana, geneva, sans-serif;\">&#8211; Calefacci\u00f3n incluida oculta: de 1500 W con control termost\u00e1tico<\/span><\/li>\n<li><span style=\"font-family: verdana, geneva, sans-serif;\">&#8211; Varias animaciones preseleccionadas<\/span><\/li>\n<li><span style=\"font-family: verdana, geneva, sans-serif;\">&#8211; Animaciones extra programables por el usuario<\/span><\/li>\n<li><span style=\"font-family: verdana, geneva, sans-serif;\">&#8211; Detecci\u00f3n de ventanas abiertas cuando se usa el calefactor<\/span><\/li>\n<li><span style=\"font-family: verdana, geneva, sans-serif;\">&#8211; Manejo mediante App, Mando a distancia y botonera integrada<\/span><\/li>\n<li><span style=\"font-family: verdana, geneva, sans-serif;\">-Aplicaci\u00f3n f\u00e1cil de usar disponible en iOS y Android con funciones avanzadas para controlar su fuego.<\/span><\/li>\n<li><span style=\"font-family: verdana, geneva, sans-serif;\">-Control manual y a trav\u00e9s de App.<\/span><\/li>\n<li><span style=\"font-family: verdana, geneva, sans-serif;\">-Calor controlado mediante termostato, adem\u00e1s de control de ventana abierta<\/span><\/li>\n<li><span style=\"font-family: verdana, geneva, sans-serif;\"><a href=\"https:\/\/www.ambifuego.net\/contacto\/\" target=\"_blank\" rel=\"noopener\">PVP &#8211; Disponibilidad<\/a><\/span><\/li>\n<li><a href=\"https:\/\/vimeo.com\/ambifuego\" target=\"_blank\" rel=\"noopener\"><span style=\"font-family: verdana, geneva, sans-serif;\">Ver v\u00eddeo<\/span><\/a><\/li>\n<\/ul>\n<p>Medidas: <strong>Elara 1000<\/strong>; An. 1440 &#8211; Alto 626 &#8211; Fondo 345 mm\u00a0 &#8211;\u00a0 \u00a0 \u00a0 <strong>\u00a0Elara 1300<\/strong>; An. 1740 &#8211; Alto 626 &#8211; Fondo 345 mm<\/p>\n<p>&nbsp;<\/p>\n<p>&nbsp;<\/p>\n","protected":false},"excerpt":{"rendered":"[caption id=\"attachment_65771\" align=\"alignnone\" width=\"454\"]<img fetchpriority=\"high\" decoding=\"async\" class=\"wp-image-65771 size-full\" src=\"https:\/\/www.ambifuego.net\/wp-content\/uploads\/2023\/10\/elara_1300-1_optimized.jpg\" alt=\"\u00a0Elara E-FX Flamerite Fires Spain conjunto electrico\" width=\"454\" height=\"383\" srcset=\"https:\/\/www.ambifuego.net\/wp-content\/uploads\/2023\/10\/elara_1300-1_optimized.jpg 454w, https:\/\/www.ambifuego.net\/wp-content\/uploads\/2023\/10\/elara_1300-1_optimized-320x270.jpg 320w\" sizes=\"(max-width: 454px) 100vw, 454px\" \/> Elara E-FX Flamerite Fires Spain conjunto electrico[\/caption]\n","protected":false},"featured_media":65768,"template":"","meta":[],"product_brand":[],"product_cat":[264,262],"product_tag":[],"class_list":{"0":"post-65767","1":"product","2":"type-product","3":"status-publish","4":"has-post-thumbnail","6":"product_cat-chimeneas-electricas-conjuntos-suite","7":"product_cat-electricas-sobre-pared","9":"first","10":"instock","11":"shipping-taxable","12":"product-type-simple"},"_links":{"self":[{"href":"https:\/\/www.ambifuego.net\/es\/wp-json\/wp\/v2\/product\/65767","targetHints":{"allow":["GET"]}}],"collection":[{"href":"https:\/\/www.ambifuego.net\/es\/wp-json\/wp\/v2\/product"}],"about":[{"href":"https:\/\/www.ambifuego.net\/es\/wp-json\/wp\/v2\/types\/product"}],"version-history":[{"count":0,"href":"https:\/\/www.ambifuego.net\/es\/wp-json\/wp\/v2\/product\/65767\/revisions"}],"wp:featuredmedia":[{"embeddable":true,"href":"https:\/\/www.ambifuego.net\/es\/wp-json\/wp\/v2\/media\/65768"}],"wp:attachment":[{"href":"https:\/\/www.ambifuego.net\/es\/wp-json\/wp\/v2\/media?parent=65767"}],"wp:term":[{"taxonomy":"product_brand","embeddable":true,"href":"https:\/\/www.ambifuego.net\/es\/wp-json\/wp\/v2\/product_brand?post=65767"},{"taxonomy":"product_cat","embeddable":true,"href":"https:\/\/www.ambifuego.net\/es\/wp-json\/wp\/v2\/product_cat?post=65767"},{"taxonomy":"product_tag","embeddable":true,"href":"https:\/\/www.ambifuego.net\/es\/wp-json\/wp\/v2\/product_tag?post=65767"}],"curies":[{"name":"wp","href":"https:\/\/api.w.org\/{rel}","templated":true}]}}