{"id":65693,"date":"2023-10-04T13:21:24","date_gmt":"2023-10-04T11:21:24","guid":{"rendered":"https:\/\/www.ambifuego.net\/xtempx\/?post_type=product&#038;p=65693"},"modified":"2023-11-16T13:02:48","modified_gmt":"2023-11-16T12:02:48","slug":"chimeneas-electricas-exclusivas-realistas","status":"publish","type":"product","link":"https:\/\/www.ambifuego.net\/es\/producto\/chimeneas-electricas-exclusivas-realistas\/","title":{"rendered":"PAYTON 1000-1300"},"content":{"rendered":"<p><strong><span style=\"font-size: 14pt;\"><span style=\"font-family: verdana, geneva, sans-serif;\">Chimeneas el\u00e9ctricas exclusivas de gran realismo.<\/span><\/span><\/strong><\/p>\n<p style=\"text-align: justify;\"><span style=\"font-family: verdana, geneva, sans-serif;\">Chimeneas el\u00e9ctricas exclusivas realistas. <a href=\"https:\/\/www.ambifuego.net\/articulos\/chimeneas-electricas-decorativas-modernas-calefactor\/\" target=\"_blank\" rel=\"noopener\">Elegir un modelo<\/a> y disfrutar sin humos ni obras de la visi\u00f3n reconfortadora de una chimeneas.\u00a0 Son modelos equipados con la \u00faltima tecnolog\u00eda en el mercado, <strong><a href=\"https:\/\/flameritefires.com\/en\/efx\/\" target=\"_blank\" rel=\"noopener\">Eco Compliant<\/a><\/strong>. Crean un efecto de llama realmente sorprendente, casi parece que los le\u00f1os est\u00e1n realmente ardiendo. El calefactor adem\u00e1s puede operar de forma totalmente independiente puede tenerlo activado o simplemente desconectarlo y seguir viendo las llamas.\u00a0 El aparato controla el calefactor mediante un termostato y adem\u00e1s viene equipado con un temporizador para programar el modo de funcionamiento de la chimenea 7 d\u00edas. Es decir son modelos de c<\/span><span style=\"font-family: verdana, geneva, sans-serif; font-size: 12pt;\">himeneas el\u00e9ctricas exclusivas, decorativas y modernas.<\/span><\/p>\n<p><span style=\"font-family: verdana, geneva, sans-serif;\">Nueva chimenea el\u00e9ctrica modelo E-FX de <a href=\"https:\/\/www.youtube.com\/channel\/UCuBluN5KsWR_1ABRY0BoL7w\" target=\"_blank\" rel=\"noopener\">Flamerite Fires<\/a> , vers\u00e1til y muy realista, con simulaci\u00f3n de ascuas. Es el modelo m\u00e1s avanzado de este fabricante, tanto en tecnolog\u00eda como en adaptabilidad.<\/span><\/p>\n<p style=\"text-align: justify;\"><span style=\"font-family: verdana, geneva, sans-serif;\">Chimenea el\u00e9ctrica colgada \u2013 suelo y tambi\u00e9n con calefacci\u00f3n incluida.\u00a0 Sin cristal frontal y adem\u00e1s con simulaci\u00f3n llama c\u00e1lida. Por lo tanto vemos\u00a0 una imagen de llama c\u00e1lida y vivaz con un reflejo de combustible profundo.\u00a0<\/span><\/p>\n<h2 style=\"text-align: justify;\"><span style=\"font-family: verdana, geneva, sans-serif; font-size: 14pt;\">Chimenea el\u00e9ctrica colgada o de pie.<\/span><\/h2>\n<p style=\"text-align: justify;\"><span style=\"font-family: verdana, geneva, sans-serif;\">Por lo tanto estos modelos de chimeneas el\u00e9ctricas exclusivas pueden montarse sobre una pared o simplemente sobre el suelo. Solamente se requiere una toma el\u00e9ctrica est\u00e1ndar cerca y a disfrutar del hogar.<\/span><\/p>\n<p style=\"text-align: justify;\"><span style=\"font-family: verdana, geneva, sans-serif;\">En consecuencia, estas chimeneas de gran belleza y visi\u00f3n de las llamas son muy f\u00e1ciles de montar. El mantenimiento necesario es m\u00ednimo y adem\u00e1s vienen equipadas con bombillas Leds de bajo consumo. Chimenea <strong>modelo Payton,<\/strong>\u00a0 es un conjunto moderno, muy decorativo y por lo tanto ideal\u00a0 para crear\u00a0 ambientes en cualquier estancia. Esta chimenea el\u00e9ctrica colgada o sobre el suelo s\u00f3lo requiere dos puntos de anclaje y listo!<\/span><\/p>\n<p style=\"text-align: justify;\"><span style=\"font-family: verdana, geneva, sans-serif;\">Ciertamente ofrece todas las ventajas del calor el\u00e9ctrico y la belleza de sus llamas.<\/span><\/p>\n<p style=\"text-align: justify;\"><span style=\"font-family: verdana, geneva, sans-serif;\">Caracter\u00edsticas;<\/span><\/p>\n<ul>\n<li><span style=\"font-family: verdana, geneva, sans-serif;\">Tres opciones; colgada en pared, con patas o con z\u00f3calo.\u00a0<\/span><\/li>\n<li><span style=\"font-family: verdana, geneva, sans-serif;\">Todos los modelos vienen con iluminaci\u00f3n ambiental dual controlada mediante la App.<\/span><\/li>\n<li><span style=\"font-family: verdana, geneva, sans-serif;\">Manejo mediante App, Mando a distancia y botonera integrada.<\/span><\/li>\n<li><span style=\"font-family: verdana, geneva, sans-serif;\">Aplicaci\u00f3n f\u00e1cil de usar disponible en iOS y Android con funciones avanzadas para controlar su fuego.<\/span><\/li>\n<li><span style=\"font-family: verdana, geneva, sans-serif;\">F\u00e1cil montaje s\u00f3lo requiere toma de electricidad est\u00e1ndar.<\/span><\/li>\n<li style=\"text-align: justify;\"><span style=\"font-family: verdana, geneva, sans-serif;\">Control remoto mediante App\u00a0 adem\u00e1s de opci\u00f3n a mando.<\/span><\/li>\n<li style=\"text-align: justify;\"><span style=\"font-family: verdana, geneva, sans-serif;\">Estructura exterior en madera Dm lacada en pintura lisa o m\u00e1s bien texturizada.<\/span><\/li>\n<li style=\"text-align: justify;\"><span style=\"font-family: verdana, geneva, sans-serif;\">Colores de tonos crema marfil, as\u00ed como blanco \u00e1rtico o igualmente gris pastel.<\/span><\/li>\n<li style=\"text-align: justify;\"><span style=\"font-family: verdana, geneva, sans-serif;\">Conjunto chimenea colgada o en cambio sobre el suelo.<\/span><\/li>\n<li style=\"text-align: justify;\"><span style=\"font-family: verdana, geneva, sans-serif;\">Paneles laterales de cristal.<\/span><\/li>\n<li style=\"text-align: justify;\"><span style=\"font-family: verdana, geneva, sans-serif;\">Paneles traseros imitaci\u00f3n cer\u00e1mica decorativa.<\/span><\/li>\n<li style=\"text-align: justify;\"><span style=\"font-family: verdana, geneva, sans-serif;\"> Calefacci\u00f3n incluida oculta: de 1500 W con control termost\u00e1tico.<\/span><\/li>\n<li><span style=\"font-family: verdana, geneva, sans-serif;\">Detecci\u00f3n de ventas o puertas abiertas cuando se usa el calefactor.<\/span><\/li>\n<li style=\"text-align: justify;\"><span style=\"font-family: verdana, geneva, sans-serif;\">Juego de troncos de abedul plateado o Woodland.<\/span><\/li>\n<li style=\"text-align: justify;\"><span style=\"font-family: verdana, geneva, sans-serif;\">Colores; blanco, piedra blanca, beige, piedra beige o madera pino<\/span><\/li>\n<li style=\"text-align: justify;\"><span style=\"font-family: verdana, geneva, sans-serif;\"><strong>Bombillas-Led<\/strong><\/span><\/li>\n<li><span style=\"font-family: verdana, geneva, sans-serif;\">Cristal frontal antirreflejos con dos posiciones <\/span><\/li>\n<li><span style=\"font-family: verdana, geneva, sans-serif;\">Le\u00f1os Cer\u00e1micos con luces Leds integrados para simular ascuas o brasas <\/span><\/li>\n<li><span style=\"font-family: verdana, geneva, sans-serif;\">Fuego regulable, tanto en velocidad como en intensidad <\/span><\/li>\n<li><span style=\"font-family: verdana, geneva, sans-serif;\">Luces descendentes focalizadas sobre los troncos <\/span><\/li>\n<li><span style=\"font-family: verdana, geneva, sans-serif;\">Varias animaciones preseleccionadas &#8211; Animaciones extra programables por el usuario.<\/span><\/li>\n<li><span style=\"font-family: verdana, geneva, sans-serif;\"><strong>Opci\u00f3n de carga inal\u00e1mbrica mediante un dispositivo oculto bajo la repisa de la chimenea.<\/strong><\/span><\/li>\n<li><span style=\"font-family: verdana, geneva, sans-serif;\">Acabado de pintura fina o tambi\u00e9n texturado . Disponible tambi\u00e9n color crema marfil, Blanco \u00e1rtico, roble.<\/span><\/li>\n<li><span style=\"font-family: verdana, geneva, sans-serif;\">Payton 1300- An. 1740 x Alt. 626 x Fond. 345 mm<\/span><\/li>\n<li><span style=\"font-family: verdana, geneva, sans-serif;\">Payton 1000- An. 1440 x Alt. 626 x Fond. 345 mm<\/span><\/li>\n<li><span style=\"font-family: verdana, geneva, sans-serif;\"><a href=\"https:\/\/www.ambifuego.net\/contacto\/\" target=\"_blank\" rel=\"noopener\">PVP &#8211; Disponibilidad<\/a><\/span><\/li>\n<li><a href=\"https:\/\/vimeo.com\/ambifuego\" target=\"_blank\" rel=\"noopener\"><span style=\"font-family: verdana, geneva, sans-serif;\">Videos<\/span><\/a><\/li>\n<\/ul>\n<p style=\"text-align: justify;\"><span style=\"font-family: verdana, geneva, sans-serif;\">\u00a0 \u00a0 \u00a0 \u00a0 \u00a0 \u00a0 \u00a0 \u00a0 \u00a0\u00a0<\/span><\/p>\n","protected":false},"excerpt":{"rendered":"[caption id=\"attachment_65709\" align=\"alignnone\" width=\"454\"]<img fetchpriority=\"high\" decoding=\"async\" class=\"wp-image-65709 size-full\" src=\"https:\/\/www.ambifuego.net\/wp-content\/uploads\/2023\/10\/payton_1300-1_optimized.jpg\" alt=\"Chimeneas el\u00e9ctricas exclusivas realistas payton 1300 sobre el suelo\" width=\"454\" height=\"383\" srcset=\"https:\/\/www.ambifuego.net\/wp-content\/uploads\/2023\/10\/payton_1300-1_optimized.jpg 454w, https:\/\/www.ambifuego.net\/wp-content\/uploads\/2023\/10\/payton_1300-1_optimized-320x270.jpg 320w\" sizes=\"(max-width: 454px) 100vw, 454px\" \/> chimenea electrica con mueble payton 1300 sobre suelo[\/caption]\n","protected":false},"featured_media":65706,"template":"","meta":[],"product_brand":[],"product_cat":[264,262],"product_tag":[],"class_list":{"0":"post-65693","1":"product","2":"type-product","3":"status-publish","4":"has-post-thumbnail","6":"product_cat-chimeneas-electricas-conjuntos-suite","7":"product_cat-electricas-sobre-pared","9":"first","10":"instock","11":"shipping-taxable","12":"product-type-simple"},"_links":{"self":[{"href":"https:\/\/www.ambifuego.net\/es\/wp-json\/wp\/v2\/product\/65693","targetHints":{"allow":["GET"]}}],"collection":[{"href":"https:\/\/www.ambifuego.net\/es\/wp-json\/wp\/v2\/product"}],"about":[{"href":"https:\/\/www.ambifuego.net\/es\/wp-json\/wp\/v2\/types\/product"}],"version-history":[{"count":0,"href":"https:\/\/www.ambifuego.net\/es\/wp-json\/wp\/v2\/product\/65693\/revisions"}],"wp:featuredmedia":[{"embeddable":true,"href":"https:\/\/www.ambifuego.net\/es\/wp-json\/wp\/v2\/media\/65706"}],"wp:attachment":[{"href":"https:\/\/www.ambifuego.net\/es\/wp-json\/wp\/v2\/media?parent=65693"}],"wp:term":[{"taxonomy":"product_brand","embeddable":true,"href":"https:\/\/www.ambifuego.net\/es\/wp-json\/wp\/v2\/product_brand?post=65693"},{"taxonomy":"product_cat","embeddable":true,"href":"https:\/\/www.ambifuego.net\/es\/wp-json\/wp\/v2\/product_cat?post=65693"},{"taxonomy":"product_tag","embeddable":true,"href":"https:\/\/www.ambifuego.net\/es\/wp-json\/wp\/v2\/product_tag?post=65693"}],"curies":[{"name":"wp","href":"https:\/\/api.w.org\/{rel}","templated":true}]}}