{"id":63750,"date":"2023-05-30T12:09:55","date_gmt":"2023-05-30T10:09:55","guid":{"rendered":"https:\/\/www.ambifuego.net\/xtempx\/?post_type=product&#038;p=63750"},"modified":"2025-10-24T14:39:55","modified_gmt":"2025-10-24T12:39:55","slug":"estufa-de-bioetanol-2","status":"publish","type":"product","link":"https:\/\/www.ambifuego.net\/es\/producto\/estufa-de-bioetanol-2\/","title":{"rendered":"ESTUFA SALISBURY"},"content":{"rendered":"<p style=\"text-align: justify;\"><span style=\"font-family: verdana, geneva, sans-serif;\"><strong>Estufa de Bioetanol Salisbury<\/strong> e<\/span><span class=\"Y2IQFc\" lang=\"es\" style=\"font-family: verdana, geneva, sans-serif;\">mulando la apariencia de una estufa de le\u00f1a convencional con fascinantes llamas y una potencia calor\u00edfica de hasta 3,5 kW, es decir,\u00a0 la alternativa perfecta para aquellos que quieren evitar todo lo involucrado con el encendido de un fuego de le\u00f1a, su mantenimiento y posterior limpieza.\u00a0<\/span><\/p>\n<div class=\"ULSxyf\">\n<div class=\"MjjYud\">\n<div class=\"Ww4FFb vt6azd obcontainer wDYxhc\" data-md=\"77\" data-hveid=\"CAUQAA\" data-ved=\"2ahUKEwjo-7HlyZz_AhXkVKQEHag2C4wQkCl6BAgFEAA\">\n<div id=\"tw-main\" data-hveid=\"CAUQAQ\">\n<div id=\"tw-container\" data-cp=\"1\" data-is-ver=\"false\" data-nnttsvi=\"1\" data-sbsl=\"ru,uk\" data-sm=\"1\" data-ssbp=\"true\" data-sugg-time=\"500\" data-sugg-url=\"https:\/\/clients1.google.com\/complete\/search\" data-uilc=\"es\" data-vil=\",af,af-ZA,am,am-ET,ar-EG,ar-AE,ar-KW,ar-QA,ar,ar-IL,ar-JO,ar-LB,ar-PS,az,az-AZ,bg,bg-BG,bn,bn-BD,bn-IN,ca,ca-es,cs,cs-CZ,de,de-DE,de-CH,de-AT,de-LI,en,en-US,en-CA,en-AU,en-NZ,en-GB,en-IN,en-KE,en-TZ,en-NG,en-GH,en-PH,en-ZA,es,es-ES,es-AR,es-UY,es-419,es-BO,es-CL,es-CR,es-CO,es-DO,es-EC,es-GT,es-HN,es-NI,es-PA,es-PE,es-PR,es-PY,es-SV,es-VE,es-MX,es-US,eu,eu-ES,fi,fi-FI,fr,fr-FR,fr-CH,fr-BE,gl,gl-ES,gu,gu-IN,he,he-IL,iw,iw-IL,hu,hu-HU,hy,hy-AM,id,id-ID,is,is-IS,it,it-IT,it-CH,ja,ja-JP,jv,jv-ID,ka,ka-GE,km,km-KH,kn,kn-IN,ko,ko-KR,la,lo,lo-LA,lv,lv-LV,ml,ml-IN,mr,mr-IN,ms,ms-MY,nl,nl-NL,nb,nb-NO,ne,ne-NP,pl,pl-PL,pt,pt-BR,pt-PT,ro,ro-RO,ru,ru-RU,si-LK,sk,sk-SK,sr,sr-RS,su,su-ID,sv,sv-SE,sw,sw-TZ,sw-KE,ta,ta-IN,ta-SG,ta-LK,ta-MY,te,te-IN,tr,tr-TR,ur,ur-PK,ur-IN,yue,yue-HK,yue-Hant-HK,zh-HK,zh,zh-CN,zh-cmn,zh-cmn-CN,zh-Hans,zh-Hans-CN,zh-cmn-Hans,zh-cmn-Hans-CN,cmn-CN,cmn-Hans,cmn-Hans-CN,zh-TW,zh-Hant-TW,cmn-TW,cmn-Hant-TW,zh-cmn-TW,zh-cmn-Hant-TW,zu,zu-ZA\">\n<div id=\"tw-ob\" class=\"tw-src-ltr\">\n<div class=\"oSioSc\">\n<div id=\"tw-target\">\n<div id=\"kAz1tf\" class=\"g9WsWb\">\n<div id=\"tw-target-text-container\" class=\"tw-ta-container F0azHf tw-nfl\" tabindex=\"0\">\n<p id=\"tw-target-text\" class=\"tw-data-text tw-text-large tw-ta\" dir=\"ltr\" style=\"text-align: justify;\" data-placeholder=\"Traducci\u00f3n\"><span class=\"Y2IQFc\" lang=\"es\" style=\"font-family: verdana, geneva, sans-serif;\">Adem\u00e1s hoy en d\u00eda, cada vez hay un n\u00famero mayor de personas que reconocen la necesidad urgente de proteger el medio ambiente. <\/span><span class=\"Y2IQFc\" lang=\"es\" style=\"font-family: verdana, geneva, sans-serif;\">Por ello \u00faltimamente las chimeneas de bioetanol crecen r\u00e1pidamente en popularidad y uso. Son chimeneas limpias y f\u00e1ciles de instalar adem\u00e1s de ecol\u00f3gicas.<\/span><\/p>\n<\/div>\n<\/div>\n<\/div>\n<\/div>\n<\/div>\n<\/div>\n<\/div>\n<\/div>\n<\/div>\n<\/div>\n<div class='yrm-content yrm-content-1 yrm-content-hide  ' id='yrm-na1RY' data-id='1' data-show-status='false' data-after-action='' style=\"visibility: hidden;height: 0;\">\n\t\t\t<div id='yrm-inner-content-yrm-na1RY' class='yrm-inner-content-wrapper yrm-cntent-1'><\/p>\n<p class=\"tw-data-text tw-text-large tw-ta\" dir=\"ltr\" style=\"text-align: justify;\" data-placeholder=\"Traducci\u00f3n\"><span class=\"Y2IQFc\" lang=\"es\" style=\"font-family: verdana, geneva, sans-serif;\"><span style=\"font-family: verdana, geneva, sans-serif;\">El\u00a0bioetanol es un combustible org\u00e1nico que supone una alternativa a los de origen f\u00f3sil, se extrae de productos como el ma\u00edz, la yuca o la paja.\u00a0Es un alcohol muy inflamable que, a su vez, es un combustible\u00a0limpio y renovable.<\/span><\/span><\/p>\n<p dir=\"ltr\" style=\"text-align: justify;\" data-placeholder=\"Traducci\u00f3n\"><span class=\"Y2IQFc\" lang=\"es\" style=\"font-family: verdana, geneva, sans-serif;\">Adem\u00e1s de ofrecer una opci\u00f3n respetuosa con el medio ambiente, una estufa o un quemador de bioetanol le permite tener una chimenea con llamas vivas y esto sin necesidad de costos de instalaci\u00f3n elevados. Solo se requiere un suministro de electricidad cerca o tambi\u00e9n puede ir con un kit especial con pilas. Es decir una chimenea de etanol puede ser instalada en casi cualquier lugar.<\/span><\/p>\n<h2 dir=\"ltr\" style=\"text-align: justify;\" data-placeholder=\"Traducci\u00f3n\"><span class=\"Y2IQFc\" lang=\"es\" style=\"font-family: verdana, geneva, sans-serif; font-size: 14pt;\">Estufa de Bioetanol Salisbury el mayor rendimiento con tecnolog\u00eda punta.<\/span><\/h2>\n<p dir=\"ltr\" style=\"text-align: justify;\" data-placeholder=\"Traducci\u00f3n\"><span style=\"font-family: verdana, geneva, sans-serif;\">Las caracter\u00edsticas de la estufa modelo Salisbury\u00a0 incluyen un proceso de combusti\u00f3n patentado que permite un tiempo de combusti\u00f3n de hasta 11 \u00bd horas sin necesidad de recargar combustible. Adem\u00e1s es adecuada su\u00a0 instalaci\u00f3n en estancias mucho m\u00e1s peque\u00f1as que las requeridas para otros productos de etanol de otros fabricantes. Por supuesto,\u00a0 a<\/span><span style=\"font-family: verdana, geneva, sans-serif;\">dem\u00e1s de su eficiencia este modelo cumple con todas las normas de seguridad y funcionalidad vigentes.<\/span><\/p>\n<p class=\"tw-data-text tw-text-large tw-ta\" dir=\"ltr\" style=\"text-align: justify;\" data-placeholder=\"Traducci\u00f3n\"><span class=\"Y2IQFc\" lang=\"es\" style=\"font-family: verdana, geneva, sans-serif;\"><a href=\"https:\/\/www.facebook.com\/ambifuego.sur\" target=\"_blank\" rel=\"noopener\"><strong>Ambifuego<\/strong><\/a> se enorgullece de ofrecer esta nueva generaci\u00f3n de chimeneas de bioetanol. Este modelo pertenece a una gama \u00fanica de aparatos de calefacci\u00f3n de lujo respetuosos con el medio ambiente que incorporan tecnolog\u00edas innovadoras en t\u00e9rminos de seguridad, funcionalidad y eficiencia.<\/span><\/p>\n<ul>\n<li><span style=\"font-family: verdana, geneva, sans-serif;\">Salida de humos no necesaria.<\/span><\/li>\n<li><span style=\"font-family: verdana, geneva, sans-serif;\">Control con mando a distancia.<\/span><\/li>\n<li><span style=\"font-family: verdana, geneva, sans-serif;\">100% de eficiencia.<\/span><\/li>\n<li><span style=\"font-family: verdana, geneva, sans-serif;\">Encendido autom\u00e1tico.<\/span><\/li>\n<li><span style=\"font-family: verdana, geneva, sans-serif;\">Potencia m\u00e1xima; 3,5Kw.<\/span><\/li>\n<li><span style=\"font-family: verdana, geneva, sans-serif;\">Potencia m\u00ednima; 2,5Kw.<\/span><\/li>\n<li><span style=\"font-family: verdana, geneva, sans-serif;\">Sistema de recarga de combustible mediante una bomba autom\u00e1tica.<\/span><\/li>\n<li><span style=\"font-family: verdana, geneva, sans-serif;\">Sin olores, humos ni suciedad.<\/span><\/li>\n<li><span style=\"font-family: verdana, geneva, sans-serif;\">Consumo de bioetanol al m\u00e1ximo; 0,45 litros por hora.<\/span><\/li>\n<li><span style=\"font-family: verdana, geneva, sans-serif;\">Consumo de bioetanol al m\u00ednimo; 0,30 litros por hora.<\/span><\/li>\n<li><span style=\"font-family: verdana, geneva, sans-serif;\">Capacidad de almacenamiento del tanque; 3,5 litros.<\/span><\/li>\n<li><span style=\"font-family: verdana, geneva, sans-serif;\">Para m\u00e1s informaci\u00f3n <a href=\"https:\/\/www.ambifuego.net\/contacto\/\" target=\"_blank\" rel=\"noopener\">contactar<\/a><\/span><\/li>\n<\/ul>\n<p><\/div>\n\t\t<\/div><div class='yrm-btn-wrapper yrm-btn-wrapper-1 yrm-more-button-wrapper  '\n\t\tdata-custom-more-class-name='' data-custom-less-class-name=''><span title='' data-less-title='' data-more-title='' class='yrm-toggle-expand  yrm-toggle-expand-1 ' data-rel='yrm-na1RY' data-more='M\u00e1s detalles ' data-less='Ver menos'><span class='yrm-text-wrapper yrm-text-wrapper-custom-dimensions'><span class=\"yrm-button-text-1 yrm-button-text-span\">M\u00e1s detalles <\/span><\/span><\/span><\/div>\n","protected":false},"excerpt":{"rendered":"[video width=\"1720\" height=\"880\" mp4=\"https:\/\/www.ambifuego.net\/wp-content\/uploads\/2023\/05\/Estufa-de-Bioetanol-.mp4\" loop=\"true\" autoplay=\"true\" preload=\"auto\"][\/video]\n","protected":false},"featured_media":80033,"template":"","meta":[],"product_brand":[],"product_cat":[476],"product_tag":[],"class_list":{"0":"post-63750","1":"product","2":"type-product","3":"status-publish","4":"has-post-thumbnail","6":"product_cat-chimeneas-y-estufa-de-bioetanol","8":"first","9":"instock","10":"shipping-taxable","11":"product-type-simple"},"_links":{"self":[{"href":"https:\/\/www.ambifuego.net\/es\/wp-json\/wp\/v2\/product\/63750","targetHints":{"allow":["GET"]}}],"collection":[{"href":"https:\/\/www.ambifuego.net\/es\/wp-json\/wp\/v2\/product"}],"about":[{"href":"https:\/\/www.ambifuego.net\/es\/wp-json\/wp\/v2\/types\/product"}],"version-history":[{"count":0,"href":"https:\/\/www.ambifuego.net\/es\/wp-json\/wp\/v2\/product\/63750\/revisions"}],"wp:featuredmedia":[{"embeddable":true,"href":"https:\/\/www.ambifuego.net\/es\/wp-json\/wp\/v2\/media\/80033"}],"wp:attachment":[{"href":"https:\/\/www.ambifuego.net\/es\/wp-json\/wp\/v2\/media?parent=63750"}],"wp:term":[{"taxonomy":"product_brand","embeddable":true,"href":"https:\/\/www.ambifuego.net\/es\/wp-json\/wp\/v2\/product_brand?post=63750"},{"taxonomy":"product_cat","embeddable":true,"href":"https:\/\/www.ambifuego.net\/es\/wp-json\/wp\/v2\/product_cat?post=63750"},{"taxonomy":"product_tag","embeddable":true,"href":"https:\/\/www.ambifuego.net\/es\/wp-json\/wp\/v2\/product_tag?post=63750"}],"curies":[{"name":"wp","href":"https:\/\/api.w.org\/{rel}","templated":true}]}}