{"id":52652,"date":"2022-05-06T15:02:32","date_gmt":"2022-05-06T13:02:32","guid":{"rendered":"https:\/\/www.ambifuego.net\/xtempx\/producto\/barbacoa-con-quemador-lateral-sear\/"},"modified":"2026-02-25T16:44:49","modified_gmt":"2026-02-25T15:44:49","slug":"barbacoa-quemador-infrarrojo-lateral","status":"publish","type":"product","link":"https:\/\/www.ambifuego.net\/es\/producto\/barbacoa-quemador-infrarrojo-lateral\/","title":{"rendered":"BBQ + SELLADOR CARNES"},"content":{"rendered":"<p style=\"text-align: justify;\"><span style=\"font-family: verdana, geneva, sans-serif;\"><strong>Barbacoa quemador infrarrojo lateral para encastrar<\/strong> en cocina exterior<em>. <\/em>Este es un modelo perfecto para los amantes de la buena mesa y para los parrilleros m\u00e1s exigentes. Con una <strong>excelente construcci\u00f3n <\/strong>y su dise\u00f1o elegante, esta barbacoa nos quedara fant\u00e1stica en cualquier cocina exterior en cualquier zona de nuestra terraza o jard\u00edn. S\u00f3lo pulsando un bot\u00f3n enciende los quemadores y\u00a0 alcanza\u00a0 la\u00a0 temperatura\u00a0 de cocci\u00f3n en cuesti\u00f3n de minutos. Gracias al term\u00f3metro integrado en la tapa, usted podr\u00e1 conseguir las temperaturas perfectas cuando utilice su barbacoa. Con la funci\u00f3n horno, para realizar asados, pizzas, pescados al horno, etc..<\/span><\/p>\n<div class='yrm-content yrm-content-1 yrm-content-hide  ' id='yrm-42Hyx' data-id='1' data-show-status='false' data-after-action='' style=\"visibility: hidden;height: 0;\">\n\t\t\t<div id='yrm-inner-content-yrm-42Hyx' class='yrm-inner-content-wrapper yrm-cntent-1'><\/p>\n<h2 style=\"text-align: justify;\"><span style=\"font-size: 12pt; font-family: verdana, geneva, sans-serif;\">\u00bfBarbacoa con quemador lateral Sear, que es?<\/span><\/h2>\n<p style=\"text-align: justify;\"><span style=\"font-family: verdana, geneva, sans-serif;\">Un quemador Infrarrojo <strong>Sear burner<\/strong> o <strong>quemador para dorar <\/strong>de 4,4 Kw de potencia -en el lateral y debajo de la parrilla sin ning\u00fan difusor por en medio. Su funci\u00f3n es el de dorar y sellar la carne muy r\u00e1pidamente para que no pierdan los jugos y as\u00ed tener un sabor intenso de la carne. Esto se consigue por la gran rapidez y fuerza calor\u00edfica que alcanza este quemador. Una vez sellada y dorada la carne la podemos pasar por los quemadores tradicionales para que se termine de hacer. Esta es una forma m\u00e1s profesional de cocinar carnes gruesas para que nos queden crujientes por fuera y tiernas y jugosas por dentro. El quemador infrarrojo \u201c<strong>Sear burner<\/strong>\u201d no hace falta que lo utilicemos cada vez que hagamos una barbacoa, eso ya va en funci\u00f3n de nuestro gusto y elecci\u00f3n.<\/span><\/p>\n<h2 style=\"text-align: justify;\"><span style=\"font-family: verdana, geneva, sans-serif; font-size: 12pt;\">Barbacoa con quemador, producto robusto para disfrutar muchos a\u00f1os!<\/span><\/h2>\n<p style=\"text-align: justify;\"><span class=\"Y2IQFc\" lang=\"es\" style=\"font-family: verdana, geneva, sans-serif;\">En la cavidad bajo la tapa de la barbacoa interior de la barbacoa se encuentra una rejilla, donde puede colocar los alimentos cocinados para mantenerlos \u00a0calientes sin que se quemen, mientras libera espacio para cocinar m\u00e1s alimentos en las parrillas de cocci\u00f3n. Los 3 quemadores de acero inoxidable se encienden individualmente usando el sistema de encendido electr\u00f3nico con bot\u00f3n pulsador y se controlan usando las perillas de control individuales al frente de la barbacoa. Equipado con una tapa abatible que cuando est\u00e1 cerrada act\u00faa como si fuera un horno convencional, ideal para asados. Esta caracter\u00edstica le amplia la gama de alimentos que puede cocinar con este fant\u00e1stico modelo. Sobre la tapa de la barbacoa hay un term\u00f3metro que le ayuda a controlar adecuadamente el proceso de la cocci\u00f3n de los alimentos, ya que puede controlar completamente el calor dentro del \u00e1rea de barbacoa.<\/span><\/p>\n<p style=\"text-align: justify;\"><span style=\"font-family: verdana, geneva, sans-serif;\"><span class=\"Y2IQFc\" lang=\"es\">Son ideales para personalizar tu cocina de exterior con una barbacoa, horno, fregadero,&#8230;. Cualquiera puede comprar una parrilla para exteriores en una ferreter\u00eda local, pero solo las parrillas empotradas son personalizadas para una cocina al aire libre en su jard\u00edn o patio trasero. De hecho, con una parrilla incorporada, puede <\/span>crear una cocina al aire libre completa, lo que le brinda el espacio de encimera que necesita para <span class=\"Y2IQFc\" lang=\"es\">cocinar una gran comida al aire libre.<\/span><\/span><\/p>\n<p style=\"text-align: justify;\"><span style=\"font-family: verdana, geneva, sans-serif;\">Este modelo de barbacoa viene equipada con una bandeja recoge grasas en el frente, seguro que ser\u00e1 lo que le falta para personalizar la cocina exterior de sus sue\u00f1os.<\/span><\/p>\n<h2><span style=\"font-size: 12pt;\">Descripci\u00f3n<\/span><\/h2>\n<ul>\n<li><span style=\"font-family: verdana, geneva, sans-serif;\">barbacoa quemador infrarrojo lateral &#8211; sellador.<\/span><\/li>\n<li style=\"text-align: justify;\"><span style=\"font-family: verdana, geneva, sans-serif;\">Tapa horno de la barbacoa de doble capa en acero.<\/span><\/li>\n<li style=\"text-align: justify;\"><span style=\"font-family: verdana, geneva, sans-serif;\">1 quemador Infrarrojo de 3,2 Kw en la parte trasera &#8211; Ideal para usar junto con el rustidor.<\/span><\/li>\n<li style=\"text-align: justify;\"><span style=\"font-family: verdana, geneva, sans-serif;\">Quemadores de acero inoxidable 304SS.<\/span><\/li>\n<li style=\"text-align: justify;\"><span style=\"font-family: verdana, geneva, sans-serif;\">Superficie de cocci\u00f3n 60 x 45 cm.<\/span><\/li>\n<li style=\"text-align: justify;\"><span style=\"font-family: verdana, geneva, sans-serif;\">1 Plancha de fundici\u00f3n 44 x 20 cm.<\/span><\/li>\n<li style=\"text-align: justify;\"><span style=\"font-family: verdana, geneva, sans-serif;\">2 Parrillas de fundici\u00f3n 20 x 45 cm.<\/span><\/li>\n<li style=\"text-align: justify;\"><span style=\"font-family: verdana, geneva, sans-serif;\">Botones de encendido electr\u00f3nico.<\/span><\/li>\n<li style=\"text-align: justify;\"><span style=\"font-family: verdana, geneva, sans-serif;\">Parrilla de calentamiento.<\/span><\/li>\n<li style=\"text-align: justify;\"><span style=\"font-family: verdana, geneva, sans-serif;\">Bandeja recoge jugos de acero con asa en el frente. F\u00e1cil limpieza<\/span><\/li>\n<li style=\"text-align: justify;\"><span style=\"font-family: verdana, geneva, sans-serif;\">3 Quemadores con potencia total 17,2 Kw<\/span><\/li>\n<li style=\"text-align: justify;\"><span style=\"font-family: verdana, geneva, sans-serif;\">Quemador lateral sellador 4,4 Kw<\/span><\/li>\n<li><a href=\"https:\/\/www.ambifuego.net\/wp-content\/uploads\/2023\/06\/05-06-23-bbq.pub2_compressed-1.pdf\" target=\"_blank\" rel=\"noopener\"><span style=\"font-family: verdana, geneva, sans-serif;\">Cat\u00e1logo<\/span><\/a><\/li>\n<\/ul>\n<p><\/div>\n\t\t<\/div><div class='yrm-btn-wrapper yrm-btn-wrapper-1 yrm-more-button-wrapper  '\n\t\tdata-custom-more-class-name='' data-custom-less-class-name=''><span title='' data-less-title='' data-more-title='' class='yrm-toggle-expand  yrm-toggle-expand-1 ' data-rel='yrm-42Hyx' data-more='M\u00e1s detalles ' data-less='Ver menos'><span class='yrm-text-wrapper yrm-text-wrapper-custom-dimensions'><span class=\"yrm-button-text-1 yrm-button-text-span\">M\u00e1s detalles <\/span><\/span><\/span><\/div>\n","protected":false},"excerpt":{"rendered":"<p><img fetchpriority=\"high\" decoding=\"async\" class=\"alignnone size-full wp-image-52622\" src=\"https:\/\/www.ambifuego.net\/wp-content\/uploads\/2018\/06\/quemador_infrarrojos_lateral_optimized.jpg\" alt=\"\" width=\"380\" height=\"449\" srcset=\"https:\/\/www.ambifuego.net\/wp-content\/uploads\/2018\/06\/quemador_infrarrojos_lateral_optimized.jpg 380w, https:\/\/www.ambifuego.net\/wp-content\/uploads\/2018\/06\/quemador_infrarrojos_lateral_optimized-229x270.jpg 229w, https:\/\/www.ambifuego.net\/wp-content\/uploads\/2018\/06\/quemador_infrarrojos_lateral_optimized-372x439.jpg 372w\" sizes=\"(max-width: 380px) 100vw, 380px\" \/><\/p>\n","protected":false},"featured_media":79764,"template":"","meta":[],"product_brand":[],"product_cat":[284,287],"product_tag":[],"class_list":{"0":"post-52652","1":"product","2":"type-product","3":"status-publish","4":"has-post-thumbnail","6":"product_cat-barbacoas-gas-hornos-lena-exteriores-jardin","7":"product_cat-barbacoas-islas-cocina-exterior-barbecues-ovens-kamado-gas-wood","9":"first","10":"instock","11":"shipping-taxable","12":"product-type-simple"},"_links":{"self":[{"href":"https:\/\/www.ambifuego.net\/es\/wp-json\/wp\/v2\/product\/52652","targetHints":{"allow":["GET"]}}],"collection":[{"href":"https:\/\/www.ambifuego.net\/es\/wp-json\/wp\/v2\/product"}],"about":[{"href":"https:\/\/www.ambifuego.net\/es\/wp-json\/wp\/v2\/types\/product"}],"version-history":[{"count":1,"href":"https:\/\/www.ambifuego.net\/es\/wp-json\/wp\/v2\/product\/52652\/revisions"}],"predecessor-version":[{"id":83422,"href":"https:\/\/www.ambifuego.net\/es\/wp-json\/wp\/v2\/product\/52652\/revisions\/83422"}],"wp:featuredmedia":[{"embeddable":true,"href":"https:\/\/www.ambifuego.net\/es\/wp-json\/wp\/v2\/media\/79764"}],"wp:attachment":[{"href":"https:\/\/www.ambifuego.net\/es\/wp-json\/wp\/v2\/media?parent=52652"}],"wp:term":[{"taxonomy":"product_brand","embeddable":true,"href":"https:\/\/www.ambifuego.net\/es\/wp-json\/wp\/v2\/product_brand?post=52652"},{"taxonomy":"product_cat","embeddable":true,"href":"https:\/\/www.ambifuego.net\/es\/wp-json\/wp\/v2\/product_cat?post=52652"},{"taxonomy":"product_tag","embeddable":true,"href":"https:\/\/www.ambifuego.net\/es\/wp-json\/wp\/v2\/product_tag?post=52652"}],"curies":[{"name":"wp","href":"https:\/\/api.w.org\/{rel}","templated":true}]}}