{"id":50023,"date":"2022-02-28T14:06:10","date_gmt":"2022-02-28T13:06:10","guid":{"rendered":"https:\/\/www.ambifuego.net\/xtempx\/?post_type=product&#038;p=50023"},"modified":"2025-10-08T13:33:51","modified_gmt":"2025-10-08T11:33:51","slug":"estufa-cocina-compacta-lena","status":"publish","type":"product","link":"https:\/\/www.ambifuego.net\/es\/producto\/estufa-cocina-compacta-lena\/","title":{"rendered":"WARMHEARTH"},"content":{"rendered":"<p><span style=\"font-family: verdana, geneva, sans-serif;\"><strong>\u00a0Estufa-cocina compacta le\u00f1a <a href=\"https:\/\/www.esse.com\/the-ironheart-range\/warmheart\/\" target=\"_blank\" rel=\"noopener\">Warmheart<\/a>\u00a0<\/strong>de la marca<strong> ESSE, <\/strong>\u00a0fabricante muy reconocido en el Reino Unido<strong>. <\/strong><\/span><\/p>\n<h2><span style=\"font-size: 12pt; font-family: verdana, geneva, sans-serif;\">Warmhearth una cocina compacta de le\u00f1a para cocinar, caldear y disfrutar de la vista del fuego.<\/span><\/h2>\n<div id=\"page-container\">\n<div id=\"et-boc\" class=\"et-boc\">\n<div id=\"et-main-area\">\n<div id=\"main-content\">\n<div class=\"et-l et-l--body\">\n<div class=\"et_builder_inner_content et_pb_gutters3 product\">\n<div class=\"et_pb_section et_pb_section_0_tb_body et_section_regular\">\n<div class=\"et_pb_row et_pb_row_3_tb_body\">\n<div class=\"et_pb_column et_pb_column_4_4 et_pb_column_4_tb_body et_pb_css_mix_blend_mode_passthrough et-last-child\">\n<div class=\"et_pb_module et_pb_tabs et_pb_tabs_0_tb_body product-tabs \">\n<div class=\"et_pb_all_tabs\">\n<div class=\"et_pb_tab et_pb_tab_0_tb_body clearfix et_pb_active_content et-pb-active-slide\">\n<div class=\"et_pb_tab_content\">\n<div class=\"woocommerce et-dynamic-content-woo et-dynamic-content-woo--product_description\">\n<p style=\"text-align: justify;\"><span style=\"font-family: verdana, geneva, sans-serif;\">\u00bfSin gas o electricidad? No hay problema. El Warmheart se adapta para viviendas fuera de la ciudad, por lo que es la opci\u00f3n perfecta para lugares remotos.<\/span><\/p>\n<p style=\"text-align: justify;\"><span style=\"font-family: verdana, geneva, sans-serif;\">Este es un modelo de dise\u00f1o elegante muy eficiente que proporciona calor radiante como una estufa. Probablemente esta \u00a0estufa-cocina compacta de le\u00f1a, es la soluci\u00f3n perfecta para una casita rural en un campo remoto lejos de la civilizaci\u00f3n. Asimismo, este modelo est\u00e1 fabricado con fundici\u00f3n, para una larga durabilidad y adem\u00e1s tiene un dise\u00f1o y\u00a0 estilo minimalista que le dan un toque contemporaneo.<\/span><\/p>\n<div class=\"woocommerce et-dynamic-content-woo et-dynamic-content-woo--product_description\">\n<p style=\"text-align: justify;\"><span style=\"font-family: verdana, geneva, sans-serif;\">El modelo Warmheart adem\u00e1s de cocina, tambi\u00e9n tiene incorporados paneles de convecci\u00f3n. Por ello, actua como lo har\u00eda una estufa de le\u00f1a irradiando calor en la estancia donde se encuentre.<\/span><\/p>\n<p style=\"text-align: justify;\"><span style=\"font-family: verdana, geneva, sans-serif;\">Ciertamente, gracias a su exclusiva tecnolog\u00eda permite alcanzar r\u00e1pidamente altas temperaturas que permite cocinar en muy poco tiempo tr\u00e1s su encendido. Otra car\u00e1cter\u00edstica es que la encimera alcanza una temperatura entre 300\u00baC y 190\u00baC en sus anillos de cocci\u00f3n.<\/span><\/p>\n<p style=\"text-align: justify;\"><span style=\"font-family: verdana, geneva, sans-serif;\">Es m\u00e1s, si lo necesita puede combinarlo con una caldera para la calefacci\u00f3n de la vivienda. Es decir mientras cocina el Warmheart de 5kW le proporcionar\u00e1 tambi\u00e9n agua caliente.<\/span><\/p>\n<p style=\"text-align: justify;\"><span style=\"font-family: verdana, geneva, sans-serif;\">No obstante su tama\u00f1o, la camara de combusti\u00f3n le permite quemar le\u00f1a seca de hasta 36cm de longitud. Es un modelo de medidas medianas que puede ser f\u00e1cilmente instalado en cualquier estancia sin ocupar demasiado espacio.<\/span><\/p>\n<h2 style=\"text-align: justify;\"><span style=\"font-size: 12pt; font-family: verdana, geneva, sans-serif;\">Car\u00e1cteristicas<\/span><\/h2>\n<ul>\n<li><span style=\"font-family: verdana, geneva, sans-serif;\">Placa de cocci\u00f3n de temperatura graduada en hierro fundido desde 190 \u00b0 C hasta 300 \u00b0 C<\/span><\/li>\n<li><span style=\"font-family: verdana, geneva, sans-serif;\">Calefacci\u00f3n y cocina, todo en uno.<\/span><\/li>\n<li><span style=\"font-family: verdana, geneva, sans-serif;\">Compatible con caldera dom\u00e9stica.<\/span><\/li>\n<li><span style=\"font-family: verdana, geneva, sans-serif;\">Control de entrada de ox\u00edgeno.<\/span><\/li>\n<li><span style=\"font-family: verdana, geneva, sans-serif;\">Potencia de calor de 5kW<\/span><\/li>\n<li><span style=\"font-family: verdana, geneva, sans-serif;\">Eficiencia del 82,3%.<\/span><\/li>\n<li><span style=\"font-family: verdana, geneva, sans-serif;\">Calificaci\u00f3n energ\u00e9tica \u00abA +\u00bb<\/span><\/li>\n<li><span style=\"font-family: verdana, geneva, sans-serif;\"><a href=\"https:\/\/www.ambifuego.net\/wp-content\/uploads\/2022\/02\/bakeheart-warmheart-Manual_compressed.pdf\" target=\"_blank\" rel=\"noopener\">Informaci\u00f3n<\/a><\/span><\/li>\n<\/ul>\n<\/div>\n<\/div>\n<\/div>\n<\/div>\n<div class=\"et_pb_section et_pb_section_1_tb_body et_pb_with_background et_section_regular\">\n<div class=\"et_pb_row et_pb_row_4_tb_body\">\n<div class=\"et_pb_column et_pb_column_4_4 et_pb_column_5_tb_body et_pb_css_mix_blend_mode_passthrough et-last-child\">\n<div class=\"et_pb_with_border et_pb_module et_pb_code et_pb_code_3_tb_body et_pb_text_align_center\">\n<div class=\"et_pb_code_inner\">\n<div id=\"p-files\" class=\"filesContent\">\n<div>\n<figure id=\"attachment_50036\" aria-describedby=\"caption-attachment-50036\" style=\"width: 398px\" class=\"wp-caption alignnone\"><img fetchpriority=\"high\" decoding=\"async\" class=\"wp-image-50036\" title=\"estufa-cocina compacta de le\u00f1a medidas warmhearth\" src=\"https:\/\/www.ambifuego.net\/wp-content\/uploads\/2022\/02\/warmheart-dimensions_optimized.jpg\" alt=\"estufa-cocina compacta de le\u00f1a medidas warmhearth\" width=\"398\" height=\"398\" \/><figcaption id=\"caption-attachment-50036\" class=\"wp-caption-text\"><span style=\"font-family: verdana, geneva, sans-serif;\">estufa-cocina compacta de le\u00f1a medidas warmhearth<\/span><\/figcaption><\/figure>\n<\/div>\n<\/div>\n<footer class=\"et-l et-l--footer\">\n<div class=\"et_builder_inner_content et_pb_gutters3 product\">\n<div class=\"et_pb_section et_pb_section_0_tb_footer et_pb_with_background et_section_regular\">\n<div class=\"et_pb_row et_pb_row_0_tb_footer\">\n<div class=\"et_pb_column et_pb_column_1_3 et_pb_column_0_tb_footer et_pb_css_mix_blend_mode_passthrough\">\n<div class=\"et_pb_with_border et_pb_module et_pb_text et_pb_text_0_tb_footer et_pb_text_align_center et_pb_bg_layout_light\"><\/div>\n<\/div>\n<\/div>\n<\/div>\n<\/div>\n<\/footer>\n<\/div>\n<\/div>\n<\/div>\n<\/div>\n<\/div>\n<\/div>\n<\/div>\n<\/div>\n<\/div>\n<\/div>\n<\/div>\n<\/div>\n<\/div>\n<\/div>\n<\/div>\n<\/div>\n","protected":false},"excerpt":{"rendered":"<p><span style=\"font-family: verdana, geneva, sans-serif;\">La estufa de le\u00f1a compacta Warmheart es la soluci\u00f3n de calefacci\u00f3n perfecta para una casas con calefacci\u00f3n de le\u00f1a o tradicional de campo.<\/span><\/p>\n","protected":false},"featured_media":78923,"template":"","meta":[],"product_brand":[],"product_cat":[289],"product_tag":[],"class_list":{"0":"post-50023","1":"product","2":"type-product","3":"status-publish","4":"has-post-thumbnail","6":"product_cat-fabricante-cocinas-fundicion-antigua","8":"first","9":"instock","10":"shipping-taxable","11":"product-type-simple"},"_links":{"self":[{"href":"https:\/\/www.ambifuego.net\/es\/wp-json\/wp\/v2\/product\/50023","targetHints":{"allow":["GET"]}}],"collection":[{"href":"https:\/\/www.ambifuego.net\/es\/wp-json\/wp\/v2\/product"}],"about":[{"href":"https:\/\/www.ambifuego.net\/es\/wp-json\/wp\/v2\/types\/product"}],"version-history":[{"count":0,"href":"https:\/\/www.ambifuego.net\/es\/wp-json\/wp\/v2\/product\/50023\/revisions"}],"wp:featuredmedia":[{"embeddable":true,"href":"https:\/\/www.ambifuego.net\/es\/wp-json\/wp\/v2\/media\/78923"}],"wp:attachment":[{"href":"https:\/\/www.ambifuego.net\/es\/wp-json\/wp\/v2\/media?parent=50023"}],"wp:term":[{"taxonomy":"product_brand","embeddable":true,"href":"https:\/\/www.ambifuego.net\/es\/wp-json\/wp\/v2\/product_brand?post=50023"},{"taxonomy":"product_cat","embeddable":true,"href":"https:\/\/www.ambifuego.net\/es\/wp-json\/wp\/v2\/product_cat?post=50023"},{"taxonomy":"product_tag","embeddable":true,"href":"https:\/\/www.ambifuego.net\/es\/wp-json\/wp\/v2\/product_tag?post=50023"}],"curies":[{"name":"wp","href":"https:\/\/api.w.org\/{rel}","templated":true}]}}