{"id":47733,"date":"2021-12-02T11:48:33","date_gmt":"2021-12-02T10:48:33","guid":{"rendered":"https:\/\/www.ambifuego.net\/xtempx\/?post_type=product&#038;p=47733"},"modified":"2025-11-17T10:32:37","modified_gmt":"2025-11-17T09:32:37","slug":"mini-pellet-estufa-pequena","status":"publish","type":"product","link":"https:\/\/www.ambifuego.net\/es\/producto\/mini-pellet-estufa-pequena\/","title":{"rendered":"MINI"},"content":{"rendered":"<h1><span style=\"font-size: 18pt;\">Estufa de pellets peque\u00f1a<\/span><\/h1>\n<p style=\"text-align: justify;\"><span style=\"font-family: verdana, geneva, sans-serif;\">Estufa peque\u00f1a pellet eficiente modelo MINI. Una estufa con un dise\u00f1o compacto, de s\u00f3lo 28 cm de profundidad, realzado por el frontal de cristal \u00abMagic\u00bb. Gracias a la pantalla LCD que permite la programaci\u00f3n, esta estufa se adapta perfectamente al estilo de vida moderno. Perfecto para todos los entornos, el MINI\u00a0 mantiene los est\u00e1ndares ecol\u00f3gicos y de ahorro de energ\u00eda.<\/span><\/p>\n<div class='yrm-content yrm-content-1 yrm-content-hide  ' id='yrm-Y0DXZ' data-id='1' data-show-status='false' data-after-action='' style=\"visibility: hidden;height: 0;\">\n\t\t\t<div id='yrm-inner-content-yrm-Y0DXZ' class='yrm-inner-content-wrapper yrm-cntent-1'><\/p>\n<p style=\"text-align: justify;\"><span style=\"font-family: verdana, geneva, sans-serif;\">La soluci\u00f3n para espacios extremadamente reducidos, modelo de estufa peque\u00f1a dise\u00f1ada para ser colocada en habitaciones con espacios limitados; su tama\u00f1o\u00a0 y su dise\u00f1o moderno encaja en cualquier tipo de ambientes.\u00a0 Es una estufa con l\u00edneas simples, garantiza eficiencias claramente superiores al 90% y potencia de casi 5 kW suficientes para calentar habitaciones peque\u00f1as.<\/span><\/p>\n<p>&nbsp;<\/p>\n<p style=\"text-align: justify;\"><span style=\"font-family: verdana, geneva, sans-serif;\">Las caracter\u00edsticas \u00fanicas de este producto son el vidrio MAGIC, que es opaco cuando la estufa se apaga y permite vislumbrar las llamas una vez que se enciende, y las patas de madera que agregan un toque de valor a toda la estufa.\u00a0 Disponible\u00a0 \u00a0en\u00a0 cuatro\u00a0 colores; burdeos, blanco, negro y \u00f3xido.<\/span><\/p>\n<h2 style=\"text-align: justify;\"><span style=\"font-family: verdana, geneva, sans-serif; font-size: 14pt;\">Estufa peque\u00f1a pellet eficiente con wifi opcional para controlar tambi\u00e9n si no est\u00e1 en casa.<\/span><\/h2>\n<p style=\"text-align: justify;\"><span style=\"font-family: verdana, geneva, sans-serif;\">Los modelos peque\u00f1os de estufas de pellets garantizan eficiencias claramente superiores al 90%. Las potencias van desde 4,4 kW hasta los 6,4 kW, suficientes para calentar espacios medianos y peque\u00f1os.\u00a0 De tama\u00f1o peque\u00f1o y dise\u00f1o moderno, ser\u00e1n un punto focal en cualquier estancia. <\/span><\/p>\n<p style=\"text-align: justify;\"><span style=\"font-family: verdana, geneva, sans-serif;\">El modelo Mini tiene una caracteristica \u00fanica que es el vidio MAGIC. El cristal es opaco cuando la estufa se apaga y permite vislumbrar las llamas una vez que se enciende el fuego. Adem\u00e1s las patas son de madera agregan un toque de valor a la estufa. Varios colores a elegir , burdeos, blanco, negro, \u00f3xido o antracita.<\/span><\/p>\n<p style=\"text-align: justify;\"><span style=\"font-family: verdana, geneva, sans-serif;\">La eficiencia t\u00e9rmica llega hasta el 98 % irradiando todo el calor de la estufa hacia la casa en lugar de dispersarse a trav\u00e9s de los gases de escape. M\u00ednimo consumo, m\u00e1ximo rendimiento.<\/span><\/p>\n<p style=\"text-align: justify;\"><span style=\"font-family: verdana, geneva, sans-serif;\">El mantenimiento a la estufa de pellets implica darle un buen uso y utilizar productos de la mejor calidad. Para ser m\u00e1s exactos el pellets a utilizar tiene que ser un producto reconocido en el mercado por su calidad como es A++. Al utilizar un biocombustible de baja calidad ensuciar\u00e1 mucho m\u00e1s la estufa y disminuir\u00e1 la durabilidad.<\/span><\/p>\n<ul>\n<li><span style=\"font-family: verdana, geneva, sans-serif;\"><a href=\"https:\/\/www.facebook.com\/teporstufe\/photos\/a.178079479589450\/739939193403473\/\" target=\"_blank\" rel=\"noopener\">Chimenea, estufa de pellets<\/a>, un material con alto poder calor\u00edfico y baja emisi\u00f3n de CO2. Modelo de peque\u00f1o tama\u00f1o. F\u00e1cil de usar y mantener. Salida de\u00a0 humos superior o trasera. Sin humos, apenas cenizas y gran poder calor\u00edfico.<\/span><\/li>\n<li style=\"text-align: justify;\"><span style=\"font-family: verdana, geneva, sans-serif;\"><a href=\"https:\/\/www.ambifuego.net\/wp-content\/uploads\/2022\/04\/TEPOR_catalogo-tecnico_2021_CORRETTO.pdf\" target=\"_blank\" rel=\"noopener\">Cat\u00e1logo<\/a><\/span><\/li>\n<li><a href=\"https:\/\/www.ambifuego.net\/contacto\/\" target=\"_blank\" rel=\"noopener\"><span style=\"font-family: verdana, geneva, sans-serif;\">PVP &#8211; Disponibilidad<\/span><\/a><br \/>\n<img decoding=\"async\" class=\" wp-image-81670\" src=\"https:\/\/www.ambifuego.net\/wp-content\/uploads\/2021\/12\/ETIQUETA-EFICIENCIA-MINI-COLORES_11zon.webp\" alt=\"estufa peque\u00f1a colores mini\" width=\"727\" height=\"61\" \/><\/li>\n<\/ul>\n<p><\/div>\n\t\t<\/div><div class='yrm-btn-wrapper yrm-btn-wrapper-1 yrm-more-button-wrapper  '\n\t\tdata-custom-more-class-name='' data-custom-less-class-name=''><span title='' data-less-title='' data-more-title='' class='yrm-toggle-expand  yrm-toggle-expand-1 ' data-rel='yrm-Y0DXZ' data-more='M\u00e1s detalles ' data-less='Ver menos'><span class='yrm-text-wrapper yrm-text-wrapper-custom-dimensions'><span class=\"yrm-button-text-1 yrm-button-text-span\">M\u00e1s detalles <\/span><\/span><\/span><\/div>\n","protected":false},"excerpt":{"rendered":"[caption id=\"attachment_55463\" align=\"alignnone\" width=\"364\"]<img fetchpriority=\"high\" decoding=\"async\" class=\"size-full wp-image-55463\" src=\"https:\/\/www.ambifuego.net\/wp-content\/uploads\/2021\/12\/mini-roja.jpg\" alt=\"estufa peque\u00f1a pellet mini\" width=\"364\" height=\"439\" srcset=\"https:\/\/www.ambifuego.net\/wp-content\/uploads\/2021\/12\/mini-roja.jpg 364w, https:\/\/www.ambifuego.net\/wp-content\/uploads\/2021\/12\/mini-roja-224x270.jpg 224w\" sizes=\"(max-width: 364px) 100vw, 364px\" \/> estufa peque\u00f1a pellet mini[\/caption]\n","protected":false},"featured_media":81067,"template":"","meta":[],"product_brand":[],"product_cat":[275,279],"product_tag":[],"class_list":{"0":"post-47733","1":"product","2":"type-product","3":"status-publish","4":"has-post-thumbnail","6":"product_cat-chimeneas-de-biomasa","7":"product_cat-estufa-pellets-pequena-eficiente","9":"first","10":"instock","11":"shipping-taxable","12":"product-type-simple"},"_links":{"self":[{"href":"https:\/\/www.ambifuego.net\/es\/wp-json\/wp\/v2\/product\/47733","targetHints":{"allow":["GET"]}}],"collection":[{"href":"https:\/\/www.ambifuego.net\/es\/wp-json\/wp\/v2\/product"}],"about":[{"href":"https:\/\/www.ambifuego.net\/es\/wp-json\/wp\/v2\/types\/product"}],"version-history":[{"count":0,"href":"https:\/\/www.ambifuego.net\/es\/wp-json\/wp\/v2\/product\/47733\/revisions"}],"wp:featuredmedia":[{"embeddable":true,"href":"https:\/\/www.ambifuego.net\/es\/wp-json\/wp\/v2\/media\/81067"}],"wp:attachment":[{"href":"https:\/\/www.ambifuego.net\/es\/wp-json\/wp\/v2\/media?parent=47733"}],"wp:term":[{"taxonomy":"product_brand","embeddable":true,"href":"https:\/\/www.ambifuego.net\/es\/wp-json\/wp\/v2\/product_brand?post=47733"},{"taxonomy":"product_cat","embeddable":true,"href":"https:\/\/www.ambifuego.net\/es\/wp-json\/wp\/v2\/product_cat?post=47733"},{"taxonomy":"product_tag","embeddable":true,"href":"https:\/\/www.ambifuego.net\/es\/wp-json\/wp\/v2\/product_tag?post=47733"}],"curies":[{"name":"wp","href":"https:\/\/api.w.org\/{rel}","templated":true}]}}