{"id":46683,"date":"2021-10-25T13:15:45","date_gmt":"2021-10-25T11:15:45","guid":{"rendered":"https:\/\/www.ambifuego.net\/xtempx\/?post_type=product&#038;p=46683"},"modified":"2025-10-22T15:23:11","modified_gmt":"2025-10-22T13:23:11","slug":"barbacoa-inoxidable-5-quemadores","status":"publish","type":"product","link":"https:\/\/www.ambifuego.net\/es\/producto\/barbacoa-inoxidable-5-quemadores\/","title":{"rendered":"AMBIGRILL 5"},"content":{"rendered":"<p style=\"text-align: justify;\"><span style=\"font-family: verdana, geneva, sans-serif;\"><em>Esta<strong> Barbacoa inoxidable 5 quemadores<\/strong><\/em>, funciona con gas <strong>butano, propano<\/strong> o incluso puede adaptarse para <strong>gas natural<\/strong>. Puede que usted actualmente ya tenga una barbacoa de le\u00f1a o carb\u00f3n.\u00a0<\/span><\/p>\n<p style=\"text-align: justify;\"><span style=\"font-family: verdana, geneva, sans-serif;\">Le presentamos algunos datos comparando las barbacoas de gas y las de le\u00f1a. <\/span><\/p>\n<p style=\"text-align: justify;\"><span style=\"font-family: verdana, geneva, sans-serif;\">En una barbacoa de gas el encendido se realiza con solo pulsar un bot\u00f3n. As\u00ed la llama sale a trav\u00e9s del quemador y a los 5 minutos ya\u00a0 puede empezar a cocinar. Al ser r\u00e1pido y c\u00f3modo ponerla en funcionamiento, notar\u00e1 que no le da pereza usar su barbacoa de gas por lo que rentabilizar\u00e1 la compra. <\/span><\/p>\n<div class='yrm-content yrm-content-1 yrm-content-hide  ' id='yrm-Bd40M' data-id='1' data-show-status='false' data-after-action='' style=\"visibility: hidden;height: 0;\">\n\t\t\t<div id='yrm-inner-content-yrm-Bd40M' class='yrm-inner-content-wrapper yrm-cntent-1'><\/p>\n<p style=\"text-align: justify;\"><span style=\"font-family: verdana, geneva, sans-serif;\">Con una barbacoa de le\u00f1a deber\u00e1 dedicarle algo m\u00e1s de tiempo para encender y esperar hasta que las brasas esten listas para comenzar a cocinas.\u00a0<\/span><\/p>\n<p style=\"text-align: justify;\"><span style=\"font-family: verdana, geneva, sans-serif;\">Una barbacoa de gas, no produce humo al encenderse y durante la cocci\u00f3n la grasa cae sobre los difusores (protectores de los quemadores) que se ubican justo encima de los quemadores. El exceso de grasa se recoge en un recipiente situado debajo de los quemadores. En cambio con una barbacoa de le\u00f1a, siempre tendr\u00e1 algo de humo, al encenderla, tendr\u00e1 que limpiar las cenizas adem\u00e1s de el tiempo de espera hasta alcanzar la temperatura y las brasas necesarias.\u00a0<\/span><\/p>\n<h2 style=\"text-align: justify;\"><span style=\"font-family: verdana, geneva, sans-serif;\"><span style=\"font-size: 14pt;\">Barbacoa inoxidable 5 quemadores muchas opciones de cocinado.<\/span><\/span><\/h2>\n<p style=\"text-align: justify;\"><span style=\"font-family: verdana, geneva, sans-serif;\">El control de la potencia del fuego es muy sencillo y se realiza a trav\u00e9s de los mandos que controlan cada quemador. As\u00ed puede ajustar la potencia del fuego seg\u00fan el alimento a cocinar. La temperatura llega hasta los 250-300\u00ba, como un horno de cocina. Una vez que alcanza la temperatura es f\u00e1cil mantenerla constante, lo que es muy \u00fatil para cocinar algunos platos. La mayor\u00eda de modelos de gas incorporan un term\u00f3metro para controlar precisamente los grados en cada momento. En una barbacoa de le\u00f1a el control de temperatura es intuitivo y normalmente no tienen una tapa que haga la funci\u00f3n de horno.<\/span><\/p>\n<p style=\"text-align: justify;\"><span style=\"font-family: verdana, geneva, sans-serif;\">Las barbacoas de gas, por supuesto tambi\u00e9n permiten diferentes tipos de cocinado. Podr\u00e1 elaborar desde una barbacoa cl\u00e1sica hasta recetas m\u00e1s elaboradas. Gracias a su tapa, se convierte en horno, lo que multiplica las opciones de cocinar platos saludables (tambi\u00e9n postres). Algunos modelos incorporan planchas y accesorios concretos para pizzas, verduras al wok y pollos enteros.<\/span><\/p>\n<p style=\"text-align: justify;\"><span style=\"font-family: verdana, geneva, sans-serif;\">No hay ceniza y se limpia con facilidad. La grasas que caen en la bandejar recojejugos o la zona de cocci\u00f3n se limpian de vez en cuando, seg\u00fan sea el uso. Puede limpiarla tambi\u00e9n recurriendo a la pir\u00f3lisis (calentar la zona de cocci\u00f3n con la tapa bajada unos 15 minutos) para quemar los restos de barbacoas anteriores y simplemente retirarlos, cuando se enfr\u00edan. Muchas de las partes m\u00f3viles, como rejillas, planchas o difusores, se lavan en el lavavajillas.<\/span><\/p>\n<h2><span style=\"font-family: verdana, geneva, sans-serif; font-size: 14pt;\">Barbacoa inoxidable para encastrar en cualquier cocina exterior.<\/span><\/h2>\n<ul>\n<li><span style=\"font-family: verdana, geneva, sans-serif;\">Barbacoa de gas Butano, Propano o puede adaptarse para gas Natural<\/span><\/li>\n<li><span style=\"font-family: verdana, geneva, sans-serif;\">Barbacoa para encastrar en cocina exterior.<\/span><\/li>\n<li><span style=\"font-family: verdana, geneva, sans-serif;\">Fabricada con acero inoxidable doble capa.<\/span><\/li>\n<li><span style=\"font-family: verdana, geneva, sans-serif;\">Tapa del horno con term\u00f3metro.<\/span><\/li>\n<li><span style=\"font-family: verdana, geneva, sans-serif;\">4 Quemadores de fundici\u00f3n de acero, 4 kW cada uno.<\/span><\/li>\n<li><span style=\"font-family: verdana, geneva, sans-serif;\">1 Quemador trasero cer\u00e1mico infrarrojo sellador de carnes 4 kW.<\/span><\/li>\n<li><span style=\"font-family: verdana, geneva, sans-serif;\">Robustas parrilas de acero, cantos redondeados.<\/span><\/li>\n<li><span style=\"font-family: verdana, geneva, sans-serif;\">Bandeja recoje jugos de gran tama\u00f1o con desplazamiento frontal.<\/span><\/li>\n<li><span style=\"font-family: verdana, geneva, sans-serif;\">Bot\u00f3n de encendido autom\u00e1tico.<\/span><\/li>\n<li><span style=\"font-family: verdana, geneva, sans-serif;\">Superficie de cocci\u00f3n 102 x 45 cm.<\/span><\/li>\n<li><span style=\"font-family: verdana, geneva, sans-serif;\">Parrillas calentamiento 102 x 13 cm.<\/span><\/li>\n<li><span style=\"font-family: verdana, geneva, sans-serif;\">Maneta de acero inoxidable.<\/span><\/li>\n<li><span style=\"font-family: verdana, geneva, sans-serif;\">Quemador &#8211; rustidor trasero infrarrojo.<\/span><\/li>\n<li><span style=\"font-family: verdana, geneva, sans-serif;\">Peso 75 Kg.<\/span><\/li>\n<li><span style=\"font-family: verdana, geneva, sans-serif;\">Horno para complementar cocinas exteriores<\/span><\/li>\n<li><a href=\"https:\/\/www.ambifuego.net\/wp-content\/uploads\/2023\/06\/05-06-23-bbq.pub2_compressed-1.pdf\" target=\"_blank\" rel=\"noopener\"><span style=\"font-family: verdana, geneva, sans-serif;\">Cat\u00e1logo<\/span><\/a><\/li>\n<\/ul>\n<p><\/div>\n\t\t<\/div><div class='yrm-btn-wrapper yrm-btn-wrapper-1 yrm-more-button-wrapper  '\n\t\tdata-custom-more-class-name='' data-custom-less-class-name=''><span title='' data-less-title='' data-more-title='' class='yrm-toggle-expand  yrm-toggle-expand-1 ' data-rel='yrm-Bd40M' data-more='M\u00e1s detalles ' data-less='Ver menos'><span class='yrm-text-wrapper yrm-text-wrapper-custom-dimensions'><span class=\"yrm-button-text-1 yrm-button-text-span\">M\u00e1s detalles <\/span><\/span><\/span><\/div>\n","protected":false},"excerpt":{"rendered":"[caption id=\"attachment_46709\" align=\"alignnone\" width=\"393\"]<img fetchpriority=\"high\" decoding=\"async\" class=\"size-full wp-image-46709\" src=\"https:\/\/www.ambifuego.net\/wp-content\/uploads\/2021\/10\/5-burner-bbq-03_optimized_optimized.jpg\" alt=\"Barbacoa horno gas inoxidable - ambigrill\" width=\"393\" height=\"311\" \/> Barbacoa horno gas inoxidable &#8211; ambigrill[\/caption]\n<p>&nbsp;<\/p>\n","protected":false},"featured_media":79784,"template":"","meta":[],"product_brand":[],"product_cat":[284,287],"product_tag":[],"class_list":{"0":"post-46683","1":"product","2":"type-product","3":"status-publish","4":"has-post-thumbnail","6":"product_cat-barbacoas-gas-hornos-lena-exteriores-jardin","7":"product_cat-barbacoas-islas-cocina-exterior-barbecues-ovens-kamado-gas-wood","9":"first","10":"instock","11":"shipping-taxable","12":"product-type-simple"},"_links":{"self":[{"href":"https:\/\/www.ambifuego.net\/es\/wp-json\/wp\/v2\/product\/46683","targetHints":{"allow":["GET"]}}],"collection":[{"href":"https:\/\/www.ambifuego.net\/es\/wp-json\/wp\/v2\/product"}],"about":[{"href":"https:\/\/www.ambifuego.net\/es\/wp-json\/wp\/v2\/types\/product"}],"version-history":[{"count":0,"href":"https:\/\/www.ambifuego.net\/es\/wp-json\/wp\/v2\/product\/46683\/revisions"}],"wp:featuredmedia":[{"embeddable":true,"href":"https:\/\/www.ambifuego.net\/es\/wp-json\/wp\/v2\/media\/79784"}],"wp:attachment":[{"href":"https:\/\/www.ambifuego.net\/es\/wp-json\/wp\/v2\/media?parent=46683"}],"wp:term":[{"taxonomy":"product_brand","embeddable":true,"href":"https:\/\/www.ambifuego.net\/es\/wp-json\/wp\/v2\/product_brand?post=46683"},{"taxonomy":"product_cat","embeddable":true,"href":"https:\/\/www.ambifuego.net\/es\/wp-json\/wp\/v2\/product_cat?post=46683"},{"taxonomy":"product_tag","embeddable":true,"href":"https:\/\/www.ambifuego.net\/es\/wp-json\/wp\/v2\/product_tag?post=46683"}],"curies":[{"name":"wp","href":"https:\/\/api.w.org\/{rel}","templated":true}]}}