{"id":46566,"date":"2021-10-20T16:32:57","date_gmt":"2021-10-20T14:32:57","guid":{"rendered":"https:\/\/www.ambifuego.net\/xtempx\/?post_type=product&#038;p=46566"},"modified":"2025-10-22T15:27:30","modified_gmt":"2025-10-22T13:27:30","slug":"barbacoa-horno-gas-inoxidable-ambigrill-4","status":"publish","type":"product","link":"https:\/\/www.ambifuego.net\/es\/producto\/barbacoa-horno-gas-inoxidable-ambigrill-4\/","title":{"rendered":"AMBIGRILL 4"},"content":{"rendered":"<p style=\"text-align: justify;\"><span style=\"font-family: verdana, geneva, sans-serif;\">Barbacoa horno gas inoxidable &#8211;<\/span><\/p>\n<h2 style=\"text-align: justify;\"><span style=\"font-size: 12pt; font-family: verdana, geneva, sans-serif;\">Barbacoas de acero inoxidable encastrables en cocinas de exterior.\u00a0<\/span><\/h2>\n<p><span style=\"font-family: verdana, geneva, sans-serif;\">\u00bfQu\u00e9 es una barbacoa de gas?<\/span><br \/>\n<span style=\"font-family: verdana, geneva, sans-serif;\">Mientras que con una barbacoa con le\u00f1a, necesita algo de tiempo para comenzar a cocinar las\u00a0 barbacoas de gas, en cambio son muy r\u00e1pidas. En pocos minutos usted ya tendr\u00e1 su barbacoa lista para cocinar. Una Barbacoa de gas\u00a0no genera ning\u00fan tipo de humo, por lo que suelen ser mejores a la hora de ofrecer una parrillada y mucho m\u00e1s saludable.<\/span><\/p>\n<div class='yrm-content yrm-content-1 yrm-content-hide  ' id='yrm-eLC8X' data-id='1' data-show-status='false' data-after-action='' style=\"visibility: hidden;height: 0;\">\n\t\t\t<div id='yrm-inner-content-yrm-eLC8X' class='yrm-inner-content-wrapper yrm-cntent-1'><\/p>\n<div class=\"wWOJcd\" style=\"text-align: justify;\" tabindex=\"0\" role=\"button\" aria-controls=\"exacc_hSIOYoThI8melwT974uwAw2\" aria-expanded=\"true\" aria-labelledby=\"exacc_hSIOYoThI8melwT974uwAw1\">\n<h2 data-hveid=\"CAoQAQ\" data-ved=\"2ahUKEwjEt4vywob2AhVJz4UKHf33AjYQuk56BAgKEAE\"><span style=\"font-size: 12pt; font-family: verdana, geneva, sans-serif;\">Barbacoa horno gas inoxidable &#8211; R\u00e1pidez y limpieza<\/span><\/h2>\n<div class=\"r21Kzd\" data-hveid=\"CAoQAQ\" data-ved=\"2ahUKEwjEt4vywob2AhVJz4UKHf33AjYQuk56BAgKEAE\"><span style=\"font-family: verdana, geneva, sans-serif;\">Este tipo de <b>barbacoas<\/b>\u00a0funcionan con una bombona de\u00a0<b>gas butano\/propano o con gas natural,<\/b> y bastan \u00fanicamente 5 minutos e inmediatamente usted puede comenzar a cocinar.<\/span><\/div>\n<div class=\"r21Kzd\" data-hveid=\"CAoQAQ\" data-ved=\"2ahUKEwjEt4vywob2AhVJz4UKHf33AjYQuk56BAgKEAE\"><span style=\"font-family: verdana, geneva, sans-serif;\"><em>Las Barbacoas\u00a0de gas\u00a0encastrables son <\/em>perfectas para expacios exteriores cubiertos que permitan estar al resguardo. De hecho, con una Barbacoa horno gas inoxidable puedr\u00e1 desarrollar su faceta de \u00abChef \u00bb y cocinar y experimentar al aire libre. Por eso, sin importar la estaci\u00f3n del a\u00f1o, su barbacoa siempre estar\u00e1 disponible para una comida, cena o merienda en compa\u00f1ia.<\/span><\/div>\n<div data-hveid=\"CAoQAQ\" data-ved=\"2ahUKEwjEt4vywob2AhVJz4UKHf33AjYQuk56BAgKEAE\"><span style=\"font-family: verdana, geneva, sans-serif;\">A continuaci\u00f3n le presentamos un modelo de <span class=\"bold_text\">gran calidad<\/span>,\u00a0<span class=\"bold_text\">durabilidad con<\/span>\u00a0un <span class=\"bold_text\">bonito dise\u00f1o<\/span> y sobre todo con una muy <span class=\"bold_text\">buena relaci\u00f3n calida<\/span><span class=\"bold_text\">d \u2013 precio.<br \/>\n<\/span>Adem\u00e1s es un modelo muy\u00a0 <span class=\"bold_text\">versatil y con<\/span> esta barbacoa usted puede<span class=\"bold_text\">\u00a0cocinar cualquier tipo de alimento con muchos estilos diferentes<\/span>. Como resultado usted puede asar <a href=\"https:\/\/www.youtube.com\/watch?v=Cqx8wAKM51M&amp;ab_channel=LASDELICIASDEMAYTE\">carnes o pescados, brasear pollo<\/a> o humear verduras hasta hornear deliciosos postres caseros o pizzas.<\/span><\/div>\n<\/div>\n<ul>\n<li style=\"text-align: justify;\"><span style=\"font-family: verdana, geneva, sans-serif;\">Barbacoa horno gas inoxidable.<\/span><\/li>\n<li style=\"text-align: justify;\"><span style=\"font-family: verdana, geneva, sans-serif;\">Gas butano &#8211; Propano y adem\u00e1s a Gas Natural.<\/span><\/li>\n<li style=\"text-align: justify;\"><span style=\"font-family: verdana, geneva, sans-serif;\">Para encastrar en cocina exterior de jard\u00edn o igualmente en terraza.<\/span><\/li>\n<li style=\"text-align: justify;\"><span style=\"font-family: verdana, geneva, sans-serif;\">Fabricada con acero inoxidable 304 doble capa.<\/span><\/li>\n<li style=\"text-align: justify;\"><span style=\"font-family: verdana, geneva, sans-serif;\">Tapa del horno con term\u00f3metro.<\/span><\/li>\n<li style=\"text-align: justify;\"><span style=\"font-family: verdana, geneva, sans-serif;\">4 Quemadores de fundici\u00f3n de acero, 4 kW cada uno.<\/span><\/li>\n<li style=\"text-align: justify;\"><span style=\"font-family: verdana, geneva, sans-serif;\">Quemador trasero cer\u00e1mico infrarrojo 4 kW.<\/span><\/li>\n<li style=\"text-align: justify;\"><span style=\"font-family: verdana, geneva, sans-serif;\">Robustas parrillas de acero, cantos redondeados.<\/span><\/li>\n<li style=\"text-align: justify;\"><span style=\"font-family: verdana, geneva, sans-serif;\">Bandeja recoje jugos de gran tama\u00f1o.<\/span><\/li>\n<li style=\"text-align: justify;\"><span style=\"font-family: verdana, geneva, sans-serif;\">Bot\u00f3n de encendido autom\u00e1tico.<\/span><\/li>\n<li style=\"text-align: justify;\"><span style=\"font-family: verdana, geneva, sans-serif;\">Superficie de cocci\u00f3n 82 x 45 cm.<\/span><\/li>\n<li style=\"text-align: justify;\"><span style=\"font-family: verdana, geneva, sans-serif;\">Parrillas calentamiento 82 x 13 cm.<\/span><\/li>\n<li style=\"text-align: justify;\"><span style=\"font-family: verdana, geneva, sans-serif;\">Maneta de acero inoxidable.<\/span><\/li>\n<li style=\"text-align: justify;\"><span style=\"font-family: verdana, geneva, sans-serif;\">Quemador &#8211; rustidor trasero infrarrojo.<\/span><\/li>\n<li style=\"text-align: justify;\"><span style=\"font-family: verdana, geneva, sans-serif;\">Luce LED y hal\u00f3genas.<\/span><\/li>\n<li style=\"text-align: justify;\"><span style=\"font-family: verdana, geneva, sans-serif;\">Rustidor con motor el\u00e9ctrico<\/span><\/li>\n<li style=\"text-align: justify;\"><span style=\"font-family: verdana, geneva, sans-serif;\">Peso 75 Kg.<\/span><\/li>\n<li><span style=\"font-family: verdana, geneva, sans-serif;\"><a href=\"https:\/\/www.ambifuego.net\/wp-content\/uploads\/2023\/06\/05-06-23-bbq.pub2_compressed-1.pdf\" target=\"_blank\" rel=\"noopener\">Cat\u00e1logo<\/a><\/span><\/li>\n<\/ul>\n<p><\/div>\n\t\t<\/div><div class='yrm-btn-wrapper yrm-btn-wrapper-1 yrm-more-button-wrapper  '\n\t\tdata-custom-more-class-name='' data-custom-less-class-name=''><span title='' data-less-title='' data-more-title='' class='yrm-toggle-expand  yrm-toggle-expand-1 ' data-rel='yrm-eLC8X' data-more='M\u00e1s detalles ' data-less='Ver menos'><span class='yrm-text-wrapper yrm-text-wrapper-custom-dimensions'><span class=\"yrm-button-text-1 yrm-button-text-span\">M\u00e1s detalles <\/span><\/span><\/span><\/div>\n","protected":false},"excerpt":{"rendered":"[caption id=\"attachment_75146\" align=\"alignnone\" width=\"592\"]<img fetchpriority=\"high\" decoding=\"async\" class=\"size-full wp-image-75146\" src=\"https:\/\/www.ambifuego.net\/wp-content\/uploads\/2025\/07\/ambigril-foto-comida-600x-416_11zon.jpg\" alt=\"barbacoas comida ambigrill \" width=\"592\" height=\"389\" \/> barbacoa gas[\/caption]\n","protected":false},"featured_media":79768,"template":"","meta":[],"product_brand":[],"product_cat":[284,287],"product_tag":[],"class_list":{"0":"post-46566","1":"product","2":"type-product","3":"status-publish","4":"has-post-thumbnail","6":"product_cat-barbacoas-gas-hornos-lena-exteriores-jardin","7":"product_cat-barbacoas-islas-cocina-exterior-barbecues-ovens-kamado-gas-wood","9":"first","10":"instock","11":"shipping-taxable","12":"product-type-simple"},"_links":{"self":[{"href":"https:\/\/www.ambifuego.net\/es\/wp-json\/wp\/v2\/product\/46566","targetHints":{"allow":["GET"]}}],"collection":[{"href":"https:\/\/www.ambifuego.net\/es\/wp-json\/wp\/v2\/product"}],"about":[{"href":"https:\/\/www.ambifuego.net\/es\/wp-json\/wp\/v2\/types\/product"}],"version-history":[{"count":0,"href":"https:\/\/www.ambifuego.net\/es\/wp-json\/wp\/v2\/product\/46566\/revisions"}],"wp:featuredmedia":[{"embeddable":true,"href":"https:\/\/www.ambifuego.net\/es\/wp-json\/wp\/v2\/media\/79768"}],"wp:attachment":[{"href":"https:\/\/www.ambifuego.net\/es\/wp-json\/wp\/v2\/media?parent=46566"}],"wp:term":[{"taxonomy":"product_brand","embeddable":true,"href":"https:\/\/www.ambifuego.net\/es\/wp-json\/wp\/v2\/product_brand?post=46566"},{"taxonomy":"product_cat","embeddable":true,"href":"https:\/\/www.ambifuego.net\/es\/wp-json\/wp\/v2\/product_cat?post=46566"},{"taxonomy":"product_tag","embeddable":true,"href":"https:\/\/www.ambifuego.net\/es\/wp-json\/wp\/v2\/product_tag?post=46566"}],"curies":[{"name":"wp","href":"https:\/\/api.w.org\/{rel}","templated":true}]}}