{"id":46542,"date":"2021-10-20T14:27:28","date_gmt":"2021-10-20T12:27:28","guid":{"rendered":"https:\/\/www.ambifuego.net\/xtempx\/?post_type=product&#038;p=46542"},"modified":"2026-02-25T16:40:23","modified_gmt":"2026-02-25T15:40:23","slug":"barbacoa-encastrar-3-quemadores","status":"publish","type":"product","link":"https:\/\/www.ambifuego.net\/es\/producto\/barbacoa-encastrar-3-quemadores\/","title":{"rendered":"AMBIGRILL 3+1"},"content":{"rendered":"<p><span style=\"font-family: verdana, geneva, sans-serif; font-size: 12pt;\">Barbacoa encastrar 3 quemadores para disfrutar al aire libre con una cocina exterior en su patio o jard\u00edn<\/span><\/p>\n<div class=\"entry clr\">\n<p style=\"text-align: justify;\"><span style=\"font-family: verdana, geneva, sans-serif;\">El verano es sin\u00f3nimo de planes al aire libre. Y entre ellos ocupan un lugar de excepci\u00f3n\u00a0<strong>las barbacoas<\/strong>. El buen tiempo,\u00a0 <\/span><span style=\"font-family: verdana, geneva, sans-serif;\">rodearnos de los amigos y la familia para cocinar\u2026 Las terrazas y los jardines se convierten en lugares id\u00f3neos para disfrutar de una comida sabrosa, casera y en la mejor compa\u00f1\u00eda. Si quieres ser el anfitri\u00f3n perfecto y preparar unos platos a la parrilla de esc\u00e1ndalo, toma nota, <strong>\u00a1Esta en una de las mejores barbacoas para su patio o jard\u00edn y combinar con <a href=\"https:\/\/delivita.com\/\">otros accesorios.<\/a><\/strong><\/span><\/p>\n<div class='yrm-content yrm-content-1 yrm-content-hide  ' id='yrm-LrtW9' data-id='1' data-show-status='false' data-after-action='' style=\"visibility: hidden;height: 0;\">\n\t\t\t<div id='yrm-inner-content-yrm-LrtW9' class='yrm-inner-content-wrapper yrm-cntent-1'><\/p>\n<\/div>\n<h2><span style=\"font-family: verdana, geneva, sans-serif; font-size: 12pt;\">Barbacoa encastrar 3 quemadores, ideal para completar su cocina exterior y disfrutar de la vida.<\/span><\/h2>\n<ul>\n<li><span style=\"font-family: verdana, geneva, sans-serif;\">Barbacoa de gas butano &#8211; Propano<\/span><\/li>\n<li><span style=\"font-family: verdana, geneva, sans-serif;\">Barbacoa para encastrar en cocina exterior.<\/span><\/li>\n<li><span style=\"font-family: verdana, geneva, sans-serif;\">Fabricada con acero inoxidable 304 doble capa.<\/span><\/li>\n<li><span style=\"font-family: verdana, geneva, sans-serif;\">Tapa del horno con term\u00f3metro.<\/span><\/li>\n<li><span style=\"font-family: verdana, geneva, sans-serif;\">3 Quemadores de fundici\u00f3n de acero, 4 kW cada uno.<\/span><\/li>\n<li><span style=\"font-family: verdana, geneva, sans-serif;\">Robustas parrillas de acero, cantos redondeados.<\/span><\/li>\n<li><span style=\"font-family: verdana, geneva, sans-serif;\">Bandeja recoje jugos de gran tama\u00f1o.<\/span><\/li>\n<li><span style=\"font-family: verdana, geneva, sans-serif;\">Bot\u00f3n de encendido autom\u00e1tico.<\/span><\/li>\n<li><span style=\"font-family: verdana, geneva, sans-serif;\">Superficie de cocci\u00f3n 61,5 x 45 cm.<\/span><\/li>\n<li><span style=\"font-family: verdana, geneva, sans-serif;\">Parrillas calentamiento 61,5 x 13 cm.<\/span><\/li>\n<li><span style=\"font-family: verdana, geneva, sans-serif;\">Luces LED y halogenas.<\/span><\/li>\n<li><span style=\"font-family: verdana, geneva, sans-serif;\">Rustidor con motor.<\/span><\/li>\n<li><span style=\"font-family: verdana, geneva, sans-serif;\">Maneta de acero inoxidable.<\/span><\/li>\n<li><span style=\"font-family: verdana, geneva, sans-serif;\">Quemador &#8211; rustidor trasero infrarrojo.<\/span><\/li>\n<li><span style=\"font-family: verdana, geneva, sans-serif;\">Peso 45 Kg.<\/span><\/li>\n<li><span style=\"font-family: verdana, geneva, sans-serif;\"><a href=\"https:\/\/www.ambifuego.net\/wp-content\/uploads\/2023\/06\/05-06-23-bbq.pub2_compressed-1.pdf\">Catalogo general<\/a><\/span><\/li>\n<\/ul>\n<p><\/div>\n\t\t<\/div><div class='yrm-btn-wrapper yrm-btn-wrapper-1 yrm-more-button-wrapper  '\n\t\tdata-custom-more-class-name='' data-custom-less-class-name=''><span title='' data-less-title='' data-more-title='' class='yrm-toggle-expand  yrm-toggle-expand-1 ' data-rel='yrm-LrtW9' data-more='M\u00e1s detalles ' data-less='Ver menos'><span class='yrm-text-wrapper yrm-text-wrapper-custom-dimensions'><span class=\"yrm-button-text-1 yrm-button-text-span\">M\u00e1s detalles <\/span><\/span><\/span><\/div>\n<p>&nbsp;<\/p>\n","protected":false},"excerpt":{"rendered":"<p><img fetchpriority=\"high\" decoding=\"async\" class=\"alignnone size-full wp-image-46730\" src=\"https:\/\/www.ambifuego.net\/wp-content\/uploads\/2021\/10\/3-burner-grill-02_optimized-1.jpg\" alt=\"\" width=\"393\" height=\"311\" srcset=\"https:\/\/www.ambifuego.net\/wp-content\/uploads\/2021\/10\/3-burner-grill-02_optimized-1.jpg 393w, https:\/\/www.ambifuego.net\/wp-content\/uploads\/2021\/10\/3-burner-grill-02_optimized-1-341x270.jpg 341w\" sizes=\"(max-width: 393px) 100vw, 393px\" \/><\/p>\n","protected":false},"featured_media":79809,"template":"","meta":[],"product_brand":[],"product_cat":[284,287],"product_tag":[],"class_list":{"0":"post-46542","1":"product","2":"type-product","3":"status-publish","4":"has-post-thumbnail","6":"product_cat-barbacoas-gas-hornos-lena-exteriores-jardin","7":"product_cat-barbacoas-islas-cocina-exterior-barbecues-ovens-kamado-gas-wood","9":"first","10":"instock","11":"shipping-taxable","12":"product-type-simple"},"_links":{"self":[{"href":"https:\/\/www.ambifuego.net\/es\/wp-json\/wp\/v2\/product\/46542","targetHints":{"allow":["GET"]}}],"collection":[{"href":"https:\/\/www.ambifuego.net\/es\/wp-json\/wp\/v2\/product"}],"about":[{"href":"https:\/\/www.ambifuego.net\/es\/wp-json\/wp\/v2\/types\/product"}],"version-history":[{"count":1,"href":"https:\/\/www.ambifuego.net\/es\/wp-json\/wp\/v2\/product\/46542\/revisions"}],"predecessor-version":[{"id":83421,"href":"https:\/\/www.ambifuego.net\/es\/wp-json\/wp\/v2\/product\/46542\/revisions\/83421"}],"wp:featuredmedia":[{"embeddable":true,"href":"https:\/\/www.ambifuego.net\/es\/wp-json\/wp\/v2\/media\/79809"}],"wp:attachment":[{"href":"https:\/\/www.ambifuego.net\/es\/wp-json\/wp\/v2\/media?parent=46542"}],"wp:term":[{"taxonomy":"product_brand","embeddable":true,"href":"https:\/\/www.ambifuego.net\/es\/wp-json\/wp\/v2\/product_brand?post=46542"},{"taxonomy":"product_cat","embeddable":true,"href":"https:\/\/www.ambifuego.net\/es\/wp-json\/wp\/v2\/product_cat?post=46542"},{"taxonomy":"product_tag","embeddable":true,"href":"https:\/\/www.ambifuego.net\/es\/wp-json\/wp\/v2\/product_tag?post=46542"}],"curies":[{"name":"wp","href":"https:\/\/api.w.org\/{rel}","templated":true}]}}