{"id":42730,"date":"2021-07-07T16:14:42","date_gmt":"2021-07-07T16:14:42","guid":{"rendered":"https:\/\/www.ambifuego.net\/xtempx\/?post_type=product&#038;p=42730"},"modified":"2025-10-22T13:07:34","modified_gmt":"2025-10-22T11:07:34","slug":"barbacoa-de-gas-pequena","status":"publish","type":"product","link":"https:\/\/www.ambifuego.net\/es\/producto\/barbacoa-de-gas-pequena\/","title":{"rendered":"PATIO PRO CHEF 3+1"},"content":{"rendered":"<p style=\"text-align: justify;\"><span style=\"font-family: verdana, geneva, sans-serif;\">La barbacoa de gas Patio Pro Chef 3+ cuenta con tres quemadores de acero inoxidable y un quemador lateral para una cocci\u00f3n vers\u00e1til. La rejilla de hierro fundido garantiza una cocci\u00f3n uniforme. \u00a1La tapa de vidrio con term\u00f3metro le brinda un control perfecto para comidas abundantes!<\/span><\/p>\n<p style=\"text-align: justify;\"><span style=\"font-family: verdana, geneva, sans-serif;\">Estas <strong>barbacoas cuentan con una cantidad de ventajas <\/strong>que las han hecho cada vez m\u00e1s populares entre los compradores de barbacoas a nivel mundial, los que est\u00e1n a favor de este tipo de parrillas argumentan que se debe a su comodidad y control.\u00a0<\/span><\/p>\n<div class='yrm-content yrm-content-1 yrm-content-hide  ' id='yrm-OnZ6p' data-id='1' data-show-status='false' data-after-action='' style=\"visibility: hidden;height: 0;\">\n\t\t\t<div id='yrm-inner-content-yrm-OnZ6p' class='yrm-inner-content-wrapper yrm-cntent-1'><\/p>\n<p><span style=\"font-family: verdana, geneva, sans-serif;\">La barbacoa de gas Patio Pro Chef 3+1 ofrece todo lo necesario para una experiencia de barbacoa profesional en su propio patio. Con tres quemadores de acero inoxidable de 3 kW y un potente quemador lateral de 2,5 kW, tendr\u00e1 potencia suficiente para preparar comidas completas para grupos grandes. Su elegante dise\u00f1o met\u00e1lico gris mate, con campana de doble pared, term\u00f3metro y ventana de cristal, no solo le da un aspecto lujoso, sino que tambi\u00e9n le permite controlar con precisi\u00f3n la temperatura para obtener resultados de cocci\u00f3n perfectos. La tapa de cristal le permite supervisar el proceso de cocci\u00f3n sin abrirla, lo que ayuda a mantener una temperatura constante y una cocci\u00f3n uniforme de sus alimentos.<\/span><\/p>\n<h2><span style=\"font-family: verdana, geneva, sans-serif; font-size: 14pt;\">\u00bfPor qu\u00e9 elegir el esmalte?<\/span><\/h2>\n<p><span style=\"font-family: verdana, geneva, sans-serif;\">La Patio Pro Chef 3+ cuenta con una c\u00e1mara de combusti\u00f3n esmaltada y un acabado frontal de acero inoxidable de alta calidad, lo que garantiza una mayor vida \u00fatil y un mantenimiento reducido. Las superficies esmaltadas ofrecen mayor protecci\u00f3n contra los elementos, manteniendo su barbacoa como nueva por m\u00e1s tiempo. Adem\u00e1s, retienen mejor el calor, lo que resulta en una cocci\u00f3n m\u00e1s eficiente y un menor consumo de combustible, especialmente beneficioso durante barbacoas prolongadas.<\/span><\/p>\n<p><span style=\"font-family: verdana, geneva, sans-serif;\">\u00bfQu\u00e9 hace que esta barbacoa sea la mejor opci\u00f3n? La parrilla multiusos profesional de hierro fundido garantiza una distribuci\u00f3n uniforme del calor y una limpieza f\u00e1cil despu\u00e9s de su uso. El quemador lateral es ideal para preparar salsas u otras guarniciones, y el control de la temperatura es sencillo gracias al term\u00f3metro integrado en la tapa y a las rejillas de ventilaci\u00f3n estrat\u00e9gicamente ubicadas.<\/span><\/p>\n<h3><span style=\"font-family: verdana, geneva, sans-serif;\">F\u00e1cil de usar y flexible:<\/span><\/h3>\n<p><span style=\"font-family: verdana, geneva, sans-serif;\">La Patio Pro Chef 3+ no solo es pr\u00e1ctica de usar, sino tambi\u00e9n f\u00e1cil de mover gracias a sus robustas ruedas met\u00e1licas. El compartimento cerrado ofrece amplio espacio para la bombona de gas, y el encendido autom\u00e1tico facilita y agiliza el encendido. La rejilla de calentamiento ofrece mayor flexibilidad: puede colocar sobre ella los alimentos que desee mantener calientes sin necesidad de cocinarlos m\u00e1s, para que todo se mantenga a la temperatura perfecta hasta el momento de servir.<\/span><\/p>\n<ul>\n<li><a href=\"https:\/\/www.ambifuego.net\/wp-content\/uploads\/2024\/05\/30-05-24-bbq.ptda-ambigrill-compressed.pdf\" target=\"_blank\" rel=\"noopener\"><span style=\"font-family: verdana, geneva, sans-serif;\">Cat\u00e1logo<\/span><\/a><\/li>\n<\/ul>\n<table class=\"woocommerce-product-attributes shop_attributes\" style=\"width: 26.7209%; height: 141px;\" aria-label=\"Product details\">\n<tbody>\n<tr class=\"woocommerce-product-attributes-item woocommerce-product-attributes-item--weight\">\n<th class=\"woocommerce-product-attributes-item__label\" scope=\"row\"><span dir=\"auto\">Peso<\/span><\/th>\n<td class=\"woocommerce-product-attributes-item__value\"><span dir=\"auto\">33 kg<\/span><\/td>\n<\/tr>\n<tr class=\"woocommerce-product-attributes-item woocommerce-product-attributes-item--dimensions\">\n<th class=\"woocommerce-product-attributes-item__label\" scope=\"row\"><span dir=\"auto\">Dimensiones<\/span><\/th>\n<td class=\"woocommerce-product-attributes-item__value\"><span dir=\"auto\">123 \u00d7 54 \u00d7 113 cm<\/span><\/td>\n<\/tr>\n<tr class=\"woocommerce-product-attributes-item woocommerce-product-attributes-item--attribute_pa_kleur\">\n<th class=\"woocommerce-product-attributes-item__label\" scope=\"row\"><span dir=\"auto\">Color<\/span><\/th>\n<td class=\"woocommerce-product-attributes-item__value\"><span dir=\"auto\">Gris<\/span><\/td>\n<\/tr>\n<\/tbody>\n<\/table>\n<p><\/div>\n\t\t<\/div><div class='yrm-btn-wrapper yrm-btn-wrapper-1 yrm-more-button-wrapper  '\n\t\tdata-custom-more-class-name='' data-custom-less-class-name=''><span title='' data-less-title='' data-more-title='' class='yrm-toggle-expand  yrm-toggle-expand-1 ' data-rel='yrm-OnZ6p' data-more='M\u00e1s detalles ' data-less='Ver menos'><span class='yrm-text-wrapper yrm-text-wrapper-custom-dimensions'><span class=\"yrm-button-text-1 yrm-button-text-span\">M\u00e1s detalles <\/span><\/span><\/span><\/div>\n","protected":false},"excerpt":{"rendered":"<p><span style=\"font-family: verdana, geneva, sans-serif;\">Con la Patton Patio Pro Chef 3+, estar\u00e1 listo para cualquier barbacoa. Tanto si es un cocinero principiante como un experto, esta barbacoa le ofrece la potencia, el control y la versatilidad que necesita para cocinar al aire libre con estilo.<\/span><\/p>\n","protected":false},"featured_media":79707,"template":"","meta":[],"product_brand":[],"product_cat":[286],"product_tag":[],"class_list":{"0":"post-42730","1":"product","2":"type-product","3":"status-publish","4":"has-post-thumbnail","6":"product_cat-barbacoas-gas-con-carro","8":"first","9":"instock","10":"shipping-taxable","11":"product-type-simple"},"_links":{"self":[{"href":"https:\/\/www.ambifuego.net\/es\/wp-json\/wp\/v2\/product\/42730","targetHints":{"allow":["GET"]}}],"collection":[{"href":"https:\/\/www.ambifuego.net\/es\/wp-json\/wp\/v2\/product"}],"about":[{"href":"https:\/\/www.ambifuego.net\/es\/wp-json\/wp\/v2\/types\/product"}],"version-history":[{"count":0,"href":"https:\/\/www.ambifuego.net\/es\/wp-json\/wp\/v2\/product\/42730\/revisions"}],"wp:featuredmedia":[{"embeddable":true,"href":"https:\/\/www.ambifuego.net\/es\/wp-json\/wp\/v2\/media\/79707"}],"wp:attachment":[{"href":"https:\/\/www.ambifuego.net\/es\/wp-json\/wp\/v2\/media?parent=42730"}],"wp:term":[{"taxonomy":"product_brand","embeddable":true,"href":"https:\/\/www.ambifuego.net\/es\/wp-json\/wp\/v2\/product_brand?post=42730"},{"taxonomy":"product_cat","embeddable":true,"href":"https:\/\/www.ambifuego.net\/es\/wp-json\/wp\/v2\/product_cat?post=42730"},{"taxonomy":"product_tag","embeddable":true,"href":"https:\/\/www.ambifuego.net\/es\/wp-json\/wp\/v2\/product_tag?post=42730"}],"curies":[{"name":"wp","href":"https:\/\/api.w.org\/{rel}","templated":true}]}}