{"id":42708,"date":"2021-07-07T14:40:46","date_gmt":"2021-07-07T14:40:46","guid":{"rendered":"https:\/\/www.ambifuego.net\/xtempx\/?post_type=product&#038;p=42708"},"modified":"2025-10-22T13:15:31","modified_gmt":"2025-10-22T11:15:31","slug":"barbacoa-carro-3-quemadores","status":"publish","type":"product","link":"https:\/\/www.ambifuego.net\/es\/producto\/barbacoa-carro-3-quemadores\/","title":{"rendered":"PROCHEF  4+1"},"content":{"rendered":"<p style=\"text-align: justify;\"><span style=\"font-family: verdana, geneva, sans-serif;\">Barbacoa carro 3 quemadores modelo Patio Chef 4.\u00a0 Es decir dispone de 4 quemadores principales para la cocci\u00f3n, un quemador lateral para sart\u00e9n o cacerola adem\u00e1s de almacenamiento debajo. Muy f\u00e1cil de usar para <a href=\"https:\/\/www.youtube.com\/watch?v=IgyXfwF_3x4&amp;ab_channel=H%C3%A1galoUstedMismoconSodimac\">cocinar sus alimentos<\/a> al gusto.\u00a0<\/span><\/p>\n<p><span style=\"font-family: verdana, geneva, sans-serif;\">La barbacoa de gas Patio Chef 4+1 ofrece todo lo necesario para una experiencia de barbacoa profesional en su propio patio. Con cuatro quemadores de acero inoxidable de 3 kW y un potente quemador lateral de 2,5 kW, tendr\u00e1 la potencia suficiente para preparar comidas completas para grupos grandes.<\/span><\/p>\n<div class='yrm-content yrm-content-1 yrm-content-hide  ' id='yrm-5Dki4' data-id='1' data-show-status='false' data-after-action='' style=\"visibility: hidden;height: 0;\">\n\t\t\t<div id='yrm-inner-content-yrm-5Dki4' class='yrm-inner-content-wrapper yrm-cntent-1'><\/p>\n<p><span style=\"font-family: verdana, geneva, sans-serif;\">Su elegante dise\u00f1o met\u00e1lico gris mate, con campana de doble pared, term\u00f3metro y ventana de cristal, no solo le da un aspecto lujoso, sino que tambi\u00e9n le permite controlar con precisi\u00f3n la temperatura para obtener resultados de cocci\u00f3n perfectos. La tapa de cristal le permite supervisar el proceso de cocci\u00f3n sin abrirla, lo que ayuda a mantener una temperatura constante y una cocci\u00f3n uniforme de sus alimentos.<\/span><\/p>\n<h2><span style=\"font-size: 14pt; font-family: verdana, geneva, sans-serif;\">\u00bfPor qu\u00e9 elegir el esmalte?<\/span><\/h2>\n<p><span style=\"font-family: verdana, geneva, sans-serif;\">La Patton Patio Chef 4+ cuenta con una c\u00e1mara de combusti\u00f3n esmaltada y un acabado frontal de acero inoxidable de alta calidad, lo que garantiza una mayor vida \u00fatil y un mantenimiento reducido. Las superficies esmaltadas ofrecen mayor protecci\u00f3n contra los elementos, manteniendo su barbacoa como nueva por m\u00e1s tiempo. Adem\u00e1s, retienen mejor el calor, lo que resulta en una cocci\u00f3n m\u00e1s eficiente y un menor consumo de combustible, especialmente beneficioso durante barbacoas prolongadas.<\/span><\/p>\n<p><span style=\"font-family: verdana, geneva, sans-serif;\">\u00bfQu\u00e9 hace que esta barbacoa sea la mejor opci\u00f3n? La parrilla multiusos profesional de hierro fundido garantiza una distribuci\u00f3n uniforme del calor y una limpieza f\u00e1cil despu\u00e9s de su uso. El quemador lateral es ideal para preparar salsas u otras guarniciones, y el control de la temperatura es sencillo gracias al term\u00f3metro integrado en la tapa y a las rejillas de ventilaci\u00f3n estrat\u00e9gicamente ubicadas.<\/span><\/p>\n<h3><span style=\"font-family: verdana, geneva, sans-serif;\">F\u00e1cil de usar y flexible:<\/span><\/h3>\n<p><span style=\"font-family: verdana, geneva, sans-serif;\">La Patton Patio Chef 4+ no solo es pr\u00e1ctica de usar, sino tambi\u00e9n f\u00e1cil de mover gracias a sus robustas ruedas met\u00e1licas. El compartimento cerrado ofrece amplio espacio para la bombona de gas, y el encendido autom\u00e1tico facilita y agiliza el encendido. La rejilla de calentamiento ofrece mayor flexibilidad: puede colocar sobre ella los alimentos que desee mantener calientes sin necesidad de cocinarlos m\u00e1s, para que todo se mantenga a la temperatura perfecta hasta el momento de servir.<\/span><\/p>\n<p><span style=\"font-family: verdana, geneva, sans-serif;\">Con la Patton Patio Chef 4+, estar\u00e1 listo para cualquier barbacoa. Tanto si es un cocinero principiante como un experto en parrillas, esta barbacoa le ofrece la potencia, el control y la versatilidad que necesita para cocinar al aire libre con estilo.<\/span><\/p>\n<ul>\n<li><span style=\"font-family: verdana, geneva, sans-serif;\"><a href=\"https:\/\/www.ambifuego.net\/wp-content\/uploads\/2023\/06\/05-06-23-bbq.pub2_compressed-1.pdf\" target=\"_blank\" rel=\"noopener\">Cat\u00e1logo<\/a><\/span><\/li>\n<\/ul>\n<table class=\"woocommerce-product-attributes shop_attributes\" style=\"height: 139px; width: 36.5939%;\" aria-label=\"Product details\">\n<tbody>\n<tr class=\"woocommerce-product-attributes-item woocommerce-product-attributes-item--weight\" style=\"height: 34px;\">\n<th class=\"woocommerce-product-attributes-item__label\" style=\"height: 34px;\" scope=\"row\"><span dir=\"auto\">Peso<\/span><\/th>\n<td class=\"woocommerce-product-attributes-item__value\" style=\"height: 34px;\"><span dir=\"auto\">\u00a0 \u00a0 \u00a036 kg<\/span><\/td>\n<\/tr>\n<tr class=\"woocommerce-product-attributes-item woocommerce-product-attributes-item--dimensions\" style=\"height: 50px;\">\n<th class=\"woocommerce-product-attributes-item__label\" style=\"height: 50px;\" scope=\"row\"><span dir=\"auto\">Dimensiones<\/span><\/th>\n<td class=\"woocommerce-product-attributes-item__value\" style=\"height: 50px;\"><span dir=\"auto\">\u00a0 \u00a0 \u00a0133 \u00d7 54 \u00d7 113 cm<\/span><\/td>\n<\/tr>\n<tr class=\"woocommerce-product-attributes-item woocommerce-product-attributes-item--attribute_pa_kleur\" style=\"height: 78px;\">\n<th class=\"woocommerce-product-attributes-item__label\" style=\"height: 55px;\" scope=\"row\"><span dir=\"auto\">Color<\/span><\/th>\n<td class=\"woocommerce-product-attributes-item__value\" style=\"height: 55px;\"><span dir=\"auto\">\u00a0 \u00a0 \u00a0Gris<\/span><\/td>\n<\/tr>\n<\/tbody>\n<\/table>\n<p><\/div>\n\t\t<\/div><div class='yrm-btn-wrapper yrm-btn-wrapper-1 yrm-more-button-wrapper  '\n\t\tdata-custom-more-class-name='' data-custom-less-class-name=''><span title='' data-less-title='' data-more-title='' class='yrm-toggle-expand  yrm-toggle-expand-1 ' data-rel='yrm-5Dki4' data-more='M\u00e1s detalles ' data-less='Ver menos'><span class='yrm-text-wrapper yrm-text-wrapper-custom-dimensions'><span class=\"yrm-button-text-1 yrm-button-text-span\">M\u00e1s detalles <\/span><\/span><\/span><\/div>\n","protected":false},"excerpt":{"rendered":"<p><span style=\"font-family: verdana, geneva, sans-serif;\">La barbacoa de gas Patio Chef 4+ cuenta con cuatro quemadores de acero inoxidable y un quemador lateral para una cocci\u00f3n vers\u00e1til. La rejilla de hierro fundido garantiza una cocci\u00f3n uniforme. \u00a1La tapa de vidrio con term\u00f3metro le brinda un control perfecto para comidas abundantes!<\/span><\/p>\n","protected":false},"featured_media":79725,"template":"","meta":[],"product_brand":[],"product_cat":[286],"product_tag":[],"class_list":{"0":"post-42708","1":"product","2":"type-product","3":"status-publish","4":"has-post-thumbnail","6":"product_cat-barbacoas-gas-con-carro","8":"first","9":"instock","10":"shipping-taxable","11":"product-type-simple"},"_links":{"self":[{"href":"https:\/\/www.ambifuego.net\/es\/wp-json\/wp\/v2\/product\/42708","targetHints":{"allow":["GET"]}}],"collection":[{"href":"https:\/\/www.ambifuego.net\/es\/wp-json\/wp\/v2\/product"}],"about":[{"href":"https:\/\/www.ambifuego.net\/es\/wp-json\/wp\/v2\/types\/product"}],"version-history":[{"count":0,"href":"https:\/\/www.ambifuego.net\/es\/wp-json\/wp\/v2\/product\/42708\/revisions"}],"wp:featuredmedia":[{"embeddable":true,"href":"https:\/\/www.ambifuego.net\/es\/wp-json\/wp\/v2\/media\/79725"}],"wp:attachment":[{"href":"https:\/\/www.ambifuego.net\/es\/wp-json\/wp\/v2\/media?parent=42708"}],"wp:term":[{"taxonomy":"product_brand","embeddable":true,"href":"https:\/\/www.ambifuego.net\/es\/wp-json\/wp\/v2\/product_brand?post=42708"},{"taxonomy":"product_cat","embeddable":true,"href":"https:\/\/www.ambifuego.net\/es\/wp-json\/wp\/v2\/product_cat?post=42708"},{"taxonomy":"product_tag","embeddable":true,"href":"https:\/\/www.ambifuego.net\/es\/wp-json\/wp\/v2\/product_tag?post=42708"}],"curies":[{"name":"wp","href":"https:\/\/api.w.org\/{rel}","templated":true}]}}