{"id":41152,"date":"2021-06-01T13:18:24","date_gmt":"2021-06-01T13:18:24","guid":{"rendered":"https:\/\/www.ambifuego.net\/xtempx\/?post_type=product&#038;p=41152"},"modified":"2025-10-27T14:15:57","modified_gmt":"2025-10-27T13:15:57","slug":"chimenea-de-gas-55gd","status":"publish","type":"product","link":"https:\/\/www.ambifuego.net\/es\/producto\/chimenea-de-gas-55gd\/","title":{"rendered":"INSERTABLE 55 GD"},"content":{"rendered":"<p style=\"text-align: justify;\"><span style=\"font-family: verdana, geneva, sans-serif;\">Chimenea de gas insertable modelo 55GD para quien piensa en el medio ambiente. <\/span><span style=\"font-family: verdana, geneva, sans-serif;\">El uso de quemadores de gas reduce de forma significativa la emisi\u00f3n de CO2. Durante la combusti\u00f3n del gas no aparecen compuestos de azufre nocivos para el medio ambiente, holl\u00edn ni cenizas<\/span><\/p>\n<p style=\"text-align: justify;\"><span style=\"font-family: verdana, geneva, sans-serif;\">El modelo que presentamos es ciertamente la soluci\u00f3n perfecta para viviendas sin chimeneas. Este aparato de igual formar puede instalarse si no existe una chimenea con salida de los humos convencional. <\/span><\/p>\n<div class='yrm-content yrm-content-1 yrm-content-hide  ' id='yrm-dgHW1' data-id='1' data-show-status='false' data-after-action='' style=\"visibility: hidden;height: 0;\">\n\t\t\t<div id='yrm-inner-content-yrm-dgHW1' class='yrm-inner-content-wrapper yrm-cntent-1'><\/p>\n<p style=\"text-align: justify;\"><span style=\"font-family: verdana, geneva, sans-serif;\">A\u00fan as\u00ed si tenemos una pared exterior podemos realizar el montaje de la chimenea.\u00a0 Con su <strong>poco fondo<\/strong>\u00a0 esta <a href=\"https:\/\/www.drufire.com\/en-gb\/product-range\/global-range\/global-cf\/dru-global-55xt-cf\" target=\"_blank\" rel=\"noopener\">chimenea<\/a> puede montarse f\u00e1cilmente en el hueco de una pared sin ocupar mucho fondo. Al venir equipada con <strong>la salida de humos estanca en la parte trasera<\/strong> esta chimena de gas es la soluci\u00f3n perfecta para cualquier hogar.<\/span><\/p>\n<h2 style=\"text-align: justify;\"><span style=\"font-family: verdana, geneva, sans-serif; font-size: 12pt;\">La chimenea de gas 55GD es un modelo equilibrado, compacto y vers\u00e1til<\/span><\/h2>\n<p style=\"text-align: justify;\"><span style=\"font-family: verdana, geneva, sans-serif;\">Este insertable puede montarse en una chimenea existente o de nueva construcci\u00f3n.\u00a0 Cuando no exista ninguna chimenea puede montarla junto a un muro exterior ya que su salida de humos es estanca. De hecho al ser estanca no requiere una salida de humos tradicional. Una vez montada la salida de humos y la conexi\u00f3n del gas puede hacer el cerramiento a deseado.<\/span><\/p>\n<p style=\"text-align: justify;\"><span style=\"font-family: verdana, geneva, sans-serif;\">Tiene la visi\u00f3n libre del fuego gracias a un dise\u00f1o simplificado sin marcos.\u00a0 Las llamas son muy realistas, adem\u00e1s puede elegir entre varios acabados interiores. Igualmente tiene la\u00a0 opci\u00f3n de elegir un vidrio anti-reflectante \u00abClear View\u00bb que reproduce la apariencia de un fuego abierto.<\/span><\/p>\n<p style=\"text-align: justify;\"><span style=\"font-family: verdana, geneva, sans-serif;\">De igual forma puede controlar el aparato con el mando a distancia remoto est\u00e1ndar suministrado.\u00a0<\/span><span style=\"font-family: verdana, geneva, sans-serif;\">Y cuando se combina con un fuego cl\u00e1sico o contempor\u00e1neo, de hecho, se transforma en una bella chimenea y ser\u00e1 el coraz\u00f3n de cualquier hogar.<\/span><\/p>\n<ul>\n<li><span style=\"font-family: verdana, geneva, sans-serif;\">Chimenea insertable gas 55GD.<\/span><\/li>\n<li><span style=\"font-family: verdana, geneva, sans-serif;\">Modelo con cristal vertical alto frontal.<\/span><\/li>\n<li class=\"dark-for-buttons\"><span style=\"font-family: verdana, geneva, sans-serif;\">Gas Natural o Gas Propano.<\/span><\/li>\n<li class=\"dark-for-buttons\"><span style=\"font-family: verdana, geneva, sans-serif;\">Interior color negro poco fondo.<\/span><\/li>\n<li class=\"dark-for-buttons\"><span style=\"font-family: verdana, geneva, sans-serif;\">Control remoto.<\/span><\/li>\n<li class=\"dark-for-buttons\"><span style=\"font-family: verdana, geneva, sans-serif;\">Potencia LPG-4.4Kw\u00a0 &#8211; NAT-4.6Kw.<\/span><\/li>\n<li><span style=\"font-family: verdana, geneva, sans-serif;\">Quemador True-Flame (Similar a una hoguera real).<\/span><\/li>\n<li class=\"dark-for-buttons\"><span style=\"font-family: verdana, geneva, sans-serif;\">Salida humos estanca: 100\/150 mm.<\/span><\/li>\n<li><span style=\"font-family: verdana, geneva, sans-serif;\">Efecto de llamas le\u00f1os cer\u00e1micos o piedras.<\/span><\/li>\n<li><a href=\"https:\/\/www.ambifuego.net\/contacto\/\" target=\"_blank\" rel=\"noopener\"><span style=\"font-family: verdana, geneva, sans-serif;\">PVP &#8211; Disponibilidad<\/span><\/a><\/li>\n<li><span style=\"font-family: verdana, geneva, sans-serif;\"> <a href=\"https:\/\/www.ambifuego.net\/wp-content\/uploads\/2022\/05\/ESPANOL-DRU-2022_compressed-1.pdf\" target=\"_blank\" rel=\"noopener\">Cat\u00e1logo<\/a><\/span><\/li>\n<li><a href=\"https:\/\/vimeo.com\/ambifuego\" target=\"_blank\" rel=\"noopener\"><span style=\"font-family: verdana, geneva, sans-serif;\">Video<\/span><\/a><\/li>\n<\/ul>\n<p><\/div>\n\t\t<\/div><div class='yrm-btn-wrapper yrm-btn-wrapper-1 yrm-more-button-wrapper  '\n\t\tdata-custom-more-class-name='' data-custom-less-class-name=''><span title='' data-less-title='' data-more-title='' class='yrm-toggle-expand  yrm-toggle-expand-1 ' data-rel='yrm-dgHW1' data-more='M\u00e1s detalles ' data-less='Ver menos'><span class='yrm-text-wrapper yrm-text-wrapper-custom-dimensions'><span class=\"yrm-button-text-1 yrm-button-text-span\">M\u00e1s detalles <\/span><\/span><\/span><\/div>\n","protected":false},"excerpt":{"rendered":"[caption id=\"attachment_43623\" align=\"alignnone\" width=\"480\"]<img fetchpriority=\"high\" decoding=\"async\" class=\"size-medium wp-image-43623\" src=\"https:\/\/www.ambifuego.net\/wp-content\/uploads\/2021\/07\/global_55xt_bf_ceraglas_optimized-480x320.jpg\" alt=\"55gd compact fire balanced flue\" width=\"480\" height=\"320\" srcset=\"https:\/\/www.ambifuego.net\/wp-content\/uploads\/2021\/07\/global_55xt_bf_ceraglas_optimized-480x320.jpg 480w, https:\/\/www.ambifuego.net\/wp-content\/uploads\/2021\/07\/global_55xt_bf_ceraglas_optimized-768x512.jpg 768w, https:\/\/www.ambifuego.net\/wp-content\/uploads\/2021\/07\/global_55xt_bf_ceraglas_optimized-405x270.jpg 405w, https:\/\/www.ambifuego.net\/wp-content\/uploads\/2021\/07\/global_55xt_bf_ceraglas_optimized-780x520.jpg 780w, https:\/\/www.ambifuego.net\/wp-content\/uploads\/2021\/07\/global_55xt_bf_ceraglas_optimized-658x439.jpg 658w, https:\/\/www.ambifuego.net\/wp-content\/uploads\/2021\/07\/global_55xt_bf_ceraglas_optimized-880x587.jpg 880w, https:\/\/www.ambifuego.net\/wp-content\/uploads\/2021\/07\/global_55xt_bf_ceraglas_optimized-800x534.jpg 800w, https:\/\/www.ambifuego.net\/wp-content\/uploads\/2021\/07\/global_55xt_bf_ceraglas_optimized.jpg 1000w\" sizes=\"(max-width: 480px) 100vw, 480px\" \/> Compact gas fire 55 global[\/caption]\n","protected":false},"featured_media":80068,"template":"","meta":[],"product_brand":[],"product_cat":[185,186],"product_tag":[],"class_list":{"0":"post-41152","1":"product","2":"type-product","3":"status-publish","4":"has-post-thumbnail","6":"product_cat-chimeneas-y-productos-gas","7":"product_cat-chimeneas-pequenas-gas-natural","9":"first","10":"instock","11":"shipping-taxable","12":"product-type-simple"},"_links":{"self":[{"href":"https:\/\/www.ambifuego.net\/es\/wp-json\/wp\/v2\/product\/41152","targetHints":{"allow":["GET"]}}],"collection":[{"href":"https:\/\/www.ambifuego.net\/es\/wp-json\/wp\/v2\/product"}],"about":[{"href":"https:\/\/www.ambifuego.net\/es\/wp-json\/wp\/v2\/types\/product"}],"version-history":[{"count":0,"href":"https:\/\/www.ambifuego.net\/es\/wp-json\/wp\/v2\/product\/41152\/revisions"}],"wp:featuredmedia":[{"embeddable":true,"href":"https:\/\/www.ambifuego.net\/es\/wp-json\/wp\/v2\/media\/80068"}],"wp:attachment":[{"href":"https:\/\/www.ambifuego.net\/es\/wp-json\/wp\/v2\/media?parent=41152"}],"wp:term":[{"taxonomy":"product_brand","embeddable":true,"href":"https:\/\/www.ambifuego.net\/es\/wp-json\/wp\/v2\/product_brand?post=41152"},{"taxonomy":"product_cat","embeddable":true,"href":"https:\/\/www.ambifuego.net\/es\/wp-json\/wp\/v2\/product_cat?post=41152"},{"taxonomy":"product_tag","embeddable":true,"href":"https:\/\/www.ambifuego.net\/es\/wp-json\/wp\/v2\/product_tag?post=41152"}],"curies":[{"name":"wp","href":"https:\/\/api.w.org\/{rel}","templated":true}]}}