{"id":41097,"date":"2021-06-01T10:40:53","date_gmt":"2021-06-01T10:40:53","guid":{"rendered":"https:\/\/www.ambifuego.net\/xtempx\/?post_type=product&#038;p=41097"},"modified":"2025-10-27T11:30:00","modified_gmt":"2025-10-27T10:30:00","slug":"casette-de-gas-70am","status":"publish","type":"product","link":"https:\/\/www.ambifuego.net\/es\/producto\/casette-de-gas-70am\/","title":{"rendered":"INSERTABLE 70 AM"},"content":{"rendered":"<p style=\"text-align: justify;\"><span style=\"font-family: verdana, geneva, sans-serif;\">Casette de Gas 70am, una<\/span><span style=\"font-family: verdana, geneva, sans-serif;\"> chimeneas de gas insertable que combina todas las ventajas de las chimeneas tradicionales con la ventaja y comodidad de usar gas como combustible. La chimenea durante su funcionamiento no deja ni polvo ni cenizas. S\u00f3lo requiere un mantenimiento al final de la temporada. Olv\u00eddese de limpiar todos los d\u00edas las cenizas, el holl\u00edn del cristal, los humos y el acarrear le\u00f1a.<\/span><\/p>\n<p style=\"text-align: justify;\"><span style=\"font-family: verdana, geneva, sans-serif;\">Son una soluci\u00f3n elegante y moderna para aquellas personas que valoran el confort de uso. Su dise\u00f1o simple y sublime se adapta a cualquier tipo de interior, tanto moderno como cl\u00e1sico de tama\u00f1o mediano con salida de humos estanca.<\/span><\/p>\n<div class='yrm-content yrm-content-1 yrm-content-hide  ' id='yrm-Q7v9i' data-id='1' data-show-status='false' data-after-action='' style=\"visibility: hidden;height: 0;\">\n\t\t\t<div id='yrm-inner-content-yrm-Q7v9i' class='yrm-inner-content-wrapper yrm-cntent-1'><\/p>\n<h2 style=\"text-align: justify;\"><span style=\"font-family: verdana, geneva, sans-serif; font-size: 12pt;\"> Este casette de gas tiene una c\u00e1mara de combusti\u00f3n sellada. <\/span><\/h2>\n<p style=\"text-align: justify;\"><span style=\"font-family: verdana, geneva, sans-serif;\">Por lo tanto es un aparato de los denominados estancos. El ox\u00edgeno necesario para la combusti\u00f3n lo recoge del exterior mediante un tubo de evacuaci\u00f3n coaxial. Este tubo es en realidad un tubo interior por donde entra el aire para la combusti\u00f3n y otro exterior por donde se expulsa el humo. Una\u00a0<b>chimenea estanca<\/b> es aquella en la que la combusti\u00f3n se realiza en una c\u00e1mara herm\u00e9ticamente sellada y que, por tanto, no utiliza el aire de la sala donde est\u00e1 instalada. Este tipo de chimeneas son mucho m\u00e1s eficientes que las de tiro abierto o tambi\u00e9n llamadas atmosf\u00e9ricas.<\/span><\/p>\n<p style=\"text-align: justify;\"><span style=\"font-family: verdana, geneva, sans-serif;\">El modelo 70 Am es una chimenea con vista de llama frontal y con bombillas LED en la base del quemador que simulan el efecto de unas brasas. De esta forma se tiene una visi\u00f3n libre del fuego gracias tambi\u00e9n a su dise\u00f1o simplificado sin marcos <\/span><\/p>\n<p style=\"text-align: justify;\"><span style=\"font-family: verdana, geneva, sans-serif;\">Puede empotrarse en chimenea existen o asimismo instalarse en una chimenea de nueva obra.<\/span><\/p>\n<p style=\"text-align: justify;\"><span style=\"font-family: verdana, geneva, sans-serif;\">Su quemador est\u00e1 dise\u00f1ado para crear un bello fuego muy similar a la de las chimeneas tradicionales. Su sistema de control basado en componentes Matrix Maxitroll permite regular la altura de la llama a discreci\u00f3n.<\/span><\/p>\n<ul>\n<li><span style=\"font-family: verdana, geneva, sans-serif;\">casette de gas 70am chimenea de gas<\/span><\/li>\n<li class=\"dark-for-buttons\"><span style=\"font-family: verdana, geneva, sans-serif;\">Salida de humos estanco<\/span><\/li>\n<li class=\"dark-for-buttons\"><span style=\"font-family: verdana, geneva, sans-serif;\">Modelo frontal con cristal<\/span><\/li>\n<li class=\"dark-for-buttons\"><span style=\"font-family: verdana, geneva, sans-serif;\">Gas Natural o Gas Propano<\/span><\/li>\n<li class=\"dark-for-buttons\"><span style=\"font-family: verdana, geneva, sans-serif;\">Interior color negro<\/span><\/li>\n<li class=\"dark-for-buttons\"><span style=\"font-family: verdana, geneva, sans-serif;\">Control remoto<\/span><\/li>\n<li class=\"dark-for-buttons\"><span style=\"font-family: verdana, geneva, sans-serif;\">Potencia LPG-8Kw\u00a0 &#8211; NAT-8,8Kw<\/span><\/li>\n<li><span style=\"font-family: verdana, geneva, sans-serif;\">Quemador 3QV-Burner + Leds (3 quemadores y Leds efecto brasas)<\/span><\/li>\n<li class=\"dark-for-buttons\"><span style=\"font-family: verdana, geneva, sans-serif;\">Salida humos estanca: 100\/150 mm<\/span><\/li>\n<li><span style=\"font-family: verdana, geneva, sans-serif;\">Efecto de llamas le\u00f1os cer\u00e1micos o piedras<\/span><\/li>\n<li><span style=\"font-family: verdana, geneva, sans-serif;\"><a href=\"https:\/\/vimeo.com\/ambifuego\" target=\"_blank\" rel=\"noopener\">Otras opciones<\/a><\/span><\/li>\n<li><span style=\"font-family: verdana, geneva, sans-serif;\">Mas informaci\u00f3n &#8211; <a href=\"https:\/\/www.ambifuego.net\/wp-content\/uploads\/2023\/10\/20-10-23-cat.general-comprimido.pdf\" target=\"_blank\" rel=\"noopener\">Cat\u00e1logo general<\/a><\/span><\/li>\n<\/ul>\n<p><\/div>\n\t\t<\/div><div class='yrm-btn-wrapper yrm-btn-wrapper-1 yrm-more-button-wrapper  '\n\t\tdata-custom-more-class-name='' data-custom-less-class-name=''><span title='' data-less-title='' data-more-title='' class='yrm-toggle-expand  yrm-toggle-expand-1 ' data-rel='yrm-Q7v9i' data-more='M\u00e1s detalles ' data-less='Ver menos'><span class='yrm-text-wrapper yrm-text-wrapper-custom-dimensions'><span class=\"yrm-button-text-1 yrm-button-text-span\">M\u00e1s detalles <\/span><\/span><\/span><\/div>\n<p>&nbsp;<\/p>\n<p>&nbsp;<\/p>\n","protected":false},"excerpt":{"rendered":"<p><span style=\"font-family: verdana, geneva, sans-serif;\">Chimeneas Panoramica Frente que combina todas las ventajas de las chimeneas tradicionales con la ventaja y comodidad de usar el gas como combustible.<\/span><\/p>\n","protected":false},"featured_media":80312,"template":"","meta":[],"product_brand":[],"product_cat":[185,186],"product_tag":[],"class_list":{"0":"post-41097","1":"product","2":"type-product","3":"status-publish","4":"has-post-thumbnail","6":"product_cat-chimeneas-y-productos-gas","7":"product_cat-chimeneas-pequenas-gas-natural","9":"first","10":"instock","11":"shipping-taxable","12":"product-type-simple"},"_links":{"self":[{"href":"https:\/\/www.ambifuego.net\/es\/wp-json\/wp\/v2\/product\/41097","targetHints":{"allow":["GET"]}}],"collection":[{"href":"https:\/\/www.ambifuego.net\/es\/wp-json\/wp\/v2\/product"}],"about":[{"href":"https:\/\/www.ambifuego.net\/es\/wp-json\/wp\/v2\/types\/product"}],"version-history":[{"count":0,"href":"https:\/\/www.ambifuego.net\/es\/wp-json\/wp\/v2\/product\/41097\/revisions"}],"wp:featuredmedia":[{"embeddable":true,"href":"https:\/\/www.ambifuego.net\/es\/wp-json\/wp\/v2\/media\/80312"}],"wp:attachment":[{"href":"https:\/\/www.ambifuego.net\/es\/wp-json\/wp\/v2\/media?parent=41097"}],"wp:term":[{"taxonomy":"product_brand","embeddable":true,"href":"https:\/\/www.ambifuego.net\/es\/wp-json\/wp\/v2\/product_brand?post=41097"},{"taxonomy":"product_cat","embeddable":true,"href":"https:\/\/www.ambifuego.net\/es\/wp-json\/wp\/v2\/product_cat?post=41097"},{"taxonomy":"product_tag","embeddable":true,"href":"https:\/\/www.ambifuego.net\/es\/wp-json\/wp\/v2\/product_tag?post=41097"}],"curies":[{"name":"wp","href":"https:\/\/api.w.org\/{rel}","templated":true}]}}