{"id":41003,"date":"2021-05-31T09:51:36","date_gmt":"2021-05-31T09:51:36","guid":{"rendered":"https:\/\/www.ambifuego.net\/xtempx\/?post_type=product&#038;p=41003"},"modified":"2026-02-11T16:22:08","modified_gmt":"2026-02-11T15:22:08","slug":"horno-pizza-portatil-exterior","status":"publish","type":"product","link":"https:\/\/www.ambifuego.net\/es\/producto\/horno-pizza-portatil-exterior\/","title":{"rendered":"HORNO PORTATIL LE\u00d1A"},"content":{"rendered":"<p style=\"text-align: justify;\"><span style=\"font-size: 12pt; font-family: verdana, geneva, sans-serif;\">Horno pizza port\u00e1til exterior.<\/span><\/p>\n<p style=\"text-align: justify;\"><span style=\"font-size: 12pt; font-family: verdana, geneva, sans-serif;\">\u00bfQuiere personalizar su cocina barbacoa exterior ?<\/span><\/p>\n<p style=\"text-align: justify;\"><span style=\"font-size: 12pt; font-family: verdana, geneva, sans-serif;\">Bonitos hornos de pizza artesanal producidos siguiendo con la tradici\u00f3n<span class=\"Y2IQFc\" lang=\"es\"> del estilo romano, pero naturalmente con las t\u00e9cnicas de fabricaci\u00f3n m\u00e1s modernas. <\/span><\/span><\/p>\n<p style=\"text-align: justify;\"><span style=\"font-size: 12pt; font-family: verdana, geneva, sans-serif;\"><span class=\"Y2IQFc\" lang=\"es\"><span class=\"Y2IQFc\" lang=\"es\">La pared interna del horno est\u00e1 revestida de arcilla, al igual que los hornos romanos tradicionales, por lo que deber\u00e1 curar la arcilla antes de cocinar alimentos. De todos modos, la arcilla est\u00e1 aislada con una manta t\u00e9rmica\u00a0 y a continuaci\u00f3n protegida por una capa exterior gruesa de fibra de vidrio.\u00a0 El suelo del horno es de piedra s\u00f3lida, de hecho es una sola pieza, pero est\u00e1 sobreelevada para evitar la transferencia de calor del horno a la mesa. La boca del horno\u00a0 es de acero inoxidable de una sola pieza, de f\u00e1cil limpieza y muy higi\u00e9nica.<\/span><\/span><\/span><\/p>\n<p style=\"text-align: justify;\"><span style=\"font-size: 12pt; font-family: verdana, geneva, sans-serif;\"><span class=\"Y2IQFc\" lang=\"es\">Dise\u00f1ados y hechos a mano, estos impresionantes hornos para pizza ser\u00e1n la joya de su jard\u00edn. Por supuesto el dise\u00f1o minimalista y simple y la amplia gama de colores opcionales\u00a0 hacen que \u00e9ste sea un art\u00edculo \u00fanico. Por supuesto, podr\u00e1 cocinar una deliciosa pizza crujiente al horno de le\u00f1a en aproximadamente 90 segundos, ya que son muy eficientes. Este producto es mucho m\u00e1s que un simple horno de pizza, por supuesto usted podr\u00e1 cocinar panes, biscochos, carnes, pescado, gambas al ajillo o cualquier alimento que desee hornear. Dise\u00f1ado para usar sobre una superficie o\u00a0 mesa y adem\u00e1s es f\u00e1cilmente desplazable ya que s\u00f3lamente pesa 30 kg.<\/span><\/span><\/p>\n<p style=\"text-align: justify;\"><span class=\"Y2IQFc\" lang=\"es\" style=\"font-family: verdana, geneva, sans-serif; font-size: 12pt;\">Perfecto para usar en balcones o en jardines. En resumen, si est\u00e1 buscando un horno de pizza pr\u00e1ctico y f\u00e1cil de usar, ciertamente este modelo es el adecuado.<\/span><\/p>\n<h2><span style=\"font-size: 14pt;\">Caracter\u00edsticas horno pizza port\u00e1til exterior<\/span><\/h2>\n<ul>\n<li><span style=\"font-size: 12pt; font-family: verdana, geneva, sans-serif;\">F\u00e1cil y ligero de desplazar &#8211; Desde 30 Kg<\/span><\/li>\n<li><span style=\"font-size: 12pt; font-family: verdana, geneva, sans-serif;\">Revestimiento interior de fibra de vidrio.<\/span><\/li>\n<li><span style=\"font-size: 12pt; font-family: verdana, geneva, sans-serif;\">Base del horno perfectamente aislada por lo tanto puede colocarse sobre una mesa sin peligro.<\/span><\/li>\n<li><span style=\"font-size: 12pt; font-family: verdana, geneva, sans-serif;\">Revestimiento exterior puede tocarse sin quemarse.<\/span><\/li>\n<li><span style=\"font-size: 12pt; font-family: verdana, geneva, sans-serif;\">Para pizzas, pan, asados, &#8230;.<\/span><\/li>\n<li><span style=\"font-size: 12pt; font-family: verdana, geneva, sans-serif;\">S\u00f3lo 20 minutos para alcanzar los 500 \u00baC.<\/span><\/li>\n<li><span style=\"font-size: 12pt; font-family: verdana, geneva, sans-serif;\">Mantiene la temperatura durante 2 horas.<\/span><\/li>\n<li><span style=\"font-size: 12pt; font-family: verdana, geneva, sans-serif;\">Resistentes a las intemperies y listos para usar.<\/span><\/li>\n<li><span style=\"font-size: 12pt; font-family: verdana, geneva, sans-serif;\">No requieren instalaci\u00f3n<\/span><\/li>\n<li><span style=\"font-size: 12pt; font-family: verdana, geneva, sans-serif;\">Interior con solera refractaria y estructura de acero inoxidable de 2,5 cm\u00a0 de espesor.<\/span><\/li>\n<li><span style=\"font-size: 12pt; font-family: verdana, geneva, sans-serif;\">Aislamiento de fibra cer\u00e1mica mantiene el calor durante m\u00e1s tiempo.<\/span><\/li>\n<li><span style=\"font-size: 12pt; font-family: verdana, geneva, sans-serif;\">Encendido manual<\/span><\/li>\n<li><span style=\"font-size: 12pt; font-family: verdana, geneva, sans-serif;\">5 colores diferentes<\/span><\/li>\n<li><span style=\"font-size: 12pt; font-family: verdana, geneva, sans-serif;\">Medidas desde para 1 pizza hasta para hornear 5 pizzas<\/span><\/li>\n<li><span style=\"font-size: 12pt; font-family: verdana, geneva, sans-serif;\">Pr\u00f3ximamente tambi\u00e9n a GAS<\/span><\/li>\n<li><span style=\"font-size: 12pt; font-family: verdana, geneva, sans-serif;\"><a href=\"https:\/\/www.ambifuego.net\/wp-content\/uploads\/2023\/06\/05-06-23-bbq.pub2_compressed-1.pdf\">Cat\u00e1logo barbacoas<\/a> &#8211; *- <a href=\"https:\/\/www.youtube.com\/channel\/UC1EdXUbFh6utrSXmgxJGWbw\">Video <\/a>&#8211;<\/span><\/li>\n<\/ul>\n","protected":false},"excerpt":{"rendered":"[caption id=\"attachment_43212\" align=\"alignnone\" width=\"426\"]<img fetchpriority=\"high\" decoding=\"async\" class=\"size-full wp-image-43212\" src=\"https:\/\/www.ambifuego.net\/wp-content\/uploads\/2021\/05\/horno_optimized.acero_.inox_.jpg\" alt=\"Horno pizza port\u00e1til exterior peque\u00f1o le\u00f1a - portable oven - klein ofen holzhorno peque\u00f1o acero inoxidable le\u00f1a - portable oven inox- klein ofen stahlfrei\" width=\"426\" height=\"320\" srcset=\"https:\/\/www.ambifuego.net\/wp-content\/uploads\/2021\/05\/horno_optimized.acero_.inox_.jpg 426w, https:\/\/www.ambifuego.net\/wp-content\/uploads\/2021\/05\/horno_optimized.acero_.inox_-359x270.jpg 359w\" sizes=\"(max-width: 426px) 100vw, 426px\" \/> Horno pizza port\u00e1til exterior peque\u00f1o le\u00f1a &#8211; portable oven &#8211; klein ofen holz peque\u00f1o acero inoxidablele\u00f1a &#8211; portable oven inox- klein ofen stahlfrei[\/caption]\n","protected":false},"featured_media":49348,"template":"","meta":[],"product_brand":[],"product_cat":[488],"product_tag":[],"class_list":{"0":"post-41003","1":"product","2":"type-product","3":"status-publish","4":"has-post-thumbnail","6":"product_cat-hornos-de-pizzas-exterior-gas-lena-barbecues-ovens-kamado-gas-wood","8":"first","9":"instock","10":"downloadable","11":"shipping-taxable","12":"product-type-simple"},"_links":{"self":[{"href":"https:\/\/www.ambifuego.net\/es\/wp-json\/wp\/v2\/product\/41003","targetHints":{"allow":["GET"]}}],"collection":[{"href":"https:\/\/www.ambifuego.net\/es\/wp-json\/wp\/v2\/product"}],"about":[{"href":"https:\/\/www.ambifuego.net\/es\/wp-json\/wp\/v2\/types\/product"}],"version-history":[{"count":1,"href":"https:\/\/www.ambifuego.net\/es\/wp-json\/wp\/v2\/product\/41003\/revisions"}],"predecessor-version":[{"id":83267,"href":"https:\/\/www.ambifuego.net\/es\/wp-json\/wp\/v2\/product\/41003\/revisions\/83267"}],"wp:featuredmedia":[{"embeddable":true,"href":"https:\/\/www.ambifuego.net\/es\/wp-json\/wp\/v2\/media\/49348"}],"wp:attachment":[{"href":"https:\/\/www.ambifuego.net\/es\/wp-json\/wp\/v2\/media?parent=41003"}],"wp:term":[{"taxonomy":"product_brand","embeddable":true,"href":"https:\/\/www.ambifuego.net\/es\/wp-json\/wp\/v2\/product_brand?post=41003"},{"taxonomy":"product_cat","embeddable":true,"href":"https:\/\/www.ambifuego.net\/es\/wp-json\/wp\/v2\/product_cat?post=41003"},{"taxonomy":"product_tag","embeddable":true,"href":"https:\/\/www.ambifuego.net\/es\/wp-json\/wp\/v2\/product_tag?post=41003"}],"curies":[{"name":"wp","href":"https:\/\/api.w.org\/{rel}","templated":true}]}}