{"id":40400,"date":"2021-05-24T12:57:36","date_gmt":"2021-05-24T12:57:36","guid":{"rendered":"https:\/\/www.ambifuego.net\/xtempx\/?post_type=product&#038;p=40400"},"modified":"2025-06-09T13:18:39","modified_gmt":"2025-06-09T11:18:39","slug":"chimenea-electrica-decorativa-1300-1000-glazer-modular-1300-1000","status":"publish","type":"product","link":"https:\/\/www.ambifuego.net\/es\/producto\/chimenea-electrica-decorativa-1300-1000-glazer-modular-1300-1000\/","title":{"rendered":"MODULAR GLAZER 1300"},"content":{"rendered":"<p style=\"text-align: justify;\"><span style=\"font-family: verdana, geneva, sans-serif;\">Chimenea El\u00e9ctrica decorativa 1300-1000 &#8211; Fabricaci\u00f3n Europea &#8211;<\/span><\/p>\n<h2 style=\"text-align: justify;\"><span style=\"font-size: 12pt; font-family: verdana, geneva, sans-serif;\">Chimenea\u00a0 el\u00e9ctrica moderna &#8211; 1300 &#8211; frente, Esquina o 3 lados<\/span><\/h2>\n<p class=\"article-body__text \" style=\"text-align: justify;\"><span style=\"font-family: verdana, geneva, sans-serif;\">Si desea usted una chimenea en su sal\u00f3n y quiere evitar obras, suciedad y humos una buena opci\u00f3n es una chimenea el\u00e9ctrica decorativa 1300-1000. Primero es una buena opci\u00f3n para disfrutar de todas las <strong>ventajas <\/strong>\u00a0de una chimenea y es\u00a0 f\u00e1cil de instalar. De hecho, se trata de un aparato con un calefactor y un termostato integrado. Igual que una chimenea tradicional puede empotrar o insertar la chimenea en el hueco existente o\u00a0 uno de nueva construcci\u00f3n una chimenea el\u00e9ctrica.<\/span><\/p>\n<p class=\"article-body__text \" style=\"text-align: justify;\"><span style=\"font-family: verdana, geneva, sans-serif;\">Claro est\u00e1, ser\u00e1 un estupendo <strong>elemento decorativo. <\/strong>\u00a0Por supuesto,\u00a0 podr\u00e1 ver las llamas como las de un fuego \u201ctradicional\u201d\u00a0 hasta pueden regularse al gusto y activar el calefactor si necesita caldear.\u00a0 Es m\u00e1s, S\u00f3lo tendr\u00e1 que conectarla a la corriente el\u00e9ctrica y no\u00a0 har\u00e1 falta hacer obras o preocuparse de la <strong>salida de humos<\/strong>. Calientan r\u00e1pido el ambiente y son seguras ya que no tiene fuego, ni chispas ni humo.<\/span><\/p>\n<p class=\"article-body__text \" style=\"text-align: justify;\"><span style=\"font-family: verdana, geneva, sans-serif;\">No obstante, hay que destacar que s\u00f3lo sirven para<strong> para calentar estancias peque\u00f1as<\/strong>. Su efecto decorativo, sin embargo puede activarse sin tener tener el calefactor funcionando.<\/span><\/p>\n<h2><span style=\"font-size: 12pt; font-family: verdana, geneva, sans-serif;\">Modelo decorativo &#8211; Glazer\u00a0 1300-1000<\/span><\/h2>\n<ul>\n<li style=\"text-align: justify;\"><span style=\"font-family: verdana, geneva, sans-serif;\">Chimenea El\u00e9ctrica decorativa 1300<\/span><\/li>\n<li style=\"text-align: justify;\"><span style=\"font-family: verdana, geneva, sans-serif;\">Modelo insertable, empotrado en pared o tambi\u00e9n sobre el suelo con m\u00f3dulo.<\/span><\/li>\n<li style=\"text-align: justify;\"><span style=\"font-family: verdana, geneva, sans-serif;\"><a href=\"https:\/\/flameritefires.com\/en\/\" target=\"_blank\" rel=\"noopener\"><strong>FABRICADO EN EUROPA<\/strong><\/a><\/span><\/li>\n<li style=\"text-align: justify;\"><span style=\"font-family: verdana, geneva, sans-serif;\">Modelo panor\u00e1mico. Opcional de frente, 2 lados 0 3 caras.<\/span><\/li>\n<li style=\"text-align: justify;\"><span style=\"font-family: verdana, geneva, sans-serif;\">Cristal frontal OmniGlide de 2 posiciones<\/span><\/li>\n<li style=\"text-align: justify;\"><span style=\"font-family: verdana, geneva, sans-serif;\">Ventilador oculto de 750 W\/1500 W con control termost\u00e1tico<\/span><\/li>\n<li style=\"text-align: justify;\"><span style=\"font-family: verdana, geneva, sans-serif;\">Elecci\u00f3n de: Smart eControl con Radia Flame 3D o Fire eControl con Nitra Flame<\/span><\/li>\n<li style=\"text-align: justify;\"><span style=\"font-family: verdana, geneva, sans-serif;\">Empotrada o montada en la pared-<\/span><\/li>\n<li style=\"text-align: justify;\"><span style=\"font-family: verdana, geneva, sans-serif;\">Tambi\u00e9n puede montarse con m\u00f3dulos &#8211; Por esto evita obrar<\/span><\/li>\n<li style=\"text-align: justify;\"><span style=\"font-family: verdana, geneva, sans-serif;\">Vista de llama frente, esquina o\u00a0 3 lados<\/span><\/li>\n<li style=\"text-align: justify;\"><span style=\"font-family: verdana, geneva, sans-serif;\">Efecto de llamas abundantes y profundas<\/span><\/li>\n<li style=\"text-align: justify;\"><span style=\"font-family: verdana, geneva, sans-serif;\">Brasas rojizas con Leds<\/span><\/li>\n<li><span style=\"font-family: verdana, geneva, sans-serif;\">Bombillas Leds, bajo consumo<\/span><\/li>\n<li><span style=\"font-family: verdana, geneva, sans-serif;\"><strong>Le\u00f1os cer\u00e1micos &#8211; Gran Calidad- Piedras<\/strong><\/span><\/li>\n<li><span style=\"font-family: verdana, geneva, sans-serif;\">Cristal frontal 2 posiciones para mayor efecto \u00f3ptico<\/span><\/li>\n<li><span style=\"font-family: verdana, geneva, sans-serif;\">Panel de control manual<\/span><\/li>\n<li><span style=\"font-family: verdana, geneva, sans-serif;\"><strong>e-touch-Control &#8211; App tel\u00e9fono<\/strong><\/span><\/li>\n<li><span style=\"font-family: verdana, geneva, sans-serif;\"><a href=\"https:\/\/www.ambifuego.net\/contacto\/\" target=\"_blank\" rel=\"noopener\">PVP &#8211; Disponibilidad<\/a><\/span><\/li>\n<li><span style=\"font-family: verdana, geneva, sans-serif;\"><a href=\"https:\/\/www.ambifuego.net\/wp-content\/uploads\/2021\/06\/glazer-modular-catalogo-comprimido.pdf\" target=\"_blank\" rel=\"noopener\">Cat\u00e1logo<\/a> &#8211;<\/span><\/li>\n<\/ul>\n<p><img fetchpriority=\"high\" decoding=\"async\" class=\"alignnone wp-image-51187\" src=\"https:\/\/www.ambifuego.net\/wp-content\/uploads\/2021\/05\/1300glazergf_optimized-1.jpg\" alt=\"\" width=\"448\" height=\"135\" \/><\/p>\n<p>&nbsp;<\/p>\n<p>&nbsp;<\/p>\n","protected":false},"excerpt":{"rendered":"<p><img decoding=\"async\" class=\"alignnone wp-image-49650\" src=\"https:\/\/www.ambifuego.net\/wp-content\/uploads\/2021\/05\/flamerite-glazer-1300-cu_optimized.jpg\" alt=\"\" width=\"550\" height=\"550\" \/><\/p>\n","protected":false},"featured_media":74594,"template":"","meta":[],"product_brand":[],"product_cat":[259,264,260],"product_tag":[],"class_list":{"0":"post-40400","1":"product","2":"type-product","3":"status-publish","4":"has-post-thumbnail","6":"product_cat-chimeneas-electricas-decorativas-modernas-calefactor","7":"product_cat-chimeneas-electricas-conjuntos-suite","8":"product_cat-electricas-panoramicas","10":"first","11":"instock","12":"shipping-taxable","13":"product-type-simple"},"_links":{"self":[{"href":"https:\/\/www.ambifuego.net\/es\/wp-json\/wp\/v2\/product\/40400","targetHints":{"allow":["GET"]}}],"collection":[{"href":"https:\/\/www.ambifuego.net\/es\/wp-json\/wp\/v2\/product"}],"about":[{"href":"https:\/\/www.ambifuego.net\/es\/wp-json\/wp\/v2\/types\/product"}],"version-history":[{"count":0,"href":"https:\/\/www.ambifuego.net\/es\/wp-json\/wp\/v2\/product\/40400\/revisions"}],"wp:featuredmedia":[{"embeddable":true,"href":"https:\/\/www.ambifuego.net\/es\/wp-json\/wp\/v2\/media\/74594"}],"wp:attachment":[{"href":"https:\/\/www.ambifuego.net\/es\/wp-json\/wp\/v2\/media?parent=40400"}],"wp:term":[{"taxonomy":"product_brand","embeddable":true,"href":"https:\/\/www.ambifuego.net\/es\/wp-json\/wp\/v2\/product_brand?post=40400"},{"taxonomy":"product_cat","embeddable":true,"href":"https:\/\/www.ambifuego.net\/es\/wp-json\/wp\/v2\/product_cat?post=40400"},{"taxonomy":"product_tag","embeddable":true,"href":"https:\/\/www.ambifuego.net\/es\/wp-json\/wp\/v2\/product_tag?post=40400"}],"curies":[{"name":"wp","href":"https:\/\/api.w.org\/{rel}","templated":true}]}}