{"id":40277,"date":"2021-05-21T11:28:38","date_gmt":"2021-05-21T11:28:38","guid":{"rendered":"https:\/\/www.ambifuego.net\/xtempx\/?post_type=product&#038;p=40277"},"modified":"2023-11-28T16:53:10","modified_gmt":"2023-11-28T15:53:10","slug":"chimenea-electrica-gran-vision","status":"publish","type":"product","link":"https:\/\/www.ambifuego.net\/es\/producto\/chimenea-electrica-gran-vision\/","title":{"rendered":"E 500 -1-2-3 LADOS"},"content":{"rendered":"<p style=\"text-align: justify;\"><span style=\"font-family: verdana, geneva, sans-serif;\">Chimenea El\u00e9ctrica Gran Visi\u00f3n. Las chimeneas el\u00e9ctricas decorativas vienen con un calefactor e imitan el fuego muy bien. Est\u00e1n equipadas con un calefactor, que puede caldear estancias peque\u00f1as. All\u00ed donde no es posible una chimenea de le\u00f1a, puede optar por un modelo el\u00e9ctrico. Por consiguiente, hoy en d\u00eda se puede encontrar a menudo, estos aparatos en muchas viviendas.<\/span><\/p>\n<h2 style=\"text-align: justify;\"><span style=\"font-family: verdana, geneva, sans-serif; font-size: 14pt;\"><strong>Chimenea el\u00e9ctrica gran visi\u00f3n<\/strong> con cristal frontal o lateral.<\/span><\/h2>\n<p style=\"text-align: justify;\"><span style=\"font-family: verdana, geneva, sans-serif;\">Probablemente la\u00a0<a href=\"https:\/\/vimeo.com\/ambifuego\" target=\"_blank\" rel=\"noopener\">belleza y los efectos de llamas<\/a>\u00a0de las chimeneas le van a sorprender y admirar. Si no ha decidido qu\u00e9 chimenea es la suya ofrecemos dise\u00f1os y estilos varios a elegir. De hecho, puede elegir modelos sobre el suelo, colgados, empotrados, de frente, esquina o a 3 lados.<\/span><\/p>\n<ul>\n<li><span style=\"font-family: verdana, geneva, sans-serif;\">Chimenea el\u00e9ctrica gran visi\u00f3n<\/span><\/li>\n<li><span style=\"font-family: verdana, geneva, sans-serif;\"><strong>Fabricaci\u00f3n Europea<\/strong><\/span><\/li>\n<li><span style=\"font-family: verdana, geneva, sans-serif;\">Vista de llamas 1-2 o 3 lados<\/span><\/li>\n<li><span style=\"font-family: verdana, geneva, sans-serif;\">Dise\u00f1o moderno para empotrar<\/span><\/li>\n<li><span style=\"font-family: verdana, geneva, sans-serif;\">Gran visi\u00f3n del fuego y realismo<\/span><\/li>\n<li><span style=\"font-family: verdana, geneva, sans-serif;\">Efecto de llamas abundante y profundo<\/span><\/li>\n<li><span style=\"font-family: verdana, geneva, sans-serif;\">Efecto de cenizas rojizas<\/span><\/li>\n<li><span style=\"font-family: verdana, geneva, sans-serif;\"><strong>Le\u00f1os cer\u00e1micos &#8211; Gran Calidad<\/strong> &#8211;<strong> Piedras<\/strong><\/span><\/li>\n<li><span style=\"font-family: verdana, geneva, sans-serif;\">Potencia calefactor 750 &#8211; 1500 W<\/span><\/li>\n<li><span style=\"font-family: verdana, geneva, sans-serif;\">Opci\u00f3n<strong> Nitra-Flamme<\/strong> &#8211; Llamas multicolor<\/span><\/li>\n<li><span style=\"font-family: verdana, geneva, sans-serif;\">Control.\u00a0 App- (Tel\u00e9fono) &#8211; Mando a distancia\u00a0<\/span><\/li>\n<li><span style=\"font-family: verdana, geneva, sans-serif;\"><strong>Dise\u00f1os galardonados<\/strong><\/span><\/li>\n<li><a href=\"https:\/\/www.ambifuego.net\/contacto\/\" target=\"_blank\" rel=\"noopener\"><span style=\"font-family: verdana, geneva, sans-serif;\">PVP &#8211; Disponibilidad<\/span><\/a><\/li>\n<li><span style=\"font-family: verdana, geneva, sans-serif;\"><a href=\"https:\/\/www.ambifuego.net\/wp-content\/uploads\/2023\/10\/20-10-23-cat.general-comprimido.pdf\" target=\"_blank\" rel=\"noopener\">Cat\u00e1logo<\/a>\u00a0<\/span><\/li>\n<\/ul>\n<p><img fetchpriority=\"high\" decoding=\"async\" class=\"alignnone wp-image-40225\" src=\"https:\/\/www.ambifuego.net\/wp-content\/uploads\/2017\/09\/500-frente-esquina.jpg\" alt=\"\" width=\"431\" height=\"264\" srcset=\"https:\/\/www.ambifuego.net\/wp-content\/uploads\/2017\/09\/500-frente-esquina.jpg 402w, https:\/\/www.ambifuego.net\/wp-content\/uploads\/2017\/09\/500-frente-esquina-400x246.jpg 400w\" sizes=\"(max-width: 431px) 100vw, 431px\" \/><\/p>\n","protected":false},"excerpt":{"rendered":"<p><img decoding=\"async\" class=\"alignnone wp-image-64588 size-full\" src=\"https:\/\/www.ambifuego.net\/wp-content\/uploads\/2017\/09\/e600-2_optimized.jpg\" alt=\"chimenea el\u00e9ctrica gran visi\u00f3n decorativa \" width=\"312\" height=\"259\" \/><\/p>\n","protected":false},"featured_media":40231,"template":"","meta":[],"product_brand":[],"product_cat":[259,260],"product_tag":[],"class_list":{"0":"post-40277","1":"product","2":"type-product","3":"status-publish","4":"has-post-thumbnail","6":"product_cat-chimeneas-electricas-decorativas-modernas-calefactor","7":"product_cat-electricas-panoramicas","9":"first","10":"instock","11":"shipping-taxable","12":"product-type-simple"},"_links":{"self":[{"href":"https:\/\/www.ambifuego.net\/es\/wp-json\/wp\/v2\/product\/40277","targetHints":{"allow":["GET"]}}],"collection":[{"href":"https:\/\/www.ambifuego.net\/es\/wp-json\/wp\/v2\/product"}],"about":[{"href":"https:\/\/www.ambifuego.net\/es\/wp-json\/wp\/v2\/types\/product"}],"version-history":[{"count":0,"href":"https:\/\/www.ambifuego.net\/es\/wp-json\/wp\/v2\/product\/40277\/revisions"}],"wp:featuredmedia":[{"embeddable":true,"href":"https:\/\/www.ambifuego.net\/es\/wp-json\/wp\/v2\/media\/40231"}],"wp:attachment":[{"href":"https:\/\/www.ambifuego.net\/es\/wp-json\/wp\/v2\/media?parent=40277"}],"wp:term":[{"taxonomy":"product_brand","embeddable":true,"href":"https:\/\/www.ambifuego.net\/es\/wp-json\/wp\/v2\/product_brand?post=40277"},{"taxonomy":"product_cat","embeddable":true,"href":"https:\/\/www.ambifuego.net\/es\/wp-json\/wp\/v2\/product_cat?post=40277"},{"taxonomy":"product_tag","embeddable":true,"href":"https:\/\/www.ambifuego.net\/es\/wp-json\/wp\/v2\/product_tag?post=40277"}],"curies":[{"name":"wp","href":"https:\/\/api.w.org\/{rel}","templated":true}]}}