{"id":40189,"date":"2021-05-20T12:26:43","date_gmt":"2021-05-20T12:26:43","guid":{"rendered":"https:\/\/www.ambifuego.net\/xtempx\/?post_type=product&#038;p=40189"},"modified":"2024-01-31T14:16:15","modified_gmt":"2024-01-31T13:16:15","slug":"chimenea-electrica-moderna-730","status":"publish","type":"product","link":"https:\/\/www.ambifuego.net\/es\/producto\/chimenea-electrica-moderna-730\/","title":{"rendered":"1-2-3 LADOS &#8211; 730"},"content":{"rendered":"<p><strong><span style=\"font-family: verdana, geneva, sans-serif;\">Chimenea El\u00e9ctrica Moderna 730<\/span><\/strong><\/p>\n<p style=\"text-align: justify;\"><span style=\"font-family: verdana, geneva, sans-serif;\">Chimenea el\u00e9ctrica insertable fabricada en acero negro. Cuenta con un potente calefactor y ofrece un efecto de llama, con tecnolog\u00eda led, muy realista con un variado abanico de colores y luminosidad que te permite personalizarla en cada momento. Ideal para crear un ambiente c\u00e1lido y moderno sin renunciar a la comodidad. Su instalaci\u00f3n es muy vers\u00e1til y solo necesitas un enchufe. Gracias a su fondo reducido, se adapta a cualquier espacio.\u00a0<\/span><\/p>\n<h2><span style=\"font-size: 14pt;\"><span style=\"font-family: verdana, geneva, sans-serif;\">Visi\u00f3n panor\u00e1mica del fuego<\/span><\/span><\/h2>\n<p style=\"text-align: justify;\"><span style=\"font-family: verdana, geneva, sans-serif;\">Estos modelos ofrecen una gran vista de\u00a0 llamas. Si desea decorar una estancia y no quiere obras ni suciedad u olores, estos modelos son ideales.\u00a0 Su elegante est\u00e9tica crear\u00e1 un llamativo punto focal en cualquier sal\u00f3n o espacio. El efecto de las llamas del fuego se logra mediante una technologia punta y bombillas LED de bajo consumo.\u00a0 Las llamas simulan un fuego casi real, relajante, acogedor, decorativo y seguro por si hay ni\u00f1os o mascotas cerca. Por consiguiente se puede disfrutar a trav\u00e9s de su cristal frontal de todo el juego del fuego. Puede activar solamente el efecto decorativo de las llamas sin tener que activar el calefactor.\u00a0<\/span><\/p>\n<h2><span style=\"font-size: 14pt; font-family: verdana, geneva, sans-serif;\">Chimenea el\u00e9ctrica moderna 730 &#8211; Ideal para disfrutar del ambiente de la llama todo el a\u00f1o. <\/span><\/h2>\n<ul>\n<li><a href=\"https:\/\/www.ambifuego.net\/wp-content\/uploads\/2021\/05\/EVONIC-2021.pdf\" target=\"_blank\" rel=\"noopener\"><span style=\"font-family: verdana, geneva, sans-serif;\"><strong>Fabricado en Europa<\/strong><\/span><\/a><\/li>\n<li><span style=\"font-family: verdana, geneva, sans-serif;\">Chimenea El\u00e9ctrica insertable &#8211; 1 &#8211; 2 \u00f3 3 lados<\/span><\/li>\n<li><span style=\"font-family: verdana, geneva, sans-serif;\"><strong>Cristal antireflejos<\/strong><\/span><\/li>\n<li><span style=\"font-family: verdana, geneva, sans-serif;\">Gran realismo de fuego &#8211; Llamas abundantes y profundas<\/span><\/li>\n<li><span style=\"font-family: verdana, geneva, sans-serif;\">Calefactor: 750 &#8211; 1500 W<\/span><\/li>\n<li><span style=\"font-family: verdana, geneva, sans-serif;\">Control mediante APP-Tel\u00e9fono &#8211; Mando\u00a0<\/span><\/li>\n<li><span style=\"font-family: verdana, geneva, sans-serif;\"><strong>Le\u00f1os cer\u00e1micos &#8211; Gran Calidad<\/strong> &#8211; Piedras<\/span><\/li>\n<li><span style=\"font-family: verdana, geneva, sans-serif;\">Efecto de brasas calientes<\/span><\/li>\n<li><span style=\"font-family: verdana, geneva, sans-serif;\">Opci\u00f3n<strong> Nitra-Flame-<\/strong> Llamas de colores<\/span><\/li>\n<li><span style=\"font-family: verdana, geneva, sans-serif;\">*M\u00e1s informaci\u00f3n &#8211; <a href=\"https:\/\/www.ambifuego.net\/wp-content\/uploads\/2023\/10\/20-10-23-cat.general-comprimido.pdf\" target=\"_blank\" rel=\"noopener\">Cat\u00e1logo<\/a> &#8211;<\/span><\/li>\n<\/ul>\n<p><img fetchpriority=\"high\" decoding=\"async\" class=\" wp-image-64689\" src=\"https:\/\/www.ambifuego.net\/wp-content\/uploads\/2023\/07\/730-2_optimized-480x165.jpg\" alt=\"chimenea electrica e 730 medidas\" width=\"521\" height=\"179\" srcset=\"https:\/\/www.ambifuego.net\/wp-content\/uploads\/2023\/07\/730-2_optimized-480x165.jpg 480w, https:\/\/www.ambifuego.net\/wp-content\/uploads\/2023\/07\/730-2_optimized-768x263.jpg 768w, https:\/\/www.ambifuego.net\/wp-content\/uploads\/2023\/07\/730-2_optimized-780x267.jpg 780w, https:\/\/www.ambifuego.net\/wp-content\/uploads\/2023\/07\/730-2_optimized-800x274.jpg 800w, https:\/\/www.ambifuego.net\/wp-content\/uploads\/2023\/07\/730-2_optimized.jpg 834w\" sizes=\"(max-width: 521px) 100vw, 521px\" \/><\/p>\n","protected":false},"excerpt":{"rendered":"[caption id=\"attachment_64677\" align=\"alignnone\" width=\"480\"]<img decoding=\"async\" class=\"size-full wp-image-64677\" src=\"https:\/\/www.ambifuego.net\/wp-content\/uploads\/2021\/05\/e730_gf_1-1_optimized.jpg\" alt=\"chimenea electrica 730 vista frente le\u00f1os\" width=\"480\" height=\"320\" srcset=\"https:\/\/www.ambifuego.net\/wp-content\/uploads\/2021\/05\/e730_gf_1-1_optimized.jpg 480w, https:\/\/www.ambifuego.net\/wp-content\/uploads\/2021\/05\/e730_gf_1-1_optimized-405x270.jpg 405w\" sizes=\"(max-width: 480px) 100vw, 480px\" \/> chimenea electrica 730 vista frente le\u00f1os[\/caption]\n","protected":false},"featured_media":64695,"template":"","meta":[],"product_brand":[],"product_cat":[259,260],"product_tag":[],"class_list":{"0":"post-40189","1":"product","2":"type-product","3":"status-publish","4":"has-post-thumbnail","6":"product_cat-chimeneas-electricas-decorativas-modernas-calefactor","7":"product_cat-electricas-panoramicas","9":"first","10":"instock","11":"shipping-taxable","12":"product-type-simple"},"_links":{"self":[{"href":"https:\/\/www.ambifuego.net\/es\/wp-json\/wp\/v2\/product\/40189","targetHints":{"allow":["GET"]}}],"collection":[{"href":"https:\/\/www.ambifuego.net\/es\/wp-json\/wp\/v2\/product"}],"about":[{"href":"https:\/\/www.ambifuego.net\/es\/wp-json\/wp\/v2\/types\/product"}],"version-history":[{"count":0,"href":"https:\/\/www.ambifuego.net\/es\/wp-json\/wp\/v2\/product\/40189\/revisions"}],"wp:featuredmedia":[{"embeddable":true,"href":"https:\/\/www.ambifuego.net\/es\/wp-json\/wp\/v2\/media\/64695"}],"wp:attachment":[{"href":"https:\/\/www.ambifuego.net\/es\/wp-json\/wp\/v2\/media?parent=40189"}],"wp:term":[{"taxonomy":"product_brand","embeddable":true,"href":"https:\/\/www.ambifuego.net\/es\/wp-json\/wp\/v2\/product_brand?post=40189"},{"taxonomy":"product_cat","embeddable":true,"href":"https:\/\/www.ambifuego.net\/es\/wp-json\/wp\/v2\/product_cat?post=40189"},{"taxonomy":"product_tag","embeddable":true,"href":"https:\/\/www.ambifuego.net\/es\/wp-json\/wp\/v2\/product_tag?post=40189"}],"curies":[{"name":"wp","href":"https:\/\/api.w.org\/{rel}","templated":true}]}}