{"id":40056,"date":"2021-05-19T09:17:46","date_gmt":"2021-05-19T09:17:46","guid":{"rendered":"https:\/\/www.ambifuego.net\/xtempx\/?post_type=product&#038;p=40056"},"modified":"2024-01-31T14:04:04","modified_gmt":"2024-01-31T13:04:04","slug":"insertable-electrico-fireplace-kamin","status":"publish","type":"product","link":"https:\/\/www.ambifuego.net\/es\/producto\/insertable-electrico-fireplace-kamin\/","title":{"rendered":"1-2-3 LADOS &#8211; 1250"},"content":{"rendered":"<p style=\"text-align: justify;\"><span style=\"font-family: verdana, geneva, sans-serif;\">Ambifuego, <a href=\"https:\/\/www.ambifuego.net\/en\/articulos\/high-quality-electric-fireplace\/\" target=\"_blank\" rel=\"noopener\">fabricante y distribuidor<\/a> de chimeneas presenta; Insertable El\u00e9ctrico &#8211; fireplace &#8211; Kamin de 1250 cm de ancho y 33 cm de alto. Listo para empotrar y a disfrutar.<\/span><\/p>\n<h2 style=\"text-align: justify;\"><span style=\"font-size: 12pt; font-family: verdana, geneva, sans-serif;\"><em>Chimenea el\u00e9ctrica &#8211; Fireplace 1250\u00a0 frente, esquina o tres lados<\/em><\/span><\/h2>\n<p style=\"text-align: justify;\"><span style=\"font-family: verdana, geneva, sans-serif;\">Esta chimenea viene con troncos cer\u00e1micos decorativos de gran calidad y tambi\u00e9n\u00a0 con un efecto del fuego casi real. De hecho, incorporan un calefactor con dos potencias para la calefacci\u00f3n. Claro est\u00e1, es un producto de bajo consumo el\u00e9ctrico ya funcionan con bombillas Leds.\u00a0<\/span><\/p>\n<p style=\"text-align: justify;\"><span style=\"font-family: verdana, geneva, sans-serif;\">Con un mando o la App puede, de hecho, regular su chimenea. El mando es casi como una tablet, funciona con el sistema de comunicaci\u00f3n bluetooth, recargable y port\u00e1til. Adem\u00e1s, cuenta con un termostato incorporado que le permite igualmente\u00a0 regular y mantener la temperatura\u00a0 seleccionada con facilidad.<\/span><\/p>\n<p style=\"text-align: justify;\"><span style=\"font-family: verdana, geneva, sans-serif;\">Asimismo, este producto viene con cristales <strong>SCHOTT MAGIC.<\/strong> Los cristales, sobre todo tienen la car\u00e1cteristica de evitar los reflejos hasta un 90%. Por lo tanto da la sensaci\u00f3n de un fuego sin cristal alguno.\u00a0<\/span><\/p>\n<p style=\"text-align: justify;\"><span style=\"font-family: verdana, geneva, sans-serif;\">Es un insertable el\u00e9ctrico frontal con luces leds, cristal anti reflejo y\u00a0disponible en varias versiones; de frente, de esquina derecha o izquierda\u00a0 o tambi\u00e9n a 3 caras.<\/span><\/p>\n<h2 style=\"text-align: justify;\"><span style=\"font-size: 12pt;\"><span style=\"font-family: verdana, geneva, sans-serif;\"><strong>I<\/strong><\/span><span style=\"font-family: verdana, geneva, sans-serif;\"><strong>nsertable Electrico, Fireplace Kamin &#8211; con efecto de llama casi real.<\/strong><\/span><\/span><\/h2>\n<ul>\n<li><span style=\"font-family: verdana, geneva, sans-serif;\"><a href=\"https:\/\/www.ambifuego.net\/wp-content\/uploads\/2021\/05\/EVONIC-2021.pdf\" target=\"_blank\" rel=\"noopener\"><strong>Fabricado en Europa<\/strong><\/a><\/span><\/li>\n<li><span style=\"font-family: verdana, geneva, sans-serif;\">Chimenea el\u00e9ctrica vista 1-2 \u00f3 3 lados<\/span><\/li>\n<li><span id=\"result_box\" lang=\"es\" style=\"font-family: verdana, geneva, sans-serif;\">Cristal antireflejos<\/span><\/li>\n<li><span style=\"font-family: verdana, geneva, sans-serif;\">Gran realismo bombillas Led- bajo consumo<\/span><\/li>\n<li><span style=\"font-family: verdana, geneva, sans-serif;\">Gran realismo y visi\u00f3n del fuego<\/span><\/li>\n<li><span style=\"font-family: verdana, geneva, sans-serif;\"><strong>Le\u00f1os cer\u00e1micos &#8211; Gran Calidad- Piedras<\/strong><\/span><\/li>\n<li><span style=\"font-family: verdana, geneva, sans-serif;\">Efecto brasa calientes<\/span><\/li>\n<li><span style=\"font-family: verdana, geneva, sans-serif;\">Control-App (Tel\u00e9fono) &#8211; Mando\u00a0<\/span><\/li>\n<li><span id=\"result_box\" lang=\"es\" style=\"font-family: verdana, geneva, sans-serif;\">Potencia calefactor &#8211; 750 &#8211; 1500 W<\/span><\/li>\n<li><span id=\"result_box\" lang=\"es\" style=\"font-family: verdana, geneva, sans-serif;\">Efecto brasas calientes<\/span><\/li>\n<li><span id=\"result_box\" lang=\"es\" style=\"font-family: verdana, geneva, sans-serif;\">Opci\u00f3n:<strong> Nitra-Flame &#8211; Llamas de colores<\/strong><\/span><\/li>\n<li><span style=\"font-family: verdana, geneva, sans-serif;\"><strong>Dise\u00f1os galardonados<\/strong><\/span><\/li>\n<li><a href=\"https:\/\/www.ambifuego.net\/contacto\/\" target=\"_blank\" rel=\"noopener\"><span style=\"font-family: verdana, geneva, sans-serif;\">PVP &#8211; Disponibilidad<\/span><\/a><\/li>\n<\/ul>\n<p>&nbsp;<\/p>\n<figure id=\"attachment_51219\" aria-describedby=\"caption-attachment-51219\" style=\"width: 500px\" class=\"wp-caption alignnone\"><img fetchpriority=\"high\" decoding=\"async\" class=\"size-full wp-image-51219\" src=\"https:\/\/www.ambifuego.net\/wp-content\/uploads\/2021\/05\/1250gf-_-gf2-evonic_optimized.jpg\" alt=\"1250 gf-gf2 evonic electrico\" width=\"500\" height=\"160\" srcset=\"https:\/\/www.ambifuego.net\/wp-content\/uploads\/2021\/05\/1250gf-_-gf2-evonic_optimized.jpg 500w, https:\/\/www.ambifuego.net\/wp-content\/uploads\/2021\/05\/1250gf-_-gf2-evonic_optimized-480x154.jpg 480w\" sizes=\"(max-width: 500px) 100vw, 500px\" \/><figcaption id=\"caption-attachment-51219\" class=\"wp-caption-text\">1250 gf-gf2 evonic electrico<\/figcaption><\/figure>\n","protected":false},"excerpt":{"rendered":"<p><img decoding=\"async\" class=\"size-medium wp-image-50859\" src=\"https:\/\/www.ambifuego.net\/wp-content\/uploads\/2021\/05\/8-efectos-llamas_optimized-480x245.jpg\" alt=\"\" width=\"480\" height=\"245\" \/><\/p>\n","protected":false},"featured_media":51225,"template":"","meta":[],"product_brand":[],"product_cat":[259,260],"product_tag":[],"class_list":{"0":"post-40056","1":"product","2":"type-product","3":"status-publish","4":"has-post-thumbnail","6":"product_cat-chimeneas-electricas-decorativas-modernas-calefactor","7":"product_cat-electricas-panoramicas","9":"first","10":"instock","11":"shipping-taxable","12":"product-type-simple"},"_links":{"self":[{"href":"https:\/\/www.ambifuego.net\/es\/wp-json\/wp\/v2\/product\/40056","targetHints":{"allow":["GET"]}}],"collection":[{"href":"https:\/\/www.ambifuego.net\/es\/wp-json\/wp\/v2\/product"}],"about":[{"href":"https:\/\/www.ambifuego.net\/es\/wp-json\/wp\/v2\/types\/product"}],"version-history":[{"count":0,"href":"https:\/\/www.ambifuego.net\/es\/wp-json\/wp\/v2\/product\/40056\/revisions"}],"wp:featuredmedia":[{"embeddable":true,"href":"https:\/\/www.ambifuego.net\/es\/wp-json\/wp\/v2\/media\/51225"}],"wp:attachment":[{"href":"https:\/\/www.ambifuego.net\/es\/wp-json\/wp\/v2\/media?parent=40056"}],"wp:term":[{"taxonomy":"product_brand","embeddable":true,"href":"https:\/\/www.ambifuego.net\/es\/wp-json\/wp\/v2\/product_brand?post=40056"},{"taxonomy":"product_cat","embeddable":true,"href":"https:\/\/www.ambifuego.net\/es\/wp-json\/wp\/v2\/product_cat?post=40056"},{"taxonomy":"product_tag","embeddable":true,"href":"https:\/\/www.ambifuego.net\/es\/wp-json\/wp\/v2\/product_tag?post=40056"}],"curies":[{"name":"wp","href":"https:\/\/api.w.org\/{rel}","templated":true}]}}