{"id":39746,"date":"2021-05-12T14:00:13","date_gmt":"2021-05-12T14:00:13","guid":{"rendered":"https:\/\/www.ambifuego.net\/xtempx\/?post_type=product&#038;p=39746"},"modified":"2025-01-22T14:41:50","modified_gmt":"2025-01-22T13:41:50","slug":"conjunto-chimenea-electrica-colgada","status":"publish","type":"product","link":"https:\/\/www.ambifuego.net\/es\/producto\/conjunto-chimenea-electrica-colgada\/","title":{"rendered":"EMPIRE"},"content":{"rendered":"<p style=\"text-align: justify;\"><span style=\"font-family: verdana, geneva, sans-serif;\">Presentamos un conjunto chimenea el\u00e9ctrica colgada, ideal para instalar sobre una pared lisa. Disfrute de la calidez y ambiente que transmiten las bellas llamas, tambi\u00e9n <\/span><span style=\"font-family: verdana, geneva, sans-serif;\">all\u00ed donde no hay chimenea. <\/span><\/p>\n<p style=\"text-align: justify;\"><span style=\"font-family: verdana, geneva, sans-serif;\">Las <a href=\"https:\/\/evonicfires.co.uk\/the-range\/suites\/empire-2\/\" target=\"_blank\" rel=\"noopener\">Chimeneas el\u00e9ctricas de la marca Evonic<\/a>, su caracter\u00edstica es que producen im\u00e1genes de llamas usando LEDs de ahorro de energ\u00eda. Este producto tiene incorporado el efecto de llamas<em> Evoflame <\/em>con Leds de bajo consumo.<\/span><\/p>\n<p style=\"text-align: justify;\"><span style=\"font-family: verdana, geneva, sans-serif;\">Una chimenea el\u00e9ctrica Evonic funciona con varios sistemas operativos. Por ejemplo, vienen con un <a href=\"https:\/\/evonicfires.co.uk\/e-touch\/\" target=\"_blank\" rel=\"noopener\"><em>controlador E-touch<\/em><\/a> que puede ser usado en caso de que no quieras el control por tu smartphone o tableta. Por lo tanto, puede ajustar la llama con el mando a distancia o el tel\u00e9fono, apagar\/encender el calor y regular la temperatura. Tambi\u00e9n es posible ajustar la unidad con una funci\u00f3n de temporizador de 7 d\u00edas.<\/span><\/p>\n<p style=\"text-align: justify;\"><span style=\"font-family: verdana, geneva, sans-serif;\">\u00bfD\u00f3nde colocar una chimenea el\u00e9ctrica? Cuando no hay espacio para obrar o hacer una salida de humos tiene la opci\u00f3n de instalar un modelo el\u00e9ctrico sobre pared.<\/span><\/p>\n<div id=\"exacc_mvEUYoyJEInqarD6m-gL2\" class=\"MBtdbb\" style=\"text-align: justify;\" data-ved=\"2ahUKEwiMvsCcwZP2AhUJtRoKHTD9Br0Q7NUEegQIFBAD\">\n<div class=\"ymu2Hb\">\n<div id=\"_mvEUYoyJEInqarD6m-gL36\" class=\"t0bRye r2fjmd\" data-hveid=\"CBQQBA\" data-ved=\"2ahUKEwiMvsCcwZP2AhUJtRoKHTD9Br0Qu04oAHoECBQQBA\">\n<div id=\"WEB_ANSWERS_RESULT_18_mvEUYoyJEInqarD6m-gL__17\">\n<div class=\"wDYxhc\" data-md=\"61\">\n<div class=\"LGOjhe\" role=\"heading\" data-attrid=\"wa:\/description\" aria-level=\"3\" data-hveid=\"CAoQAA\"><span class=\"ILfuVd\" style=\"font-family: verdana, geneva, sans-serif;\"><span class=\"hgKElc\">Por lo tanto, una de las cuestiones fundamentales es elegir el sitio <b>d\u00f3nde<\/b>\u00a0se va a\u00a0<b>colocar<\/b>\u00a0la\u00a0<b>chimenea<\/b>. Es posible ubicarla de pie en medio de una estancia, en una pared o encastrada en un mueble o un tabique. Cuando ninguna de las dos opciones anteriores es posible puede simplemente colgarla. Para estas situaciones la soluci\u00f3n es por supuesto; una chimenea completa con calefactor moderna y decorativa.<\/span><\/span><\/div>\n<div role=\"heading\" data-attrid=\"wa:\/description\" aria-level=\"3\" data-hveid=\"CAoQAA\">\n<div class=\"wWOJcd\" tabindex=\"0\" role=\"button\" aria-controls=\"exacc_MwAVYuCNM4aAkwXop5j4CQ6\" aria-expanded=\"true\" aria-labelledby=\"exacc_MwAVYuCNM4aAkwXop5j4CQ5\">\n<div id=\"exacc_MwAVYuCNM4aAkwXop5j4CQ5\" class=\"iDjcJe IX9Lgd wwB5gf\"><\/div>\n<div class=\"r21Kzd\" data-hveid=\"CCsQAQ\" data-ved=\"2ahUKEwig89uSz5P2AhUGwKQKHegTBp8Quk56BAgrEAE\"><span style=\"font-family: verdana, geneva, sans-serif;\">Esta <b>chimenea el\u00e9ctrica es<\/b> mucho m\u00e1s que una simple estufa. Por consiguiente, se trata de un dispositivo de calefacci\u00f3n capaz de calentar eficazmente cualquier estancia peque\u00f1a de nuestro hogar y con un dise\u00f1o \u00fanico. De hecho, los modelos el\u00e9ctricos no ensucian y no contaminan adem\u00e1s de f\u00e1cil de usar.<\/span><\/div>\n<\/div>\n<\/div>\n<\/div>\n<\/div>\n<\/div>\n<\/div>\n<\/div>\n<h2 style=\"text-align: justify;\"><span style=\"font-size: 12pt; font-family: verdana, geneva, sans-serif;\">Chimenea El\u00e9ctrica simplemente montado sobre la pared.<\/span><\/h2>\n<p style=\"text-align: justify;\"><span style=\"font-family: verdana, geneva, sans-serif;\">Conjunto Chimenea El\u00e9ctrica colgada sin instalaci\u00f3n ni obras. Y de igual modo disfrutar\u00e1 de la vista de las llamas y el acogedor ambiente con esta maravillosa chimenea el\u00e9ctrica.<\/span><\/p>\n<h3 style=\"text-align: justify;\"><span style=\"font-size: 12pt; font-family: verdana, geneva, sans-serif;\">Conjunto\u00a0 El\u00e9ctrico &#8211; Chimenea colgada<\/span><\/h3>\n<ul>\n<li style=\"text-align: justify;\"><span style=\"font-family: verdana, geneva, sans-serif;\"><strong>FABRICADO EN EUROPA<\/strong><\/span><\/li>\n<li style=\"text-align: justify;\"><span style=\"font-family: verdana, geneva, sans-serif;\">Conjunto el\u00e9ctrico sobre pared<\/span><\/li>\n<li style=\"text-align: justify;\"><span style=\"font-family: verdana, geneva, sans-serif;\"><strong>Le\u00f1os cer\u00e1micos -Gran Calidad &#8211;<\/strong><\/span><\/li>\n<li style=\"text-align: justify;\"><span style=\"font-family: verdana, geneva, sans-serif;\">Efecto le\u00f1os piedras blancas \/\u00a0 ascuas opcionales en frente abierto<\/span><\/li>\n<li style=\"text-align: justify;\"><span style=\"font-family: verdana, geneva, sans-serif;\">Calefactor 1000 W\/ 2000 W<\/span><\/li>\n<li style=\"text-align: justify;\"><span style=\"font-family: verdana, geneva, sans-serif;\">Paneles laterales de cristal<\/span><\/li>\n<li style=\"text-align: justify;\"><span style=\"font-family: verdana, geneva, sans-serif;\">Pared mueble imitaci\u00f3n ladrillos<\/span><\/li>\n<li style=\"text-align: justify;\"><span style=\"font-family: verdana, geneva, sans-serif;\"><strong>e-touch\u00a0<\/strong>App &#8211; Mando\u00a0(opci\u00f3n)<\/span><\/li>\n<li style=\"text-align: justify;\"><span style=\"font-family: verdana, geneva, sans-serif;\">Color Blanco, crema, beige<\/span><\/li>\n<li style=\"text-align: justify;\"><span style=\"font-family: verdana, geneva, sans-serif;\">Informaci\u00f3n &#8211; <a href=\"https:\/\/www.ambifuego.net\/wp-content\/uploads\/2023\/10\/20-10-23-cat.general-comprimido.pdf\" target=\"_blank\" rel=\"noopener\">Cat\u00e1logo<\/a><\/span><\/li>\n<li style=\"text-align: justify;\"><span style=\"font-family: verdana, geneva, sans-serif;\">Sobre pared- Alto- 520 \/ Ancho-1120 \/ Fondo- 280 mm<\/span><\/li>\n<\/ul>\n<p><img fetchpriority=\"high\" decoding=\"async\" class=\"alignnone wp-image-49834\" src=\"https:\/\/www.ambifuego.net\/wp-content\/uploads\/2021\/05\/empire-plano_optimized.jpg\" alt=\"\" width=\"388\" height=\"226\" srcset=\"https:\/\/www.ambifuego.net\/wp-content\/uploads\/2021\/05\/empire-plano_optimized.jpg 549w, https:\/\/www.ambifuego.net\/wp-content\/uploads\/2021\/05\/empire-plano_optimized-480x280.jpg 480w, https:\/\/www.ambifuego.net\/wp-content\/uploads\/2021\/05\/empire-plano_optimized-463x270.jpg 463w\" sizes=\"(max-width: 388px) 100vw, 388px\" \/><\/p>\n","protected":false},"excerpt":{"rendered":"<p>Presentamos un conjunto chimenea el\u00e9ctrica colgada, ideal para instalar sobre una pared lisa. Disfrute de la calidez y ambiente que transmiten las bellas llamas, tambi\u00e9n all\u00ed donde no hay chimenea. Las Chimeneas el\u00e9ctricas de la marca Evonic, su caracter\u00edstica es que producen im\u00e1genes de llamas usando LEDs de ahorro de energ\u00eda. Este producto tiene incorporado [&hellip;]<\/p>\n","protected":false},"featured_media":49848,"template":"","meta":[],"product_brand":[],"product_cat":[264,262],"product_tag":[],"class_list":{"0":"post-39746","1":"product","2":"type-product","3":"status-publish","4":"has-post-thumbnail","6":"product_cat-chimeneas-electricas-conjuntos-suite","7":"product_cat-electricas-sobre-pared","9":"first","10":"instock","11":"shipping-taxable","12":"product-type-simple"},"_links":{"self":[{"href":"https:\/\/www.ambifuego.net\/es\/wp-json\/wp\/v2\/product\/39746","targetHints":{"allow":["GET"]}}],"collection":[{"href":"https:\/\/www.ambifuego.net\/es\/wp-json\/wp\/v2\/product"}],"about":[{"href":"https:\/\/www.ambifuego.net\/es\/wp-json\/wp\/v2\/types\/product"}],"version-history":[{"count":0,"href":"https:\/\/www.ambifuego.net\/es\/wp-json\/wp\/v2\/product\/39746\/revisions"}],"wp:featuredmedia":[{"embeddable":true,"href":"https:\/\/www.ambifuego.net\/es\/wp-json\/wp\/v2\/media\/49848"}],"wp:attachment":[{"href":"https:\/\/www.ambifuego.net\/es\/wp-json\/wp\/v2\/media?parent=39746"}],"wp:term":[{"taxonomy":"product_brand","embeddable":true,"href":"https:\/\/www.ambifuego.net\/es\/wp-json\/wp\/v2\/product_brand?post=39746"},{"taxonomy":"product_cat","embeddable":true,"href":"https:\/\/www.ambifuego.net\/es\/wp-json\/wp\/v2\/product_cat?post=39746"},{"taxonomy":"product_tag","embeddable":true,"href":"https:\/\/www.ambifuego.net\/es\/wp-json\/wp\/v2\/product_tag?post=39746"}],"curies":[{"name":"wp","href":"https:\/\/api.w.org\/{rel}","templated":true}]}}