{"id":36205,"date":"2020-12-18T13:53:48","date_gmt":"2020-12-18T13:53:48","guid":{"rendered":"https:\/\/www.ambifuego.net\/xtempx\/?post_type=product&#038;p=36205"},"modified":"2025-10-30T10:37:48","modified_gmt":"2025-10-30T09:37:48","slug":"chimenea-de-bioetanol-1500","status":"publish","type":"product","link":"https:\/\/www.ambifuego.net\/es\/producto\/chimenea-de-bioetanol-1500\/","title":{"rendered":"QUEMADOR 1000  &#8211;  1500"},"content":{"rendered":"<p style=\"text-align: justify;\"><span style=\"font-family: verdana, geneva, sans-serif;\">Chimeneas de bioetanol 1500 \u00f3 1000 mil\u00edmetros de ancho.<\/span><\/p>\n<p style=\"text-align: justify;\"><span class=\"JCzEY ZwRhJd\" style=\"font-family: verdana, geneva, sans-serif;\"><span class=\"CSkcDe\">\u00bfQu\u00e9 es bioetanol cu\u00e1les son sus ventajas y desventajas?<\/span><\/span><\/p>\n<p style=\"text-align: justify;\"><span style=\"font-family: verdana, geneva, sans-serif;\">El bioetanol\u00a0 es\u00a0 un tipo de alcohol que se obtiene a partir de diferentes tipos de plantas ricas\u00a0 en celulosa, como la ca\u00f1a de az\u00facar, la remolacha o algunos cereales como el ma\u00edz. Aunque es posible cultivar estas materias primas vegetales con el objetivo de destinarlas directamente\u00a0 a\u00a0 la producci\u00f3n\u00a0 de bioetanol, este\u00a0 combustible\u00a0 tambi\u00e9n\u00a0 puede obtenerse a partir de restos de silvicultura o residuos agr\u00edcolas. Adem\u00e1s el bioalcohol o bioetanol es un <b>combustible renovable que no genera olores ni residuos<\/b>, basta con instalarlo en una estancia de f\u00e1cil aireaci\u00f3n. No necesita extracci\u00f3n de humos, puesto que no los produce.\u00a0 No produce olor.<\/span><\/p>\n<div class='yrm-content yrm-content-1 yrm-content-hide  ' id='yrm-H7g8e' data-id='1' data-show-status='false' data-after-action='' style=\"visibility: hidden;height: 0;\">\n\t\t\t<div id='yrm-inner-content-yrm-H7g8e' class='yrm-inner-content-wrapper yrm-cntent-1'><\/p>\n<h2 style=\"text-align: justify;\"><span style=\"font-family: verdana, geneva, sans-serif;\">Chimeneas de bioetanol 1500, otra alternativa de calefacci\u00f3n.<\/span><\/h2>\n<p style=\"text-align: justify;\"><span style=\"font-family: verdana, geneva, sans-serif;\">Las chimeneas y estufas de bioetanol son una alternativa a tener en cuenta para calentar determinadas estancias no solo en el hogar, sino tambi\u00e9n en negocios, como es el caso de los establecimientos de hosteler\u00eda. Por ejemplo, pueden emplearse para calentar terrazas en invierno, pues su poder calor\u00edfico es notable. Funcionan con un dep\u00f3sito de biocombustible que se libera y quema al encenderse la llama.<\/span><\/p>\n<p style=\"text-align: justify;\"><span style=\"font-family: verdana, geneva, sans-serif;\">Ventajas de las chimeneas y las estufas de bioetanol.<\/span><\/p>\n<ul style=\"text-align: justify;\">\n<li><span style=\"font-family: verdana, geneva, sans-serif;\">Resultan muy decorativas y elegantes.<\/span><\/li>\n<li><span style=\"font-family: verdana, geneva, sans-serif;\">A diferencia de otros equipos de calefacci\u00f3n de llama, las estufas y chimeneas de bioetanol no general\u00a0 humo ni cenizas.<\/span><\/li>\n<li><span style=\"font-family: verdana, geneva, sans-serif;\">El mantenimiento que requieren es m\u00ednimo.<\/span><\/li>\n<li><span style=\"font-family: verdana, geneva, sans-serif;\">Se instalan muy f\u00e1cilmente al no requerir de tiro ni extractor. Por tanto, resultan muy pr\u00e1cticas para calentar espacios concretos en poco tiempo.<\/span><\/li>\n<\/ul>\n<p style=\"text-align: justify;\"><span style=\"font-family: verdana, geneva, sans-serif;\">Descripci\u00f3n;<\/span><\/p>\n<ul style=\"text-align: justify;\">\n<li><span style=\"font-family: verdana, geneva, sans-serif;\">Quemadores de Bioetanol para <a href=\"https:\/\/www.youtube.com\/user\/ambifuego\/videos\">chimeneas.<\/a><\/span><\/li>\n<li><span style=\"font-family: verdana, geneva, sans-serif;\">Medidas &#8211; 1000 &#8211; 1500<\/span><\/li>\n<li><span style=\"font-family: verdana, geneva, sans-serif;\">Bandeja metal &#8211; Cristal<\/span><\/li>\n<li><span style=\"font-family: verdana, geneva, sans-serif;\">Fabricado con acero.<\/span><\/li>\n<li><span style=\"font-family: verdana, geneva, sans-serif;\">Acabado bandeja en metal o cristal vitrocer\u00e1mico.<\/span><\/li>\n<li><span style=\"font-family: verdana, geneva, sans-serif;\">Mando a distancia &#8211;\u00a0 3 posiciones de llama<\/span><\/li>\n<li><span style=\"font-family: verdana, geneva, sans-serif;\">Sensor de nivel de Bioetanol en el tanque<\/span><\/li>\n<li><span style=\"font-family: verdana, geneva, sans-serif;\">Preparado para tanque externo con hasta 10 metros de distancia<\/span><\/li>\n<li><span style=\"font-family: verdana, geneva, sans-serif;\">Opci\u00f3n iluminaci\u00f3n de lecho con LED imitaci\u00f3n brasas<\/span><\/li>\n<li><span style=\"font-family: verdana, geneva, sans-serif;\">Sensor de seguridad anti derrame de combustible<\/span><\/li>\n<li><span style=\"font-family: verdana, geneva, sans-serif;\">Sin olores !!!<\/span><\/li>\n<li><span style=\"font-family: verdana, geneva, sans-serif;\">*<a href=\"https:\/\/www.ambifuego.net\/contacto\/\">M\u00e1s informaci\u00f3n y PVP<\/a><\/span><\/li>\n<\/ul>\n<p><\/div>\n\t\t<\/div><div class='yrm-btn-wrapper yrm-btn-wrapper-1 yrm-more-button-wrapper  '\n\t\tdata-custom-more-class-name='' data-custom-less-class-name=''><span title='' data-less-title='' data-more-title='' class='yrm-toggle-expand  yrm-toggle-expand-1 ' data-rel='yrm-H7g8e' data-more='M\u00e1s detalles ' data-less='Ver menos'><span class='yrm-text-wrapper yrm-text-wrapper-custom-dimensions'><span class=\"yrm-button-text-1 yrm-button-text-span\">M\u00e1s detalles <\/span><\/span><\/span><\/div>\n","protected":false},"excerpt":{"rendered":"<p style=\"text-align: justify;\"><span style=\"font-family: verdana, geneva, sans-serif; font-size: 14pt;\">Chimeneas de bioetanol 1500, otra alternativa de calefacci\u00f3n.<\/span><\/p>\n","protected":false},"featured_media":80823,"template":"","meta":[],"product_brand":[],"product_cat":[476],"product_tag":[],"class_list":{"0":"post-36205","1":"product","2":"type-product","3":"status-publish","4":"has-post-thumbnail","6":"product_cat-chimeneas-y-estufa-de-bioetanol","8":"first","9":"instock","10":"shipping-taxable","11":"product-type-simple"},"_links":{"self":[{"href":"https:\/\/www.ambifuego.net\/es\/wp-json\/wp\/v2\/product\/36205","targetHints":{"allow":["GET"]}}],"collection":[{"href":"https:\/\/www.ambifuego.net\/es\/wp-json\/wp\/v2\/product"}],"about":[{"href":"https:\/\/www.ambifuego.net\/es\/wp-json\/wp\/v2\/types\/product"}],"version-history":[{"count":0,"href":"https:\/\/www.ambifuego.net\/es\/wp-json\/wp\/v2\/product\/36205\/revisions"}],"wp:featuredmedia":[{"embeddable":true,"href":"https:\/\/www.ambifuego.net\/es\/wp-json\/wp\/v2\/media\/80823"}],"wp:attachment":[{"href":"https:\/\/www.ambifuego.net\/es\/wp-json\/wp\/v2\/media?parent=36205"}],"wp:term":[{"taxonomy":"product_brand","embeddable":true,"href":"https:\/\/www.ambifuego.net\/es\/wp-json\/wp\/v2\/product_brand?post=36205"},{"taxonomy":"product_cat","embeddable":true,"href":"https:\/\/www.ambifuego.net\/es\/wp-json\/wp\/v2\/product_cat?post=36205"},{"taxonomy":"product_tag","embeddable":true,"href":"https:\/\/www.ambifuego.net\/es\/wp-json\/wp\/v2\/product_tag?post=36205"}],"curies":[{"name":"wp","href":"https:\/\/api.w.org\/{rel}","templated":true}]}}