{"id":31870,"date":"2020-07-20T11:10:30","date_gmt":"2020-07-20T11:10:30","guid":{"rendered":"https:\/\/www.ambifuego.net\/xtempx\/?post_type=product&#038;p=31870"},"modified":"2025-10-24T16:31:32","modified_gmt":"2025-10-24T14:31:32","slug":"quemadores-bioetanol-para-chimeneas","status":"publish","type":"product","link":"https:\/\/www.ambifuego.net\/es\/producto\/quemadores-bioetanol-para-chimeneas\/","title":{"rendered":"QUEMADOR  400\/500\/700"},"content":{"rendered":"<p><span style=\"font-family: verdana, geneva, sans-serif;\">Quemadores <strong>bioetanol<\/strong> para chimeneas o estufas son equipos que funcionan mediante la quema de un combustible l\u00edquido natural el bioetanol, tambi\u00e9n llamado etanol o bioalcohol. bioalcohol. Este tipo de sistemas tienen ciertas particularidades que los hacen especiales, como la sostenibilidad que supone utilizar un combustible ecol\u00f3gico o el hecho de que sea un sistema no contaminante.<\/span><\/p>\n<div class='yrm-content yrm-content-1 yrm-content-hide  ' id='yrm-rCQ5y' data-id='1' data-show-status='false' data-after-action='' style=\"visibility: hidden;height: 0;\">\n\t\t\t<div id='yrm-inner-content-yrm-rCQ5y' class='yrm-inner-content-wrapper yrm-cntent-1'><\/p>\n<h2><span style=\"font-size: 14pt; font-family: verdana, geneva, sans-serif;\">C\u00f3mo funcionan estos quemadores.<\/span><\/h2>\n<p><span style=\"font-family: verdana, geneva, sans-serif;\">Los quemadores de bioetanol funcionan con un <strong>peque\u00f1o dep\u00f3sito de biocombustible<\/strong>, y para encenderlos s\u00f3lo necesita activarlo su mando a distancia. A continuaci\u00f3n se abre autom\u00e1ticamente la v\u00e1lvula del deposito y la llama\u00a0 se enciende.\u00a0 <strong>No requieren de instalaci\u00f3n<\/strong>, ya que el equipo funciona de forma aut\u00f3noma (a veces incluso sin conexi\u00f3n a la red el\u00e9ctrica).\u00a0 Es posible trasladar el quemador de una habitaci\u00f3n a otra siempre cuando est\u00e9 apagado, pero lo suyo es que est\u00e9 integrado en un espacio preparado.<\/span><\/p>\n<p><span style=\"font-family: verdana, geneva, sans-serif;\">Tampoco precisa de<strong> una salida de humos<\/strong>, porque no emite ning\u00fan gas nocivo para la calidad del aire interior de la vivienda, ni deja ning\u00fan tipo de residuo o mal olor. Finalmente, su\u00a0<strong>mantenimiento es tambi\u00e9n m\u00ednimo<\/strong>, ya que solo se precisa recargar el biocombustible cuando \u00e9ste se agote.<\/span><\/p>\n<h2><span style=\"font-size: 14pt; font-family: verdana, geneva, sans-serif;\">\u00bfCalientan las chimeneas de bioetanol?<\/span><\/h2>\n<div class=\"wWOJcd\" tabindex=\"0\" role=\"button\" aria-controls=\"exacc_ylefYoHXLsaX9u8PvduvoAU4\" aria-expanded=\"true\" aria-labelledby=\"exacc_ylefYoHXLsaX9u8PvduvoAU3\">\n<div class=\"YsGUOb\">\n<div class=\"wWOJcd\" tabindex=\"0\" role=\"button\" aria-controls=\"exacc_ylefYoHXLsaX9u8PvduvoAU2\" aria-expanded=\"true\" aria-labelledby=\"exacc_ylefYoHXLsaX9u8PvduvoAU1\">\n<div class=\"r21Kzd\" data-hveid=\"CA8QAQ\" data-ved=\"2ahUKEwiB5OaKvpv4AhXGi_0HHb3tC1QQuk56BAgPEAE\">\n<p style=\"text-align: justify;\"><span style=\"font-family: verdana, geneva, sans-serif;\">Mucha gente quiere saber\u00a0<strong>si los quemadores de bioetanol calientan<\/strong>: la respuesta es s\u00ed. Pero lo m\u00e1s importante que debemos tener en cuenta sobre estos sistemas es que\u00a0<strong>son equipos complementarios<\/strong> al aporte de calor general de una vivienda. Es decir, existiendo ya un sistema de calefacci\u00f3n, los equipos de bioetanol se distinguen por <strong>la calidez y el bienestar que aportan a trav\u00e9s de la llama<\/strong> a una estancia en concreto de la vivienda. Las chimeneas de bioetanol son id\u00f3neas para disfrutar de su <a href=\"https:\/\/www.youtube.com\/user\/ambifuego\/videos\">calor y su acogedora visi\u00f3n<\/a> durante una cena con amigos, una tarde de lectura o una lluviosa noche de invierno. Sin embargo no puede<strong> utilizarse<\/strong> como aporte de calor constante como <strong>suministro principal de calor <\/strong>de la vivienda<strong>.<\/strong>\u00a0<\/span><\/p>\n<p style=\"text-align: justify;\"><span style=\"font-family: verdana, geneva, sans-serif;\">Por lo tanto son ideales para caldear una estancia de una segunda vivienda, pero siempre recordando que no est\u00e1n preparadas para largos periodos de funcionamiento. El bioetanol no es econ\u00f3micamente competitivo para su uso de periodos prolongados.<\/span><\/p>\n<\/div>\n<\/div>\n<\/div>\n<\/div>\n<div class=\"wWOJcd\" tabindex=\"0\" role=\"button\" aria-controls=\"exacc_ylefYoHXLsaX9u8PvduvoAU4\" aria-expanded=\"true\" aria-labelledby=\"exacc_ylefYoHXLsaX9u8PvduvoAU3\">\n<div class=\"YsGUOb\">\n<div id=\"exacc_ylefYoHXLsaX9u8PvduvoAU2\" class=\"MBtdbb\" data-ved=\"2ahUKEwiB5OaKvpv4AhXGi_0HHb3tC1QQ7NUEegQIDxAD\">\n<div class=\"ymu2Hb\">\n<div id=\"_ylefYoHXLsaX9u8PvduvoAU22\" class=\"t0bRye r2fjmd\" data-hveid=\"CA8QBA\" data-ved=\"2ahUKEwiB5OaKvpv4AhXGi_0HHb3tC1QQu04oAHoECA8QBA\">\n<div id=\"ylefYoHXLsaX9u8PvduvoAU__20\">\n<div class=\"wDYxhc\" data-md=\"83\">\n<div class=\"di3YZe\">\n<div class=\"RqBzHd\">\n<ul class=\"i8Z77e\">\n<li><span style=\"font-family: verdana, geneva, sans-serif;\">Quemadores bioetanol para chimeneas<\/span><\/li>\n<li><span style=\"font-family: verdana, geneva, sans-serif;\">Modelo &#8211; 400 &#8211;<strong>MANUAL<\/strong><\/span><\/li>\n<li><span style=\"font-family: verdana, geneva, sans-serif;\">Modelos 500 &#8211; 700 &#8211; 1000 &#8211; 1500 Mando a distancia<\/span><\/li>\n<li class=\"TrT0Xe\"><span style=\"font-family: verdana, geneva, sans-serif;\">No necesita extracci\u00f3n de humos, puesto que no los produce.<\/span><\/li>\n<li class=\"TrT0Xe\"><span style=\"font-family: verdana, geneva, sans-serif;\">Adem\u00e1s no huelen ya que no produce humos.<\/span><\/li>\n<li class=\"TrT0Xe\"><span style=\"font-family: verdana, geneva, sans-serif;\">Su amplio cristal permite una visi\u00f3n continua de la llama, 360\u00ba de visi\u00f3n.<\/span><\/li>\n<li class=\"TrT0Xe\"><span style=\"font-family: verdana, geneva, sans-serif;\">De igual forma produce muy bajas emisiones de CO2.<\/span><\/li>\n<li class=\"TrT0Xe\"><span style=\"font-family: verdana, geneva, sans-serif;\">F\u00e1cil instalaci\u00f3n.\u00a0<\/span><\/li>\n<li class=\"TrT0Xe\"><span style=\"font-family: verdana, geneva, sans-serif;\">Adem\u00e1s de m\u00ednimo mantenimiento.\u00a0<\/span><\/li>\n<li><span style=\"font-family: verdana, geneva, sans-serif;\">Sensor de Seguridad &#8211; Anti-Derrame<\/span><\/li>\n<li><span style=\"font-family: verdana, geneva, sans-serif;\">Opci\u00f3n dep\u00f3sito externo<\/span><\/li>\n<li><span style=\"font-family: verdana, geneva, sans-serif;\">Le\u00f1os decorativos opcional<\/span><\/li>\n<li class=\"TrT0Xe\"><span style=\"font-family: verdana, geneva, sans-serif;\">Acabado bandeja en metal o cristal negro<\/span><\/li>\n<li class=\"TrT0Xe\"><span style=\"font-family: verdana, geneva, sans-serif;\">Mando a distancia &#8211;\u00a0 3 posiciones de llama<\/span><\/li>\n<li class=\"TrT0Xe\"><span style=\"font-family: verdana, geneva, sans-serif;\">Sensor de nivel de Bioetanol en el tanque<\/span><\/li>\n<li class=\"TrT0Xe\"><span style=\"font-family: verdana, geneva, sans-serif;\">Asimismo viene preparado para deposito de combustible externo con hasta 10 metros de distancia<\/span><\/li>\n<li class=\"TrT0Xe\"><span style=\"font-family: verdana, geneva, sans-serif;\">Igualmente tiene la opci\u00f3n de una iluminaci\u00f3n del lecho con LED imitando las brasas<\/span><\/li>\n<li class=\"TrT0Xe\"><span style=\"font-family: verdana, geneva, sans-serif;\">Sensor de seguridad anti derrame de combustible<\/span><\/li>\n<li><span style=\"font-family: verdana, geneva, sans-serif;\">Le\u00f1os decorativos opcional<\/span><\/li>\n<li class=\"TrT0Xe\"><span style=\"font-family: verdana, geneva, sans-serif;\">*M\u00e1s informaci\u00f3n &#8211;<a href=\"https:\/\/www.ambifuego.net\/wp-content\/uploads\/2025\/09\/17.SEPT_.25-Catalogo-AMBIFUEGO-2025-Copy_compressed-1-comprimido-1.pdf\" target=\"_blank\" rel=\"noopener\"> Cat\u00e1logo<\/a><\/span><\/li>\n<\/ul>\n<\/div>\n<\/div>\n<\/div>\n<\/div>\n<\/div>\n<\/div>\n<\/div>\n<\/div>\n<\/div>\n<p><\/div>\n\t\t<\/div><div class='yrm-btn-wrapper yrm-btn-wrapper-1 yrm-more-button-wrapper  '\n\t\tdata-custom-more-class-name='' data-custom-less-class-name=''><span title='' data-less-title='' data-more-title='' class='yrm-toggle-expand  yrm-toggle-expand-1 ' data-rel='yrm-rCQ5y' data-more='M\u00e1s detalles ' data-less='Ver menos'><span class='yrm-text-wrapper yrm-text-wrapper-custom-dimensions'><span class=\"yrm-button-text-1 yrm-button-text-span\">M\u00e1s detalles <\/span><\/span><\/span><\/div>\n<p>&nbsp;<\/p>\n","protected":false},"excerpt":{"rendered":"[video width=\"1080\" height=\"520\" mp4=\"https:\/\/www.ambifuego.net\/wp-content\/uploads\/2020\/07\/altura-de-llama..mp4\" loop=\"true\" autoplay=\"true\" preload=\"auto\"][\/video]\n","protected":false},"featured_media":80053,"template":"","meta":[],"product_brand":[],"product_cat":[476],"product_tag":[],"class_list":{"0":"post-31870","1":"product","2":"type-product","3":"status-publish","4":"has-post-thumbnail","6":"product_cat-chimeneas-y-estufa-de-bioetanol","8":"first","9":"instock","10":"shipping-taxable","11":"product-type-simple"},"_links":{"self":[{"href":"https:\/\/www.ambifuego.net\/es\/wp-json\/wp\/v2\/product\/31870","targetHints":{"allow":["GET"]}}],"collection":[{"href":"https:\/\/www.ambifuego.net\/es\/wp-json\/wp\/v2\/product"}],"about":[{"href":"https:\/\/www.ambifuego.net\/es\/wp-json\/wp\/v2\/types\/product"}],"version-history":[{"count":0,"href":"https:\/\/www.ambifuego.net\/es\/wp-json\/wp\/v2\/product\/31870\/revisions"}],"wp:featuredmedia":[{"embeddable":true,"href":"https:\/\/www.ambifuego.net\/es\/wp-json\/wp\/v2\/media\/80053"}],"wp:attachment":[{"href":"https:\/\/www.ambifuego.net\/es\/wp-json\/wp\/v2\/media?parent=31870"}],"wp:term":[{"taxonomy":"product_brand","embeddable":true,"href":"https:\/\/www.ambifuego.net\/es\/wp-json\/wp\/v2\/product_brand?post=31870"},{"taxonomy":"product_cat","embeddable":true,"href":"https:\/\/www.ambifuego.net\/es\/wp-json\/wp\/v2\/product_cat?post=31870"},{"taxonomy":"product_tag","embeddable":true,"href":"https:\/\/www.ambifuego.net\/es\/wp-json\/wp\/v2\/product_tag?post=31870"}],"curies":[{"name":"wp","href":"https:\/\/api.w.org\/{rel}","templated":true}]}}